{"id":191,"date":"2025-10-24T05:25:16","date_gmt":"2025-10-24T05:25:16","guid":{"rendered":"https:\/\/beta-machine.com\/?post_type=product&#038;p=191"},"modified":"2025-10-24T06:51:38","modified_gmt":"2025-10-24T06:51:38","slug":"air-dryer-refrigerated-air-drying-machine-for-air-compressor","status":"publish","type":"product","link":"https:\/\/www.beta-machine.com\/fr\/air-dryer-refrigerated-air-drying-machine-for-air-compressor-pd723085088\/","title":{"rendered":"S\u00e9cheur d\u2019air r\u00e9frig\u00e9r\u00e9 pour compresseur d\u2019air"},"content":{"rendered":"<p><strong>S\u00e9cheur d\u2019air r\u00e9frig\u00e9r\u00e9 pour compresseur d\u2019air<\/strong><\/p>\n<p><strong>1. Principe de fonctionnement<br \/>\n<\/strong>L\u2019air comprim\u00e9 humide et \u00e0 haute temp\u00e9rature entre dans le pr\u00e9-refroidisseur pour dissiper la chaleur, puis circule dans l\u2019\u00e9changeur de chaleur pour \u00e9changer de la chaleur avec l\u2019air froid sortant de l\u2019\u00e9vaporateur, r\u00e9duisant ainsi la temp\u00e9rature de l\u2019air comprim\u00e9 entrant dans l\u2019\u00e9vaporateur.<\/p>\n<p>L\u2019air comprim\u00e9 ayant \u00e9chang\u00e9 de la chaleur p\u00e9n\u00e8tre dans l\u2019\u00e9vaporateur et \u00e9change de la chaleur avec le r\u00e9frig\u00e9rant gr\u00e2ce \u00e0 la fonction d\u2019\u00e9change thermique de l\u2019\u00e9vaporateur. La chaleur de l\u2019air comprim\u00e9 est emport\u00e9e par le r\u00e9frig\u00e9rant, et l\u2019air comprim\u00e9 est refroidi rapidement.L\u2019humidit\u00e9 de l\u2019air humide se condense rapidement en atteignant la temp\u00e9rature de saturation, formant des gouttes d\u2019eau. Gr\u00e2ce \u00e0 la rotation \u00e0 haute vitesse du s\u00e9parateur air-eau unique, l\u2019humidit\u00e9 est s\u00e9par\u00e9e de l\u2019air par force centrifuge. L\u2019eau s\u00e9par\u00e9e est \u00e9vacu\u00e9e par la vanne de vidange automatique.Le point de ros\u00e9e sous pression de l\u2019air refroidi peut atteindre un minimum de 2\u2103.<\/p>\n<div>\n<p><strong>2. Caract\u00e9ristiques du produit<\/strong><br \/>\n\u2013 Conception sp\u00e9ciale permettant une faible chute de pression et des \u00e9conomies d\u2019\u00e9nergie.<br \/>\n\u2013 Utilisation de tubes de cuivre \u00e9paissis pour pr\u00e9venir la corrosion et les fuites, prolongeant la dur\u00e9e de vie.<br \/>\n\u2013 Utilise un \u00e9changeur de chaleur haute performance.<br \/>\n\u2013 La marge de conception de l\u2019ensemble de la machine est augment\u00e9e de 20\u202f% pour assurer le fonctionnement stable de l\u2019unit\u00e9 dans des conditions de travail s\u00e9v\u00e8res.<br \/>\n\u2013 Le cylindre est recouvert de peinture antirouille pour pr\u00e9venir la rouille \u00e0 l\u2019int\u00e9rieur de l\u2019appareil.<br \/>\n\u2013 Utilise des pi\u00e8ces de haute qualit\u00e9.<br \/>\n\u2013 Le s\u00e9parateur air-eau et les conceptions de drainage multiples permettent un drainage plus rapide et plus complet, \u00e9vitant le probl\u00e8me de la mauvaise qualit\u00e9 du point de ros\u00e9e d\u00fb \u00e0 l\u2019humidit\u00e9 r\u00e9siduelle.<br \/>\n\u2013 \u00c9quip\u00e9 d\u2019un dispositif de protection contre basse pression qui prot\u00e8ge efficacement la dur\u00e9e de vie du compresseur et r\u00e9duit les co\u00fbts de maintenance.<\/p>\n<\/div>\n<div class=\"sliderTable mt10 mb10 sliderTable-index0\">\n<div class=\"inner\">\n<table width=\"882\">\n<tbody>\n<tr class=\"firstRow\">\n<td valign=\"top\" width=\"266\">Nom du produit<\/td>\n<td valign=\"top\" width=\"573\">R\u00e9servoir d\u2019air en acier inoxydable<\/td>\n<\/tr>\n<tr>\n<td valign=\"top\" width=\"266\">Volume<\/td>\n<td valign=\"top\" width=\"573\">300-6000L; 0.3-6m\u00b3<\/td>\n<\/tr>\n<tr>\n<td valign=\"top\" width=\"266\">Pression<\/td>\n<td valign=\"top\" width=\"573\">8-16 bar<\/td>\n<\/tr>\n<tr>\n<td valign=\"top\" width=\"266\">Industrie applicable<\/td>\n<td valign=\"top\" width=\"573\">Compresseur d\u2019air<\/td>\n<\/tr>\n<tr>\n<td valign=\"top\" width=\"266\">Milieu<\/td>\n<td valign=\"top\" width=\"573\">air, vapeur, azote, oxyg\u00e8ne, eau<\/td>\n<\/tr>\n<tr>\n<td valign=\"top\" width=\"266\">Temp\u00e9rature d\u2019entr\u00e9e d\u2019air<\/td>\n<td valign=\"top\" width=\"573\">\u226460\u2103<\/td>\n<\/tr>\n<tr>\n<td valign=\"top\" width=\"266\">Dur\u00e9e de vie<\/td>\n<td valign=\"top\" width=\"573\">10-15 ans<\/td>\n<\/tr>\n<\/tbody>\n<\/table>\n<\/div>\n<\/div>\n<p><img fetchpriority=\"high\" decoding=\"async\" class=\"alignnone size-full wp-image-198\" src=\"https:\/\/beta-machine.com\/wp-content\/uploads\/2025\/10\/air-dryer7.jpg\" alt=\"air-dryer\" width=\"729\" height=\"1523\" srcset=\"https:\/\/www.beta-machine.com\/wp-content\/uploads\/2025\/10\/air-dryer7.jpg 729w, https:\/\/www.beta-machine.com\/wp-content\/uploads\/2025\/10\/air-dryer7-600x1253.jpg 600w, https:\/\/www.beta-machine.com\/wp-content\/uploads\/2025\/10\/air-dryer7-144x300.jpg 144w, https:\/\/www.beta-machine.com\/wp-content\/uploads\/2025\/10\/air-dryer7-490x1024.jpg 490w\" sizes=\"(max-width: 729px) 100vw, 729px\" \/><\/p>\n<div class=\"sliderTable mt10 mb10 sliderTable-index1\">\n<div class=\"inner\"><\/div>\n<\/div>","protected":false},"excerpt":{"rendered":"<p>Le s\u00e9cheur \u00e0 air est largement utilis\u00e9 dans diverses industries, notamment la transformation alimentaire, la pharmacie et la biotechnologie. Il pr\u00e9sente de nombreux avantages tels que l\u2019am\u00e9lioration de la qualit\u00e9 des produits, une dur\u00e9e de conservation plus longue et une r\u00e9duction de la consommation d\u2019\u00e9nergie par rapport aux m\u00e9thodes de s\u00e9chage traditionnelles. De plus, la polyvalence du s\u00e9cheur \u00e0 air permet la personnalisation des param\u00e8tres de s\u00e9chage pour r\u00e9pondre aux exigences sp\u00e9cifiques de chaque produit.<\/p>","protected":false},"featured_media":194,"comment_status":"closed","ping_status":"closed","template":"","meta":{"_acf_changed":false},"product_brand":[],"product_cat":[41],"product_tag":[],"class_list":{"0":"post-191","1":"product","2":"type-product","3":"status-publish","4":"has-post-thumbnail","6":"product_cat-auxiliary-machines","8":"first","9":"instock","10":"shipping-taxable","11":"purchasable","12":"product-type-variable"},"acf":[],"_links":{"self":[{"href":"https:\/\/www.beta-machine.com\/fr\/wp-json\/wp\/v2\/product\/191","targetHints":{"allow":["GET"]}}],"collection":[{"href":"https:\/\/www.beta-machine.com\/fr\/wp-json\/wp\/v2\/product"}],"about":[{"href":"https:\/\/www.beta-machine.com\/fr\/wp-json\/wp\/v2\/types\/product"}],"replies":[{"embeddable":true,"href":"https:\/\/www.beta-machine.com\/fr\/wp-json\/wp\/v2\/comments?post=191"}],"wp:featuredmedia":[{"embeddable":true,"href":"https:\/\/www.beta-machine.com\/fr\/wp-json\/wp\/v2\/media\/194"}],"wp:attachment":[{"href":"https:\/\/www.beta-machine.com\/fr\/wp-json\/wp\/v2\/media?parent=191"}],"wp:term":[{"taxonomy":"product_brand","embeddable":true,"href":"https:\/\/www.beta-machine.com\/fr\/wp-json\/wp\/v2\/product_brand?post=191"},{"taxonomy":"product_cat","embeddable":true,"href":"https:\/\/www.beta-machine.com\/fr\/wp-json\/wp\/v2\/product_cat?post=191"},{"taxonomy":"product_tag","embeddable":true,"href":"https:\/\/www.beta-machine.com\/fr\/wp-json\/wp\/v2\/product_tag?post=191"}],"curies":[{"name":"wp","href":"https:\/\/api.w.org\/{rel}","templated":true}]}}