{"id":204,"date":"2025-10-24T05:56:36","date_gmt":"2025-10-24T05:56:36","guid":{"rendered":"https:\/\/beta-machine.com\/?post_type=product&#038;p=204"},"modified":"2026-03-16T03:27:32","modified_gmt":"2026-03-16T03:27:32","slug":"industrial-compressed-air-dryer-inline-air-filter-for-air-compressor","status":"publish","type":"product","link":"https:\/\/www.beta-machine.com\/fr\/industrial-compressed-air-dryer-inline-air-filter-for-air-compressor-pd727875088\/","title":{"rendered":"Filtre \u00e0 air en ligne pour s\u00e9choir \u00e0 air comprim\u00e9 industriel, pour compresseur d\u2019air"},"content":{"rendered":"<p><strong>Filtre \u00e0 air en ligne pour s\u00e9choir \u00e0 air comprim\u00e9 industriel, pour compresseur d\u2019air<\/strong><\/p>\n<p><img fetchpriority=\"high\" decoding=\"async\" class=\"size-full wp-image-206\" src=\"https:\/\/beta-machine.com\/wp-content\/uploads\/2025\/10\/air-filter13.jpg\" alt=\"\" width=\"1080\" height=\"578\" srcset=\"https:\/\/www.beta-machine.com\/wp-content\/uploads\/2025\/10\/air-filter13.jpg 1080w, https:\/\/www.beta-machine.com\/wp-content\/uploads\/2025\/10\/air-filter13-600x321.jpg 600w, https:\/\/www.beta-machine.com\/wp-content\/uploads\/2025\/10\/air-filter13-300x161.jpg 300w, https:\/\/www.beta-machine.com\/wp-content\/uploads\/2025\/10\/air-filter13-1024x548.jpg 1024w, https:\/\/www.beta-machine.com\/wp-content\/uploads\/2025\/10\/air-filter13-768x411.jpg 768w\" sizes=\"(max-width: 1080px) 100vw, 1080px\" \/><\/p>\n<p>filtre \u00e0 air<\/p>\n<p><img decoding=\"async\" class=\"alignnone size-full wp-image-217\" src=\"https:\/\/beta-machine.com\/wp-content\/uploads\/2025\/10\/air-filter11.jpg\" alt=\"air filter\" width=\"605\" height=\"438\" srcset=\"https:\/\/www.beta-machine.com\/wp-content\/uploads\/2025\/10\/air-filter11.jpg 605w, https:\/\/www.beta-machine.com\/wp-content\/uploads\/2025\/10\/air-filter11-600x434.jpg 600w, https:\/\/www.beta-machine.com\/wp-content\/uploads\/2025\/10\/air-filter11-300x217.jpg 300w\" sizes=\"(max-width: 605px) 100vw, 605px\" \/><\/p>\n<p><strong>Principe de fonctionnement du filtre \u00e0 air comprim\u00e9<\/strong><\/p>\n<p>Le filtre \u00e0 air comprim\u00e9 introduit l\u2019air comprim\u00e9 contenant des substances nocives (poussi\u00e8re, huile, rouille, humidit\u00e9) dans le dispositif de filtration de premi\u00e8re \u00e9tape du filtre \u00e0 air comprim\u00e9.<\/p>\n<ol>\n<li>Introduire l\u2019air comprim\u00e9 contenant des substances nocives (poussi\u00e8re, huile, rouille, humidit\u00e9) dans le dispositif de filtration de premi\u00e8re \u00e9tape du filtre \u00e0 air comprim\u00e9.<\/li>\n<li>Lorsque l\u2019air comprim\u00e9 traverse l\u2019\u00e9l\u00e9ment filtrant cylindrique \u00e0 mailles de la premi\u00e8re \u00e9tape, un effet de coalescence se produit : les particules plus grosses sont adsorb\u00e9es sur le mat\u00e9riau filtrant et l\u2019eau se condense en gouttes plus importantes.<\/li>\n<li>En entrant dans la chambre de s\u00e9paration, la vitesse de l\u2019air comprim\u00e9 ralentit, provoquant un nouveau regroupement des particules, et le brouillard d\u2019eau se condense \u00e0 nouveau sur un collecteur d\u2019eau en nid d\u2019abeille.<\/li>\n<li>L\u2019eau contenant des particules impures coule le long du fond vers le dispositif de drainage et est \u00e9vacu\u00e9e par la vanne de vidange automatique ou \u00e9lectrique.<\/li>\n<li>Plus de 95 % des gouttes d\u2019eau, de l\u2019huile et des particules volumineuses pr\u00e9sentes dans l\u2019air comprim\u00e9 ont \u00e9t\u00e9 filtr\u00e9es par le premier \u00e9l\u00e9ment filtrant ; l\u2019air comprim\u00e9 \u00e9pur\u00e9 de la premi\u00e8re \u00e9tape p\u00e9n\u00e8tre ensuite dans l\u2019\u00e9l\u00e9ment filtrant de la deuxi\u00e8me \u00e9tape.<\/li>\n<li>Lorsque l\u2019air comprim\u00e9 traverse le filtre \u00e0 fibres de deuxi\u00e8me \u00e9tape en coton sp\u00e9cial, des milliers de petits tourbillons se cr\u00e9ent. Simultan\u00e9ment, la vitesse de l\u2019air comprim\u00e9 est multipli\u00e9e par plusieurs dizaines. Le centre du tourbillon, semblable \u00e0 une tornade, forme un \u00e9tat de vide : les gouttes d\u2019eau non \u00e9limin\u00e9es lors de la premi\u00e8re filtration sont vaporis\u00e9es, transform\u00e9es et filtr\u00e9es \u00e0 nouveau. Par ailleurs, les particules jusqu\u2019\u00e0 5 microns sont \u00e9galement compl\u00e8tement supprim\u00e9es par le filtre de deuxi\u00e8me \u00e9tape.<\/li>\n<li>Apr\u00e8s une filtration en deux \u00e9tapes, on obtient de l\u2019air comprim\u00e9 propre et sec, exempt de poussi\u00e8re, rouille, huile et gouttes d\u2019eau, assurant le fonctionnement normal des \u00e9quipements pneumatiques et prolongeant leur dur\u00e9e de vie.<\/li>\n<\/ol>\n<p><img decoding=\"async\" class=\"alignnone size-full wp-image-214\" src=\"https:\/\/beta-machine.com\/wp-content\/uploads\/2025\/10\/air-filter9.jpg\" alt=\"air filter\" width=\"711\" height=\"932\" srcset=\"https:\/\/www.beta-machine.com\/wp-content\/uploads\/2025\/10\/air-filter9.jpg 711w, https:\/\/www.beta-machine.com\/wp-content\/uploads\/2025\/10\/air-filter9-600x786.jpg 600w, https:\/\/www.beta-machine.com\/wp-content\/uploads\/2025\/10\/air-filter9-229x300.jpg 229w\" sizes=\"(max-width: 711px) 100vw, 711px\" \/><\/p>\n<div><strong>Caract\u00e9ristiques du filtre<\/strong><\/div>\n<ol>\n<li>Le filtre pr\u00e9cis \u00e0 \u00e9limination d\u2019huile de l\u2019air comprim\u00e9 combine les fonctions d\u2019\u00e9limination d\u2019huile, de d\u00e9sodorisation et de d\u00e9poussi\u00e9rage ;<\/li>\n<li>\n<div>Il peut \u00e9liminer 99,9 % de la brume d\u2019huile et maintenir sa concentration en dessous de 0,01 ppm.<\/div>\n<\/li>\n<li>\n<div>Structure raisonnable et taille compacte<\/div>\n<\/li>\n<li>M\u00eame structure externe que les s\u00e9cheurs filtres de deuxi\u00e8me et troisi\u00e8me \u00e9tage.<\/li>\n<li>La fonction de filtre respiratoire peut \u00eatre obtenue gr\u00e2ce \u00e0 une conception combin\u00e9e.<\/li>\n<\/ol>\n<p><img loading=\"lazy\" decoding=\"async\" class=\"alignnone size-full wp-image-215\" src=\"https:\/\/beta-machine.com\/wp-content\/uploads\/2025\/10\/air-filter10.jpg\" alt=\"air filter\" width=\"869\" height=\"1186\" srcset=\"https:\/\/www.beta-machine.com\/wp-content\/uploads\/2025\/10\/air-filter10.jpg 869w, https:\/\/www.beta-machine.com\/wp-content\/uploads\/2025\/10\/air-filter10-600x819.jpg 600w, https:\/\/www.beta-machine.com\/wp-content\/uploads\/2025\/10\/air-filter10-220x300.jpg 220w, https:\/\/www.beta-machine.com\/wp-content\/uploads\/2025\/10\/air-filter10-750x1024.jpg 750w, https:\/\/www.beta-machine.com\/wp-content\/uploads\/2025\/10\/air-filter10-768x1048.jpg 768w\" sizes=\"(max-width: 869px) 100vw, 869px\" \/><\/p>\n<p><strong>Param\u00e8tres de base\uff1a<\/strong><\/p>\n<ol>\n<li>Le carter est \u00e9quip\u00e9 d\u2019un dispositif d\u2019\u00e9tanch\u00e9it\u00e9;<\/li>\n<li>L\u2019\u00e9l\u00e9ment filtrant pr\u00e9sente une haute r\u00e9sistance \u00e0 la corrosion;<\/li>\n<li>L\u2019\u00e9quipement pr\u00e9sente une faible r\u00e9sistance \u00e0 l\u2019\u00e9coulement de l\u2019air;<\/li>\n<li>La surface de filtration efficace est importante pour assurer une haute efficacit\u00e9\uff1b<\/li>\n<li>Ne contient pas de silicone;<\/li>\n<li>R\u00e9siste \u00e0 des temp\u00e9ratures \u00e9lev\u00e9es de 80\u2103<\/li>\n<\/ol>\n<p><img loading=\"lazy\" decoding=\"async\" class=\"alignnone size-full wp-image-213\" src=\"https:\/\/beta-machine.com\/wp-content\/uploads\/2025\/10\/air-filter8.jpg\" alt=\"air filter\" width=\"1238\" height=\"1137\" srcset=\"https:\/\/www.beta-machine.com\/wp-content\/uploads\/2025\/10\/air-filter8.jpg 1238w, https:\/\/www.beta-machine.com\/wp-content\/uploads\/2025\/10\/air-filter8-600x551.jpg 600w, https:\/\/www.beta-machine.com\/wp-content\/uploads\/2025\/10\/air-filter8-300x276.jpg 300w, https:\/\/www.beta-machine.com\/wp-content\/uploads\/2025\/10\/air-filter8-1024x940.jpg 1024w, https:\/\/www.beta-machine.com\/wp-content\/uploads\/2025\/10\/air-filter8-768x705.jpg 768w\" sizes=\"(max-width: 1238px) 100vw, 1238px\" \/> <img loading=\"lazy\" decoding=\"async\" class=\"alignnone size-full wp-image-212\" src=\"https:\/\/beta-machine.com\/wp-content\/uploads\/2025\/10\/air-filter7.jpg\" alt=\"air filter\" width=\"1266\" height=\"1062\" srcset=\"https:\/\/www.beta-machine.com\/wp-content\/uploads\/2025\/10\/air-filter7.jpg 1266w, https:\/\/www.beta-machine.com\/wp-content\/uploads\/2025\/10\/air-filter7-600x503.jpg 600w, https:\/\/www.beta-machine.com\/wp-content\/uploads\/2025\/10\/air-filter7-300x252.jpg 300w, https:\/\/www.beta-machine.com\/wp-content\/uploads\/2025\/10\/air-filter7-1024x859.jpg 1024w, https:\/\/www.beta-machine.com\/wp-content\/uploads\/2025\/10\/air-filter7-768x644.jpg 768w\" sizes=\"(max-width: 1266px) 100vw, 1266px\" \/><\/p>\n<div class=\"sliderTable mt10 mb10 sliderTable-index0\">\n<div class=\"inner\"><\/div>\n<\/div>","protected":false},"excerpt":{"rendered":"<p>Le filtre \u00e0 air comprim\u00e9 introduit l\u2019air comprim\u00e9 contenant des substances nocives (poussi\u00e8re, huile, rouille, humidit\u00e9) dans le dispositif de filtration de premi\u00e8re \u00e9tape du filtre \u00e0 air comprim\u00e9.<\/p>","protected":false},"featured_media":216,"comment_status":"closed","ping_status":"closed","template":"","meta":{"_acf_changed":false},"product_brand":[],"product_cat":[41],"product_tag":[],"class_list":{"0":"post-204","1":"product","2":"type-product","3":"status-publish","4":"has-post-thumbnail","6":"product_cat-auxiliary-machines","8":"first","9":"instock","10":"shipping-taxable","11":"purchasable","12":"product-type-variable"},"acf":[],"_links":{"self":[{"href":"https:\/\/www.beta-machine.com\/fr\/wp-json\/wp\/v2\/product\/204","targetHints":{"allow":["GET"]}}],"collection":[{"href":"https:\/\/www.beta-machine.com\/fr\/wp-json\/wp\/v2\/product"}],"about":[{"href":"https:\/\/www.beta-machine.com\/fr\/wp-json\/wp\/v2\/types\/product"}],"replies":[{"embeddable":true,"href":"https:\/\/www.beta-machine.com\/fr\/wp-json\/wp\/v2\/comments?post=204"}],"wp:featuredmedia":[{"embeddable":true,"href":"https:\/\/www.beta-machine.com\/fr\/wp-json\/wp\/v2\/media\/216"}],"wp:attachment":[{"href":"https:\/\/www.beta-machine.com\/fr\/wp-json\/wp\/v2\/media?parent=204"}],"wp:term":[{"taxonomy":"product_brand","embeddable":true,"href":"https:\/\/www.beta-machine.com\/fr\/wp-json\/wp\/v2\/product_brand?post=204"},{"taxonomy":"product_cat","embeddable":true,"href":"https:\/\/www.beta-machine.com\/fr\/wp-json\/wp\/v2\/product_cat?post=204"},{"taxonomy":"product_tag","embeddable":true,"href":"https:\/\/www.beta-machine.com\/fr\/wp-json\/wp\/v2\/product_tag?post=204"}],"curies":[{"name":"wp","href":"https:\/\/api.w.org\/{rel}","templated":true}]}}