{"id":221,"date":"2025-10-24T06:03:18","date_gmt":"2025-10-24T06:03:18","guid":{"rendered":"https:\/\/beta-machine.com\/?post_type=product&#038;p=221"},"modified":"2025-10-24T06:50:49","modified_gmt":"2025-10-24T06:50:49","slug":"industrial-compressor-portable-piston-type-air-compressor","status":"publish","type":"product","link":"https:\/\/www.beta-machine.com\/fr\/industrial-compressor-portable-piston-type-air-compressor-pd779945088\/","title":{"rendered":"Compresseur d\u2019air industriel portable \u00e0 piston"},"content":{"rendered":"<p><strong>Compresseur d\u2019air industriel portable \u00e0 piston<\/strong><\/p>\n<p><img fetchpriority=\"high\" decoding=\"async\" class=\"alignnone size-full wp-image-223\" src=\"https:\/\/beta-machine.com\/wp-content\/uploads\/2025\/10\/air-compressor10.jpg\" alt=\"\" width=\"1149\" height=\"908\" srcset=\"https:\/\/www.beta-machine.com\/wp-content\/uploads\/2025\/10\/air-compressor10.jpg 1149w, https:\/\/www.beta-machine.com\/wp-content\/uploads\/2025\/10\/air-compressor10-600x474.jpg 600w, https:\/\/www.beta-machine.com\/wp-content\/uploads\/2025\/10\/air-compressor10-300x237.jpg 300w, https:\/\/www.beta-machine.com\/wp-content\/uploads\/2025\/10\/air-compressor10-1024x809.jpg 1024w, https:\/\/www.beta-machine.com\/wp-content\/uploads\/2025\/10\/air-compressor10-768x607.jpg 768w\" sizes=\"(max-width: 1149px) 100vw, 1149px\" \/><\/p>\n<p><strong>Compresseur d\u2019air \u00e0 piston<\/strong><\/p>\n<p>Le piston du compresseur d\u2019air \u00e0 piston effectue un mouvement alternatif dans le cylindre. Lorsque le piston se d\u00e9place vers la droite, la pression dans la chambre gauche du piston \u00e0 l\u2019int\u00e9rieur du cylindre est inf\u00e9rieure \u00e0 la pression atmosph\u00e9rique PA, la vanne d\u2019aspiration s\u2019ouvre et l\u2019air ext\u00e9rieur est aspir\u00e9 dans le cylindre ; ce processus est appel\u00e9 processus d\u2019aspiration. Lorsque la pression dans le cylindre d\u00e9passe la pression P du tuyau d\u2019air de sortie, la vanne d\u2019\u00e9chappement s\u2019ouvre.Le mouvement alternatif du piston est assur\u00e9 par un m\u00e9canisme bielle-manivelle entra\u00een\u00e9 par un moteur \u00e9lectrique. <br>Le mouvement rotatif du vilebrequin est transform\u00e9 en mouvement glissant alternatif du piston. Il pr\u00e9sente une structure simple, une longue dur\u00e9e de vie et permet d\u2019obtenir facilement un grand d\u00e9bit et une sortie haute pression.<\/p>\n<p><img decoding=\"async\" class=\"alignnone size-full wp-image-224\" src=\"https:\/\/beta-machine.com\/wp-content\/uploads\/2025\/10\/air-compressor11.jpg\" alt=\"\" width=\"743\" height=\"752\" srcset=\"https:\/\/www.beta-machine.com\/wp-content\/uploads\/2025\/10\/air-compressor11.jpg 743w, https:\/\/www.beta-machine.com\/wp-content\/uploads\/2025\/10\/air-compressor11-100x100.jpg 100w, https:\/\/www.beta-machine.com\/wp-content\/uploads\/2025\/10\/air-compressor11-600x607.jpg 600w, https:\/\/www.beta-machine.com\/wp-content\/uploads\/2025\/10\/air-compressor11-296x300.jpg 296w\" sizes=\"(max-width: 743px) 100vw, 743px\" \/><\/p>\n<div class=\"sliderTable mt10 mb10 sliderTable-index0\">\n<div class=\"inner\"><\/div>\n<\/div>","protected":false},"excerpt":{"rendered":"<p>Le piston est entra\u00een\u00e9 par un moteur qui fournit la puissance n\u00e9cessaire pour effectuer la compression. Lorsque le piston descend, il cr\u00e9e un vide dans le cylindre, aspirant de l\u2019air dans la chambre. Une fois que le piston atteint le bas de sa course, il remonte, comprimant l\u2019air \u00e0 l\u2019int\u00e9rieur du cylindre.<\/p>","protected":false},"featured_media":225,"comment_status":"closed","ping_status":"closed","template":"","meta":{"_acf_changed":false},"product_brand":[],"product_cat":[41],"product_tag":[],"class_list":{"0":"post-221","1":"product","2":"type-product","3":"status-publish","4":"has-post-thumbnail","6":"product_cat-auxiliary-machines","8":"first","9":"instock","10":"shipping-taxable","11":"purchasable","12":"product-type-variable"},"acf":[],"_links":{"self":[{"href":"https:\/\/www.beta-machine.com\/fr\/wp-json\/wp\/v2\/product\/221","targetHints":{"allow":["GET"]}}],"collection":[{"href":"https:\/\/www.beta-machine.com\/fr\/wp-json\/wp\/v2\/product"}],"about":[{"href":"https:\/\/www.beta-machine.com\/fr\/wp-json\/wp\/v2\/types\/product"}],"replies":[{"embeddable":true,"href":"https:\/\/www.beta-machine.com\/fr\/wp-json\/wp\/v2\/comments?post=221"}],"wp:featuredmedia":[{"embeddable":true,"href":"https:\/\/www.beta-machine.com\/fr\/wp-json\/wp\/v2\/media\/225"}],"wp:attachment":[{"href":"https:\/\/www.beta-machine.com\/fr\/wp-json\/wp\/v2\/media?parent=221"}],"wp:term":[{"taxonomy":"product_brand","embeddable":true,"href":"https:\/\/www.beta-machine.com\/fr\/wp-json\/wp\/v2\/product_brand?post=221"},{"taxonomy":"product_cat","embeddable":true,"href":"https:\/\/www.beta-machine.com\/fr\/wp-json\/wp\/v2\/product_cat?post=221"},{"taxonomy":"product_tag","embeddable":true,"href":"https:\/\/www.beta-machine.com\/fr\/wp-json\/wp\/v2\/product_tag?post=221"}],"curies":[{"name":"wp","href":"https:\/\/api.w.org\/{rel}","templated":true}]}}