{"id":232,"date":"2025-10-24T06:04:39","date_gmt":"2025-10-24T06:04:39","guid":{"rendered":"https:\/\/beta-machine.com\/?post_type=product&#038;p=232"},"modified":"2025-10-24T06:49:41","modified_gmt":"2025-10-24T06:49:41","slug":"screw-type-air-compressor-oil-free-industrial-compressor","status":"publish","type":"product","link":"https:\/\/www.beta-machine.com\/fr\/screw-type-air-compressor-oil-free-industrial-compressor-pd706745088\/","title":{"rendered":"Compresseur d\u2019air \u00e0 vis sans huile, compresseur industriel"},"content":{"rendered":"<p><strong>Compresseur d\u2019air \u00e0 vis sans huile, compresseur industriel<\/strong><\/p>\n<p><img fetchpriority=\"high\" decoding=\"async\" class=\"alignnone size-full wp-image-241\" src=\"https:\/\/beta-machine.com\/wp-content\/uploads\/2025\/10\/screw-type-air-compressor14.png\" alt=\"\" width=\"880\" height=\"640\" srcset=\"https:\/\/www.beta-machine.com\/wp-content\/uploads\/2025\/10\/screw-type-air-compressor14.png 880w, https:\/\/www.beta-machine.com\/wp-content\/uploads\/2025\/10\/screw-type-air-compressor14-600x436.png 600w, https:\/\/www.beta-machine.com\/wp-content\/uploads\/2025\/10\/screw-type-air-compressor14-300x218.png 300w, https:\/\/www.beta-machine.com\/wp-content\/uploads\/2025\/10\/screw-type-air-compressor14-768x559.png 768w\" sizes=\"(max-width: 880px) 100vw, 880px\" \/><\/p>\n<p><strong>Principe de fonctionnement<\/strong><\/p>\n<p><strong>1. Aspiration<\/strong>\u00a0- La vanne d\u2019admission du compresseur d\u2019air \u00e0 vis s\u2019ouvre, la pression dans la chambre de compression est inf\u00e9rieure \u00e0 la pression atmosph\u00e9rique, et l\u2019air est aspir\u00e9 dans la chambre apr\u00e8s avoir \u00e9t\u00e9 filtr\u00e9 pour \u00e9liminer impuret\u00e9s et polluants.<\/p>\n<div><strong>2. Compression\u00a0<\/strong>- Lorsque les deux vis tournent, l\u2019air est confin\u00e9 dans l\u2019espace entre le carter de la chambre de compression et les vis rotatives. L\u2019interaction du pignon et de la cr\u00e9maill\u00e8re entra\u00eene la compression du gaz entre les vis, et la pression et temp\u00e9rature de l\u2019air dans la cavit\u00e9 augmentent progressivement.<\/div>\n<div><strong>3. \u00c9chappement<\/strong>\u00a0- Une fois que le gaz est comprim\u00e9 jusqu\u2019\u00e0 la pression nominale, il est \u00e9vacu\u00e9 par la vanne de sortie. Pendant l\u2019\u00e9chappement, l\u2019air est refroidi par un refroidisseur et s\u00e9par\u00e9 de l\u2019humidit\u00e9 et des impuret\u00e9s par un s\u00e9parateur.<\/div>\n<div><strong>4. Circulation<\/strong>\u00a0Pendant le fonctionnement du compresseur d\u2019air \u00e0 vis, le gaz circule dans la chambre de compression et, apr\u00e8s refroidissement par le refroidisseur de gaz, rentre \u00e0 nouveau dans la chambre de compression pour \u00eatre comprim\u00e9.<\/div>\n<div><\/div>\n<div><img decoding=\"async\" class=\"alignnone size-full wp-image-242\" src=\"https:\/\/beta-machine.com\/wp-content\/uploads\/2025\/10\/screw-air-compressor7.jpg\" alt=\"\" width=\"974\" height=\"1773\" srcset=\"https:\/\/www.beta-machine.com\/wp-content\/uploads\/2025\/10\/screw-air-compressor7.jpg 974w, https:\/\/www.beta-machine.com\/wp-content\/uploads\/2025\/10\/screw-air-compressor7-600x1092.jpg 600w, https:\/\/www.beta-machine.com\/wp-content\/uploads\/2025\/10\/screw-air-compressor7-165x300.jpg 165w, https:\/\/www.beta-machine.com\/wp-content\/uploads\/2025\/10\/screw-air-compressor7-563x1024.jpg 563w, https:\/\/www.beta-machine.com\/wp-content\/uploads\/2025\/10\/screw-air-compressor7-768x1398.jpg 768w, https:\/\/www.beta-machine.com\/wp-content\/uploads\/2025\/10\/screw-air-compressor7-844x1536.jpg 844w\" sizes=\"(max-width: 974px) 100vw, 974px\" \/><\/div>\n<div>\n<div class=\"sliderTable mt10 mb10 sliderTable-index0\">\n<div class=\"inner\"><\/div>\n<\/div>\n<\/div>","protected":false},"excerpt":{"rendered":"<div class=\"pro-this-prodBrief\">Le compresseur \u00e0 vis est r\u00e9put\u00e9 pour son fonctionnement continu et sa capacit\u00e9 \u00e0 fournir un d\u00e9bit constant d\u2019air comprim\u00e9. Il est couramment utilis\u00e9 dans des secteurs tels que l\u2019industrie manufacturi\u00e8re, le b\u00e2timent et l\u2019automobile. Gr\u00e2ce \u00e0 son design compact et son faible niveau sonore, c\u2019est un choix privil\u00e9gi\u00e9 pour de nombreuses entreprises.<\/div>","protected":false},"featured_media":239,"comment_status":"closed","ping_status":"closed","template":"","meta":{"_acf_changed":false},"product_brand":[],"product_cat":[41],"product_tag":[],"class_list":{"0":"post-232","1":"product","2":"type-product","3":"status-publish","4":"has-post-thumbnail","6":"product_cat-auxiliary-machines","8":"first","9":"instock","10":"shipping-taxable","11":"purchasable","12":"product-type-variable"},"acf":[],"_links":{"self":[{"href":"https:\/\/www.beta-machine.com\/fr\/wp-json\/wp\/v2\/product\/232","targetHints":{"allow":["GET"]}}],"collection":[{"href":"https:\/\/www.beta-machine.com\/fr\/wp-json\/wp\/v2\/product"}],"about":[{"href":"https:\/\/www.beta-machine.com\/fr\/wp-json\/wp\/v2\/types\/product"}],"replies":[{"embeddable":true,"href":"https:\/\/www.beta-machine.com\/fr\/wp-json\/wp\/v2\/comments?post=232"}],"wp:featuredmedia":[{"embeddable":true,"href":"https:\/\/www.beta-machine.com\/fr\/wp-json\/wp\/v2\/media\/239"}],"wp:attachment":[{"href":"https:\/\/www.beta-machine.com\/fr\/wp-json\/wp\/v2\/media?parent=232"}],"wp:term":[{"taxonomy":"product_brand","embeddable":true,"href":"https:\/\/www.beta-machine.com\/fr\/wp-json\/wp\/v2\/product_brand?post=232"},{"taxonomy":"product_cat","embeddable":true,"href":"https:\/\/www.beta-machine.com\/fr\/wp-json\/wp\/v2\/product_cat?post=232"},{"taxonomy":"product_tag","embeddable":true,"href":"https:\/\/www.beta-machine.com\/fr\/wp-json\/wp\/v2\/product_tag?post=232"}],"curies":[{"name":"wp","href":"https:\/\/api.w.org\/{rel}","templated":true}]}}