{"id":250,"date":"2025-10-24T06:20:56","date_gmt":"2025-10-24T06:20:56","guid":{"rendered":"https:\/\/beta-machine.com\/?post_type=product&#038;p=250"},"modified":"2025-11-05T05:46:36","modified_gmt":"2025-11-05T05:46:36","slug":"industrial-air-dryer-refrigerated-freeze-air-drying-machine","status":"publish","type":"product","link":"https:\/\/www.beta-machine.com\/fr\/industrial-air-dryer-refrigerated-freeze-air-drying-machine\/","title":{"rendered":"S\u00e9cheur d\u2019air industriel par r\u00e9frig\u00e9ration"},"content":{"rendered":"<p><strong>S\u00e9cheur d\u2019air industriel par r\u00e9frig\u00e9ration<\/strong><\/p>\n<p><strong>1. Principe de fonctionnement<br \/>\n<\/strong><\/p>\n<p>Le principe de fonctionnement d\u2019un s\u00e9cheur d\u2019air r\u00e9frig\u00e9r\u00e9 consiste \u00e0 utiliser un syst\u00e8me de r\u00e9frig\u00e9ration pour refroidir et d\u00e9shumidifier l\u2019air comprim\u00e9.<\/p>\n<p>Le processus commence par l\u2019entr\u00e9e de l\u2019air comprim\u00e9 chaud et humide dans l\u2019\u00e9changeur de chaleur air-air. Ici, l\u2019air entrant est refroidi par l\u2019air froid sortant, ce qui aide \u00e0 r\u00e9duire sa temp\u00e9rature et \u00e0 \u00e9liminer une partie de l\u2019humidit\u00e9.<\/p>\n<p>Ensuite, l\u2019air refroidi entre dans l\u2019\u00e9vaporateur, o\u00f9 il est refroidi davantage jusqu\u2019\u00e0 une temp\u00e9rature proche de son point de ros\u00e9e. Au fur et \u00e0 mesure du refroidissement, l\u2019humidit\u00e9 contenue dans l\u2019air se condense en eau liquide, qui est ensuite s\u00e9par\u00e9e de l\u2019air par un s\u00e9parateur air-eau. L\u2019eau s\u00e9par\u00e9e est \u00e9vacu\u00e9e, tandis que l\u2019air sec poursuite son chemin.<\/p>\n<p>L\u2019air sec entre ensuite dans l\u2019\u00e9changeur de chaleur air-r\u00e9frig\u00e9rant, o\u00f9 il est refroidi davantage par le r\u00e9frig\u00e9rant. Cela permet d\u2019abaisser la temp\u00e9rature de l\u2019air et d\u2019\u00e9liminer l\u2019humidit\u00e9 restante.<\/p>\n<p>Finalement, l\u2019air comprim\u00e9 froid et sec traverse le post-refroidisseur, o\u00f9 il est r\u00e9chauff\u00e9 pour \u00e9viter toute condensation potentielle dans les \u00e9quipements en aval. L\u2019air r\u00e9chauff\u00e9 est alors pr\u00eat \u00e0 \u00eatre utilis\u00e9 dans diverses applications.<\/p>\n<p>Globalement, le s\u00e9cheur d\u2019air r\u00e9frig\u00e9r\u00e9 fonctionne en refroidissant et d\u00e9shumidifiant l\u2019air comprim\u00e9, afin qu\u2019il soit exempt d\u2019humidit\u00e9 et pr\u00eat \u00e0 \u00eatre utilis\u00e9 dans des applications sensibles n\u00e9cessitant de l\u2019air sec.<\/p>\n<div>\n<p><strong>2. Caract\u00e9ristiques du produit<\/strong><\/p>\n<p>Le s\u00e9cheur froid, \u00e9galement appel\u00e9 s\u00e9cheur par cong\u00e9lation, pr\u00e9sente plusieurs caract\u00e9ristiques distinctives qui le diff\u00e9rencient des m\u00e9thodes de s\u00e9chage traditionnelles. Tout d\u2019abord, il utilise un proc\u00e9d\u00e9 de s\u00e9chage \u00e0 basse temp\u00e9rature, ce qui permet de pr\u00e9server la qualit\u00e9, la saveur et la valeur nutritionnelle des produits s\u00e9ch\u00e9s. Cela en fait un choix id\u00e9al pour s\u00e9cher des articles d\u00e9licats ou sensibles \u00e0 la chaleur, tels que des fruits, l\u00e9gumes, herbes et m\u00eame des produits pharmaceutiques.<\/p>\n<p>Deuxi\u00e8mement, le s\u00e9cheur froid fonctionne en \u00e9liminant l\u2019humidit\u00e9 par sublimation, un processus o\u00f9 l\u2019eau passe directement de l\u2019\u00e9tat solide (glace) \u00e0 l\u2019\u00e9tat gazeux (vapeur d\u2019eau) sans passer par la phase liquide. Cette technique unique garantit que les produits s\u00e9ch\u00e9s conservent leur forme, couleur et texture d\u2019origine, obtenant des produits finis visuellement attrayants et esth\u00e9tiquement plaisants.<\/p>\n<p>De plus, le s\u00e9cheur froid offre un contr\u00f4le pr\u00e9cis sur les param\u00e8tres de s\u00e9chage, tels que la temp\u00e9rature, la pression et le temps de s\u00e9chage. Cela permet la personnalisation et l\u2019optimisation du processus de s\u00e9chage en fonction des exigences sp\u00e9cifiques de diff\u00e9rents produits. Par ailleurs, la machine est \u00e9quip\u00e9e de capteurs avanc\u00e9s et de syst\u00e8mes de surveillance pour garantir un s\u00e9chage constant et uniforme sur tout le lot.<\/p>\n<p>Par ailleurs, le s\u00e9cheur frio pr\u00e9sente une efficacit\u00e9 \u00e9nerg\u00e9tique et une rentabilit\u00e9 \u00e9lev\u00e9es. En utilisant des basses temp\u00e9ratures et en fonctionnant en syst\u00e8me en boucle ferm\u00e9e, il minimise la consommation d\u2019\u00e9nergie et r\u00e9duit les co\u00fbts de production. Cela en fait un choix \u00e9cologique pour les entreprises souhaitant r\u00e9duire leur empreinte carbone et \u00e9conomiser sur les d\u00e9penses op\u00e9rationnelles.<\/p>\n<p>Enfin, le s\u00e9cheur froid est con\u00e7u pour la facilit\u00e9 d\u2019utilisation et de maintenance. Il dispose de commandes conviviales, de processus automatis\u00e9s et de composants faciles \u00e0 nettoyer, ce qui le rend adapt\u00e9 aux applications professionnelles et domestiques. Gr\u00e2ce \u00e0 sa taille compacte et son fonctionnement silencieux, il peut \u00eatre install\u00e9 facilement dans tout environnement sans perturber.<\/p>\n<p>En r\u00e9sum\u00e9, le s\u00e9cheur froid offre de nombreux avantages, notamment la pr\u00e9servation de la qualit\u00e9 des produits, le contr\u00f4le pr\u00e9cis des param\u00e8tres de s\u00e9chage, l\u2019efficacit\u00e9 \u00e9nerg\u00e9tique et la facilit\u00e9 d\u2019utilisation. Ces caract\u00e9ristiques en font un outil indispensable pour divers secteurs, notamment l\u2019agroalimentaire, la pharmacie et les laboratoires de recherche.<\/p>\n<\/div>\n<p>&nbsp;<\/p>\n<div class=\"sliderTable mt10 mb10 sliderTable-index0\">\n<div class=\"inner\">\n<table width=\"882\">\n<tbody>\n<tr class=\"firstRow\">\n<td valign=\"top\" width=\"266\">Nom du produit<\/td>\n<td valign=\"top\" width=\"573\">R\u00e9servoir d\u2019air en acier inoxydable<\/td>\n<\/tr>\n<tr>\n<td valign=\"top\" width=\"266\">Volume<\/td>\n<td valign=\"top\" width=\"573\">300-6000L; 0.3-6m\u00b3<\/td>\n<\/tr>\n<tr>\n<td valign=\"top\" width=\"266\">Pression<\/td>\n<td valign=\"top\" width=\"573\">8-16 bar<\/td>\n<\/tr>\n<tr>\n<td valign=\"top\" width=\"266\">Industrie applicable<\/td>\n<td valign=\"top\" width=\"573\">Compresseur d\u2019air<\/td>\n<\/tr>\n<tr>\n<td valign=\"top\" width=\"266\">Milieu<\/td>\n<td valign=\"top\" width=\"573\">air, vapeur, azote, oxyg\u00e8ne, eau<\/td>\n<\/tr>\n<tr>\n<td valign=\"top\" width=\"266\">Temp\u00e9rature d\u2019entr\u00e9e d\u2019air<\/td>\n<td valign=\"top\" width=\"573\">\u226460\u2103<\/td>\n<\/tr>\n<tr>\n<td valign=\"top\" width=\"266\">Dur\u00e9e de vie<\/td>\n<td valign=\"top\" width=\"573\">10-15 ans<\/td>\n<\/tr>\n<\/tbody>\n<\/table>\n<\/div>\n<\/div>\n<p><img fetchpriority=\"high\" decoding=\"async\" class=\"alignnone size-full wp-image-198\" src=\"https:\/\/beta-machine.com\/wp-content\/uploads\/2025\/10\/air-dryer7.jpg\" alt=\"air-dryer\" width=\"729\" height=\"1523\" srcset=\"https:\/\/www.beta-machine.com\/wp-content\/uploads\/2025\/10\/air-dryer7.jpg 729w, https:\/\/www.beta-machine.com\/wp-content\/uploads\/2025\/10\/air-dryer7-600x1253.jpg 600w, https:\/\/www.beta-machine.com\/wp-content\/uploads\/2025\/10\/air-dryer7-144x300.jpg 144w, https:\/\/www.beta-machine.com\/wp-content\/uploads\/2025\/10\/air-dryer7-490x1024.jpg 490w\" sizes=\"(max-width: 729px) 100vw, 729px\" \/><\/p>\n<div class=\"sliderTable mt10 mb10 sliderTable-index1\">\n<div class=\"inner\"><\/div>\n<\/div>","protected":false},"excerpt":{"rendered":"<p>Les s\u00e9cheurs d\u2019air sont couramment utilis\u00e9s dans des industries telles que l\u2019agroalimentaire, la pharmacie et les laboratoires de recherche. Ils offrent un moyen fiable et efficace de prolonger la dur\u00e9e de vie des produits, d\u2019en maintenir la qualit\u00e9 et de faciliter le stockage \u00e0 long terme. Gr\u00e2ce \u00e0 leur capacit\u00e9 \u00e0 \u00e9liminer l\u2019humidit\u00e9 sans endommager le mat\u00e9riau, les s\u00e9cheurs d\u2019air sont un outil indispensable pour diverses applications n\u00e9cessitant pr\u00e9servation et d\u00e9shydratation.<\/p>","protected":false},"featured_media":195,"comment_status":"closed","ping_status":"closed","template":"","meta":{"_acf_changed":false},"product_brand":[],"product_cat":[41],"product_tag":[],"class_list":{"0":"post-250","1":"product","2":"type-product","3":"status-publish","4":"has-post-thumbnail","6":"product_cat-auxiliary-machines","8":"first","9":"instock","10":"shipping-taxable","11":"purchasable","12":"product-type-variable"},"acf":[],"_links":{"self":[{"href":"https:\/\/www.beta-machine.com\/fr\/wp-json\/wp\/v2\/product\/250","targetHints":{"allow":["GET"]}}],"collection":[{"href":"https:\/\/www.beta-machine.com\/fr\/wp-json\/wp\/v2\/product"}],"about":[{"href":"https:\/\/www.beta-machine.com\/fr\/wp-json\/wp\/v2\/types\/product"}],"replies":[{"embeddable":true,"href":"https:\/\/www.beta-machine.com\/fr\/wp-json\/wp\/v2\/comments?post=250"}],"wp:featuredmedia":[{"embeddable":true,"href":"https:\/\/www.beta-machine.com\/fr\/wp-json\/wp\/v2\/media\/195"}],"wp:attachment":[{"href":"https:\/\/www.beta-machine.com\/fr\/wp-json\/wp\/v2\/media?parent=250"}],"wp:term":[{"taxonomy":"product_brand","embeddable":true,"href":"https:\/\/www.beta-machine.com\/fr\/wp-json\/wp\/v2\/product_brand?post=250"},{"taxonomy":"product_cat","embeddable":true,"href":"https:\/\/www.beta-machine.com\/fr\/wp-json\/wp\/v2\/product_cat?post=250"},{"taxonomy":"product_tag","embeddable":true,"href":"https:\/\/www.beta-machine.com\/fr\/wp-json\/wp\/v2\/product_tag?post=250"}],"curies":[{"name":"wp","href":"https:\/\/api.w.org\/{rel}","templated":true}]}}