{"id":254,"date":"2025-10-24T06:32:40","date_gmt":"2025-10-24T06:32:40","guid":{"rendered":"https:\/\/beta-machine.com\/?post_type=product&#038;p=254"},"modified":"2025-10-24T06:48:11","modified_gmt":"2025-10-24T06:48:11","slug":"industrial-plastic-making-machinery-strong-grinder-shredder-plastic-crusher-machine","status":"publish","type":"product","link":"https:\/\/www.beta-machine.com\/fr\/industrial-plastic-making-machinery-strong-grinder-shredder-plastic-crusher-machine-pd786645088\/","title":{"rendered":"Machinerie industrielle de fabrication du plastique Broyeur fort Broyeur de plastique"},"content":{"rendered":"<h2><strong>Pr\u00e9sentation de la broyeuse de plastique<\/strong><\/h2>\n<p>Le broyeur de plastique est utilis\u00e9 pour broyer divers types de plastiques et caoutchoux. Les particules broy\u00e9es peuvent \u00eatre utilis\u00e9es directement comme mati\u00e8res premi\u00e8res de production. Il utilise des lames en acier alli\u00e9 pour une longue dur\u00e9e de vie. La machine poss\u00e8de un design s\u00e9par\u00e9 pour faciliter la maintenance et le nettoyage, une structure double couche \u00e9quip\u00e9e de mat\u00e9riaux isolants phonique et un faible bruit. La base est \u00e9quip\u00e9e de quatre roues pour faciliter le d\u00e9placement.<\/p>\n<p><img fetchpriority=\"high\" decoding=\"async\" class=\"alignnone size-full wp-image-261\" src=\"https:\/\/beta-machine.com\/wp-content\/uploads\/2025\/10\/crusher7.jpg\" alt=\"\" width=\"1166\" height=\"933\" srcset=\"https:\/\/www.beta-machine.com\/wp-content\/uploads\/2025\/10\/crusher7.jpg 1166w, https:\/\/www.beta-machine.com\/wp-content\/uploads\/2025\/10\/crusher7-600x480.jpg 600w, https:\/\/www.beta-machine.com\/wp-content\/uploads\/2025\/10\/crusher7-300x240.jpg 300w, https:\/\/www.beta-machine.com\/wp-content\/uploads\/2025\/10\/crusher7-1024x819.jpg 1024w, https:\/\/www.beta-machine.com\/wp-content\/uploads\/2025\/10\/crusher7-768x615.jpg 768w\" sizes=\"(max-width: 1166px) 100vw, 1166px\" \/><\/p>\n<p>&nbsp;<\/p>\n<h2><strong>Produits applicables<\/strong><\/h2>\n<p>Le broyeur de plastique a une large gamme d\u2019utilisations, adapt\u00e9 au broyage et au recyclage de mat\u00e9riaux mous et durs tels que PU, PVC, PC, ABS. \u00c9quip\u00e9 d\u2019un dispositif de protection contre la surcharge et d\u2019un syst\u00e8me de protection de la cha\u00eene \u00e9lectrique, fonctionnement s\u00fbr, propre et fiable.<\/p>\n<p><img decoding=\"async\" class=\"alignnone size-full wp-image-259\" src=\"https:\/\/beta-machine.com\/wp-content\/uploads\/2025\/10\/crusher5.jpg\" alt=\"\" width=\"1109\" height=\"1355\" srcset=\"https:\/\/www.beta-machine.com\/wp-content\/uploads\/2025\/10\/crusher5.jpg 1109w, https:\/\/www.beta-machine.com\/wp-content\/uploads\/2025\/10\/crusher5-600x733.jpg 600w, https:\/\/www.beta-machine.com\/wp-content\/uploads\/2025\/10\/crusher5-246x300.jpg 246w, https:\/\/www.beta-machine.com\/wp-content\/uploads\/2025\/10\/crusher5-838x1024.jpg 838w, https:\/\/www.beta-machine.com\/wp-content\/uploads\/2025\/10\/crusher5-768x938.jpg 768w\" sizes=\"(max-width: 1109px) 100vw, 1109px\" \/><\/p>","protected":false},"excerpt":{"rendered":"<p>Le broyeur est une machine lourde con\u00e7ue pour r\u00e9duire des mat\u00e9riaux grands et r\u00e9sistants en morceaux plus petits. Il est couramment utilis\u00e9 dans des industries telles que l\u2019exploitation mini\u00e8re, la construction et le recyclage. Le broyeur fonctionne en appliquant une force sur le mat\u00e9riau, provoquant sa rupture ou sa d\u00e9formation. Il est \u00e9quip\u00e9 de lames ou de marteaux solides et durables qui frappent le mat\u00e9riau \u00e0 plusieurs reprises jusqu\u2019\u00e0 ce qu\u2019il soit r\u00e9duit \u00e0 la taille souhait\u00e9e.<\/p>","protected":false},"featured_media":260,"comment_status":"closed","ping_status":"closed","template":"","meta":{"_acf_changed":false},"product_brand":[],"product_cat":[41],"product_tag":[],"class_list":{"0":"post-254","1":"product","2":"type-product","3":"status-publish","4":"has-post-thumbnail","6":"product_cat-auxiliary-machines","8":"first","9":"instock","10":"shipping-taxable","11":"purchasable","12":"product-type-variable"},"acf":[],"_links":{"self":[{"href":"https:\/\/www.beta-machine.com\/fr\/wp-json\/wp\/v2\/product\/254","targetHints":{"allow":["GET"]}}],"collection":[{"href":"https:\/\/www.beta-machine.com\/fr\/wp-json\/wp\/v2\/product"}],"about":[{"href":"https:\/\/www.beta-machine.com\/fr\/wp-json\/wp\/v2\/types\/product"}],"replies":[{"embeddable":true,"href":"https:\/\/www.beta-machine.com\/fr\/wp-json\/wp\/v2\/comments?post=254"}],"wp:featuredmedia":[{"embeddable":true,"href":"https:\/\/www.beta-machine.com\/fr\/wp-json\/wp\/v2\/media\/260"}],"wp:attachment":[{"href":"https:\/\/www.beta-machine.com\/fr\/wp-json\/wp\/v2\/media?parent=254"}],"wp:term":[{"taxonomy":"product_brand","embeddable":true,"href":"https:\/\/www.beta-machine.com\/fr\/wp-json\/wp\/v2\/product_brand?post=254"},{"taxonomy":"product_cat","embeddable":true,"href":"https:\/\/www.beta-machine.com\/fr\/wp-json\/wp\/v2\/product_cat?post=254"},{"taxonomy":"product_tag","embeddable":true,"href":"https:\/\/www.beta-machine.com\/fr\/wp-json\/wp\/v2\/product_tag?post=254"}],"curies":[{"name":"wp","href":"https:\/\/api.w.org\/{rel}","templated":true}]}}