{"id":264,"date":"2025-10-24T06:37:56","date_gmt":"2025-10-24T06:37:56","guid":{"rendered":"https:\/\/beta-machine.com\/?post_type=product&#038;p=264"},"modified":"2026-03-16T02:03:11","modified_gmt":"2026-03-16T02:03:11","slug":"factory-customized-fully-automatic-air-cooled-water-cooled-screw-chiller","status":"publish","type":"product","link":"https:\/\/www.beta-machine.com\/fr\/factory-customized-fully-automatic-air-cooled-water-cooled-screw-chiller\/","title":{"rendered":"Refroidisseur \u00e0 vis enti\u00e8rement automatique, refroidi par air\/eau, personnalis\u00e9 en usine"},"content":{"rendered":"<p><strong>Refroidisseur \u00e0 eau<\/strong><\/p>\n<p><img fetchpriority=\"high\" decoding=\"async\" class=\"alignnone wp-image-268 size-medium\" src=\"https:\/\/beta-machine.com\/wp-content\/uploads\/2025\/10\/Water-cooled-Chiller-300x300.png\" alt=\"\" width=\"300\" height=\"300\" srcset=\"https:\/\/www.beta-machine.com\/wp-content\/uploads\/2025\/10\/Water-cooled-Chiller-300x300.png 300w, https:\/\/www.beta-machine.com\/wp-content\/uploads\/2025\/10\/Water-cooled-Chiller-100x100.png 100w, https:\/\/www.beta-machine.com\/wp-content\/uploads\/2025\/10\/Water-cooled-Chiller-600x600.png 600w, https:\/\/www.beta-machine.com\/wp-content\/uploads\/2025\/10\/Water-cooled-Chiller-150x150.png 150w, https:\/\/www.beta-machine.com\/wp-content\/uploads\/2025\/10\/Water-cooled-Chiller-768x768.png 768w, https:\/\/www.beta-machine.com\/wp-content\/uploads\/2025\/10\/Water-cooled-Chiller.png 800w\" sizes=\"(max-width: 300px) 100vw, 300px\" \/><\/p>\n<p>&nbsp;<\/p>\n<div class=\"sliderTable mt10 mb10 sliderTable-index0\">\n<div class=\"inner\">\n<table width=\"884\">\n<tbody>\n<tr>\n<td valign=\"top\" width=\"285\">Article<\/td>\n<td valign=\"top\" width=\"556\">Param\u00e8tre<\/td>\n<\/tr>\n<tr>\n<td valign=\"top\" width=\"285\">Marque<\/td>\n<td valign=\"top\" width=\"556\">Beta<\/td>\n<\/tr>\n<tr>\n<td valign=\"top\" width=\"285\">Type<\/td>\n<td valign=\"top\" width=\"556\">Refroidisseur refroidi par eau<\/td>\n<\/tr>\n<tr>\n<td valign=\"top\" width=\"285\">Personnalisation de traitement<\/td>\n<td valign=\"top\" width=\"556\">Oui<\/td>\n<\/tr>\n<tr>\n<td valign=\"top\" width=\"285\">Mod\u00e8le<\/td>\n<td valign=\"top\" width=\"556\">BT-20WD<\/td>\n<\/tr>\n<tr>\n<td valign=\"top\" width=\"285\">Puissance frigorifique standard<\/td>\n<td valign=\"top\" width=\"556\">67 (KW)<\/td>\n<\/tr>\n<tr>\n<td valign=\"top\" width=\"285\">Puissance d\u2019entr\u00e9e<\/td>\n<td valign=\"top\" width=\"556\">17 (KW)<\/td>\n<\/tr>\n<\/tbody>\n<\/table>\n<\/div>\n<\/div>\n<p><strong>Refroidisseur \u00e0 vis refroidi par eau<\/strong><\/p>\n<p><strong><img decoding=\"async\" class=\"alignnone wp-image-269 size-medium\" src=\"https:\/\/beta-machine.com\/wp-content\/uploads\/2025\/10\/Water-cooled-Screw-Chiller-300x300.png\" alt=\"\" width=\"300\" height=\"300\" srcset=\"https:\/\/www.beta-machine.com\/wp-content\/uploads\/2025\/10\/Water-cooled-Screw-Chiller-300x300.png 300w, https:\/\/www.beta-machine.com\/wp-content\/uploads\/2025\/10\/Water-cooled-Screw-Chiller-100x100.png 100w, https:\/\/www.beta-machine.com\/wp-content\/uploads\/2025\/10\/Water-cooled-Screw-Chiller-600x600.png 600w, https:\/\/www.beta-machine.com\/wp-content\/uploads\/2025\/10\/Water-cooled-Screw-Chiller-150x150.png 150w, https:\/\/www.beta-machine.com\/wp-content\/uploads\/2025\/10\/Water-cooled-Screw-Chiller-768x768.png 768w, https:\/\/www.beta-machine.com\/wp-content\/uploads\/2025\/10\/Water-cooled-Screw-Chiller.png 800w\" sizes=\"(max-width: 300px) 100vw, 300px\" \/><\/strong><\/p>\n<p>&nbsp;<\/p>\n<div class=\"sliderTable mt10 mb10 sliderTable-index1\">\n<div class=\"inner\">\n<table width=\"885\">\n<tbody>\n<tr>\n<td valign=\"top\" width=\"285\">Article<\/td>\n<td valign=\"top\" width=\"556\">Param\u00e8tre<\/td>\n<\/tr>\n<tr>\n<td valign=\"top\" width=\"302\">Type<\/td>\n<td valign=\"top\" width=\"540\">Refroidisseur \u00e0 vis<\/td>\n<\/tr>\n<tr>\n<td valign=\"top\" width=\"302\">Personnalisation de traitement<\/td>\n<td valign=\"top\" width=\"540\">Oui<\/td>\n<\/tr>\n<tr>\n<td valign=\"top\" width=\"302\">Mod\u00e8le<\/td>\n<td valign=\"top\" width=\"540\">BT-340WS<\/td>\n<\/tr>\n<tr>\n<td valign=\"top\" width=\"302\">Puissance frigorifique standard<\/td>\n<td valign=\"top\" width=\"540\">313 (KW)<\/td>\n<\/tr>\n<tr>\n<td valign=\"top\" width=\"302\">Puissance d\u2019entr\u00e9e<\/td>\n<td valign=\"top\" width=\"540\">71 (KW)<\/td>\n<\/tr>\n<\/tbody>\n<\/table>\n<\/div>\n<\/div>\n<p><strong>Refroidisseur refroidi par air<\/strong><\/p>\n<p><strong><img decoding=\"async\" class=\"alignnone size-medium wp-image-266\" src=\"https:\/\/beta-machine.com\/wp-content\/uploads\/2025\/10\/Air-cooled-Chiller-300x300.png\" alt=\"\" width=\"300\" height=\"300\" srcset=\"https:\/\/www.beta-machine.com\/wp-content\/uploads\/2025\/10\/Air-cooled-Chiller-300x300.png 300w, https:\/\/www.beta-machine.com\/wp-content\/uploads\/2025\/10\/Air-cooled-Chiller-100x100.png 100w, https:\/\/www.beta-machine.com\/wp-content\/uploads\/2025\/10\/Air-cooled-Chiller-600x600.png 600w, https:\/\/www.beta-machine.com\/wp-content\/uploads\/2025\/10\/Air-cooled-Chiller-150x150.png 150w, https:\/\/www.beta-machine.com\/wp-content\/uploads\/2025\/10\/Air-cooled-Chiller-768x768.png 768w, https:\/\/www.beta-machine.com\/wp-content\/uploads\/2025\/10\/Air-cooled-Chiller.png 800w\" sizes=\"(max-width: 300px) 100vw, 300px\" \/><\/strong><\/p>\n<p>Caract\u00e9ristiques du produit<\/p>\n<div class=\"sliderTable mt10 mb10 sliderTable-index2\">\n<ul>\n<li>Le compresseur de l\u2019unit\u00e9 est de type scroll enti\u00e8rement herm\u00e9tique, avec des composants de commande \u00e9lectronique ; il est \u00e9quip\u00e9 d\u2019un condenseur et d\u2019un \u00e9vaporateur r\u00e9alis\u00e9s en tubes de cuivre de haute qualit\u00e9 \u00e0 haute efficacit\u00e9 d\u2019\u00e9change thermique ;<\/li>\n<li>\u00c9quip\u00e9 de divers dispositifs de protection de s\u00e9curit\u00e9, avec performances stables, faible bruit, longue dur\u00e9e de vie et fonctionnement simple ; Adopte une interface homme-machine \u00e0 \u00e9cran LCD, d\u2019utilisation facile et pratique, l\u2019\u00e9tat de fonctionnement est visible en un coup d\u2019\u0153il ;<\/li>\n<li>Ce mod\u00e8le adopte un syst\u00e8me frigorifique \u00e0 compresseur unique ou \u00e0 combinaison de plusieurs compresseurs. Les compresseurs peuvent fonctionner automatiquement en alternance en fonction des variations de charge, \u00e9quilibrant les heures de fonctionnement de chaque compresseur, afin d\u2019\u00e9conomiser la consommation d\u2019\u00e9nergie et de prolonger la dur\u00e9e de vie du refroidisseur. R\u00e9glage de l\u2019\u00e9nergie pratique, plus \u00e9conome en \u00e9nergie sous charges partielles;<\/li>\n<li>La machine enti\u00e8re poss\u00e8de une structure en caisson, d\u2019apparence soign\u00e9e et de structure compacte, permettant de v\u00e9rifier le fonctionnement de l\u2019unit\u00e9 \u00e0 tout moment ; L\u2019unit\u00e9 peut \u00eatre \u00e9quip\u00e9e de son propre r\u00e9servoir d\u2019eau et pompe de circulation en fonction de la puissance frigorifique, sans besoin de tour de refroidissement ni pompe \u00e0 eau de refroidissement, rendant l\u2019installation et la maintenance simples et pratiques.<\/li>\n<\/ul>\n<\/div>\n<p><strong>Refroidisseur \u00e0 vis refroidi par air<\/strong><\/p>\n<p><strong><img loading=\"lazy\" decoding=\"async\" class=\"alignnone size-medium wp-image-267\" src=\"https:\/\/beta-machine.com\/wp-content\/uploads\/2025\/10\/Air-cooled-Screw-Chiller-300x300.png\" alt=\"\" width=\"300\" height=\"300\" srcset=\"https:\/\/www.beta-machine.com\/wp-content\/uploads\/2025\/10\/Air-cooled-Screw-Chiller-300x300.png 300w, https:\/\/www.beta-machine.com\/wp-content\/uploads\/2025\/10\/Air-cooled-Screw-Chiller-100x100.png 100w, https:\/\/www.beta-machine.com\/wp-content\/uploads\/2025\/10\/Air-cooled-Screw-Chiller-600x600.png 600w, https:\/\/www.beta-machine.com\/wp-content\/uploads\/2025\/10\/Air-cooled-Screw-Chiller-150x150.png 150w, https:\/\/www.beta-machine.com\/wp-content\/uploads\/2025\/10\/Air-cooled-Screw-Chiller-768x768.png 768w, https:\/\/www.beta-machine.com\/wp-content\/uploads\/2025\/10\/Air-cooled-Screw-Chiller.png 800w\" sizes=\"(max-width: 300px) 100vw, 300px\" \/><\/strong><\/p>\n<p>&nbsp;<\/p>\n<div class=\"sliderTable mt10 mb10 sliderTable-index3\">\n<div class=\"inner\">\n<table width=\"877\">\n<tbody>\n<tr>\n<td valign=\"top\" width=\"285\">Article<\/td>\n<td valign=\"top\" width=\"556\">Param\u00e8tre<\/td>\n<\/tr>\n<tr>\n<td valign=\"top\" width=\"301\">Type<\/td>\n<td valign=\"top\" width=\"533\">Refroidisseur \u00e0 vis<\/td>\n<\/tr>\n<tr>\n<td valign=\"top\" width=\"301\">Personnalisation de traitement<\/td>\n<td valign=\"top\" width=\"533\">Oui<\/td>\n<\/tr>\n<tr>\n<td valign=\"top\" width=\"301\">Mod\u00e8le<\/td>\n<td valign=\"top\" width=\"533\">BT-180AS<\/td>\n<\/tr>\n<tr>\n<td valign=\"top\" width=\"301\">Puissance frigorifique standard<\/td>\n<td valign=\"top\" width=\"533\">135 (KW)<\/td>\n<\/tr>\n<tr>\n<td valign=\"top\" width=\"301\">Puissance d\u2019entr\u00e9e<\/td>\n<td valign=\"top\" width=\"533\">52 (KW)<\/td>\n<\/tr>\n<\/tbody>\n<\/table>\n<\/div>\n<\/div>","protected":false},"excerpt":{"rendered":"<p>Refroidisseurs personnalis\u00e9s de BETA comprennent refroidis par air, refroidis par eau, \u00e0 vis refroidi par air et \u00e0 vis refroidi par eau, disponibles pour une utilisation industrielle.<\/p>","protected":false},"featured_media":266,"comment_status":"closed","ping_status":"closed","template":"","meta":{"_acf_changed":false},"product_brand":[],"product_cat":[41],"product_tag":[],"class_list":{"0":"post-264","1":"product","2":"type-product","3":"status-publish","4":"has-post-thumbnail","6":"product_cat-auxiliary-machines","8":"first","9":"instock","10":"shipping-taxable","11":"purchasable","12":"product-type-simple"},"acf":[],"_links":{"self":[{"href":"https:\/\/www.beta-machine.com\/fr\/wp-json\/wp\/v2\/product\/264","targetHints":{"allow":["GET"]}}],"collection":[{"href":"https:\/\/www.beta-machine.com\/fr\/wp-json\/wp\/v2\/product"}],"about":[{"href":"https:\/\/www.beta-machine.com\/fr\/wp-json\/wp\/v2\/types\/product"}],"replies":[{"embeddable":true,"href":"https:\/\/www.beta-machine.com\/fr\/wp-json\/wp\/v2\/comments?post=264"}],"wp:featuredmedia":[{"embeddable":true,"href":"https:\/\/www.beta-machine.com\/fr\/wp-json\/wp\/v2\/media\/266"}],"wp:attachment":[{"href":"https:\/\/www.beta-machine.com\/fr\/wp-json\/wp\/v2\/media?parent=264"}],"wp:term":[{"taxonomy":"product_brand","embeddable":true,"href":"https:\/\/www.beta-machine.com\/fr\/wp-json\/wp\/v2\/product_brand?post=264"},{"taxonomy":"product_cat","embeddable":true,"href":"https:\/\/www.beta-machine.com\/fr\/wp-json\/wp\/v2\/product_cat?post=264"},{"taxonomy":"product_tag","embeddable":true,"href":"https:\/\/www.beta-machine.com\/fr\/wp-json\/wp\/v2\/product_tag?post=264"}],"curies":[{"name":"wp","href":"https:\/\/api.w.org\/{rel}","templated":true}]}}