{"id":294,"date":"2025-10-24T07:12:06","date_gmt":"2025-10-24T07:12:06","guid":{"rendered":"https:\/\/beta-machine.com\/?post_type=product&#038;p=294"},"modified":"2026-03-13T07:54:46","modified_gmt":"2026-03-13T07:54:46","slug":"plastic-preforms-making-bottle-preform-moulds-applicable-for-injection-molding-machine","status":"publish","type":"product","link":"https:\/\/www.beta-machine.com\/fr\/plastic-preforms-making-bottle-preform-moulds-applicable-for-injection-molding-machine-pd767547088\/","title":{"rendered":"Moules de Pr\u00e9formes Plastiques pour Machines de Moulage par Injection"},"content":{"rendered":"<div class=\"sliderTable mt10 mb10 sliderTable-index0\">\n<div class=\"inner\">\n<table width=\"884\">\n<tbody>\n<tr class=\"firstRow\">\n<td valign=\"top\" width=\"319\">Nom<\/td>\n<td valign=\"top\" width=\"523\"><strong>Description<\/strong><\/td>\n<\/tr>\n<tr>\n<td valign=\"top\" width=\"319\">Type de pr\u00e9forme<\/td>\n<td valign=\"top\" width=\"523\">Pr\u00e9forme en PET<\/td>\n<\/tr>\n<tr>\n<td valign=\"top\" width=\"319\">Mat\u00e9riau du noyau, cavit\u00e9 et col<\/td>\n<td valign=\"top\" width=\"523\">S136 steel(48-52HRC)<\/td>\n<\/tr>\n<tr>\n<td valign=\"top\" width=\"319\">Base de moule<\/td>\n<td valign=\"top\" width=\"523\">P20 chrom\u00e9 (antirouille)<\/td>\n<\/tr>\n<tr>\n<td valign=\"top\" width=\"319\">Type de canal de coul\u00e9e<\/td>\n<td valign=\"top\" width=\"523\">Canal chaud \u00e0 vanne<\/td>\n<\/tr>\n<tr>\n<td valign=\"top\" width=\"319\">Temps de cycle<\/td>\n<td valign=\"top\" width=\"523\">18 \u00e0 23 s<\/td>\n<\/tr>\n<tr>\n<td valign=\"top\" width=\"319\">D\u00e9centr\u00e9<\/td>\n<td valign=\"top\" width=\"523\">+\/-0.05mm<\/td>\n<\/tr>\n<tr>\n<td valign=\"top\" width=\"319\">Structure du moule<\/td>\n<td valign=\"top\" width=\"523\">D\u00e9-moulage automatique ; auto-verrouillage par cavit\u00e9<\/td>\n<\/tr>\n<tr>\n<td valign=\"top\" width=\"319\">Dur\u00e9e de vie du moule<\/td>\n<td valign=\"top\" width=\"523\">3 \u00e0 5 millions de cycles<\/td>\n<\/tr>\n<tr>\n<td valign=\"top\" width=\"319\">D\u00e9lai de fabrication<\/td>\n<td valign=\"top\" width=\"523\">35 \u00e0 45 jours<\/td>\n<\/tr>\n<\/tbody>\n<\/table>\n<\/div>\n<\/div>\n<h3>Moules de Pr\u00e9formes<\/h3>\n<div>\n<div>\n<div>\n<p>\u2013 Technologie avanc\u00e9e de conception de moules :<\/p>\n<div>Chaque cavit\u00e9 est auto-verrouill\u00e9e ind\u00e9pendamment ; syst\u00e8me CNC japonais haute pr\u00e9cision.<\/div>\n<div>Assurer une faible d\u00e9formation et une grande pr\u00e9cision du produit ; chaque pi\u00e8ce de rechange est durable et interchangeable.<\/div>\n<div>Pour am\u00e9liorer et atteindre une haute efficacit\u00e9 de production, nous concevons syst\u00e9matiquement le meilleur syst\u00e8me de refroidissement et pouvons \u00e9quiper chaque moule d\u2019un refroidisseur.<\/div>\n<div>\u2013 Syst\u00e8me de canal chaud \u00e0 vanne avanc\u00e9 et pr\u00e9cis et contr\u00f4leur de temp\u00e9rature, assurent la fiabilit\u00e9 de la production et une haute transparence et brillance du produit.<\/div>\n<div>\u2013 Glissi\u00e8res du moule en cuivre ; le produit respecte les normes de s\u00e9curit\u00e9 alimentaire. Dur\u00e9e de vie du moule : plus de 3 millions de cycles.<\/div>\n<div><img fetchpriority=\"high\" decoding=\"async\" class=\"alignnone wp-image-299 size-full\" src=\"https:\/\/beta-machine.com\/wp-content\/uploads\/2025\/10\/Bottle-Preform-Moulds.webp\" alt=\"Plastic Preforms Making Bottle Preform Moulds Applicable For Injection Molding Machine\" width=\"983\" height=\"964\" srcset=\"https:\/\/www.beta-machine.com\/wp-content\/uploads\/2025\/10\/Bottle-Preform-Moulds.webp 983w, https:\/\/www.beta-machine.com\/wp-content\/uploads\/2025\/10\/Bottle-Preform-Moulds-600x588.webp 600w, https:\/\/www.beta-machine.com\/wp-content\/uploads\/2025\/10\/Bottle-Preform-Moulds-300x294.webp 300w, https:\/\/www.beta-machine.com\/wp-content\/uploads\/2025\/10\/Bottle-Preform-Moulds-768x753.webp 768w\" sizes=\"(max-width: 983px) 100vw, 983px\" \/><\/div>\n<div><img decoding=\"async\" class=\"alignnone wp-image-287 size-full\" src=\"https:\/\/beta-machine.com\/wp-content\/uploads\/2025\/10\/Injection-Bottle-Cap-Moulds-2.png\" alt=\"\" width=\"988\" height=\"785\" srcset=\"https:\/\/www.beta-machine.com\/wp-content\/uploads\/2025\/10\/Injection-Bottle-Cap-Moulds-2.png 988w, https:\/\/www.beta-machine.com\/wp-content\/uploads\/2025\/10\/Injection-Bottle-Cap-Moulds-2-600x477.png 600w, https:\/\/www.beta-machine.com\/wp-content\/uploads\/2025\/10\/Injection-Bottle-Cap-Moulds-2-300x238.png 300w, https:\/\/www.beta-machine.com\/wp-content\/uploads\/2025\/10\/Injection-Bottle-Cap-Moulds-2-768x610.png 768w\" sizes=\"(max-width: 988px) 100vw, 988px\" \/><\/div>\n<\/div>\n<\/div>\n<\/div>","protected":false},"excerpt":{"rendered":"<p>Moules de pr\u00e9formes personnalis\u00e9s par BETA, 2 \u00e0 48 cavit\u00e9s. Bienvenue pour vos demandes.<\/p>","protected":false},"featured_media":301,"comment_status":"closed","ping_status":"closed","template":"","meta":{"_acf_changed":false},"product_brand":[],"product_cat":[38],"product_tag":[],"class_list":{"0":"post-294","1":"product","2":"type-product","3":"status-publish","4":"has-post-thumbnail","6":"product_cat-bottle-moulds","8":"first","9":"instock","10":"shipping-taxable","11":"purchasable","12":"product-type-variable"},"acf":[],"_links":{"self":[{"href":"https:\/\/www.beta-machine.com\/fr\/wp-json\/wp\/v2\/product\/294","targetHints":{"allow":["GET"]}}],"collection":[{"href":"https:\/\/www.beta-machine.com\/fr\/wp-json\/wp\/v2\/product"}],"about":[{"href":"https:\/\/www.beta-machine.com\/fr\/wp-json\/wp\/v2\/types\/product"}],"replies":[{"embeddable":true,"href":"https:\/\/www.beta-machine.com\/fr\/wp-json\/wp\/v2\/comments?post=294"}],"wp:featuredmedia":[{"embeddable":true,"href":"https:\/\/www.beta-machine.com\/fr\/wp-json\/wp\/v2\/media\/301"}],"wp:attachment":[{"href":"https:\/\/www.beta-machine.com\/fr\/wp-json\/wp\/v2\/media?parent=294"}],"wp:term":[{"taxonomy":"product_brand","embeddable":true,"href":"https:\/\/www.beta-machine.com\/fr\/wp-json\/wp\/v2\/product_brand?post=294"},{"taxonomy":"product_cat","embeddable":true,"href":"https:\/\/www.beta-machine.com\/fr\/wp-json\/wp\/v2\/product_cat?post=294"},{"taxonomy":"product_tag","embeddable":true,"href":"https:\/\/www.beta-machine.com\/fr\/wp-json\/wp\/v2\/product_tag?post=294"}],"curies":[{"name":"wp","href":"https:\/\/api.w.org\/{rel}","templated":true}]}}