{"id":315,"date":"2025-10-24T07:33:20","date_gmt":"2025-10-24T07:33:20","guid":{"rendered":"https:\/\/beta-machine.com\/?post_type=product&#038;p=315"},"modified":"2026-03-13T07:39:04","modified_gmt":"2026-03-13T07:39:04","slug":"plastic-bottle-blowing-mold-water-drinks-bottle-moulds","status":"publish","type":"product","link":"https:\/\/www.beta-machine.com\/fr\/plastic-bottle-blowing-mold-water-drinks-bottle-moulds-pd791266088\/","title":{"rendered":"Moule de soufflage de bouteilles plastiques \/ Moules pour bouteilles de boissons"},"content":{"rendered":"<h3>Moules \u00e0 bouteilles<\/h3>\n<div>\n<ul>\n<li>\u00a0Nous utilisons des technologies CDC\/CAM de pointe pour concevoir et r\u00e9aliser des outillages de haute qualit\u00e9.<\/li>\n<li>Nous fournissons des moules de soufflage selon la demande du client pour une grande vari\u00e9t\u00e9 d\u2019applications industrielles: flacons \u00e0 large bouche, flacons cosm\u00e9tiques, flacons de d\u00e9tergent, flacons pharmaceutiques, flacons de sauce soja et huile alimentaire, canettes \u00e0 double sertissage, bouteilles d\u2019eau, bouteilles r\u00e9sistantes \u00e0 la chaleur et bouteilles de boissons gazeuses.<\/li>\n<\/ul>\n<h3>Caract\u00e9ristiques<\/h3>\n<ol>\n<li>Le moule de soufflage pour bouteilles PET utilise une conception graphique par ordinateur 3D afin d\u2019am\u00e9liorer le taux de r\u00e9ussite du soufflage.<\/li>\n<li>Haute productivit\u00e9.<\/li>\n<li>Plusieurs types de moules sont con\u00e7us et produits, et les pr\u00e9formes de bouteilles peuvent \u00eatre con\u00e7ues selon la forme de la bouteille.<\/li>\n<li>Toutes les pi\u00e8ces et composants durant le processus de production sont usin\u00e9s avec des instruments de mesure haute pr\u00e9cision et des machines haute pr\u00e9cision.<\/li>\n<li>Le processus de contr\u00f4le de qualit\u00e9 est strictement r\u00e9gul\u00e9 pour garantir la qualit\u00e9 du produit.<\/li>\n<li>Nous pouvons coop\u00e9rer avec les clients pour d\u00e9velopper, concevoir et fabriquer des produits conjointement.<\/li>\n<li>Fabriqu\u00e9 en acier alli\u00e9 et acier inoxydable, solide, durable et de bonne stabilit\u00e9.<\/li>\n<\/ol>\n<div><img fetchpriority=\"high\" decoding=\"async\" class=\"alignnone wp-image-318 size-full\" src=\"https:\/\/beta-machine.com\/wp-content\/uploads\/2025\/10\/details.jpg\" alt=\"\" width=\"990\" height=\"685\" srcset=\"https:\/\/www.beta-machine.com\/wp-content\/uploads\/2025\/10\/details.jpg 990w, https:\/\/www.beta-machine.com\/wp-content\/uploads\/2025\/10\/details-600x415.jpg 600w, https:\/\/www.beta-machine.com\/wp-content\/uploads\/2025\/10\/details-300x208.jpg 300w, https:\/\/www.beta-machine.com\/wp-content\/uploads\/2025\/10\/details-768x531.jpg 768w\" sizes=\"(max-width: 990px) 100vw, 990px\" \/><\/div>\n<h3>Mod\u00e8les de Moules de Bouteilles<\/h3>\n<div><img decoding=\"async\" class=\"alignnone size-full wp-image-317\" src=\"https:\/\/beta-machine.com\/wp-content\/uploads\/2025\/10\/Bottle-Mould-Models.jpg\" alt=\"\" width=\"984\" height=\"671\" srcset=\"https:\/\/www.beta-machine.com\/wp-content\/uploads\/2025\/10\/Bottle-Mould-Models.jpg 984w, https:\/\/www.beta-machine.com\/wp-content\/uploads\/2025\/10\/Bottle-Mould-Models-600x409.jpg 600w, https:\/\/www.beta-machine.com\/wp-content\/uploads\/2025\/10\/Bottle-Mould-Models-300x205.jpg 300w, https:\/\/www.beta-machine.com\/wp-content\/uploads\/2025\/10\/Bottle-Mould-Models-768x524.jpg 768w\" sizes=\"(max-width: 984px) 100vw, 984px\" \/> \u00a0<img decoding=\"async\" class=\"alignnone wp-image-287 size-full\" src=\"https:\/\/beta-machine.com\/wp-content\/uploads\/2025\/10\/Injection-Bottle-Cap-Moulds-2.png\" alt=\"\" width=\"988\" height=\"785\" srcset=\"https:\/\/www.beta-machine.com\/wp-content\/uploads\/2025\/10\/Injection-Bottle-Cap-Moulds-2.png 988w, https:\/\/www.beta-machine.com\/wp-content\/uploads\/2025\/10\/Injection-Bottle-Cap-Moulds-2-600x477.png 600w, https:\/\/www.beta-machine.com\/wp-content\/uploads\/2025\/10\/Injection-Bottle-Cap-Moulds-2-300x238.png 300w, https:\/\/www.beta-machine.com\/wp-content\/uploads\/2025\/10\/Injection-Bottle-Cap-Moulds-2-768x610.png 768w\" sizes=\"(max-width: 988px) 100vw, 988px\" \/><\/div>\n<\/div>","protected":false},"excerpt":{"rendered":"<p>BETA propose des moules \u00e0 bouteilles de diff\u00e9rents styles personnalis\u00e9s, n\u2019h\u00e9sitez pas \u00e0 nous contacter.<\/p>","protected":false},"featured_media":322,"comment_status":"closed","ping_status":"closed","template":"","meta":{"_acf_changed":false},"product_brand":[],"product_cat":[38],"product_tag":[],"class_list":{"0":"post-315","1":"product","2":"type-product","3":"status-publish","4":"has-post-thumbnail","6":"product_cat-bottle-moulds","8":"first","9":"instock","10":"shipping-taxable","11":"purchasable","12":"product-type-simple"},"acf":[],"_links":{"self":[{"href":"https:\/\/www.beta-machine.com\/fr\/wp-json\/wp\/v2\/product\/315","targetHints":{"allow":["GET"]}}],"collection":[{"href":"https:\/\/www.beta-machine.com\/fr\/wp-json\/wp\/v2\/product"}],"about":[{"href":"https:\/\/www.beta-machine.com\/fr\/wp-json\/wp\/v2\/types\/product"}],"replies":[{"embeddable":true,"href":"https:\/\/www.beta-machine.com\/fr\/wp-json\/wp\/v2\/comments?post=315"}],"wp:featuredmedia":[{"embeddable":true,"href":"https:\/\/www.beta-machine.com\/fr\/wp-json\/wp\/v2\/media\/322"}],"wp:attachment":[{"href":"https:\/\/www.beta-machine.com\/fr\/wp-json\/wp\/v2\/media?parent=315"}],"wp:term":[{"taxonomy":"product_brand","embeddable":true,"href":"https:\/\/www.beta-machine.com\/fr\/wp-json\/wp\/v2\/product_brand?post=315"},{"taxonomy":"product_cat","embeddable":true,"href":"https:\/\/www.beta-machine.com\/fr\/wp-json\/wp\/v2\/product_cat?post=315"},{"taxonomy":"product_tag","embeddable":true,"href":"https:\/\/www.beta-machine.com\/fr\/wp-json\/wp\/v2\/product_tag?post=315"}],"curies":[{"name":"wp","href":"https:\/\/api.w.org\/{rel}","templated":true}]}}