{"id":324,"date":"2025-10-24T07:43:42","date_gmt":"2025-10-24T07:43:42","guid":{"rendered":"https:\/\/beta-machine.com\/?post_type=product&#038;p=324"},"modified":"2026-03-13T06:49:35","modified_gmt":"2026-03-13T06:49:35","slug":"cap-lining-machine","status":"publish","type":"product","link":"https:\/\/www.beta-machine.com\/fr\/cap-lining-machine-pd711034388\/","title":{"rendered":"Machine de doublage de capsules"},"content":{"rendered":"<h2>Proc\u00e9d\u00e9 de fabrication des couvercles<\/h2>\n<p>La machine de capsulage est entra\u00een\u00e9e par la mati\u00e8re plastique extrud\u00e9e par l\u2019extrudeuse \u00e0 travers une vis, d\u00e9coup\u00e9e par une plaque s\u00e9paratrice et distribu\u00e9e uniform\u00e9ment dans chaque cavit\u00e9 pour former un couvercle.<\/p>\n<p>&nbsp;<\/p>\n<h2>Avantages uniques de la machine<\/h2>\n<ol>\n<li>Le mat\u00e9riau principal du moule \u00e0 capsules est constitu\u00e9 de mat\u00e9riaux propri\u00e9taires, qui pr\u00e9sentent une excellente r\u00e9sistance \u00e0 l\u2019usure, une r\u00e9sistance \u00e0 la corrosion, des propri\u00e9t\u00e9s de polissage optique actif, ainsi qu\u2019une bonne usinabilit\u00e9 et stabilit\u00e9 de trempe.<\/li>\n<li>Support haute duret\u00e9, acier alli\u00e9 haute r\u00e9sistance \u00e0 l\u2019usure, peu sensible \u00e0 la surchauffe.<\/li>\n<\/ol>\n<h2>Avantages du rev\u00eatement<\/h2>\n<ol class=\"list-paddingleft-2\">\n<li>Rev\u00eatement d\u00e9sign\u00e9 pour moules \u00e0 capsules fourni par des entreprises suisses<\/li>\n<li>Rev\u00eatement d\u2019acier mince \u00e0 \u00e9paisseur uniforme et forte adh\u00e9rence<\/li>\n<li>Haute duret\u00e9<\/li>\n<li>R\u00e9duire la friction et l\u2019usure<\/li>\n<li>Peut prolonger efficacement la dur\u00e9e de vie du moule de 2 \u00e0 6 fois<\/li>\n<\/ol>","protected":false},"excerpt":{"rendered":"<p>Cap manufacturing process The capping machine is driven by the plastic material extruded by the extruder through a screw, cut from a separating plate, and evenly distributed into each chamber to make a capping. &nbsp; Unique advantages of the machine The main cap mold material is made of proprietary materials, which have excellent wear resistance, [&hellip;]<\/p>\n","protected":false},"featured_media":326,"comment_status":"closed","ping_status":"closed","template":"","meta":{"_acf_changed":false},"product_brand":[],"product_cat":[37],"product_tag":[],"class_list":{"0":"post-324","1":"product","2":"type-product","3":"status-publish","4":"has-post-thumbnail","6":"product_cat-cap-lining-machine","8":"first","9":"instock","10":"shipping-taxable","11":"purchasable","12":"product-type-simple"},"acf":[],"_links":{"self":[{"href":"https:\/\/www.beta-machine.com\/fr\/wp-json\/wp\/v2\/product\/324","targetHints":{"allow":["GET"]}}],"collection":[{"href":"https:\/\/www.beta-machine.com\/fr\/wp-json\/wp\/v2\/product"}],"about":[{"href":"https:\/\/www.beta-machine.com\/fr\/wp-json\/wp\/v2\/types\/product"}],"replies":[{"embeddable":true,"href":"https:\/\/www.beta-machine.com\/fr\/wp-json\/wp\/v2\/comments?post=324"}],"wp:featuredmedia":[{"embeddable":true,"href":"https:\/\/www.beta-machine.com\/fr\/wp-json\/wp\/v2\/media\/326"}],"wp:attachment":[{"href":"https:\/\/www.beta-machine.com\/fr\/wp-json\/wp\/v2\/media?parent=324"}],"wp:term":[{"taxonomy":"product_brand","embeddable":true,"href":"https:\/\/www.beta-machine.com\/fr\/wp-json\/wp\/v2\/product_brand?post=324"},{"taxonomy":"product_cat","embeddable":true,"href":"https:\/\/www.beta-machine.com\/fr\/wp-json\/wp\/v2\/product_cat?post=324"},{"taxonomy":"product_tag","embeddable":true,"href":"https:\/\/www.beta-machine.com\/fr\/wp-json\/wp\/v2\/product_tag?post=324"}],"curies":[{"name":"wp","href":"https:\/\/api.w.org\/{rel}","templated":true}]}}