{"id":343,"date":"2025-10-24T07:59:54","date_gmt":"2025-10-24T07:59:54","guid":{"rendered":"https:\/\/beta-machine.com\/?post_type=product&#038;p=343"},"modified":"2026-03-13T06:36:51","modified_gmt":"2026-03-13T06:36:51","slug":"automatic-plastic-cap-slitting-machine-cap-anti-theft-ring-slitting-machine-2","status":"publish","type":"product","link":"https:\/\/www.beta-machine.com\/fr\/automatic-plastic-cap-slitting-machine-cap-anti-theft-ring-slitting-machine-pd750034388\/","title":{"rendered":"Machine automatique de rainurage de capsules en plastique \/ Machine de rainurage de l\u2019anneau anti-vol des capsules"},"content":{"rendered":"<h2>Avantages de la machine<\/h2>\n<p>Le moule principal pour bouchons utilise un mat\u00e9riau brevet\u00e9, dot\u00e9 d\u2019une excellente r\u00e9sistance \u00e0 l\u2019usure, \u00e0 la corrosion, d\u2019un polissage optique, d\u2019une bonne usinabilit\u00e9 et d\u2019une stabilit\u00e9 de trempe.<\/p>\n<p>Les supports sont en acier alli\u00e9 \u00e0 haute duret\u00e9 et haute r\u00e9sistance \u00e0 l\u2019usure, ne br\u00fblent pas facilement<\/p>\n<p>&nbsp;<\/p>\n<h2>Avantage du rev\u00eatement<\/h2>\n<ol class=\"list-paddingleft-2\">\n<li>Rev\u00eatement sp\u00e9cifi\u00e9 par une soci\u00e9t\u00e9 suisse pour le moule \u00e0 bouchons<\/li>\n<li>Le rev\u00eatement est mince et pr\u00e9sente une forte adh\u00e9rence.<\/li>\n<li>Haute duret\u00e9<\/li>\n<li>Friction r\u00e9duite et usure diminu\u00e9e<\/li>\n<li>Peut efficacement prolonger la dur\u00e9e de vie des moules de 2 \u00e0 6 fois<\/li>\n<\/ol>","protected":false},"excerpt":{"rendered":"<p>Cette machine sert \u00e0 couper l\u2019anneau anti-vol des capsules en plastique. Elle n\u00e9cessite une pr\u00e9cision technique absolue pour rainurer chaque capsule rapidement et finement en fonctionnement \u00e0 haute vitesse, tout en conservant ses caract\u00e9ristiques multifonctionnelles stables afin de garantir la r\u00e9gularit\u00e9, la s\u00e9curit\u00e9 anti-vol et l\u2019\u00e9tanch\u00e9it\u00e9 de toutes les fentes de la capsule.<br \/>\nLa fente de la capsule r\u00e9alis\u00e9e par cette machine est lisse, plane et esth\u00e9tique, ce qui permet aux capsules de mieux montrer la fonction anti-vol des capsules \u00e0 rochet apr\u00e8s le rainurage de l\u2019anneau.<\/p>","protected":false},"featured_media":344,"comment_status":"closed","ping_status":"closed","template":"","meta":{"_acf_changed":false},"product_brand":[],"product_cat":[36],"product_tag":[],"class_list":{"0":"post-343","1":"product","2":"type-product","3":"status-publish","4":"has-post-thumbnail","6":"product_cat-cap-slitting-machine","8":"first","9":"instock","10":"shipping-taxable","11":"purchasable","12":"product-type-simple"},"acf":[],"_links":{"self":[{"href":"https:\/\/www.beta-machine.com\/fr\/wp-json\/wp\/v2\/product\/343","targetHints":{"allow":["GET"]}}],"collection":[{"href":"https:\/\/www.beta-machine.com\/fr\/wp-json\/wp\/v2\/product"}],"about":[{"href":"https:\/\/www.beta-machine.com\/fr\/wp-json\/wp\/v2\/types\/product"}],"replies":[{"embeddable":true,"href":"https:\/\/www.beta-machine.com\/fr\/wp-json\/wp\/v2\/comments?post=343"}],"wp:featuredmedia":[{"embeddable":true,"href":"https:\/\/www.beta-machine.com\/fr\/wp-json\/wp\/v2\/media\/344"}],"wp:attachment":[{"href":"https:\/\/www.beta-machine.com\/fr\/wp-json\/wp\/v2\/media?parent=343"}],"wp:term":[{"taxonomy":"product_brand","embeddable":true,"href":"https:\/\/www.beta-machine.com\/fr\/wp-json\/wp\/v2\/product_brand?post=343"},{"taxonomy":"product_cat","embeddable":true,"href":"https:\/\/www.beta-machine.com\/fr\/wp-json\/wp\/v2\/product_cat?post=343"},{"taxonomy":"product_tag","embeddable":true,"href":"https:\/\/www.beta-machine.com\/fr\/wp-json\/wp\/v2\/product_tag?post=343"}],"curies":[{"name":"wp","href":"https:\/\/api.w.org\/{rel}","templated":true}]}}