{"id":358,"date":"2025-10-24T08:18:35","date_gmt":"2025-10-24T08:18:35","guid":{"rendered":"https:\/\/beta-machine.com\/?post_type=product&#038;p=358"},"modified":"2025-12-16T05:40:19","modified_gmt":"2025-12-16T05:40:19","slug":"high-speed-automatic-pet-plastic-cap-folding-machine-for-bottle-cap-cutting","status":"publish","type":"product","link":"https:\/\/www.beta-machine.com\/fr\/high-speed-automatic-pet-plastic-cap-folding-machine-for-bottle-cap-cutting\/","title":{"rendered":"Machine automatique de pliage de couvercles en plastique PET \u00e0 haute vitesse pour la coupe de couvercles"},"content":{"rendered":"<p><strong>Machine automatique de pliage de couvercles en plastique PET \u00e0 haute vitesse pour la coupe de couvercles<\/strong><\/p>\n<p>\u00b7 La machine de pliage est con\u00e7ue pour des capsules sp\u00e9ciales \u00e0 bande ondul\u00e9e, difficiles \u00e0 replier vers l\u2019int\u00e9rieur apr\u00e8s moulage par compression ou injection.<br \/>\nCe type de couvercle doit subir un processus de pliage apr\u00e8s moulage pour permettre un capsulage appropri\u00e9. Les couvercles empil\u00e9s thermiquement par la machine de pliage pr\u00e9sentent la caract\u00e9ristique que les pi\u00e8ces anti-vol ne rebondissent pas facilement et ont un bon effet anti-vol. Cette machine r\u00e9sout efficacement le probl\u00e8me du pliage interne des feuilles anti-vol des couvercles en plastique, am\u00e9liore consid\u00e9rablement les performances anti-vol des couvercles en plastique et peut satisfaire diff\u00e9rents clients avec diff\u00e9rents \u00e9quipements et capacit\u00e9s.<\/p>\n<p><img fetchpriority=\"high\" decoding=\"async\" class=\"alignnone size-full wp-image-366\" src=\"https:\/\/beta-machine.com\/wp-content\/uploads\/2025\/10\/cap-folding-machine1.png\" alt=\"\" width=\"1979\" height=\"661\" srcset=\"https:\/\/www.beta-machine.com\/wp-content\/uploads\/2025\/10\/cap-folding-machine1.png 1979w, https:\/\/www.beta-machine.com\/wp-content\/uploads\/2025\/10\/cap-folding-machine1-600x200.png 600w, https:\/\/www.beta-machine.com\/wp-content\/uploads\/2025\/10\/cap-folding-machine1-300x100.png 300w, https:\/\/www.beta-machine.com\/wp-content\/uploads\/2025\/10\/cap-folding-machine1-1024x342.png 1024w, https:\/\/www.beta-machine.com\/wp-content\/uploads\/2025\/10\/cap-folding-machine1-768x257.png 768w, https:\/\/www.beta-machine.com\/wp-content\/uploads\/2025\/10\/cap-folding-machine1-1536x513.png 1536w\" sizes=\"(max-width: 1979px) 100vw, 1979px\" \/><\/p>\n<p>Cette machine de pliage est sp\u00e9cialement con\u00e7ue pour les capsules complexes difficiles \u00e0 adapter sur la bouteille en raison de l\u2019anneau anti-vol interne d\u00e9ploy\u00e9 vers l\u2019ext\u00e9rieur.<\/p>\n<p><strong>Domaine d\u2019application<\/strong><\/p>\n<p><img decoding=\"async\" class=\"alignnone size-full wp-image-349\" src=\"https:\/\/beta-machine.com\/wp-content\/uploads\/2025\/10\/cap-slitting-machine-1-1.png\" alt=\"\" width=\"1962\" height=\"555\" srcset=\"https:\/\/www.beta-machine.com\/wp-content\/uploads\/2025\/10\/cap-slitting-machine-1-1.png 1962w, https:\/\/www.beta-machine.com\/wp-content\/uploads\/2025\/10\/cap-slitting-machine-1-1-600x170.png 600w, https:\/\/www.beta-machine.com\/wp-content\/uploads\/2025\/10\/cap-slitting-machine-1-1-300x85.png 300w, https:\/\/www.beta-machine.com\/wp-content\/uploads\/2025\/10\/cap-slitting-machine-1-1-1024x290.png 1024w, https:\/\/www.beta-machine.com\/wp-content\/uploads\/2025\/10\/cap-slitting-machine-1-1-768x217.png 768w, https:\/\/www.beta-machine.com\/wp-content\/uploads\/2025\/10\/cap-slitting-machine-1-1-1536x434.png 1536w\" sizes=\"(max-width: 1962px) 100vw, 1962px\" \/><\/p>\n<p><strong>D\u00e9tails du produit<\/strong><\/p>\n<p><img decoding=\"async\" class=\"alignnone size-full wp-image-367\" src=\"https:\/\/beta-machine.com\/wp-content\/uploads\/2025\/10\/cap-folding-1.png\" alt=\"\" width=\"760\" height=\"457\" srcset=\"https:\/\/www.beta-machine.com\/wp-content\/uploads\/2025\/10\/cap-folding-1.png 760w, https:\/\/www.beta-machine.com\/wp-content\/uploads\/2025\/10\/cap-folding-1-600x361.png 600w, https:\/\/www.beta-machine.com\/wp-content\/uploads\/2025\/10\/cap-folding-1-300x180.png 300w\" sizes=\"(max-width: 760px) 100vw, 760px\" \/><\/p>","protected":false},"excerpt":{"rendered":"<p>La machine de pliage de capsules est con\u00e7ue pour des capsules sp\u00e9ciales \u00e0 bande ondul\u00e9e, difficiles \u00e0 replier vers l\u2019int\u00e9rieur apr\u00e8s moulage par compression ou injection.<\/p>\n<div>Ce type de couvercle doit subir un processus de pliage apr\u00e8s moulage pour permettre un capsulage appropri\u00e9. Les couvercles empil\u00e9s thermiquement par la machine de pliage pr\u00e9sentent la caract\u00e9ristique que les pi\u00e8ces anti-vol ne rebondissent pas facilement et ont un bon effet anti-vol. Cette machine r\u00e9sout efficacement le probl\u00e8me du pliage interne des feuilles anti-vol des couvercles en plastique, am\u00e9liore consid\u00e9rablement les performances anti-vol des couvercles en plastique et peut satisfaire diff\u00e9rents clients avec diff\u00e9rents \u00e9quipements et capacit\u00e9s.<\/div>","protected":false},"featured_media":360,"comment_status":"closed","ping_status":"closed","template":"","meta":{"_acf_changed":false},"product_brand":[],"product_cat":[35],"product_tag":[],"class_list":{"0":"post-358","1":"product","2":"type-product","3":"status-publish","4":"has-post-thumbnail","6":"product_cat-cap-folding-machine","8":"first","9":"instock","10":"shipping-taxable","11":"purchasable","12":"product-type-variable"},"acf":[],"_links":{"self":[{"href":"https:\/\/www.beta-machine.com\/fr\/wp-json\/wp\/v2\/product\/358","targetHints":{"allow":["GET"]}}],"collection":[{"href":"https:\/\/www.beta-machine.com\/fr\/wp-json\/wp\/v2\/product"}],"about":[{"href":"https:\/\/www.beta-machine.com\/fr\/wp-json\/wp\/v2\/types\/product"}],"replies":[{"embeddable":true,"href":"https:\/\/www.beta-machine.com\/fr\/wp-json\/wp\/v2\/comments?post=358"}],"wp:featuredmedia":[{"embeddable":true,"href":"https:\/\/www.beta-machine.com\/fr\/wp-json\/wp\/v2\/media\/360"}],"wp:attachment":[{"href":"https:\/\/www.beta-machine.com\/fr\/wp-json\/wp\/v2\/media?parent=358"}],"wp:term":[{"taxonomy":"product_brand","embeddable":true,"href":"https:\/\/www.beta-machine.com\/fr\/wp-json\/wp\/v2\/product_brand?post=358"},{"taxonomy":"product_cat","embeddable":true,"href":"https:\/\/www.beta-machine.com\/fr\/wp-json\/wp\/v2\/product_cat?post=358"},{"taxonomy":"product_tag","embeddable":true,"href":"https:\/\/www.beta-machine.com\/fr\/wp-json\/wp\/v2\/product_tag?post=358"}],"curies":[{"name":"wp","href":"https:\/\/api.w.org\/{rel}","templated":true}]}}