{"id":368,"date":"2025-10-24T08:21:23","date_gmt":"2025-10-24T08:21:23","guid":{"rendered":"https:\/\/beta-machine.com\/?post_type=product&#038;p=368"},"modified":"2026-03-13T06:12:35","modified_gmt":"2026-03-13T06:12:35","slug":"high-speed-automatic-plastic-cap-folding-machine-for-bottle-cap-cutting","status":"publish","type":"product","link":"https:\/\/www.beta-machine.com\/fr\/high-speed-automatic-plastic-cap-folding-machine-for-bottle-cap-cutting-pd741034388\/","title":{"rendered":"Machine Automatique \u00e0 Plier des Couvercles en Plastique \u00e0 Haute Vitesse pour la Coupe des Couvercles de Bouteille"},"content":{"rendered":"<p><strong>Proc\u00e9d\u00e9 de fabrication des couvercles<\/strong><\/p>\n<p>La machine de capsulage est entra\u00een\u00e9e par la mati\u00e8re plastique extrud\u00e9e par l\u2019extrudeuse \u00e0 travers une vis, d\u00e9coup\u00e9e par une plaque s\u00e9paratrice et distribu\u00e9e uniform\u00e9ment dans chaque cavit\u00e9 pour former un couvercle.<\/p>\n<p><strong>Machine automatique de pliage de couvercles en plastique PET \u00e0 haute vitesse pour la coupe de couvercles<\/strong><\/p>\n<p>La machine de pliage est d\u00e9velopp\u00e9e pour des couvercles sp\u00e9ciaux \u00e0 bande \u00ab ondul\u00e9e \u00bb, qui ne sont pas faciles \u00e0 replier apr\u00e8s moulage par compression ou injection.<\/p>\n<p>Ce type de couvercle doit subir un processus de pliage apr\u00e8s moulage pour permettre un capsulage appropri\u00e9. Les couvercles empil\u00e9s thermiquement par la machine de pliage pr\u00e9sentent la caract\u00e9ristique que les pi\u00e8ces anti-vol ne rebondissent pas facilement et ont un bon effet anti-vol. Cette machine r\u00e9sout efficacement le probl\u00e8me du pliage interne des feuilles anti-vol des couvercles en plastique, am\u00e9liore consid\u00e9rablement les performances anti-vol des couvercles en plastique et peut satisfaire diff\u00e9rents clients avec diff\u00e9rents \u00e9quipements et capacit\u00e9s.<\/p>\n<p><strong>Avantages Uniques de la Machine<\/strong><\/p>\n<p>Le moule principal pour bouchons utilise un mat\u00e9riau brevet\u00e9, dot\u00e9 d\u2019une excellente r\u00e9sistance \u00e0 l\u2019usure, \u00e0 la corrosion, d\u2019un polissage optique, d\u2019une bonne usinabilit\u00e9 et d\u2019une stabilit\u00e9 de trempe.<\/p>\n<p>Les supports sont en acier alli\u00e9 \u00e0 haute duret\u00e9 et haute r\u00e9sistance \u00e0 l\u2019usure, ne br\u00fblent pas facilement<\/p>\n<p><strong>Avantages du rev\u00eatement<\/strong><\/p>\n<p>Rev\u00eatement sp\u00e9cifi\u00e9 par une soci\u00e9t\u00e9 suisse pour le moule \u00e0 bouchons<\/p>\n<p>Le rev\u00eatement est mince et pr\u00e9sente une forte adh\u00e9rence.<br \/>\nHaute duret\u00e9<br \/>\nFriction r\u00e9duite et usure diminu\u00e9e<br \/>\nPeut efficacement prolonger la dur\u00e9e de vie des moules de 2 \u00e0 6 fois<\/p>","protected":false},"excerpt":{"rendered":"<p>Cap manufacturing process The capping machine is driven by the plastic material extruded by the extruder through a screw, cut from a separating plate, and evenly distributed into each chamber to make a capping. High Speed Automatic PET Plastic Cap Folding Machine For Bottle Cap Cutting Folding machine is developed for some special cap that [&hellip;]<\/p>\n","protected":false},"featured_media":370,"comment_status":"closed","ping_status":"closed","template":"","meta":{"_acf_changed":false},"product_brand":[],"product_cat":[35],"product_tag":[],"class_list":{"0":"post-368","1":"product","2":"type-product","3":"status-publish","4":"has-post-thumbnail","6":"product_cat-cap-folding-machine","8":"first","9":"instock","10":"shipping-taxable","11":"purchasable","12":"product-type-simple"},"acf":[],"_links":{"self":[{"href":"https:\/\/www.beta-machine.com\/fr\/wp-json\/wp\/v2\/product\/368","targetHints":{"allow":["GET"]}}],"collection":[{"href":"https:\/\/www.beta-machine.com\/fr\/wp-json\/wp\/v2\/product"}],"about":[{"href":"https:\/\/www.beta-machine.com\/fr\/wp-json\/wp\/v2\/types\/product"}],"replies":[{"embeddable":true,"href":"https:\/\/www.beta-machine.com\/fr\/wp-json\/wp\/v2\/comments?post=368"}],"wp:featuredmedia":[{"embeddable":true,"href":"https:\/\/www.beta-machine.com\/fr\/wp-json\/wp\/v2\/media\/370"}],"wp:attachment":[{"href":"https:\/\/www.beta-machine.com\/fr\/wp-json\/wp\/v2\/media?parent=368"}],"wp:term":[{"taxonomy":"product_brand","embeddable":true,"href":"https:\/\/www.beta-machine.com\/fr\/wp-json\/wp\/v2\/product_brand?post=368"},{"taxonomy":"product_cat","embeddable":true,"href":"https:\/\/www.beta-machine.com\/fr\/wp-json\/wp\/v2\/product_cat?post=368"},{"taxonomy":"product_tag","embeddable":true,"href":"https:\/\/www.beta-machine.com\/fr\/wp-json\/wp\/v2\/product_tag?post=368"}],"curies":[{"name":"wp","href":"https:\/\/api.w.org\/{rel}","templated":true}]}}