{"id":371,"date":"2025-10-24T08:25:02","date_gmt":"2025-10-24T08:25:02","guid":{"rendered":"https:\/\/beta-machine.com\/?post_type=product&#038;p=371"},"modified":"2025-10-24T08:25:14","modified_gmt":"2025-10-24T08:25:14","slug":"hydraulic-plastic-cap-compression-molding-machinestandard-type","status":"publish","type":"product","link":"https:\/\/www.beta-machine.com\/fr\/hydraulic-plastic-cap-compression-molding-machine-standard-type-pd714034388\/","title":{"rendered":"Machine de Moulage par Compression Hydraulique de Bouchons Plastiques (Type Standard)"},"content":{"rendered":"<p><strong>Avantages Uniques de la Machine<\/strong><\/p>\n<p>Le moule principal pour bouchons utilise un mat\u00e9riau brevet\u00e9, dot\u00e9 d\u2019une excellente r\u00e9sistance \u00e0 l\u2019usure, \u00e0 la corrosion, d\u2019un polissage optique, d\u2019une bonne usinabilit\u00e9 et d\u2019une stabilit\u00e9 de trempe.<\/p>\n<p>Les supports sont en acier alli\u00e9 \u00e0 haute duret\u00e9 et haute r\u00e9sistance \u00e0 l\u2019usure, ne br\u00fblent pas facilement<\/p>\n<p><strong>Avantages du rev\u00eatement<\/strong><\/p>\n<ol class=\"list-paddingleft-2\">\n<li>Rev\u00eatement sp\u00e9cifi\u00e9 par une soci\u00e9t\u00e9 suisse pour le moule \u00e0 bouchons<\/li>\n<li>Le rev\u00eatement est mince et pr\u00e9sente une forte adh\u00e9rence.<\/li>\n<li>Haute duret\u00e9<\/li>\n<li>Friction r\u00e9duite et usure diminu\u00e9e<\/li>\n<li>Peut efficacement prolonger la dur\u00e9e de vie des moules de 2 \u00e0 6 fois<\/li>\n<\/ol>\n<p><strong>Machine de Moulage par Compression Hydraulique de Bouchons Plastiques (Type Standard)<\/strong><\/p>\n<p>Cette machine utilise une pompe \u00e0 huile pour fournir la pression, qui est plus importante et stable, et peut d\u00e9livrer la m\u00eame pression \u00e0 chaque moule. Ainsi, les couvercles r\u00e9alis\u00e9s avec cette machine sont plus esth\u00e9tiques et pr\u00e9sentent une structure compacte. Cela contribue \u00e9galement \u00e0 prolonger la dur\u00e9e de vie des moules.<\/p>\n<p>Vitesse de moulage des couvercles plus rapide et moindre diff\u00e9rence de qualit\u00e9 requise. Par ailleurs, ce mod\u00e8le \u00e9largit la gamme de produits et la plage de diam\u00e8tres de couvercles pour satisfaire les demandes individualis\u00e9es des clients.<\/p>\n<p>\u00b7 Compte tenu de la consommation d\u2019\u00e9nergie, des mati\u00e8res et de la protection de l\u2019environnement, cette machine de moulage par compression est la tendance actuelle et future. Elle fournit une bonne plateforme pour l\u2019intelligence, l\u2019informatisation et le contr\u00f4le du processus de production.<\/p>\n<p>Avantages: haut degr\u00e9 d\u2019automatisation, haute efficacit\u00e9, changement de diff\u00e9rents moules, une machine polyvalente.<\/p>","protected":false},"excerpt":{"rendered":"<p>Machine Unique Advantage The main cap mould material use proprietary material,it has excellent wear resistance, corriosion resistance and polishing of optical activity, good machinability, and quench stability. Braces with high hardness, high wear resistance of alloy steel, not easy to burn. Coating advantages Cap mould specified coating by Swiss company The coating thickness of thin [&hellip;]<\/p>\n","protected":false},"featured_media":373,"comment_status":"closed","ping_status":"closed","template":"","meta":{"_acf_changed":false},"product_brand":[],"product_cat":[34],"product_tag":[],"class_list":{"0":"post-371","1":"product","2":"type-product","3":"status-publish","4":"has-post-thumbnail","6":"product_cat-cap-compression-molding-machine-cap-compression-molding-machine","8":"first","9":"instock","10":"shipping-taxable","11":"purchasable","12":"product-type-simple"},"acf":[],"_links":{"self":[{"href":"https:\/\/www.beta-machine.com\/fr\/wp-json\/wp\/v2\/product\/371","targetHints":{"allow":["GET"]}}],"collection":[{"href":"https:\/\/www.beta-machine.com\/fr\/wp-json\/wp\/v2\/product"}],"about":[{"href":"https:\/\/www.beta-machine.com\/fr\/wp-json\/wp\/v2\/types\/product"}],"replies":[{"embeddable":true,"href":"https:\/\/www.beta-machine.com\/fr\/wp-json\/wp\/v2\/comments?post=371"}],"wp:featuredmedia":[{"embeddable":true,"href":"https:\/\/www.beta-machine.com\/fr\/wp-json\/wp\/v2\/media\/373"}],"wp:attachment":[{"href":"https:\/\/www.beta-machine.com\/fr\/wp-json\/wp\/v2\/media?parent=371"}],"wp:term":[{"taxonomy":"product_brand","embeddable":true,"href":"https:\/\/www.beta-machine.com\/fr\/wp-json\/wp\/v2\/product_brand?post=371"},{"taxonomy":"product_cat","embeddable":true,"href":"https:\/\/www.beta-machine.com\/fr\/wp-json\/wp\/v2\/product_cat?post=371"},{"taxonomy":"product_tag","embeddable":true,"href":"https:\/\/www.beta-machine.com\/fr\/wp-json\/wp\/v2\/product_tag?post=371"}],"curies":[{"name":"wp","href":"https:\/\/api.w.org\/{rel}","templated":true}]}}