{"id":374,"date":"2025-10-24T08:26:54","date_gmt":"2025-10-24T08:26:54","guid":{"rendered":"https:\/\/beta-machine.com\/?post_type=product&#038;p=374"},"modified":"2025-10-24T08:27:16","modified_gmt":"2025-10-24T08:27:16","slug":"hydraulic-plastic-cap-compression-molding-machinemiddle-speed-type","status":"publish","type":"product","link":"https:\/\/www.beta-machine.com\/fr\/hydraulic-plastic-cap-compression-molding-machine-middle-speed-type-pd743034388\/","title":{"rendered":"Machine de moulage par compression hydraulique de bouchons plastiques (type vitesse moyenne)"},"content":{"rendered":"<p><strong>Avantages Uniques de la Machine<\/strong><\/p>\n<p>Le moule principal pour bouchons utilise un mat\u00e9riau brevet\u00e9, dot\u00e9 d\u2019une excellente r\u00e9sistance \u00e0 l\u2019usure, \u00e0 la corrosion, d\u2019un polissage optique, d\u2019une bonne usinabilit\u00e9 et d\u2019une stabilit\u00e9 de trempe.<\/p>\n<p>Les supports sont en acier alli\u00e9 \u00e0 haute duret\u00e9 et haute r\u00e9sistance \u00e0 l\u2019usure, ne br\u00fblent pas facilement<\/p>\n<p><strong>Avantages du rev\u00eatement<\/strong><\/p>\n<ol class=\"list-paddingleft-2\">\n<li>Rev\u00eatement sp\u00e9cifi\u00e9 par une soci\u00e9t\u00e9 suisse pour le moule \u00e0 bouchons<\/li>\n<li>Le rev\u00eatement est mince et pr\u00e9sente une forte adh\u00e9rence.<\/li>\n<li>Haute duret\u00e9<\/li>\n<li>Friction r\u00e9duite et usure diminu\u00e9e<\/li>\n<li>Peut efficacement prolonger la dur\u00e9e de vie des moules de 2 \u00e0 6 fois<\/li>\n<\/ol>\n<p><strong>Machine de moulage par compression hydraulique de bouchons plastiques (type vitesse moyenne)<\/strong><\/p>\n<p>Haute efficacit\u00e9 et faible consommation d\u2019\u00e9nergie<\/p>\n<p>&nbsp;<\/p>\n<p>Cette machine est am\u00e9lior\u00e9e sur la base de la machine standard. Par rapport \u00e0 des machines de m\u00eame consommation d\u2019\u00e9nergie, elle augmente la production de 25%\u201330%.<\/p>\n<p>&nbsp;<\/p>\n<p>La surface du moule est trait\u00e9e avec un rev\u00eatement sp\u00e9cial par des \u00e9quipements import\u00e9s d\u2019Europe. Am\u00e9liore la r\u00e9sistance \u00e0 l\u2019usure du moule et prolonge sa dur\u00e9e de vie, permettant une utilisation longue dur\u00e9e.<\/p>","protected":false},"excerpt":{"rendered":"<p>Machine Unique Advantage The main cap mould material use proprietary material,it has excellent wear resistance, corriosion resistance and polishing of optical activity, good machinability, and quench stability. Braces with high hardness, high wear resistance of alloy steel, not easy to burn. Coating advantages Cap mould specified coating by Swiss company The coating thickness of thin [&hellip;]<\/p>\n","protected":false},"featured_media":376,"comment_status":"closed","ping_status":"closed","template":"","meta":{"_acf_changed":false},"product_brand":[],"product_cat":[34],"product_tag":[],"class_list":{"0":"post-374","1":"product","2":"type-product","3":"status-publish","4":"has-post-thumbnail","6":"product_cat-cap-compression-molding-machine-cap-compression-molding-machine","8":"first","9":"instock","10":"shipping-taxable","11":"purchasable","12":"product-type-simple"},"acf":[],"_links":{"self":[{"href":"https:\/\/www.beta-machine.com\/fr\/wp-json\/wp\/v2\/product\/374","targetHints":{"allow":["GET"]}}],"collection":[{"href":"https:\/\/www.beta-machine.com\/fr\/wp-json\/wp\/v2\/product"}],"about":[{"href":"https:\/\/www.beta-machine.com\/fr\/wp-json\/wp\/v2\/types\/product"}],"replies":[{"embeddable":true,"href":"https:\/\/www.beta-machine.com\/fr\/wp-json\/wp\/v2\/comments?post=374"}],"wp:featuredmedia":[{"embeddable":true,"href":"https:\/\/www.beta-machine.com\/fr\/wp-json\/wp\/v2\/media\/376"}],"wp:attachment":[{"href":"https:\/\/www.beta-machine.com\/fr\/wp-json\/wp\/v2\/media?parent=374"}],"wp:term":[{"taxonomy":"product_brand","embeddable":true,"href":"https:\/\/www.beta-machine.com\/fr\/wp-json\/wp\/v2\/product_brand?post=374"},{"taxonomy":"product_cat","embeddable":true,"href":"https:\/\/www.beta-machine.com\/fr\/wp-json\/wp\/v2\/product_cat?post=374"},{"taxonomy":"product_tag","embeddable":true,"href":"https:\/\/www.beta-machine.com\/fr\/wp-json\/wp\/v2\/product_tag?post=374"}],"curies":[{"name":"wp","href":"https:\/\/api.w.org\/{rel}","templated":true}]}}