{"id":377,"date":"2025-10-24T08:28:48","date_gmt":"2025-10-24T08:28:48","guid":{"rendered":"https:\/\/beta-machine.com\/?post_type=product&#038;p=377"},"modified":"2025-10-24T08:29:02","modified_gmt":"2025-10-24T08:29:02","slug":"hydraulic-plastic-cap-compression-molding-machinehigh-speed-type","status":"publish","type":"product","link":"https:\/\/www.beta-machine.com\/fr\/hydraulic-plastic-cap-compression-molding-machine-high-speed-type-pd762034388\/","title":{"rendered":"Machine de moulage par compression hydraulique de bouchons plastiques (type haute vitesse)"},"content":{"rendered":"<p><strong>Avantages Uniques de la Machine<\/strong><\/p>\n<p>Le moule principal pour bouchons utilise un mat\u00e9riau brevet\u00e9, dot\u00e9 d\u2019une excellente r\u00e9sistance \u00e0 l\u2019usure, \u00e0 la corrosion, d\u2019un polissage optique, d\u2019une bonne usinabilit\u00e9 et d\u2019une stabilit\u00e9 de trempe.<\/p>\n<p>Les supports sont en acier alli\u00e9 \u00e0 haute duret\u00e9 et haute r\u00e9sistance \u00e0 l\u2019usure, ne br\u00fblent pas facilement<\/p>\n<p><strong>Avantages du rev\u00eatement<\/strong><\/p>\n<ol class=\"list-paddingleft-2\">\n<li>Rev\u00eatement sp\u00e9cifi\u00e9 par une soci\u00e9t\u00e9 suisse pour le moule \u00e0 bouchons<\/li>\n<li>Le rev\u00eatement est mince et pr\u00e9sente une forte adh\u00e9rence.<\/li>\n<li>Haute duret\u00e9<\/li>\n<li>Friction r\u00e9duite et usure diminu\u00e9e<\/li>\n<li>Peut efficacement prolonger la dur\u00e9e de vie des moules de 2 \u00e0 6 fois<\/li>\n<\/ol>\n<p><strong>Machine de moulage par compression hydraulique de bouchons plastiques (type haute vitesse)<\/strong><\/p>\n<p>La machine adopte un syst\u00e8me de pompe hydraulique \u00e0 trois vitesses (haute-moyenne-basse). Compar\u00e9e \u00e0 l\u2019ancien mod\u00e8le \u00e9quip\u00e9 uniquement d\u2019un syst\u00e8me de pompe hydraulique \u00e0 haute vitesse, elle r\u00e9duit la charge du moteur de la pompe \u00e0 huile et \u00e9conomise 50 % de la consommation d\u2019\u00e9nergie.<\/p>\n<p>&nbsp;<\/p>\n<p>La machine r\u00e9duit le nombre de vannes hydrauliques ; ce petit ajustement permet de diminuer les fuites d\u2019huile et de r\u00e9duire le maintien et la r\u00e9paration.<\/p>\n<p>&nbsp;<\/p>\n<p>Apr\u00e8s am\u00e9lioration du syst\u00e8me hydraulique, l\u2019effet de refroidissement de l\u2019huile est meilleur et la consommation d\u2019\u00e9nergie diminue de 50 %.<\/p>\n<p>&nbsp;<\/p>\n<p>Nous optimisons davantage la mati\u00e8re premi\u00e8re et la structure du moule, en s\u00e9lectionnant des mat\u00e9riaux de haute conductivit\u00e9 thermique pour la cavit\u00e9 inf\u00e9rieure et le noyau int\u00e9rieur du moule. Gr\u00e2ce \u00e0 ces am\u00e9liorations, l\u2019effet de refroidissement des couvercles est meilleur et la production double. La nouvelle structure du moule est meilleure et plus facile \u00e0 changer.<\/p>","protected":false},"excerpt":{"rendered":"<p>Machine Unique Advantage The main cap mould material use proprietary material,it has excellent wear resistance, corriosion resistance and polishing of optical activity, good machinability, and quench stability. Braces with high hardness, high wear resistance of alloy steel, not easy to burn. Coating advantages Cap mould specified coating by Swiss company The coating thickness of thin [&hellip;]<\/p>\n","protected":false},"featured_media":379,"comment_status":"closed","ping_status":"closed","template":"","meta":{"_acf_changed":false},"product_brand":[],"product_cat":[34],"product_tag":[],"class_list":{"0":"post-377","1":"product","2":"type-product","3":"status-publish","4":"has-post-thumbnail","6":"product_cat-cap-compression-molding-machine-cap-compression-molding-machine","8":"first","9":"instock","10":"shipping-taxable","11":"purchasable","12":"product-type-simple"},"acf":[],"_links":{"self":[{"href":"https:\/\/www.beta-machine.com\/fr\/wp-json\/wp\/v2\/product\/377","targetHints":{"allow":["GET"]}}],"collection":[{"href":"https:\/\/www.beta-machine.com\/fr\/wp-json\/wp\/v2\/product"}],"about":[{"href":"https:\/\/www.beta-machine.com\/fr\/wp-json\/wp\/v2\/types\/product"}],"replies":[{"embeddable":true,"href":"https:\/\/www.beta-machine.com\/fr\/wp-json\/wp\/v2\/comments?post=377"}],"wp:featuredmedia":[{"embeddable":true,"href":"https:\/\/www.beta-machine.com\/fr\/wp-json\/wp\/v2\/media\/379"}],"wp:attachment":[{"href":"https:\/\/www.beta-machine.com\/fr\/wp-json\/wp\/v2\/media?parent=377"}],"wp:term":[{"taxonomy":"product_brand","embeddable":true,"href":"https:\/\/www.beta-machine.com\/fr\/wp-json\/wp\/v2\/product_brand?post=377"},{"taxonomy":"product_cat","embeddable":true,"href":"https:\/\/www.beta-machine.com\/fr\/wp-json\/wp\/v2\/product_cat?post=377"},{"taxonomy":"product_tag","embeddable":true,"href":"https:\/\/www.beta-machine.com\/fr\/wp-json\/wp\/v2\/product_tag?post=377"}],"curies":[{"name":"wp","href":"https:\/\/api.w.org\/{rel}","templated":true}]}}