{"id":404,"date":"2025-10-31T05:12:00","date_gmt":"2025-10-31T05:12:00","guid":{"rendered":"https:\/\/beta-machine.com\/?post_type=product&#038;p=404"},"modified":"2025-10-31T05:22:58","modified_gmt":"2025-10-31T05:22:58","slug":"automatic-high-speed-type-plastic-cap-compression-molding-cap-making-machine","status":"publish","type":"product","link":"https:\/\/www.beta-machine.com\/fr\/automatic-high-speed-type-plastic-cap-compression-molding-cap-making-machine-pd775057088\/","title":{"rendered":"Machine de moulage par compression automatique \u00e0 haute vitesse pour bouchons plastiques"},"content":{"rendered":"<div>\n<p><strong>Machine de moulage par compression hydraulique de bouchons plastiques (type haute vitesse)<\/strong><\/p>\n<p>\u00b7 Cette machine utilise un syst\u00e8me hydraulique trois niveaux (haut-moyen-bas). Par rapport \u00e0 l\u2019ancien mod\u00e8le \u00e0 simple pompe haute pression, elle diminue la charge du moteur et \u00e9conomise 50% d\u2019\u00e9nergie.<\/p>\n<div>\u00b7 La machine r\u00e9duit le nombre de vannes hydrauliques, diminuant les fuites d\u2019huile et facilitant l\u2019entretien et la r\u00e9paration.<\/div>\n<div>\u00b7 Le syst\u00e8me hydraulique am\u00e9liore le refroidissement de l\u2019huile et r\u00e9duit de 50% la consommation d\u2019\u00e9nergie.<\/div>\n<div>\u00b7 Nous optimisons davantage la mati\u00e8re premi\u00e8re et la structure du moule, en s\u00e9lectionnant des mat\u00e9riaux \u00e0 haute conductivit\u00e9 thermique pour la base et le noyau du moule. Gr\u00e2ce \u00e0 ces am\u00e9liorations, le refroidissement des bouchons est meilleur, la production est doubl\u00e9e, et la nouvelle structure du moule est sup\u00e9rieure et plus facile \u00e0 changer.<\/div>\n<\/div>\n<p><strong>Domaine d\u2019application<\/strong><\/p>\n<p><img fetchpriority=\"high\" decoding=\"async\" class=\"alignnone size-full wp-image-390\" src=\"https:\/\/beta-machine.com\/wp-content\/uploads\/2025\/10\/chemical-cap1.jpg\" alt=\"\" width=\"1985\" height=\"447\" srcset=\"https:\/\/www.beta-machine.com\/wp-content\/uploads\/2025\/10\/chemical-cap1.jpg 1985w, https:\/\/www.beta-machine.com\/wp-content\/uploads\/2025\/10\/chemical-cap1-600x135.jpg 600w, https:\/\/www.beta-machine.com\/wp-content\/uploads\/2025\/10\/chemical-cap1-300x68.jpg 300w, https:\/\/www.beta-machine.com\/wp-content\/uploads\/2025\/10\/chemical-cap1-1024x231.jpg 1024w, https:\/\/www.beta-machine.com\/wp-content\/uploads\/2025\/10\/chemical-cap1-768x173.jpg 768w, https:\/\/www.beta-machine.com\/wp-content\/uploads\/2025\/10\/chemical-cap1-1536x346.jpg 1536w\" sizes=\"(max-width: 1985px) 100vw, 1985px\" \/><\/p>\n<p><strong>Processus de fabrication des bouchons<\/strong><\/p>\n<p><img decoding=\"async\" class=\"alignnone size-full wp-image-388\" src=\"https:\/\/beta-machine.com\/wp-content\/uploads\/2025\/10\/cap-compression-molding.png\" alt=\"\" width=\"1860\" height=\"1602\" srcset=\"https:\/\/www.beta-machine.com\/wp-content\/uploads\/2025\/10\/cap-compression-molding.png 1860w, https:\/\/www.beta-machine.com\/wp-content\/uploads\/2025\/10\/cap-compression-molding-600x517.png 600w, https:\/\/www.beta-machine.com\/wp-content\/uploads\/2025\/10\/cap-compression-molding-300x258.png 300w, https:\/\/www.beta-machine.com\/wp-content\/uploads\/2025\/10\/cap-compression-molding-1024x882.png 1024w, https:\/\/www.beta-machine.com\/wp-content\/uploads\/2025\/10\/cap-compression-molding-768x661.png 768w, https:\/\/www.beta-machine.com\/wp-content\/uploads\/2025\/10\/cap-compression-molding-1536x1323.png 1536w\" sizes=\"(max-width: 1860px) 100vw, 1860px\" \/><\/p>\n<p>La machine de moulage par compression de bouchons sert \u00e0 fabriquer des bouchons \u00e0 partir de mat\u00e9riaux plastiques extrud\u00e9s par l\u2019extrudeuse, r\u00e9partis uniform\u00e9ment dans chaque cavit\u00e9 gr\u00e2ce \u00e0 l\u2019entra\u00eenement par vis et \u00e0 la plaque de s\u00e9paration.<img decoding=\"async\" class=\"alignnone size-full wp-image-389\" src=\"https:\/\/beta-machine.com\/wp-content\/uploads\/2025\/10\/cap-compression-molding1.png\" alt=\"\" width=\"1831\" height=\"542\" srcset=\"https:\/\/www.beta-machine.com\/wp-content\/uploads\/2025\/10\/cap-compression-molding1.png 1831w, https:\/\/www.beta-machine.com\/wp-content\/uploads\/2025\/10\/cap-compression-molding1-600x178.png 600w, https:\/\/www.beta-machine.com\/wp-content\/uploads\/2025\/10\/cap-compression-molding1-300x89.png 300w, https:\/\/www.beta-machine.com\/wp-content\/uploads\/2025\/10\/cap-compression-molding1-1024x303.png 1024w, https:\/\/www.beta-machine.com\/wp-content\/uploads\/2025\/10\/cap-compression-molding1-768x227.png 768w, https:\/\/www.beta-machine.com\/wp-content\/uploads\/2025\/10\/cap-compression-molding1-1536x455.png 1536w\" sizes=\"(max-width: 1831px) 100vw, 1831px\" \/><\/p>\n<p><strong>Avantages Uniques de la Machine<\/strong><\/p>\n<p>Le moule principal pour bouchons utilise un mat\u00e9riau brevet\u00e9, dot\u00e9 d\u2019une excellente r\u00e9sistance \u00e0 l\u2019usure, \u00e0 la corrosion, d\u2019un polissage optique, d\u2019une bonne usinabilit\u00e9 et d\u2019une stabilit\u00e9 de trempe.<\/p>\n<p>Les supports sont en acier alli\u00e9 \u00e0 haute duret\u00e9 et haute r\u00e9sistance \u00e0 l\u2019usure, ne br\u00fblent pas facilement<\/p>\n<p><strong>Avantage du rev\u00eatement<\/strong><\/p>\n<p>\u00b7 Rev\u00eatement sp\u00e9cifique de moule \u00e0 bouchon par soci\u00e9t\u00e9 suisse<br \/>\n\u00b7 Rev\u00eatement fin et forte adh\u00e9rence<br \/>\nHaute duret\u00e9<br \/>\n\u00b7 Faible friction et r\u00e9duction de l\u2019usure<br \/>\n\u00b7 Peut prolonger efficacement la dur\u00e9e de vie des moules de 2 \u00e0 6 fois<\/p>","protected":false},"excerpt":{"rendered":"<p>La machine de moulage par compression de bouchons sert \u00e0 fabriquer des bouchons \u00e0 partir de mat\u00e9riaux plastiques extrud\u00e9s par l\u2019extrudeuse, coup\u00e9s par la plaque de s\u00e9paration via l\u2019entra\u00eenement par vis et r\u00e9partis uniform\u00e9ment dans chaque cavit\u00e9.<\/p>","protected":false},"featured_media":406,"comment_status":"closed","ping_status":"closed","template":"","meta":{"_acf_changed":false},"product_brand":[],"product_cat":[34],"product_tag":[],"class_list":{"0":"post-404","1":"product","2":"type-product","3":"status-publish","4":"has-post-thumbnail","6":"product_cat-cap-compression-molding-machine-cap-compression-molding-machine","8":"first","9":"instock","10":"shipping-taxable","11":"purchasable","12":"product-type-variable"},"acf":[],"_links":{"self":[{"href":"https:\/\/www.beta-machine.com\/fr\/wp-json\/wp\/v2\/product\/404","targetHints":{"allow":["GET"]}}],"collection":[{"href":"https:\/\/www.beta-machine.com\/fr\/wp-json\/wp\/v2\/product"}],"about":[{"href":"https:\/\/www.beta-machine.com\/fr\/wp-json\/wp\/v2\/types\/product"}],"replies":[{"embeddable":true,"href":"https:\/\/www.beta-machine.com\/fr\/wp-json\/wp\/v2\/comments?post=404"}],"wp:featuredmedia":[{"embeddable":true,"href":"https:\/\/www.beta-machine.com\/fr\/wp-json\/wp\/v2\/media\/406"}],"wp:attachment":[{"href":"https:\/\/www.beta-machine.com\/fr\/wp-json\/wp\/v2\/media?parent=404"}],"wp:term":[{"taxonomy":"product_brand","embeddable":true,"href":"https:\/\/www.beta-machine.com\/fr\/wp-json\/wp\/v2\/product_brand?post=404"},{"taxonomy":"product_cat","embeddable":true,"href":"https:\/\/www.beta-machine.com\/fr\/wp-json\/wp\/v2\/product_cat?post=404"},{"taxonomy":"product_tag","embeddable":true,"href":"https:\/\/www.beta-machine.com\/fr\/wp-json\/wp\/v2\/product_tag?post=404"}],"curies":[{"name":"wp","href":"https:\/\/api.w.org\/{rel}","templated":true}]}}