{"id":407,"date":"2025-10-31T05:17:15","date_gmt":"2025-10-31T05:17:15","guid":{"rendered":"https:\/\/beta-machine.com\/?post_type=product&#038;p=407"},"modified":"2025-10-31T05:21:52","modified_gmt":"2025-10-31T05:21:52","slug":"middle-speed-type-automatic-plastic-cap-making-compression-molding-machine","status":"publish","type":"product","link":"https:\/\/www.beta-machine.com\/fr\/middle-speed-type-automatic-plastic-cap-making-compression-molding-machine-pd748257088\/","title":{"rendered":"Machine de moulage par compression automatique \u00e0 vitesse moyenne pour bouchons plastiques"},"content":{"rendered":"<div>\n<p><strong>Machine de moulage par compression hydraulique de bouchons plastiques (type vitesse moyenne)<\/strong><\/p>\n<p>\u00b7 Haute efficacit\u00e9 et faible consommation d\u2019\u00e9nergie<\/p>\n<div>\u00b7 Cette machine est am\u00e9lior\u00e9e sur la base de la machine standard. Par rapport \u00e0 des machines de m\u00eame consommation d\u2019\u00e9nergie, elle augmente la production de 25%\u201330%.<\/div>\n<div>\u00b7 La surface du moule est trait\u00e9e avec un rev\u00eatement sp\u00e9cial par des \u00e9quipements import\u00e9s d\u2019Europe. Am\u00e9liore la r\u00e9sistance \u00e0 l\u2019usure du moule et prolonge sa dur\u00e9e de vie pour une utilisation longue dur\u00e9e.<\/div>\n<\/div>\n<p><strong>Domaine d\u2019application<\/strong><\/p>\n<p><img fetchpriority=\"high\" decoding=\"async\" class=\"alignnone size-full wp-image-411\" src=\"https:\/\/beta-machine.com\/wp-content\/uploads\/2025\/10\/middle-speed1.png\" alt=\"\" width=\"1624\" height=\"271\" srcset=\"https:\/\/www.beta-machine.com\/wp-content\/uploads\/2025\/10\/middle-speed1.png 1624w, https:\/\/www.beta-machine.com\/wp-content\/uploads\/2025\/10\/middle-speed1-600x100.png 600w, https:\/\/www.beta-machine.com\/wp-content\/uploads\/2025\/10\/middle-speed1-300x50.png 300w, https:\/\/www.beta-machine.com\/wp-content\/uploads\/2025\/10\/middle-speed1-1024x171.png 1024w, https:\/\/www.beta-machine.com\/wp-content\/uploads\/2025\/10\/middle-speed1-768x128.png 768w, https:\/\/www.beta-machine.com\/wp-content\/uploads\/2025\/10\/middle-speed1-1536x256.png 1536w\" sizes=\"(max-width: 1624px) 100vw, 1624px\" \/><\/p>\n<p><img decoding=\"async\" class=\"alignnone size-full wp-image-410\" src=\"https:\/\/beta-machine.com\/wp-content\/uploads\/2025\/10\/middle-speed.png\" alt=\"\" width=\"1626\" height=\"434\" srcset=\"https:\/\/www.beta-machine.com\/wp-content\/uploads\/2025\/10\/middle-speed.png 1626w, https:\/\/www.beta-machine.com\/wp-content\/uploads\/2025\/10\/middle-speed-600x160.png 600w, https:\/\/www.beta-machine.com\/wp-content\/uploads\/2025\/10\/middle-speed-300x80.png 300w, https:\/\/www.beta-machine.com\/wp-content\/uploads\/2025\/10\/middle-speed-1024x273.png 1024w, https:\/\/www.beta-machine.com\/wp-content\/uploads\/2025\/10\/middle-speed-768x205.png 768w, https:\/\/www.beta-machine.com\/wp-content\/uploads\/2025\/10\/middle-speed-1536x410.png 1536w\" sizes=\"(max-width: 1626px) 100vw, 1626px\" \/><\/p>\n<p><strong>Processus de fabrication des bouchons<\/strong><\/p>\n<p><img decoding=\"async\" class=\"alignnone size-full wp-image-388\" src=\"https:\/\/beta-machine.com\/wp-content\/uploads\/2025\/10\/cap-compression-molding.png\" alt=\"\" width=\"1860\" height=\"1602\" srcset=\"https:\/\/www.beta-machine.com\/wp-content\/uploads\/2025\/10\/cap-compression-molding.png 1860w, https:\/\/www.beta-machine.com\/wp-content\/uploads\/2025\/10\/cap-compression-molding-600x517.png 600w, https:\/\/www.beta-machine.com\/wp-content\/uploads\/2025\/10\/cap-compression-molding-300x258.png 300w, https:\/\/www.beta-machine.com\/wp-content\/uploads\/2025\/10\/cap-compression-molding-1024x882.png 1024w, https:\/\/www.beta-machine.com\/wp-content\/uploads\/2025\/10\/cap-compression-molding-768x661.png 768w, https:\/\/www.beta-machine.com\/wp-content\/uploads\/2025\/10\/cap-compression-molding-1536x1323.png 1536w\" sizes=\"(max-width: 1860px) 100vw, 1860px\" \/><\/p>\n<p>La machine de moulage par compression de bouchons sert \u00e0 fabriquer des bouchons \u00e0 partir de mat\u00e9riaux plastiques extrud\u00e9s par l\u2019extrudeuse, r\u00e9partis uniform\u00e9ment dans chaque cavit\u00e9 gr\u00e2ce \u00e0 l\u2019entra\u00eenement par vis et \u00e0 la plaque de s\u00e9paration.<img loading=\"lazy\" decoding=\"async\" class=\"alignnone size-full wp-image-389\" src=\"https:\/\/beta-machine.com\/wp-content\/uploads\/2025\/10\/cap-compression-molding1.png\" alt=\"\" width=\"1831\" height=\"542\" srcset=\"https:\/\/www.beta-machine.com\/wp-content\/uploads\/2025\/10\/cap-compression-molding1.png 1831w, https:\/\/www.beta-machine.com\/wp-content\/uploads\/2025\/10\/cap-compression-molding1-600x178.png 600w, https:\/\/www.beta-machine.com\/wp-content\/uploads\/2025\/10\/cap-compression-molding1-300x89.png 300w, https:\/\/www.beta-machine.com\/wp-content\/uploads\/2025\/10\/cap-compression-molding1-1024x303.png 1024w, https:\/\/www.beta-machine.com\/wp-content\/uploads\/2025\/10\/cap-compression-molding1-768x227.png 768w, https:\/\/www.beta-machine.com\/wp-content\/uploads\/2025\/10\/cap-compression-molding1-1536x455.png 1536w\" sizes=\"(max-width: 1831px) 100vw, 1831px\" \/><\/p>\n<p><strong>Avantages Uniques de la Machine<\/strong><\/p>\n<p>Le moule principal pour bouchons utilise un mat\u00e9riau brevet\u00e9, dot\u00e9 d\u2019une excellente r\u00e9sistance \u00e0 l\u2019usure, \u00e0 la corrosion, d\u2019un polissage optique, d\u2019une bonne usinabilit\u00e9 et d\u2019une stabilit\u00e9 de trempe.<\/p>\n<p>Les supports sont en acier alli\u00e9 \u00e0 haute duret\u00e9 et haute r\u00e9sistance \u00e0 l\u2019usure, ne br\u00fblent pas facilement<\/p>\n<p><strong>Avantage du rev\u00eatement<\/strong><\/p>\n<p>\u00b7 Rev\u00eatement sp\u00e9cifique de moule \u00e0 bouchon par soci\u00e9t\u00e9 suisse<br \/>\n\u00b7 Rev\u00eatement fin et forte adh\u00e9rence<br \/>\nHaute duret\u00e9<br \/>\n\u00b7 Faible friction et r\u00e9duction de l\u2019usure<br \/>\n\u00b7 Peut prolonger efficacement la dur\u00e9e de vie des moules de 2 \u00e0 6 fois<\/p>","protected":false},"excerpt":{"rendered":"<p>La machine de moulage par compression de bouchons est un \u00e9quipement sp\u00e9cialis\u00e9 destin\u00e9 \u00e0 la fabrication de bouchons en plastique. Les mati\u00e8res premi\u00e8res plastiques sont d\u2019abord extrud\u00e9es par un extrudeur, puis coup\u00e9es par une plaque de s\u00e9paration. Les mat\u00e9riaux coup\u00e9s sont achemin\u00e9s via un m\u00e9canisme \u00e0 vis et distribu\u00e9s uniform\u00e9ment dans chaque cavit\u00e9 du moule.<\/p>","protected":false},"featured_media":406,"comment_status":"closed","ping_status":"closed","template":"","meta":{"_acf_changed":false},"product_brand":[],"product_cat":[34],"product_tag":[],"class_list":{"0":"post-407","1":"product","2":"type-product","3":"status-publish","4":"has-post-thumbnail","6":"product_cat-cap-compression-molding-machine-cap-compression-molding-machine","8":"first","9":"instock","10":"shipping-taxable","11":"purchasable","12":"product-type-variable"},"acf":[],"_links":{"self":[{"href":"https:\/\/www.beta-machine.com\/fr\/wp-json\/wp\/v2\/product\/407","targetHints":{"allow":["GET"]}}],"collection":[{"href":"https:\/\/www.beta-machine.com\/fr\/wp-json\/wp\/v2\/product"}],"about":[{"href":"https:\/\/www.beta-machine.com\/fr\/wp-json\/wp\/v2\/types\/product"}],"replies":[{"embeddable":true,"href":"https:\/\/www.beta-machine.com\/fr\/wp-json\/wp\/v2\/comments?post=407"}],"wp:featuredmedia":[{"embeddable":true,"href":"https:\/\/www.beta-machine.com\/fr\/wp-json\/wp\/v2\/media\/406"}],"wp:attachment":[{"href":"https:\/\/www.beta-machine.com\/fr\/wp-json\/wp\/v2\/media?parent=407"}],"wp:term":[{"taxonomy":"product_brand","embeddable":true,"href":"https:\/\/www.beta-machine.com\/fr\/wp-json\/wp\/v2\/product_brand?post=407"},{"taxonomy":"product_cat","embeddable":true,"href":"https:\/\/www.beta-machine.com\/fr\/wp-json\/wp\/v2\/product_cat?post=407"},{"taxonomy":"product_tag","embeddable":true,"href":"https:\/\/www.beta-machine.com\/fr\/wp-json\/wp\/v2\/product_tag?post=407"}],"curies":[{"name":"wp","href":"https:\/\/api.w.org\/{rel}","templated":true}]}}