{"id":416,"date":"2025-10-31T05:23:36","date_gmt":"2025-10-31T05:23:36","guid":{"rendered":"https:\/\/beta-machine.com\/?post_type=product&#038;p=416"},"modified":"2025-10-31T05:27:28","modified_gmt":"2025-10-31T05:27:28","slug":"mechanical-type-automatic-hydraulic-plastic-cap-making-compression-molding-machine","status":"publish","type":"product","link":"https:\/\/www.beta-machine.com\/fr\/mechanical-type-automatic-hydraulic-plastic-cap-making-compression-molding-machine-pd777847088\/","title":{"rendered":"Machine de moulage par compression hydraulique automatique de type m\u00e9canique pour fabrication de bouchons plastiques"},"content":{"rendered":"<div>\n<div><strong>Machine de moulage par compression de bouchons plastiques de type m\u00e9canique<\/strong><\/div>\n<p>Les bouchons produits sont lisses et esth\u00e9tiques, sans point d\u2019injection, dimensions stables et fiables. La production est tripl\u00e9e par rapport \u00e0 une machine \u00e0 injecter de m\u00eame puissance. Pas de d\u00e9chets de canal chaud, le taux d\u2019utilisation des mati\u00e8res premi\u00e8res atteint 98%. De plus, elle \u00e9conomise la main-d\u2019\u0153uvre, occupe peu de surface et consomme moins d\u2019\u00e9nergie.<\/p>\n<p><img fetchpriority=\"high\" decoding=\"async\" class=\"alignnone size-full wp-image-421\" src=\"https:\/\/beta-machine.com\/wp-content\/uploads\/2025\/10\/mechanical-type3.png\" alt=\"\" width=\"747\" height=\"582\" srcset=\"https:\/\/www.beta-machine.com\/wp-content\/uploads\/2025\/10\/mechanical-type3.png 747w, https:\/\/www.beta-machine.com\/wp-content\/uploads\/2025\/10\/mechanical-type3-600x467.png 600w, https:\/\/www.beta-machine.com\/wp-content\/uploads\/2025\/10\/mechanical-type3-300x234.png 300w\" sizes=\"(max-width: 747px) 100vw, 747px\" \/><\/p>\n<p><strong>Domaine d\u2019application<\/strong><\/p>\n<p><img decoding=\"async\" class=\"alignnone size-full wp-image-420\" src=\"https:\/\/beta-machine.com\/wp-content\/uploads\/2025\/10\/mechanical-type2.png\" alt=\"\" width=\"1986\" height=\"447\" srcset=\"https:\/\/www.beta-machine.com\/wp-content\/uploads\/2025\/10\/mechanical-type2.png 1986w, https:\/\/www.beta-machine.com\/wp-content\/uploads\/2025\/10\/mechanical-type2-600x135.png 600w, https:\/\/www.beta-machine.com\/wp-content\/uploads\/2025\/10\/mechanical-type2-300x68.png 300w, https:\/\/www.beta-machine.com\/wp-content\/uploads\/2025\/10\/mechanical-type2-1024x230.png 1024w, https:\/\/www.beta-machine.com\/wp-content\/uploads\/2025\/10\/mechanical-type2-768x173.png 768w, https:\/\/www.beta-machine.com\/wp-content\/uploads\/2025\/10\/mechanical-type2-1536x346.png 1536w\" sizes=\"(max-width: 1986px) 100vw, 1986px\" \/><\/p>\n<\/div>\n<p><strong>Processus de fabrication des bouchons<\/strong><\/p>\n<p><img decoding=\"async\" class=\"alignnone size-full wp-image-388\" src=\"https:\/\/beta-machine.com\/wp-content\/uploads\/2025\/10\/cap-compression-molding.png\" alt=\"\" width=\"1860\" height=\"1602\" srcset=\"https:\/\/www.beta-machine.com\/wp-content\/uploads\/2025\/10\/cap-compression-molding.png 1860w, https:\/\/www.beta-machine.com\/wp-content\/uploads\/2025\/10\/cap-compression-molding-600x517.png 600w, https:\/\/www.beta-machine.com\/wp-content\/uploads\/2025\/10\/cap-compression-molding-300x258.png 300w, https:\/\/www.beta-machine.com\/wp-content\/uploads\/2025\/10\/cap-compression-molding-1024x882.png 1024w, https:\/\/www.beta-machine.com\/wp-content\/uploads\/2025\/10\/cap-compression-molding-768x661.png 768w, https:\/\/www.beta-machine.com\/wp-content\/uploads\/2025\/10\/cap-compression-molding-1536x1323.png 1536w\" sizes=\"(max-width: 1860px) 100vw, 1860px\" \/><\/p>\n<p>La machine de moulage par compression de bouchons sert \u00e0 fabriquer des bouchons \u00e0 partir de mat\u00e9riaux plastiques extrud\u00e9s par l\u2019extrudeuse, r\u00e9partis uniform\u00e9ment dans chaque cavit\u00e9 gr\u00e2ce \u00e0 l\u2019entra\u00eenement par vis et \u00e0 la plaque de s\u00e9paration.<img loading=\"lazy\" decoding=\"async\" class=\"alignnone size-full wp-image-389\" src=\"https:\/\/beta-machine.com\/wp-content\/uploads\/2025\/10\/cap-compression-molding1.png\" alt=\"\" width=\"1831\" height=\"542\" srcset=\"https:\/\/www.beta-machine.com\/wp-content\/uploads\/2025\/10\/cap-compression-molding1.png 1831w, https:\/\/www.beta-machine.com\/wp-content\/uploads\/2025\/10\/cap-compression-molding1-600x178.png 600w, https:\/\/www.beta-machine.com\/wp-content\/uploads\/2025\/10\/cap-compression-molding1-300x89.png 300w, https:\/\/www.beta-machine.com\/wp-content\/uploads\/2025\/10\/cap-compression-molding1-1024x303.png 1024w, https:\/\/www.beta-machine.com\/wp-content\/uploads\/2025\/10\/cap-compression-molding1-768x227.png 768w, https:\/\/www.beta-machine.com\/wp-content\/uploads\/2025\/10\/cap-compression-molding1-1536x455.png 1536w\" sizes=\"(max-width: 1831px) 100vw, 1831px\" \/><\/p>\n<p><strong>Avantages Uniques de la Machine<\/strong><\/p>\n<p>Le moule principal pour bouchons utilise un mat\u00e9riau brevet\u00e9, dot\u00e9 d\u2019une excellente r\u00e9sistance \u00e0 l\u2019usure, \u00e0 la corrosion, d\u2019un polissage optique, d\u2019une bonne usinabilit\u00e9 et d\u2019une stabilit\u00e9 de trempe.<\/p>\n<p>Les supports sont en acier alli\u00e9 \u00e0 haute duret\u00e9 et haute r\u00e9sistance \u00e0 l\u2019usure, ne br\u00fblent pas facilement<\/p>\n<p><strong>Avantage du rev\u00eatement<\/strong><\/p>\n<p>\u00b7 Rev\u00eatement sp\u00e9cifique de moule \u00e0 bouchon par soci\u00e9t\u00e9 suisse<br \/>\n\u00b7 Rev\u00eatement fin et forte adh\u00e9rence<br \/>\nHaute duret\u00e9<br \/>\n\u00b7 Faible friction et r\u00e9duction de l\u2019usure<br \/>\n\u00b7 Peut prolonger efficacement la dur\u00e9e de vie des moules de 2 \u00e0 6 fois<\/p>","protected":false},"excerpt":{"rendered":"<p>La machine de moulage par compression de bouchons sert \u00e0 fabriquer des bouchons \u00e0 partir de mat\u00e9riaux plastiques extrud\u00e9s par l\u2019extrudeuse, coup\u00e9s par la plaque de s\u00e9paration via l\u2019entra\u00eenement par vis et r\u00e9partis uniform\u00e9ment dans chaque cavit\u00e9.<\/p>","protected":false},"featured_media":419,"comment_status":"closed","ping_status":"closed","template":"","meta":{"_acf_changed":false},"product_brand":[],"product_cat":[34],"product_tag":[],"class_list":{"0":"post-416","1":"product","2":"type-product","3":"status-publish","4":"has-post-thumbnail","6":"product_cat-cap-compression-molding-machine-cap-compression-molding-machine","8":"first","9":"instock","10":"shipping-taxable","11":"purchasable","12":"product-type-variable"},"acf":[],"_links":{"self":[{"href":"https:\/\/www.beta-machine.com\/fr\/wp-json\/wp\/v2\/product\/416","targetHints":{"allow":["GET"]}}],"collection":[{"href":"https:\/\/www.beta-machine.com\/fr\/wp-json\/wp\/v2\/product"}],"about":[{"href":"https:\/\/www.beta-machine.com\/fr\/wp-json\/wp\/v2\/types\/product"}],"replies":[{"embeddable":true,"href":"https:\/\/www.beta-machine.com\/fr\/wp-json\/wp\/v2\/comments?post=416"}],"wp:featuredmedia":[{"embeddable":true,"href":"https:\/\/www.beta-machine.com\/fr\/wp-json\/wp\/v2\/media\/419"}],"wp:attachment":[{"href":"https:\/\/www.beta-machine.com\/fr\/wp-json\/wp\/v2\/media?parent=416"}],"wp:term":[{"taxonomy":"product_brand","embeddable":true,"href":"https:\/\/www.beta-machine.com\/fr\/wp-json\/wp\/v2\/product_brand?post=416"},{"taxonomy":"product_cat","embeddable":true,"href":"https:\/\/www.beta-machine.com\/fr\/wp-json\/wp\/v2\/product_cat?post=416"},{"taxonomy":"product_tag","embeddable":true,"href":"https:\/\/www.beta-machine.com\/fr\/wp-json\/wp\/v2\/product_tag?post=416"}],"curies":[{"name":"wp","href":"https:\/\/api.w.org\/{rel}","templated":true}]}}