{"id":422,"date":"2025-10-31T05:28:02","date_gmt":"2025-10-31T05:28:02","guid":{"rendered":"https:\/\/beta-machine.com\/?post_type=product&#038;p=422"},"modified":"2025-11-05T05:24:06","modified_gmt":"2025-11-05T05:24:06","slug":"automatic-standard-type-hydraulic-plastic-cap-compression-molding-machine","status":"publish","type":"product","link":"https:\/\/www.beta-machine.com\/fr\/automatic-standard-type-hydraulic-plastic-cap-compression-molding-machine\/","title":{"rendered":"Machine de Moulage par Compression Hydraulique Automatique de Bouchons Plastiques de Type Standard"},"content":{"rendered":"<div>\n<div>\n<p><strong>Machine de Moulage par Compression Hydraulique de Bouchons Plastiques (Type Standard)<\/strong><\/p>\n<p>\u00b7 Cette machine utilise une pompe \u00e0 huile pour fournir une pression \u00e9lev\u00e9e et stable, avec la m\u00eame pression sur chaque moule. Les bouchons obtenus sont de belle apparence et de structure compacte, ce qui permet \u00e9galement de prolonger la dur\u00e9e de vie des moules.<br \/>\n\u00b7 La vitesse de moulage des bouchons est plus rapide et l\u2019\u00e9cart de qualit\u00e9 requise est plus r\u00e9duit. De plus, ce type de machine \u00e9largit le type de produits et la plage de diam\u00e8tres des bouchons pour satisfaire les demandes personnalis\u00e9es des clients.<br \/>\n\u00b7 Compte tenu de la consommation d\u2019\u00e9nergie, des mati\u00e8res et de la protection de l\u2019environnement, cette machine de moulage par compression est la tendance actuelle et future. Elle fournit une bonne plateforme pour l\u2019intelligence, l\u2019informatisation et le contr\u00f4le du processus de production.<br \/>\nAvantages: haut degr\u00e9 d\u2019automatisation, haute efficacit\u00e9, changement de diff\u00e9rents moules, une machine polyvalente.<\/p>\n<\/div>\n<p><strong>Domaine d\u2019application<\/strong><\/p>\n<p><img fetchpriority=\"high\" decoding=\"async\" class=\"alignnone size-full wp-image-424\" src=\"https:\/\/beta-machine.com\/wp-content\/uploads\/2025\/10\/standard-type1.png\" alt=\"\" width=\"1860\" height=\"509\" srcset=\"https:\/\/www.beta-machine.com\/wp-content\/uploads\/2025\/10\/standard-type1.png 1860w, https:\/\/www.beta-machine.com\/wp-content\/uploads\/2025\/10\/standard-type1-600x164.png 600w, https:\/\/www.beta-machine.com\/wp-content\/uploads\/2025\/10\/standard-type1-300x82.png 300w, https:\/\/www.beta-machine.com\/wp-content\/uploads\/2025\/10\/standard-type1-1024x280.png 1024w, https:\/\/www.beta-machine.com\/wp-content\/uploads\/2025\/10\/standard-type1-768x210.png 768w, https:\/\/www.beta-machine.com\/wp-content\/uploads\/2025\/10\/standard-type1-1536x420.png 1536w\" sizes=\"(max-width: 1860px) 100vw, 1860px\" \/><\/p>\n<p>&nbsp;<\/p>\n<\/div>\n<p><strong>Processus de fabrication des bouchons<\/strong><\/p>\n<p><img decoding=\"async\" class=\"alignnone size-full wp-image-388\" src=\"https:\/\/beta-machine.com\/wp-content\/uploads\/2025\/10\/cap-compression-molding.png\" alt=\"\" width=\"1860\" height=\"1602\" srcset=\"https:\/\/www.beta-machine.com\/wp-content\/uploads\/2025\/10\/cap-compression-molding.png 1860w, https:\/\/www.beta-machine.com\/wp-content\/uploads\/2025\/10\/cap-compression-molding-600x517.png 600w, https:\/\/www.beta-machine.com\/wp-content\/uploads\/2025\/10\/cap-compression-molding-300x258.png 300w, https:\/\/www.beta-machine.com\/wp-content\/uploads\/2025\/10\/cap-compression-molding-1024x882.png 1024w, https:\/\/www.beta-machine.com\/wp-content\/uploads\/2025\/10\/cap-compression-molding-768x661.png 768w, https:\/\/www.beta-machine.com\/wp-content\/uploads\/2025\/10\/cap-compression-molding-1536x1323.png 1536w\" sizes=\"(max-width: 1860px) 100vw, 1860px\" \/><\/p>\n<p>La machine de moulage par compression de bouchons sert \u00e0 fabriquer des bouchons \u00e0 partir de mat\u00e9riaux plastiques extrud\u00e9s par l\u2019extrudeuse, r\u00e9partis uniform\u00e9ment dans chaque cavit\u00e9 gr\u00e2ce \u00e0 l\u2019entra\u00eenement par vis et \u00e0 la plaque de s\u00e9paration.<img decoding=\"async\" class=\"alignnone size-full wp-image-389\" src=\"https:\/\/beta-machine.com\/wp-content\/uploads\/2025\/10\/cap-compression-molding1.png\" alt=\"\" width=\"1831\" height=\"542\" srcset=\"https:\/\/www.beta-machine.com\/wp-content\/uploads\/2025\/10\/cap-compression-molding1.png 1831w, https:\/\/www.beta-machine.com\/wp-content\/uploads\/2025\/10\/cap-compression-molding1-600x178.png 600w, https:\/\/www.beta-machine.com\/wp-content\/uploads\/2025\/10\/cap-compression-molding1-300x89.png 300w, https:\/\/www.beta-machine.com\/wp-content\/uploads\/2025\/10\/cap-compression-molding1-1024x303.png 1024w, https:\/\/www.beta-machine.com\/wp-content\/uploads\/2025\/10\/cap-compression-molding1-768x227.png 768w, https:\/\/www.beta-machine.com\/wp-content\/uploads\/2025\/10\/cap-compression-molding1-1536x455.png 1536w\" sizes=\"(max-width: 1831px) 100vw, 1831px\" \/><\/p>\n<p><strong>Avantages Uniques de la Machine<\/strong><\/p>\n<p>Le moule principal pour bouchons utilise un mat\u00e9riau brevet\u00e9, dot\u00e9 d\u2019une excellente r\u00e9sistance \u00e0 l\u2019usure, \u00e0 la corrosion, d\u2019un polissage optique, d\u2019une bonne usinabilit\u00e9 et d\u2019une stabilit\u00e9 de trempe.<\/p>\n<p>Les supports sont en acier alli\u00e9 \u00e0 haute duret\u00e9 et haute r\u00e9sistance \u00e0 l\u2019usure, ne br\u00fblent pas facilement<\/p>\n<p><strong>Avantage du rev\u00eatement<\/strong><\/p>\n<p>\u00b7 Rev\u00eatement sp\u00e9cifique de moule \u00e0 bouchon par soci\u00e9t\u00e9 suisse<br \/>\n\u00b7 Rev\u00eatement fin et forte adh\u00e9rence<br \/>\nHaute duret\u00e9<br \/>\n\u00b7 Faible friction et r\u00e9duction de l\u2019usure<br \/>\n\u00b7 Peut prolonger efficacement la dur\u00e9e de vie des moules de 2 \u00e0 6 fois<\/p>","protected":false},"excerpt":{"rendered":"<p>La machine de moulage par compression de bouchons sert \u00e0 fabriquer des bouchons \u00e0 partir de mat\u00e9riaux plastiques extrud\u00e9s par l\u2019extrudeuse, coup\u00e9s par la plaque de s\u00e9paration via l\u2019entra\u00eenement par vis et r\u00e9partis uniform\u00e9ment dans chaque cavit\u00e9.<\/p>","protected":false},"featured_media":425,"comment_status":"closed","ping_status":"closed","template":"","meta":{"_acf_changed":false},"product_brand":[],"product_cat":[34],"product_tag":[],"class_list":{"0":"post-422","1":"product","2":"type-product","3":"status-publish","4":"has-post-thumbnail","6":"product_cat-cap-compression-molding-machine-cap-compression-molding-machine","8":"first","9":"instock","10":"shipping-taxable","11":"purchasable","12":"product-type-variable"},"acf":[],"_links":{"self":[{"href":"https:\/\/www.beta-machine.com\/fr\/wp-json\/wp\/v2\/product\/422","targetHints":{"allow":["GET"]}}],"collection":[{"href":"https:\/\/www.beta-machine.com\/fr\/wp-json\/wp\/v2\/product"}],"about":[{"href":"https:\/\/www.beta-machine.com\/fr\/wp-json\/wp\/v2\/types\/product"}],"replies":[{"embeddable":true,"href":"https:\/\/www.beta-machine.com\/fr\/wp-json\/wp\/v2\/comments?post=422"}],"wp:featuredmedia":[{"embeddable":true,"href":"https:\/\/www.beta-machine.com\/fr\/wp-json\/wp\/v2\/media\/425"}],"wp:attachment":[{"href":"https:\/\/www.beta-machine.com\/fr\/wp-json\/wp\/v2\/media?parent=422"}],"wp:term":[{"taxonomy":"product_brand","embeddable":true,"href":"https:\/\/www.beta-machine.com\/fr\/wp-json\/wp\/v2\/product_brand?post=422"},{"taxonomy":"product_cat","embeddable":true,"href":"https:\/\/www.beta-machine.com\/fr\/wp-json\/wp\/v2\/product_cat?post=422"},{"taxonomy":"product_tag","embeddable":true,"href":"https:\/\/www.beta-machine.com\/fr\/wp-json\/wp\/v2\/product_tag?post=422"}],"curies":[{"name":"wp","href":"https:\/\/api.w.org\/{rel}","templated":true}]}}