{"id":439,"date":"2025-10-31T05:42:10","date_gmt":"2025-10-31T05:42:10","guid":{"rendered":"https:\/\/beta-machine.com\/?post_type=product&#038;p=439"},"modified":"2026-03-12T08:39:09","modified_gmt":"2026-03-12T08:39:09","slug":"hydraulic-plastic-cap-compression-molding-machinespecial-cap","status":"publish","type":"product","link":"https:\/\/www.beta-machine.com\/fr\/hydraulic-plastic-cap-compression-molding-machine-special-cap-pd781034388\/","title":{"rendered":"Presse hydraulique de moulage par compression pour bouchons plastiques (bouchon sp\u00e9cial)"},"content":{"rendered":"<h2>Description du produit<\/h2>\n<h2>Presse hydraulique de moulage par compression pour bouchons plastiques (bouchon sp\u00e9cial)<\/h2>\n<p><strong>Avantages Uniques de la Machine<\/strong><\/p>\n<p>Le moule principal pour bouchons utilise un mat\u00e9riau brevet\u00e9, dot\u00e9 d\u2019une excellente r\u00e9sistance \u00e0 l\u2019usure, \u00e0 la corrosion, d\u2019un polissage optique, d\u2019une bonne usinabilit\u00e9 et d\u2019une stabilit\u00e9 de trempe.<\/p>\n<p>Les supports sont en acier alli\u00e9 \u00e0 haute duret\u00e9 et haute r\u00e9sistance \u00e0 l\u2019usure, ne br\u00fblent pas facilement<\/p>\n<p><strong>Avantages du rev\u00eatement<\/strong><\/p>\n<ol class=\"list-paddingleft-2\">\n<li>Rev\u00eatement sp\u00e9cifi\u00e9 par une soci\u00e9t\u00e9 suisse pour le moule \u00e0 bouchons<\/li>\n<li>Le rev\u00eatement est mince et pr\u00e9sente une forte adh\u00e9rence.<\/li>\n<li>Haute duret\u00e9<\/li>\n<li>Friction r\u00e9duite et usure diminu\u00e9e<\/li>\n<li>Peut efficacement prolonger la dur\u00e9e de vie des moules de 2 \u00e0 6 fois<\/li>\n<\/ol>\n<p><strong>Presse hydraulique de moulage par compression pour bouchons plastiques (bouchon sp\u00e9cial)<\/strong><\/p>\n<p>Cette machine est sp\u00e9cialement con\u00e7ue pour des bouchons complexes et de grande taille : bouchons cosm\u00e9tiques, bouchons de seau, gobelets doseurs, r\u00e9cipients plastiques, bouchons d\u2019huile moteur et bouchons de produits agrochimiques, afin de r\u00e9pondre aux exigences de davantage de clients.<\/p>\n<h2>Applications<\/h2>\n<div>La Presse Hydraulique de Moulage par Compression pour Bouchons Plastiques est id\u00e9ale pour:<\/div>\n<ul class=\"list-paddingleft-2\">\n<li>\n<div><strong>Industrie cosm\u00e9tique<\/strong>: Fabrication de bouchons et r\u00e9cipients cosm\u00e9tiques de haute qualit\u00e9<\/div>\n<\/li>\n<li>\n<div><strong>Industrie de l\u2019emballage<\/strong>: Fabrication de bouchons de seau, gobelets doseurs et bouchons de r\u00e9cipients plastiques<\/div>\n<\/li>\n<li>\n<div><strong>Automobile et industrie<\/strong>: Fabrication de bouchons d\u2019huile moteur et d\u2019autres bouchons sp\u00e9cialis\u00e9s<\/div>\n<\/li>\n<li>\n<div><strong>Produits agrochimiques<\/strong>: Bouchons pour r\u00e9cipients chimiques n\u00e9cessitant durabilit\u00e9 et r\u00e9sistance aux produits chimiques<\/div>\n<\/li>\n<\/ul>\n<h2>FAQ \/ Questions fr\u00e9quentes<\/h2>\n<div><strong>Q1: Quelle est la dur\u00e9e de garantie de la Presse Hydraulique de Moulage par Compression pour Bouchons Plastiques?<\/strong><br \/>\nR1: La machine est couverte par une garantie d\u2019un an \u00e0 compter de la date de livraison.<\/div>\n<div><\/div>\n<div><strong>Q2: Pouvez-vous fournir le syst\u00e8me complet, y compris les bouchons et \u00e9quipements auxiliaires comme les compresseurs d\u2019air?<\/strong><br \/>\nR2: Oui, nous fournissons des syst\u00e8mes complets, y compris les bouchons et compresseurs d\u2019air. Nous pouvons \u00e9galement personnaliser le syst\u00e8me selon vos exigences sp\u00e9cifiques.<\/div>\n<div><\/div>\n<div><strong>Q3: Quels sont les principaux avantages d\u2019utiliser le rev\u00eatement sp\u00e9cialis\u00e9 sur les moules?<\/strong><br \/>\nR3: Le rev\u00eatement sp\u00e9cialis\u00e9 d\u2019une soci\u00e9t\u00e9 suisse offre haute duret\u00e9, friction et usure r\u00e9duites, et forte adh\u00e9rence. Il peut efficacement prolonger la dur\u00e9e de vie du moule de 2 \u00e0 6 fois.<\/div>\n<div><\/div>\n<div><strong>Q4: Comment puis-je m\u2019assurer que la machine convient \u00e0 mes besoins sp\u00e9cifiques de production de bouchons?<\/strong><br \/>\nR4: Avant l\u2019exp\u00e9dition, nous invitons les clients \u00e0 inspecter la machine et \u00e0 effectuer un essai avec leurs moules sp\u00e9cifiques. Cela garantit que la machine r\u00e9pond \u00e0 vos exigences de production.<\/div>","protected":false},"excerpt":{"rendered":"<p>Le Fournisseur Chinois de Machines de Moulage est fier de vous pr\u00e9senter la Presse Hydraulique de Moulage par Compression pour Bouchons Plastiques, sp\u00e9cialement con\u00e7ue pour la fabrication de bouchons complexes et de grande taille : bouchons cosm\u00e9tiques, bouchons de seau, gobelets doseurs, r\u00e9cipients plastiques, bouchons d\u2019huile moteur et bouchons de produits agrochimiques. Cette machine r\u00e9pond aux diverses exigences des clients gr\u00e2ce \u00e0 sa haute pr\u00e9cision, sa polyvalence et sa fiabilit\u00e9.<\/p>","protected":false},"featured_media":373,"comment_status":"closed","ping_status":"closed","template":"","meta":{"_acf_changed":false},"product_brand":[],"product_cat":[34],"product_tag":[],"class_list":{"0":"post-439","1":"product","2":"type-product","3":"status-publish","4":"has-post-thumbnail","6":"product_cat-cap-compression-molding-machine-cap-compression-molding-machine","8":"first","9":"instock","10":"shipping-taxable","11":"purchasable","12":"product-type-simple"},"acf":[],"_links":{"self":[{"href":"https:\/\/www.beta-machine.com\/fr\/wp-json\/wp\/v2\/product\/439","targetHints":{"allow":["GET"]}}],"collection":[{"href":"https:\/\/www.beta-machine.com\/fr\/wp-json\/wp\/v2\/product"}],"about":[{"href":"https:\/\/www.beta-machine.com\/fr\/wp-json\/wp\/v2\/types\/product"}],"replies":[{"embeddable":true,"href":"https:\/\/www.beta-machine.com\/fr\/wp-json\/wp\/v2\/comments?post=439"}],"wp:featuredmedia":[{"embeddable":true,"href":"https:\/\/www.beta-machine.com\/fr\/wp-json\/wp\/v2\/media\/373"}],"wp:attachment":[{"href":"https:\/\/www.beta-machine.com\/fr\/wp-json\/wp\/v2\/media?parent=439"}],"wp:term":[{"taxonomy":"product_brand","embeddable":true,"href":"https:\/\/www.beta-machine.com\/fr\/wp-json\/wp\/v2\/product_brand?post=439"},{"taxonomy":"product_cat","embeddable":true,"href":"https:\/\/www.beta-machine.com\/fr\/wp-json\/wp\/v2\/product_cat?post=439"},{"taxonomy":"product_tag","embeddable":true,"href":"https:\/\/www.beta-machine.com\/fr\/wp-json\/wp\/v2\/product_tag?post=439"}],"curies":[{"name":"wp","href":"https:\/\/api.w.org\/{rel}","templated":true}]}}