{"id":445,"date":"2025-10-31T06:23:54","date_gmt":"2025-10-31T06:23:54","guid":{"rendered":"https:\/\/beta-machine.com\/?post_type=product&#038;p=445"},"modified":"2026-03-12T07:52:22","modified_gmt":"2026-03-12T07:52:22","slug":"automatic-one-step-three-position-injection-blow-hollow-molding-machine-pe-pp-small-bottle-making-machine","status":"publish","type":"product","link":"https:\/\/www.beta-machine.com\/fr\/automatic-one-step-three-position-injection-blow-hollow-molding-machine-pe-pp-small-bottle-making-machine-pd733857088\/","title":{"rendered":"Machine de moulage creux par injection-soufflage automatique en une \u00e9tape et trois postes pour la fabrication de petits flacons en PE et PP"},"content":{"rendered":"<div>\n<p><strong>Machine de moulage creux par injection-soufflage automatique en une \u00e9tape et trois postes pour la fabrication de petits flacons en PE et PP<\/strong><\/p>\n<p><strong>Diagramme de Flux de Production de l'Equipement<\/strong><\/p>\n<\/div>\n<div>\n<div>\n<figure id=\"attachment_447\" aria-describedby=\"caption-attachment-447\" style=\"width: 537px\" class=\"wp-caption alignnone\"><img fetchpriority=\"high\" decoding=\"async\" class=\"wp-image-447 size-full\" src=\"https:\/\/www.beta-machine.com\/wp-content\/uploads\/2025\/10\/H38cf7b7f4681451682925e0315b7a481y.png\" alt=\"\" width=\"537\" height=\"314\" srcset=\"https:\/\/www.beta-machine.com\/wp-content\/uploads\/2025\/10\/H38cf7b7f4681451682925e0315b7a481y.png 537w, https:\/\/www.beta-machine.com\/wp-content\/uploads\/2025\/10\/H38cf7b7f4681451682925e0315b7a481y-300x175.png 300w\" sizes=\"(max-width: 537px) 100vw, 537px\" \/><figcaption id=\"caption-attachment-447\" class=\"wp-caption-text\">1.Pr\u00e9paration de mati\u00e8re et dispositif d\u2019injection 2.Canal de flux chaud 3.B\u00e2tonnet complet 4.Pr\u00e9forme de flacon 5.Moule d\u2019injection 6.Poste d\u2019injection 7.Poste de soufflage 8.Moulage par soufflage 9.Poste d\u2019\u00e9jection<\/figcaption><\/figure>\n<\/div>\n<div>\n<div>\n<div><\/div>\n<\/div>\n<\/div>\n<\/div>\n<div><strong>Avantages et Applications<\/strong><\/div>\n<div>Cette machine adopte la technologie d\u2019injection-soufflage europ\u00e9enne et les avantages de l\u2019injection-soufflage national.<br \/>\nAvantages<\/div>\n<ol>\n<li>Le cylindre de serrage inf\u00e9rieur assure la propret\u00e9 du produit; la force de serrage du moule est \u00e9quilibr\u00e9e et uniforme.<\/li>\n<li>\n<div>\u00a0La diminution de la hauteur de la machine facilite le montage des moules.<\/div>\n<div><\/div>\n<\/li>\n<li>\n<div>Un syst\u00e8me servo hydraulique sp\u00e9cifique et une disposition raisonnable des conduites permettent \u00e0 la machine de fonctionner avec haute efficacit\u00e9 et \u00e9conomie d\u2019\u00e9nergie.<\/div>\n<\/li>\n<li>\n<div>Structure sp\u00e9ciale de serrage par pression augmente la force de serrage et r\u00e9duit la consommation \u00e9nerg\u00e9tique du syst\u00e8me.<\/div>\n<\/li>\n<li>\n<div>Le syst\u00e8me de rotation servo ou le dispositif d\u2019indexation de haute pr\u00e9cision augmentent fortement la pr\u00e9cision de rotation et r\u00e9duisent le temps de cycle mort.<\/div>\n<\/li>\n<li>\n<div>Le syst\u00e8me d\u2019injection superpos\u00e9 \u00e0 plaque valvulaire horizontale et double cylindre sp\u00e9cial rend non seulement l\u2019injection et la charge plus stables et rapides, mais assure \u00e9galement un bon aspect de surface. Les composants de plastification sp\u00e9cifiques satisfont aux exigences d\u2019injection et de pressurisation multiniveaux pour diff\u00e9rents produits.<\/div>\n<\/li>\n<li>\n<div>L\u2019optimisation de l\u2019agencement interne du cadre rend la maintenance plus pratique.<\/div>\n<div><\/div>\n<\/li>\n<li>\n<div>Le d\u00e9moulage est \u00e9quip\u00e9 de d\u00e9tection par capteur num\u00e9rique et d\u2019une fonction de d\u00e9tection de rotation du mandrin, assurant le fonctionnement enti\u00e8rement automatique.<\/div>\n<div><\/div>\n<\/li>\n<li>\n<div>Fonction de d\u00e9tection de pression d\u2019air int\u00e9gr\u00e9e. Lorsque la pression de soufflage est inf\u00e9rieure \u00e0 la valeur r\u00e9gl\u00e9e, l\u2019\u00e9quipement alarme et s\u2019arr\u00eate automatiquement, r\u00e9duisant le taux de rebuts lors de la production automatique.<\/div>\n<div><\/div>\n<\/li>\n<li>\n<div>Fonction de d\u00e9tection de pression et de temp\u00e9rature de l\u2019eau de refroidissement int\u00e9gr\u00e9e. Lorsque la pression et la temp\u00e9rature de l\u2019eau de refroidissement sont anormales, l\u2019\u00e9quipement alarme et s\u2019arr\u00eate automatiquement, r\u00e9duisant le taux de rebuts lors de la production autom\u00e1tica.<\/div>\n<div><\/div>\n<\/li>\n<li>\n<div>Fonction d\u2019alarme auxiliaire et communication avec la machine principale int\u00e9gr\u00e9e. Lorsque la machine principale d\u00e9tecte une alarme auxiliaire, elle s\u2019arr\u00eate automatiquement.<\/div>\n<div><\/div>\n<\/li>\n<li>\n<div>Fonction optionnelle de refroidissement par air pour mandrin r\u00e9duisant le temps de cycle de refroidissement et emp\u00eachant l\u2019adh\u00e9sion entre mandrin et mati\u00e8re.<\/div>\n<div><\/div>\n<\/li>\n<li>\n<div>Le support de la bande transporteuse peut \u00eatre connect\u00e9 \u00e0 des \u00e9quipements d\u2019inspection visuelle pour d\u00e9tecter les corps \u00e9trangers, le manque de mati\u00e8re, les irr\u00e9gularit\u00e9s, etc., sur le corps du flacon, afin de r\u00e9aliser le fonctionnement automatique.<\/div>\n<div><\/div>\n<\/li>\n<li>\n<div>La bande transporteuse peut \u00eatre connect\u00e9e \u00e0 des \u00e9quipements d\u2019inspection visuelle, testeur de fuites et \u00e9tiqueteuse, etc.<\/div>\n<\/li>\n<\/ol>\n<div>Ce proc\u00e9d\u00e9 est id\u00e9al pour produire de grandes quantit\u00e9s de petits r\u00e9cipients plastiques raffin\u00e9s de 5ml \u00e0 1L, ainsi que des r\u00e9cipients \u00e0 goulotte large utilis\u00e9s pour les cosm\u00e9tiques, les articles de quotidien, les m\u00e9dicaments et les bouteilles d\u2019emballage alimentaire.<\/div>","protected":false},"excerpt":{"rendered":"<p>Machine de moulage par injection-soufflage automatique en une \u00e9tape et trois postes pour petits flacons PE\/PP, dot\u00e9e de technologie europ\u00e9enne, syst\u00e8me servo \u00e9conome en \u00e9nergie, serrage stable, d\u00e9tection enti\u00e8rement automatique et faible taux de rebuts, id\u00e9ale pour les contenants de 5ml\u20131L.<\/p>","protected":false},"featured_media":448,"comment_status":"closed","ping_status":"closed","template":"","meta":{"_acf_changed":false},"product_brand":[],"product_cat":[23],"product_tag":[],"class_list":{"0":"post-445","1":"product","2":"type-product","3":"status-publish","4":"has-post-thumbnail","6":"product_cat-injection-blow-molding-machine","8":"first","9":"instock","10":"shipping-taxable","11":"purchasable","12":"product-type-simple"},"acf":[],"_links":{"self":[{"href":"https:\/\/www.beta-machine.com\/fr\/wp-json\/wp\/v2\/product\/445","targetHints":{"allow":["GET"]}}],"collection":[{"href":"https:\/\/www.beta-machine.com\/fr\/wp-json\/wp\/v2\/product"}],"about":[{"href":"https:\/\/www.beta-machine.com\/fr\/wp-json\/wp\/v2\/types\/product"}],"replies":[{"embeddable":true,"href":"https:\/\/www.beta-machine.com\/fr\/wp-json\/wp\/v2\/comments?post=445"}],"wp:featuredmedia":[{"embeddable":true,"href":"https:\/\/www.beta-machine.com\/fr\/wp-json\/wp\/v2\/media\/448"}],"wp:attachment":[{"href":"https:\/\/www.beta-machine.com\/fr\/wp-json\/wp\/v2\/media?parent=445"}],"wp:term":[{"taxonomy":"product_brand","embeddable":true,"href":"https:\/\/www.beta-machine.com\/fr\/wp-json\/wp\/v2\/product_brand?post=445"},{"taxonomy":"product_cat","embeddable":true,"href":"https:\/\/www.beta-machine.com\/fr\/wp-json\/wp\/v2\/product_cat?post=445"},{"taxonomy":"product_tag","embeddable":true,"href":"https:\/\/www.beta-machine.com\/fr\/wp-json\/wp\/v2\/product_tag?post=445"}],"curies":[{"name":"wp","href":"https:\/\/api.w.org\/{rel}","templated":true}]}}