{"id":457,"date":"2025-10-31T06:42:22","date_gmt":"2025-10-31T06:42:22","guid":{"rendered":"https:\/\/beta-machine.com\/?post_type=product&#038;p=457"},"modified":"2026-03-12T07:33:21","modified_gmt":"2026-03-12T07:33:21","slug":"high-speed-servo-energy-saving-injection-molding-machine-for-plastic-products","status":"publish","type":"product","link":"https:\/\/www.beta-machine.com\/fr\/high-speed-servo-energy-saving-injection-molding-machine-for-plastic-products-pd706818088\/","title":{"rendered":"Machine de moulage par injection \u00e0 haute vitesse, servo-entra\u00eenement et \u00e9conomie d\u2019\u00e9nergie pour produits plastiques"},"content":{"rendered":"<p><strong>Machine de moulage par injection \u00e0 haute vitesse, servo-entra\u00eenement et \u00e9conomie d\u2019\u00e9nergie pour produits plastiques<\/strong><\/p>\n<p>L\u2019\u00e9cran d\u2019affichage LCD de la machine pr\u00e9sente une grande clart\u00e9 et prend en charge les langues chinoise et anglaise pour une utilisation facile. La machine est \u00e9galement \u00e9quip\u00e9e d\u2019un syst\u00e8me de r\u00e9gulation de temp\u00e9rature PID en boucle ferm\u00e9e, assurant un contr\u00f4le de temp\u00e9rature haute pr\u00e9cision.<\/p>\n<div style=\"width: 800px;\" class=\"wp-video\"><video class=\"wp-video-shortcode\" id=\"video-457-1\" width=\"800\" height=\"450\" preload=\"metadata\" controls=\"controls\"><source type=\"video\/mp4\" src=\"https:\/\/beta-machine.com\/wp-content\/uploads\/2025\/10\/jiBklKnijmi-jmipKBilmnRjiSrqiloqpqjmrqr-e8827dfed2a54f0abe0242dbf5234ebf.mp4?_=1\" \/><a href=\"https:\/\/beta-machine.com\/wp-content\/uploads\/2025\/10\/jiBklKnijmi-jmipKBilmnRjiSrqiloqpqjmrqr-e8827dfed2a54f0abe0242dbf5234ebf.mp4\">https:\/\/beta-machine.com\/wp-content\/uploads\/2025\/10\/jiBklKnijmi-jmipKBilmnRjiSrqiloqpqjmrqr-e8827dfed2a54f0abe0242dbf5234ebf.mp4<\/a><\/video><\/div>\n<p>Le poste de commande de la presse \u00e0 injecter est \u00e9quip\u00e9 de deux dispositifs de s\u00e9curit\u00e9.<\/p>\n<div>La premi\u00e8re est la s\u00e9curit\u00e9 m\u00e9canique, qui assure la s\u00e9curit\u00e9 globale de la machine pendant le fonctionnement. La seconde est la s\u00e9curit\u00e9 \u00e9lectrique, qui prot\u00e8ge les op\u00e9rateurs de tout danger \u00e9lectrique potentiel. Ces mesures de s\u00e9curit\u00e9 sont mises en place pour donner la priorit\u00e9 \u00e0 la s\u00e9curit\u00e9 des op\u00e9rateurs.<\/div>\n<div><img fetchpriority=\"high\" decoding=\"async\" class=\"alignnone size-full wp-image-466\" src=\"https:\/\/beta-machine.com\/wp-content\/uploads\/2025\/10\/UN230.jpg\" alt=\"Clamping unit.\" width=\"2176\" height=\"1409\" srcset=\"https:\/\/www.beta-machine.com\/wp-content\/uploads\/2025\/10\/UN230.jpg 2176w, https:\/\/www.beta-machine.com\/wp-content\/uploads\/2025\/10\/UN230-600x389.jpg 600w, https:\/\/www.beta-machine.com\/wp-content\/uploads\/2025\/10\/UN230-300x194.jpg 300w, https:\/\/www.beta-machine.com\/wp-content\/uploads\/2025\/10\/UN230-1024x663.jpg 1024w, https:\/\/www.beta-machine.com\/wp-content\/uploads\/2025\/10\/UN230-768x497.jpg 768w, https:\/\/www.beta-machine.com\/wp-content\/uploads\/2025\/10\/UN230-1536x995.jpg 1536w, https:\/\/www.beta-machine.com\/wp-content\/uploads\/2025\/10\/UN230-2048x1326.jpg 2048w\" sizes=\"(max-width: 2176px) 100vw, 2176px\" \/><\/div>\n<div>\n<p><strong>1. Unit\u00e9 de serrage<\/strong><\/p>\n<p>* La s\u00e9rie Universe est \u00e9quip\u00e9e d\u2019une unit\u00e9 de fermeture \u00e0 rainure en T, permettant un changement de moules plus rapide.<\/p>\n<p>* Param\u00e8tres m\u00e9caniques tr\u00e8s grands, compatibles avec davantage de tailles de moules.<\/p>\n<div>* Structure d\u2019\u00e9jection europ\u00e9enne, maintenance facile du pion d\u2019\u00e9jection.<\/div>\n<div>* Guide de fermeture prolong\u00e9 et \u00e9largi garantit le fonctionnement fluide de la machine.<\/div>\n<p><strong><img decoding=\"async\" class=\"alignnone size-full wp-image-465\" src=\"https:\/\/beta-machine.com\/wp-content\/uploads\/2025\/10\/UN230-4.jpg\" alt=\"Injection unit\" width=\"749\" height=\"405\" srcset=\"https:\/\/www.beta-machine.com\/wp-content\/uploads\/2025\/10\/UN230-4.jpg 749w, https:\/\/www.beta-machine.com\/wp-content\/uploads\/2025\/10\/UN230-4-600x324.jpg 600w, https:\/\/www.beta-machine.com\/wp-content\/uploads\/2025\/10\/UN230-4-300x162.jpg 300w\" sizes=\"(max-width: 749px) 100vw, 749px\" \/><\/strong><\/p>\n<p>&nbsp;<\/p>\n<p><strong>2. Unit\u00e9 d\u2019injection<\/strong><\/p>\n<p>* L\u2019unit\u00e9 d\u2019injection de la s\u00e9rie Universe adopte une structure d\u2019injection fiable \u00e0 double couche \u00e9quip\u00e9e de deux tiges de guidage du cylindre d\u2019injection, utilis\u00e9e sur les machines \u00e0 haute vitesse. Ce syst\u00e8me am\u00e9liore consid\u00e9rablement la pr\u00e9cision d\u2019injection et la stabilit\u00e9 de charge.<\/p>\n<div>* La structure de d\u00e9placement de l\u2019unit\u00e9 d\u2019injection adopte des tiges guides \u00e0 haute rigidit\u00e9 et un double cylindre pour le d\u00e9placement du chariot. Cette structure pr\u00e9vient les fuites de mati\u00e8re lors de l\u2019injection \u00e0 haute vitesse et pression, ainsi que lors de la charge sous haute contre-pression.<\/div>\n<p><strong><img decoding=\"async\" class=\"alignnone size-full wp-image-463\" src=\"https:\/\/beta-machine.com\/wp-content\/uploads\/2025\/10\/UN230-1.jpg\" alt=\"Hydraulic System\" width=\"2202\" height=\"972\" srcset=\"https:\/\/www.beta-machine.com\/wp-content\/uploads\/2025\/10\/UN230-1.jpg 2202w, https:\/\/www.beta-machine.com\/wp-content\/uploads\/2025\/10\/UN230-1-600x265.jpg 600w, https:\/\/www.beta-machine.com\/wp-content\/uploads\/2025\/10\/UN230-1-300x132.jpg 300w, https:\/\/www.beta-machine.com\/wp-content\/uploads\/2025\/10\/UN230-1-1024x452.jpg 1024w, https:\/\/www.beta-machine.com\/wp-content\/uploads\/2025\/10\/UN230-1-768x339.jpg 768w, https:\/\/www.beta-machine.com\/wp-content\/uploads\/2025\/10\/UN230-1-1536x678.jpg 1536w, https:\/\/www.beta-machine.com\/wp-content\/uploads\/2025\/10\/UN230-1-2048x904.jpg 2048w\" sizes=\"(max-width: 2202px) 100vw, 2202px\" \/><\/strong><\/p>\n<p><strong>3. Syst\u00e8me hydraulique<\/strong><\/p>\n<p>* Technologie d\u2019entra\u00eenement haute efficacit\u00e9<\/p>\n<div>* La conception modulaire du bloc de vannes hydrauliques et la disposition hydraulique optimis\u00e9e permettent de r\u00e9duire efficacement les pertes de pression et d\u2019am\u00e9liorer la r\u00e9activit\u00e9.<\/div>\n<div>* Protection de l\u2019environnement<\/div>\n<p><img loading=\"lazy\" decoding=\"async\" class=\"alignnone size-full wp-image-464\" src=\"https:\/\/beta-machine.com\/wp-content\/uploads\/2025\/10\/UN230-3.jpg\" alt=\"Control system\" width=\"922\" height=\"628\" srcset=\"https:\/\/www.beta-machine.com\/wp-content\/uploads\/2025\/10\/UN230-3.jpg 922w, https:\/\/www.beta-machine.com\/wp-content\/uploads\/2025\/10\/UN230-3-600x409.jpg 600w, https:\/\/www.beta-machine.com\/wp-content\/uploads\/2025\/10\/UN230-3-300x204.jpg 300w, https:\/\/www.beta-machine.com\/wp-content\/uploads\/2025\/10\/UN230-3-768x523.jpg 768w\" sizes=\"(max-width: 922px) 100vw, 922px\" \/><\/p>\n<p><strong>4. Syst\u00e8me de commande<\/strong><\/p>\n<p>* Le syst\u00e8me de contr\u00f4le fiable et intelligent facilite le moulage rapide de haute pr\u00e9cision.<\/p>\n<div>* La puissante fonction de contr\u00f4le logiciel permet de r\u00e9aliser le complexe processus d\u2019injection par une op\u00e9ration simple.<\/div>\n<\/div>","protected":false},"excerpt":{"rendered":"<p>La machine de moulage par injection haute efficacit\u00e9 et \u00e9conomie d\u2019\u00e9nergie utilise un contr\u00f4le proportionnel de la pression et du d\u00e9bit, permettant de r\u00e9gler la pression et la vitesse. Cela induit une courbe de mouvement stable et un choc doux pendant le fonctionnement. L\u2019ordinateur utilis\u00e9 dans la machine est import\u00e9 de la gamme industrielle, assurant une haute qualit\u00e9 et fiabilit\u00e9.<\/p>","protected":false},"featured_media":473,"comment_status":"closed","ping_status":"closed","template":"","meta":{"_acf_changed":false},"product_brand":[],"product_cat":[33],"product_tag":[],"class_list":{"0":"post-457","1":"product","2":"type-product","3":"status-publish","4":"has-post-thumbnail","6":"product_cat-servo-energy-saving-injection-molding-machine","8":"first","9":"instock","10":"shipping-taxable","11":"purchasable","12":"product-type-variable"},"acf":[],"_links":{"self":[{"href":"https:\/\/www.beta-machine.com\/fr\/wp-json\/wp\/v2\/product\/457","targetHints":{"allow":["GET"]}}],"collection":[{"href":"https:\/\/www.beta-machine.com\/fr\/wp-json\/wp\/v2\/product"}],"about":[{"href":"https:\/\/www.beta-machine.com\/fr\/wp-json\/wp\/v2\/types\/product"}],"replies":[{"embeddable":true,"href":"https:\/\/www.beta-machine.com\/fr\/wp-json\/wp\/v2\/comments?post=457"}],"wp:featuredmedia":[{"embeddable":true,"href":"https:\/\/www.beta-machine.com\/fr\/wp-json\/wp\/v2\/media\/473"}],"wp:attachment":[{"href":"https:\/\/www.beta-machine.com\/fr\/wp-json\/wp\/v2\/media?parent=457"}],"wp:term":[{"taxonomy":"product_brand","embeddable":true,"href":"https:\/\/www.beta-machine.com\/fr\/wp-json\/wp\/v2\/product_brand?post=457"},{"taxonomy":"product_cat","embeddable":true,"href":"https:\/\/www.beta-machine.com\/fr\/wp-json\/wp\/v2\/product_cat?post=457"},{"taxonomy":"product_tag","embeddable":true,"href":"https:\/\/www.beta-machine.com\/fr\/wp-json\/wp\/v2\/product_tag?post=457"}],"curies":[{"name":"wp","href":"https:\/\/api.w.org\/{rel}","templated":true}]}}