{"id":485,"date":"2025-10-31T07:25:19","date_gmt":"2025-10-31T07:25:19","guid":{"rendered":"https:\/\/beta-machine.com\/?post_type=product&#038;p=485"},"modified":"2026-03-12T07:31:42","modified_gmt":"2026-03-12T07:31:42","slug":"automatic-servo-type-plastic-beverage-drink-bottle-tube-pet-preform-making-injection-molding-machine","status":"publish","type":"product","link":"https:\/\/www.beta-machine.com\/fr\/automatic-servo-type-plastic-beverage-drink-bottle-tube-pet-preform-making-injection-molding-machine-pd770346088\/","title":{"rendered":"Presse \u00e0 injecter automatique de type servo pour la fabrication de pr\u00e9formes de PET pour bouteilles et tubes de boissons plastiques"},"content":{"rendered":"<p><strong>Presse \u00e0 injecter automatique de type servo pour la fabrication de pr\u00e9formes de PET pour bouteilles et tubes de boissons plastiques<\/strong><\/p>\n<div style=\"width: 800px;\" class=\"wp-video\"><video class=\"wp-video-shortcode\" id=\"video-485-1\" width=\"800\" height=\"450\" preload=\"metadata\" controls=\"controls\"><source type=\"video\/mp4\" src=\"https:\/\/beta-machine.com\/wp-content\/uploads\/2025\/10\/jiBklKnijmi-jmipKBilmnRjiSrqiloqpqjmrqr-e8827dfed2a54f0abe0242dbf5234ebf.mp4?_=1\" \/><a href=\"https:\/\/beta-machine.com\/wp-content\/uploads\/2025\/10\/jiBklKnijmi-jmipKBilmnRjiSrqiloqpqjmrqr-e8827dfed2a54f0abe0242dbf5234ebf.mp4\">https:\/\/beta-machine.com\/wp-content\/uploads\/2025\/10\/jiBklKnijmi-jmipKBilmnRjiSrqiloqpqjmrqr-e8827dfed2a54f0abe0242dbf5234ebf.mp4<\/a><\/video><\/div>\n<p>La machine de moulage par injection est \u00e9quip\u00e9e d'un \u00e9cran LCD haute d\u00e9finition qui fournit des images claires et prend en charge les langues chinois et anglais, facilitant son utilisation. Par ailleurs, la machine dispose d'un syst\u00e8me de contr\u00f4le de temp\u00e9rature PID en boucle ferm\u00e9e permettant une r\u00e9gulation pr\u00e9cise de la temp\u00e9rature.<\/p>\n<p>En mati\u00e8re de s\u00e9curit\u00e9, le poste de commande de la machine est \u00e9quip\u00e9 de deux mesures de protection. La premi\u00e8re assure la s\u00e9curit\u00e9 g\u00e9n\u00e9rale de la machine pendant son fonctionnement, tandis que la seconde est d\u00e9di\u00e9e \u00e0 la s\u00e9curit\u00e9 \u00e9lectrique pour prot\u00e9ger les op\u00e9rateurs des risques \u00e9lectriques potentiels. Ces mesures de s\u00e9curit\u00e9 sont mises en place afin de prioriser le bien-\u00eatre et la s\u00e9curit\u00e9 des op\u00e9rateurs.<\/p>\n<p><b>Pr\u00e9sentation du produit<\/b><\/p>\n<div><img fetchpriority=\"high\" decoding=\"async\" class=\"alignnone size-full wp-image-466\" src=\"https:\/\/beta-machine.com\/wp-content\/uploads\/2025\/10\/UN230.jpg\" alt=\"Clamping unit.\" width=\"2176\" height=\"1409\" srcset=\"https:\/\/www.beta-machine.com\/wp-content\/uploads\/2025\/10\/UN230.jpg 2176w, https:\/\/www.beta-machine.com\/wp-content\/uploads\/2025\/10\/UN230-600x389.jpg 600w, https:\/\/www.beta-machine.com\/wp-content\/uploads\/2025\/10\/UN230-300x194.jpg 300w, https:\/\/www.beta-machine.com\/wp-content\/uploads\/2025\/10\/UN230-1024x663.jpg 1024w, https:\/\/www.beta-machine.com\/wp-content\/uploads\/2025\/10\/UN230-768x497.jpg 768w, https:\/\/www.beta-machine.com\/wp-content\/uploads\/2025\/10\/UN230-1536x995.jpg 1536w, https:\/\/www.beta-machine.com\/wp-content\/uploads\/2025\/10\/UN230-2048x1326.jpg 2048w\" sizes=\"(max-width: 2176px) 100vw, 2176px\" \/><\/div>\n<div>\n<p><strong>1. Unit\u00e9 de serrage<\/strong><\/p>\n<p>* La s\u00e9rie Universe est \u00e9quip\u00e9e d'une unit\u00e9 de serrage \u00e0 encoches en T, permettant des changements de moule plus rapides et efficaces.<\/p>\n<p>* Gr\u00e2ce \u00e0 ses param\u00e8tres m\u00e9caniques sup\u00e9rieurs, la s\u00e9rie Universe peut accueillir une gamme plus large de tailles de moules.<\/p>\n<p>* Dot\u00e9 d\u2019une structure d\u2019\u00e9jection europ\u00e9enne, la broche d\u2019\u00e9jection de la machine est facile \u00e0 entretenir.<\/p>\n<p>* Le guide de serrage prolong\u00e9 et \u00e9largi assure le fonctionnement fluide de la machine.<\/p>\n<p>&nbsp;<\/p>\n<p><img decoding=\"async\" class=\"alignnone size-full wp-image-495\" src=\"https:\/\/beta-machine.com\/wp-content\/uploads\/2025\/10\/160A3738.jpg\" alt=\"\" width=\"800\" height=\"800\" srcset=\"https:\/\/www.beta-machine.com\/wp-content\/uploads\/2025\/10\/160A3738.jpg 800w, https:\/\/www.beta-machine.com\/wp-content\/uploads\/2025\/10\/160A3738-300x300.jpg 300w, https:\/\/www.beta-machine.com\/wp-content\/uploads\/2025\/10\/160A3738-100x100.jpg 100w, https:\/\/www.beta-machine.com\/wp-content\/uploads\/2025\/10\/160A3738-600x600.jpg 600w, https:\/\/www.beta-machine.com\/wp-content\/uploads\/2025\/10\/160A3738-150x150.jpg 150w, https:\/\/www.beta-machine.com\/wp-content\/uploads\/2025\/10\/160A3738-768x768.jpg 768w\" sizes=\"(max-width: 800px) 100vw, 800px\" \/><\/p>\n<p><strong>2. Unit\u00e9 d\u2019injection<\/strong><\/p>\n<p>La machine de moulage par injection de la s\u00e9rie Universe est \u00e9quip\u00e9e d\u2019une structure d\u2019injection fiable \u00e0 double couche dans son unit\u00e9 d\u2019injection. Cette structure int\u00e8gre deux tiges de guidage du cylindre d\u2019injection, g\u00e9n\u00e9ralement utilis\u00e9es sur les machines \u00e0 haute vitesse. Gr\u00e2ce \u00e0 ce syst\u00e8me, la pr\u00e9cision d\u2019injection et la stabilit\u00e9 de charge sont consid\u00e9rablement am\u00e9lior\u00e9es.<\/p>\n<p>Pour assurer un fonctionnement sans interruption, la structure de d\u00e9placement de l\u2019unit\u00e9 d\u2019injection est dot\u00e9e d\u2019un design de tige guide \u00e0 haute rigidit\u00e9, ainsi que d\u2019une structure \u00e0 double cylindre pour le d\u00e9placement du chariot. Cette structure pr\u00e9vient efficacement les fuites de mati\u00e8re lors de l\u2019injection \u00e0 haute vitesse et haute pression, ainsi que lors de la charge sous haute contre-pression.<\/p>\n<p><strong><img decoding=\"async\" class=\"alignnone size-full wp-image-463\" src=\"https:\/\/beta-machine.com\/wp-content\/uploads\/2025\/10\/UN230-1.jpg\" alt=\"Hydraulic System\" width=\"2202\" height=\"972\" srcset=\"https:\/\/www.beta-machine.com\/wp-content\/uploads\/2025\/10\/UN230-1.jpg 2202w, https:\/\/www.beta-machine.com\/wp-content\/uploads\/2025\/10\/UN230-1-600x265.jpg 600w, https:\/\/www.beta-machine.com\/wp-content\/uploads\/2025\/10\/UN230-1-300x132.jpg 300w, https:\/\/www.beta-machine.com\/wp-content\/uploads\/2025\/10\/UN230-1-1024x452.jpg 1024w, https:\/\/www.beta-machine.com\/wp-content\/uploads\/2025\/10\/UN230-1-768x339.jpg 768w, https:\/\/www.beta-machine.com\/wp-content\/uploads\/2025\/10\/UN230-1-1536x678.jpg 1536w, https:\/\/www.beta-machine.com\/wp-content\/uploads\/2025\/10\/UN230-1-2048x904.jpg 2048w\" sizes=\"(max-width: 2202px) 100vw, 2202px\" \/><\/strong><\/p>\n<p><strong>3. Syst\u00e8me hydraulique<\/strong><\/p>\n<p>La machine de moulage par injection de la s\u00e9rie Universe est \u00e9quip\u00e9e d\u2019une technologie d\u2019entra\u00eenement avanc\u00e9e, ce qui am\u00e9liore consid\u00e9rablement son efficacit\u00e9. Cette technologie r\u00e9duit non seulement la consommation d\u2019\u00e9nergie, mais aussi les d\u00e9chets, ce qui en fait une option plus respectueuse de l\u2019environnement.<\/p>\n<p>Par ailleurs, le bloc de vannes hydrauliques de la machine est con\u00e7u de mani\u00e8re modulaire et son sch\u00e9ma hydraulique est optimis\u00e9. Ces caract\u00e9ristiques contribuent \u00e0 r\u00e9duire les pertes de pression et \u00e0 am\u00e9liorer la r\u00e9activit\u00e9 de la machine. Ainsi, les processus de moulage par injection sont plus rapides et plus pr\u00e9cis, ce qui se traduit par une productivit\u00e9 accrue et une r\u00e9duction des d\u00e9chets de mati\u00e8re.<\/p>\n<p>Outre son efficacit\u00e9, la machine est \u00e9galement con\u00e7ue dans un souci de protection de l\u2019environnement. Elle int\u00e8gre diverses fonctionnalit\u00e9s et technologies d\u2019\u00e9conomie d\u2019\u00e9nergie qui r\u00e9duisent consid\u00e9rablement la consommation d\u2019\u00e9nergie et les \u00e9missions de carbone. Cela b\u00e9n\u00e9ficie non seulement \u00e0 l\u2019environnement, mais aussi \u00e0 la r\u00e9duction des co\u00fbts d\u2019exploitation pour l\u2019utilisateur.<\/p>\n<p><img loading=\"lazy\" decoding=\"async\" class=\"alignnone size-full wp-image-464\" src=\"https:\/\/beta-machine.com\/wp-content\/uploads\/2025\/10\/UN230-3.jpg\" alt=\"Control system\" width=\"922\" height=\"628\" srcset=\"https:\/\/www.beta-machine.com\/wp-content\/uploads\/2025\/10\/UN230-3.jpg 922w, https:\/\/www.beta-machine.com\/wp-content\/uploads\/2025\/10\/UN230-3-600x409.jpg 600w, https:\/\/www.beta-machine.com\/wp-content\/uploads\/2025\/10\/UN230-3-300x204.jpg 300w, https:\/\/www.beta-machine.com\/wp-content\/uploads\/2025\/10\/UN230-3-768x523.jpg 768w\" sizes=\"(max-width: 922px) 100vw, 922px\" \/><\/p>\n<p><strong>4. Syst\u00e8me de commande<\/strong><\/p>\n<p>* Gr\u00e2ce \u00e0 un syst\u00e8me de commande fiable et intelligent, r\u00e9aliser un moulage rapide de haute pr\u00e9cision devient simple.<\/p>\n<p>* Cette fonction de commande par logiciel avanc\u00e9e simplifie le processus complexe de moulage par injection, le rendant r\u00e9alisable avec des op\u00e9rations simples.<\/p>\n<p>&nbsp;<\/p>\n<p><strong>5. Produits finis<\/strong><\/p>\n<p><img loading=\"lazy\" decoding=\"async\" class=\"alignnone size-full wp-image-317\" src=\"https:\/\/www.beta-machine.com\/wp-content\/uploads\/2025\/10\/Bottle-Mould-Models.jpg\" alt=\"\" width=\"984\" height=\"671\" srcset=\"https:\/\/www.beta-machine.com\/wp-content\/uploads\/2025\/10\/Bottle-Mould-Models.jpg 984w, https:\/\/www.beta-machine.com\/wp-content\/uploads\/2025\/10\/Bottle-Mould-Models-600x409.jpg 600w, https:\/\/www.beta-machine.com\/wp-content\/uploads\/2025\/10\/Bottle-Mould-Models-300x205.jpg 300w, https:\/\/www.beta-machine.com\/wp-content\/uploads\/2025\/10\/Bottle-Mould-Models-768x524.jpg 768w\" sizes=\"(max-width: 984px) 100vw, 984px\" \/><\/p>\n<\/div>","protected":false},"excerpt":{"rendered":"<p>La presse \u00e0 injecter haute efficacit\u00e9 et \u00e9conome en \u00e9nergie est sp\u00e9cialement con\u00e7ue pour optimiser la consommation \u00e9nerg\u00e9tique et minimiser les d\u00e9chets. Ceci est r\u00e9alis\u00e9 gr\u00e2ce \u00e0 la technologie de contr\u00f4le proportionnel de la pression et du d\u00e9bit, qui permet de r\u00e9gler la pression et la vitesse pendant le fonctionnement. En contr\u00f4lant ces param\u00e8tres avec pr\u00e9cision, la machine atteint une efficacit\u00e9 optimale et r\u00e9duit la consommation \u00e9nerg\u00e9tique inutile, ce qui se traduit par des \u00e9conomies d\u2019\u00e9nergie importantes et une r\u00e9duction des d\u00e9chets.<\/p>","protected":false},"featured_media":493,"comment_status":"closed","ping_status":"closed","template":"","meta":{"_acf_changed":false},"product_brand":[],"product_cat":[33],"product_tag":[],"class_list":{"0":"post-485","1":"product","2":"type-product","3":"status-publish","4":"has-post-thumbnail","6":"product_cat-servo-energy-saving-injection-molding-machine","8":"first","9":"instock","10":"shipping-taxable","11":"purchasable","12":"product-type-variable"},"acf":[],"_links":{"self":[{"href":"https:\/\/www.beta-machine.com\/fr\/wp-json\/wp\/v2\/product\/485","targetHints":{"allow":["GET"]}}],"collection":[{"href":"https:\/\/www.beta-machine.com\/fr\/wp-json\/wp\/v2\/product"}],"about":[{"href":"https:\/\/www.beta-machine.com\/fr\/wp-json\/wp\/v2\/types\/product"}],"replies":[{"embeddable":true,"href":"https:\/\/www.beta-machine.com\/fr\/wp-json\/wp\/v2\/comments?post=485"}],"wp:featuredmedia":[{"embeddable":true,"href":"https:\/\/www.beta-machine.com\/fr\/wp-json\/wp\/v2\/media\/493"}],"wp:attachment":[{"href":"https:\/\/www.beta-machine.com\/fr\/wp-json\/wp\/v2\/media?parent=485"}],"wp:term":[{"taxonomy":"product_brand","embeddable":true,"href":"https:\/\/www.beta-machine.com\/fr\/wp-json\/wp\/v2\/product_brand?post=485"},{"taxonomy":"product_cat","embeddable":true,"href":"https:\/\/www.beta-machine.com\/fr\/wp-json\/wp\/v2\/product_cat?post=485"},{"taxonomy":"product_tag","embeddable":true,"href":"https:\/\/www.beta-machine.com\/fr\/wp-json\/wp\/v2\/product_tag?post=485"}],"curies":[{"name":"wp","href":"https:\/\/api.w.org\/{rel}","templated":true}]}}