{"id":497,"date":"2025-10-31T07:35:30","date_gmt":"2025-10-31T07:35:30","guid":{"rendered":"https:\/\/beta-machine.com\/?post_type=product&#038;p=497"},"modified":"2026-03-12T07:02:48","modified_gmt":"2026-03-12T07:02:48","slug":"factory-direct-servo-type-pet-preform-small-bottle-capsule-plastic-injection-molding-machines","status":"publish","type":"product","link":"https:\/\/www.beta-machine.com\/fr\/factory-direct-servo-type-pet-preform-small-bottle-capsule-plastic-injection-molding-machines-pd706146088\/","title":{"rendered":"Presse \u00e0 injecter plastique servo pour pr\u00e9formes PET, petits bouchons et capsules, fourniture directe usine"},"content":{"rendered":"<p><strong>Presse \u00e0 injecter plastique servo pour pr\u00e9formes PET, petits bouchons et capsules, fourniture directe usine<\/strong><\/p>\n<div style=\"width: 800px;\" class=\"wp-video\"><video class=\"wp-video-shortcode\" id=\"video-497-1\" width=\"800\" height=\"450\" preload=\"metadata\" controls=\"controls\"><source type=\"video\/mp4\" src=\"https:\/\/beta-machine.com\/wp-content\/uploads\/2025\/10\/jiBklKnijmi-jmipKBilmnRjiSrqiloqpqjmrqr-e8827dfed2a54f0abe0242dbf5234ebf.mp4?_=1\" \/><a href=\"https:\/\/beta-machine.com\/wp-content\/uploads\/2025\/10\/jiBklKnijmi-jmipKBilmnRjiSrqiloqpqjmrqr-e8827dfed2a54f0abe0242dbf5234ebf.mp4\">https:\/\/beta-machine.com\/wp-content\/uploads\/2025\/10\/jiBklKnijmi-jmipKBilmnRjiSrqiloqpqjmrqr-e8827dfed2a54f0abe0242dbf5234ebf.mp4<\/a><\/video><\/div>\n<p>La presse \u00e0 injecter est \u00e9quip\u00e9e d\u2019un \u00e9cran LCD haute d\u00e9finition offrant une image claire et prenant en charge les langues chinoise et anglaise, pour une utilisation plus conviviale. Elle dispose \u00e9galement d\u2019un syst\u00e8me de r\u00e9gulation de temp\u00e9rature PID en boucle ferm\u00e9e, assurant un contr\u00f4le thermique pr\u00e9cis.<\/p>\n<p>Pour assurer la s\u00e9curit\u00e9, le poste de commande de la machine int\u00e8gre deux dispositifs de protection. Le premier est ax\u00e9 sur la s\u00e9curit\u00e9 m\u00e9canique, garantissant la s\u00e9curit\u00e9 globale pendant le fonctionnement. Le second priorise la s\u00e9curit\u00e9 \u00e9lectrique, prot\u00e9geant les op\u00e9rateurs des dangers \u00e9lectriques potentiels. Ces mesures de s\u00e9curit\u00e9 sont mises en place pour privil\u00e9gier le bien-\u00eatre et la protection des op\u00e9rateurs.<\/p>\n<div><strong>Description de la production<\/strong><\/div>\n<div><strong><img fetchpriority=\"high\" decoding=\"async\" class=\"alignnone size-full wp-image-465\" src=\"https:\/\/beta-machine.com\/wp-content\/uploads\/2025\/10\/UN230-4.jpg\" alt=\"Injection unit\" width=\"749\" height=\"405\" srcset=\"https:\/\/www.beta-machine.com\/wp-content\/uploads\/2025\/10\/UN230-4.jpg 749w, https:\/\/www.beta-machine.com\/wp-content\/uploads\/2025\/10\/UN230-4-600x324.jpg 600w, https:\/\/www.beta-machine.com\/wp-content\/uploads\/2025\/10\/UN230-4-300x162.jpg 300w\" sizes=\"(max-width: 749px) 100vw, 749px\" \/><\/strong><\/div>\n<div>\n<p><strong>1. Groupe d\u2019injection<\/strong><\/p>\n<p>1- La presse \u00e0 injecter de la s\u00e9rie UNiverse adopte une structure d\u2019injection bicouche pour son groupe d\u2019injection, \u00e9quip\u00e9e d\u2019un cylindre d\u2019injection \u00e0 double tige saillante.<\/p>\n<p>2- Cette conception est couramment utilis\u00e9e sur les machines \u00e0 haute vitesse et am\u00e9liore consid\u00e9rablement la pr\u00e9cision d\u2019injection et la stabilit\u00e9 de chargement.<\/p>\n<p>3- La structure de mouvement du groupe d\u2019injection est \u00e9quip\u00e9e de tiges guide \u00e0 haute rigidit\u00e9 et d\u2019une structure \u00e0 double cylindre pour le d\u00e9placement du chariot.<\/p>\n<p>4- Cette conception pr\u00e9vient efficacement les fuites de mati\u00e8re lors de l\u2019injection \u00e0 haute vitesse et haute pression, ainsi que le chargement sous haute contre-pression.<\/p>\n<p><img decoding=\"async\" class=\"alignnone size-full wp-image-506\" src=\"https:\/\/beta-machine.com\/wp-content\/uploads\/2025\/10\/160A3657.jpg\" alt=\"\" width=\"1000\" height=\"1000\" srcset=\"https:\/\/www.beta-machine.com\/wp-content\/uploads\/2025\/10\/160A3657.jpg 1000w, https:\/\/www.beta-machine.com\/wp-content\/uploads\/2025\/10\/160A3657-300x300.jpg 300w, https:\/\/www.beta-machine.com\/wp-content\/uploads\/2025\/10\/160A3657-100x100.jpg 100w, https:\/\/www.beta-machine.com\/wp-content\/uploads\/2025\/10\/160A3657-600x600.jpg 600w, https:\/\/www.beta-machine.com\/wp-content\/uploads\/2025\/10\/160A3657-150x150.jpg 150w, https:\/\/www.beta-machine.com\/wp-content\/uploads\/2025\/10\/160A3657-768x768.jpg 768w\" sizes=\"(max-width: 1000px) 100vw, 1000px\" \/><\/p>\n<p><strong>2. Groupe de fermeture<\/strong><\/p>\n<div>\n<div>\n<p>1- La presse \u00e0 injecter de la s\u00e9rie UNiverse est \u00e9quip\u00e9e d\u2019un groupe de fermeture \u00e0 encoches en T, permettant des changements de moule rapides et efficaces.<\/p>\n<p>2- Gr\u00e2ce \u00e0 ses param\u00e8tres m\u00e9caniques impressionnants, la s\u00e9rie UNiverse peut accueillir des moules de diff\u00e9rentes tailles, offrant polyvalence et adaptabilit\u00e9 dans la fabrication.<\/p>\n<p>3- La machine int\u00e8gre une structure d\u2019\u00e9jection europ\u00e9enne, simplifiant la maintenance du poussoir pour un entretien facile.<\/p>\n<p>4- Par ailleurs, la s\u00e9rie UNiverse est dot\u00e9e d\u2019un guide de fermeture prolong\u00e9 et \u00e9largi, assurant un fonctionnement fluide et fiable de la machine tout au long du processus de moulage.<\/p>\n<\/div>\n<\/div>\n<p><img decoding=\"async\" class=\"alignnone size-full wp-image-463\" src=\"https:\/\/beta-machine.com\/wp-content\/uploads\/2025\/10\/UN230-1.jpg\" alt=\"Hydraulic System\" width=\"2202\" height=\"972\" srcset=\"https:\/\/www.beta-machine.com\/wp-content\/uploads\/2025\/10\/UN230-1.jpg 2202w, https:\/\/www.beta-machine.com\/wp-content\/uploads\/2025\/10\/UN230-1-600x265.jpg 600w, https:\/\/www.beta-machine.com\/wp-content\/uploads\/2025\/10\/UN230-1-300x132.jpg 300w, https:\/\/www.beta-machine.com\/wp-content\/uploads\/2025\/10\/UN230-1-1024x452.jpg 1024w, https:\/\/www.beta-machine.com\/wp-content\/uploads\/2025\/10\/UN230-1-768x339.jpg 768w, https:\/\/www.beta-machine.com\/wp-content\/uploads\/2025\/10\/UN230-1-1536x678.jpg 1536w, https:\/\/www.beta-machine.com\/wp-content\/uploads\/2025\/10\/UN230-1-2048x904.jpg 2048w\" sizes=\"(max-width: 2202px) 100vw, 2202px\" \/><\/p>\n<p><strong>3. Syst\u00e8me hydraulique<\/strong><\/p>\n<div>\n<p>1- La presse \u00e0 injecter int\u00e8gre \u00e9galement une technologie d\u2019entra\u00eenement avanc\u00e9e, am\u00e9liorant son efficacit\u00e9 globale. Cette technologie r\u00e9duit efficacement la consommation d\u2019\u00e9nergie et minimise les d\u00e9chets, ce qui en fait une option plus respectueuse de l\u2019environnement.<\/p>\n<p>2- Par ailleurs, le plateau de valves hydrauliques de la machine est de conception modulaire, avec une disposition hydraulique optimis\u00e9e. Cette conception permet de minimiser les pertes de pression et d\u2019am\u00e9liorer la r\u00e9activit\u00e9 durant le processus d\u2019injection. Par cons\u00e9quent, la machine r\u00e9alise une moulage plus rapide et plus pr\u00e9cis, augmentant la productivit\u00e9 et r\u00e9duisant le gaspillage de mati\u00e8re.<\/p>\n<p>3- Par ailleurs, la machine accorde la priorit\u00e9 \u00e0 la protection de l\u2019environnement en int\u00e9grant des fonctionnalit\u00e9s et technologies d\u2019\u00e9conomie d\u2019\u00e9nergie. Ces mesures minimisent efficacement la consommation d\u2019\u00e9nergie et r\u00e9duisent les \u00e9missions de carbone. Cela b\u00e9n\u00e9ficie non seulement \u00e0 l\u2019environnement, mais aussi \u00e0 la r\u00e9duction des co\u00fbts d\u2019exploitation pour l\u2019utilisateur.<\/p>\n<p><img loading=\"lazy\" decoding=\"async\" class=\"alignnone size-full wp-image-507\" src=\"https:\/\/beta-machine.com\/wp-content\/uploads\/2025\/10\/2.jpg\" alt=\"\" width=\"2034\" height=\"584\" srcset=\"https:\/\/www.beta-machine.com\/wp-content\/uploads\/2025\/10\/2.jpg 2034w, https:\/\/www.beta-machine.com\/wp-content\/uploads\/2025\/10\/2-600x172.jpg 600w, https:\/\/www.beta-machine.com\/wp-content\/uploads\/2025\/10\/2-300x86.jpg 300w, https:\/\/www.beta-machine.com\/wp-content\/uploads\/2025\/10\/2-1024x294.jpg 1024w, https:\/\/www.beta-machine.com\/wp-content\/uploads\/2025\/10\/2-768x221.jpg 768w, https:\/\/www.beta-machine.com\/wp-content\/uploads\/2025\/10\/2-1536x441.jpg 1536w\" sizes=\"(max-width: 2034px) 100vw, 2034px\" \/> <img loading=\"lazy\" decoding=\"async\" class=\"alignnone size-full wp-image-508\" src=\"https:\/\/beta-machine.com\/wp-content\/uploads\/2025\/10\/samples.jpg\" alt=\"\" width=\"750\" height=\"188\" srcset=\"https:\/\/www.beta-machine.com\/wp-content\/uploads\/2025\/10\/samples.jpg 750w, https:\/\/www.beta-machine.com\/wp-content\/uploads\/2025\/10\/samples-600x150.jpg 600w, https:\/\/www.beta-machine.com\/wp-content\/uploads\/2025\/10\/samples-300x75.jpg 300w\" sizes=\"(max-width: 750px) 100vw, 750px\" \/><\/p>\n<p><strong>4. Produits finaux<\/strong><\/p>\n<\/div>\n<\/div>","protected":false},"excerpt":{"rendered":"<p>La presse \u00e0 injecter haute efficacit\u00e9 et \u00e9conome en \u00e9nergie est \u00e9quip\u00e9e d\u2019une r\u00e9gulation proportionnelle de la pression et du d\u00e9bit, permettant d\u2019ajuster la pression et la vitesse pendant le fonctionnement. Cette caract\u00e9ristique assure une courbe de mouvement stable et minimise les chocs, pour des processus de moulage plus fluides et plus pr\u00e9cis.<\/p>","protected":false},"featured_media":509,"comment_status":"closed","ping_status":"closed","template":"","meta":{"_acf_changed":false},"product_brand":[],"product_cat":[33],"product_tag":[],"class_list":{"0":"post-497","1":"product","2":"type-product","3":"status-publish","4":"has-post-thumbnail","6":"product_cat-servo-energy-saving-injection-molding-machine","8":"first","9":"instock","10":"shipping-taxable","11":"purchasable","12":"product-type-variable"},"acf":[],"_links":{"self":[{"href":"https:\/\/www.beta-machine.com\/fr\/wp-json\/wp\/v2\/product\/497","targetHints":{"allow":["GET"]}}],"collection":[{"href":"https:\/\/www.beta-machine.com\/fr\/wp-json\/wp\/v2\/product"}],"about":[{"href":"https:\/\/www.beta-machine.com\/fr\/wp-json\/wp\/v2\/types\/product"}],"replies":[{"embeddable":true,"href":"https:\/\/www.beta-machine.com\/fr\/wp-json\/wp\/v2\/comments?post=497"}],"wp:featuredmedia":[{"embeddable":true,"href":"https:\/\/www.beta-machine.com\/fr\/wp-json\/wp\/v2\/media\/509"}],"wp:attachment":[{"href":"https:\/\/www.beta-machine.com\/fr\/wp-json\/wp\/v2\/media?parent=497"}],"wp:term":[{"taxonomy":"product_brand","embeddable":true,"href":"https:\/\/www.beta-machine.com\/fr\/wp-json\/wp\/v2\/product_brand?post=497"},{"taxonomy":"product_cat","embeddable":true,"href":"https:\/\/www.beta-machine.com\/fr\/wp-json\/wp\/v2\/product_cat?post=497"},{"taxonomy":"product_tag","embeddable":true,"href":"https:\/\/www.beta-machine.com\/fr\/wp-json\/wp\/v2\/product_tag?post=497"}],"curies":[{"name":"wp","href":"https:\/\/api.w.org\/{rel}","templated":true}]}}