{"id":510,"date":"2025-10-31T07:48:19","date_gmt":"2025-10-31T07:48:19","guid":{"rendered":"https:\/\/beta-machine.com\/?post_type=product&#038;p=510"},"modified":"2025-10-31T07:48:29","modified_gmt":"2025-10-31T07:48:29","slug":"low-price-high-quality-standard-injection-molding-machine-for-plastic-productions","status":"publish","type":"product","link":"https:\/\/www.beta-machine.com\/fr\/low-price-high-quality-standard-injection-molding-machine-for-plastic-productions-pd726034388\/","title":{"rendered":"Presse \u00e0 injecter standard de haute qualit\u00e9 et \u00e0 bas prix pour la production de produits en plastique"},"content":{"rendered":"<p><strong>Presse \u00e0 injecter standard de haute qualit\u00e9 et \u00e0 bas prix pour la production de produits en plastique<\/strong><\/p>\n<p>La presse \u00e0 injecter utilise une r\u00e9gulation proportionnelle de la pression et du d\u00e9bit, permettant un r\u00e9glage de la pression et de la vitesse. Cela assure une courbe de mouvement stable et une faible vibration pendant le fonctionnement. L\u2019ordinateur industriel utilis\u00e9 dans la machine est import\u00e9, garantissant une haute qualit\u00e9 et une grande fiabilit\u00e9.<\/p>\n<p>&nbsp;<\/p>\n<p>L\u2019\u00e9cran d\u2019affichage LCD de la machine pr\u00e9sente une grande clart\u00e9 et prend en charge les langues chinoise et anglaise pour une utilisation facile. La machine est \u00e9galement \u00e9quip\u00e9e d\u2019un syst\u00e8me de r\u00e9gulation de temp\u00e9rature PID en boucle ferm\u00e9e, assurant un contr\u00f4le de temp\u00e9rature haute pr\u00e9cision.<\/p>\n<p>&nbsp;<\/p>\n<p>Le poste de commande de la presse \u00e0 injecter est \u00e9quip\u00e9 de deux dispositifs de s\u00e9curit\u00e9.<\/p>\n<p>La premi\u00e8re est la s\u00e9curit\u00e9 m\u00e9canique, qui assure la s\u00e9curit\u00e9 globale de la machine pendant le fonctionnement. La seconde est la s\u00e9curit\u00e9 \u00e9lectrique, qui prot\u00e8ge les op\u00e9rateurs de tout danger \u00e9lectrique potentiel. Ces mesures de s\u00e9curit\u00e9 sont mises en place pour donner la priorit\u00e9 \u00e0 la s\u00e9curit\u00e9 des op\u00e9rateurs.<\/p>","protected":false},"excerpt":{"rendered":"<p>Low Price High Quality Standard Injection Molding Machine For Plastic Productions The injection molding machine utilizes proportional pressure and flow control, allowing for adjustable pressure and speed. This results in a stable movement curve and gentle shock during operation. The computer used in the machine is imported from the Industry family, ensuring high quality and [&hellip;]<\/p>\n","protected":false},"featured_media":513,"comment_status":"closed","ping_status":"closed","template":"","meta":{"_acf_changed":false},"product_brand":[],"product_cat":[32],"product_tag":[],"class_list":{"0":"post-510","1":"product","2":"type-product","3":"status-publish","4":"has-post-thumbnail","6":"product_cat-standard-injection-molding-machine","8":"first","9":"instock","10":"shipping-taxable","11":"purchasable","12":"product-type-simple"},"acf":[],"_links":{"self":[{"href":"https:\/\/www.beta-machine.com\/fr\/wp-json\/wp\/v2\/product\/510","targetHints":{"allow":["GET"]}}],"collection":[{"href":"https:\/\/www.beta-machine.com\/fr\/wp-json\/wp\/v2\/product"}],"about":[{"href":"https:\/\/www.beta-machine.com\/fr\/wp-json\/wp\/v2\/types\/product"}],"replies":[{"embeddable":true,"href":"https:\/\/www.beta-machine.com\/fr\/wp-json\/wp\/v2\/comments?post=510"}],"wp:featuredmedia":[{"embeddable":true,"href":"https:\/\/www.beta-machine.com\/fr\/wp-json\/wp\/v2\/media\/513"}],"wp:attachment":[{"href":"https:\/\/www.beta-machine.com\/fr\/wp-json\/wp\/v2\/media?parent=510"}],"wp:term":[{"taxonomy":"product_brand","embeddable":true,"href":"https:\/\/www.beta-machine.com\/fr\/wp-json\/wp\/v2\/product_brand?post=510"},{"taxonomy":"product_cat","embeddable":true,"href":"https:\/\/www.beta-machine.com\/fr\/wp-json\/wp\/v2\/product_cat?post=510"},{"taxonomy":"product_tag","embeddable":true,"href":"https:\/\/www.beta-machine.com\/fr\/wp-json\/wp\/v2\/product_tag?post=510"}],"curies":[{"name":"wp","href":"https:\/\/api.w.org\/{rel}","templated":true}]}}