{"id":514,"date":"2025-10-31T08:00:42","date_gmt":"2025-10-31T08:00:42","guid":{"rendered":"https:\/\/beta-machine.com\/?post_type=product&#038;p=514"},"modified":"2025-10-31T08:00:53","modified_gmt":"2025-10-31T08:00:53","slug":"automatic-standard-injection-molding-machine-for-plastic-products","status":"publish","type":"product","link":"https:\/\/www.beta-machine.com\/fr\/automatic-standard-injection-molding-machine-for-plastic-products-pd789607088\/","title":{"rendered":"Presse \u00e0 injecter standard automatique pour produits en plastique"},"content":{"rendered":"<p><strong>Presse \u00e0 injecter standard automatique pour produits en plastique<\/strong><\/p>\n<div style=\"width: 800px;\" class=\"wp-video\"><video class=\"wp-video-shortcode\" id=\"video-514-1\" width=\"800\" height=\"1422\" preload=\"metadata\" controls=\"controls\"><source type=\"video\/mp4\" src=\"https:\/\/beta-machine.com\/wp-content\/uploads\/2025\/10\/jiBklKnijmi-jpipKBilmnRjiSrqpkjipnnpimr-1cb46752397646f68e2cf4f34ffcb28c.mp4?_=1\" \/><a href=\"https:\/\/beta-machine.com\/wp-content\/uploads\/2025\/10\/jiBklKnijmi-jpipKBilmnRjiSrqpkjipnnpimr-1cb46752397646f68e2cf4f34ffcb28c.mp4\">https:\/\/beta-machine.com\/wp-content\/uploads\/2025\/10\/jiBklKnijmi-jpipKBilmnRjiSrqpkjipnnpimr-1cb46752397646f68e2cf4f34ffcb28c.mp4<\/a><\/video><\/div>\n<p><strong>Image d\u00e9taill\u00e9e<\/strong><\/p>\n<p><img fetchpriority=\"high\" decoding=\"async\" class=\"alignnone size-full wp-image-477\" src=\"https:\/\/beta-machine.com\/wp-content\/uploads\/2025\/10\/3-4-1.jpg\" alt=\"Injection Molding Machine-Clamping Unit\" width=\"1000\" height=\"1000\" srcset=\"https:\/\/www.beta-machine.com\/wp-content\/uploads\/2025\/10\/3-4-1.jpg 1000w, https:\/\/www.beta-machine.com\/wp-content\/uploads\/2025\/10\/3-4-1-300x300.jpg 300w, https:\/\/www.beta-machine.com\/wp-content\/uploads\/2025\/10\/3-4-1-100x100.jpg 100w, https:\/\/www.beta-machine.com\/wp-content\/uploads\/2025\/10\/3-4-1-600x600.jpg 600w, https:\/\/www.beta-machine.com\/wp-content\/uploads\/2025\/10\/3-4-1-150x150.jpg 150w, https:\/\/www.beta-machine.com\/wp-content\/uploads\/2025\/10\/3-4-1-768x768.jpg 768w\" sizes=\"(max-width: 1000px) 100vw, 1000px\" \/> <img decoding=\"async\" class=\"alignnone size-full wp-image-523\" src=\"https:\/\/beta-machine.com\/wp-content\/uploads\/2025\/10\/160A3731.jpg\" alt=\"\" width=\"800\" height=\"800\" srcset=\"https:\/\/www.beta-machine.com\/wp-content\/uploads\/2025\/10\/160A3731.jpg 800w, https:\/\/www.beta-machine.com\/wp-content\/uploads\/2025\/10\/160A3731-300x300.jpg 300w, https:\/\/www.beta-machine.com\/wp-content\/uploads\/2025\/10\/160A3731-100x100.jpg 100w, https:\/\/www.beta-machine.com\/wp-content\/uploads\/2025\/10\/160A3731-600x600.jpg 600w, https:\/\/www.beta-machine.com\/wp-content\/uploads\/2025\/10\/160A3731-150x150.jpg 150w, https:\/\/www.beta-machine.com\/wp-content\/uploads\/2025\/10\/160A3731-768x768.jpg 768w\" sizes=\"(max-width: 800px) 100vw, 800px\" \/><\/p>\n<p><strong>1. Unit\u00e9 de fermeture<\/strong><\/p>\n<p>* La s\u00e9rie Universe est \u00e9quip\u00e9e d\u2019une unit\u00e9 de fermeture \u00e0 rainure en T, permettant un changement de moules plus rapide.<\/p>\n<div>* Param\u00e8tres m\u00e9caniques tr\u00e8s grands, compatibles avec davantage de tailles de moules.<\/div>\n<div>* Structure d\u2019\u00e9jection europ\u00e9enne, maintenance facile du pion d\u2019\u00e9jection.<\/div>\n<div>* Guide de fermeture prolong\u00e9 et \u00e9largi garantit le fonctionnement fluide de la machine.<\/div>\n<div><\/div>\n<div><img decoding=\"async\" class=\"alignnone size-full wp-image-496\" src=\"https:\/\/beta-machine.com\/wp-content\/uploads\/2025\/10\/HJF-180-F5.jpg\" alt=\"\" width=\"1000\" height=\"1000\" srcset=\"https:\/\/www.beta-machine.com\/wp-content\/uploads\/2025\/10\/HJF-180-F5.jpg 1000w, https:\/\/www.beta-machine.com\/wp-content\/uploads\/2025\/10\/HJF-180-F5-300x300.jpg 300w, https:\/\/www.beta-machine.com\/wp-content\/uploads\/2025\/10\/HJF-180-F5-100x100.jpg 100w, https:\/\/www.beta-machine.com\/wp-content\/uploads\/2025\/10\/HJF-180-F5-600x600.jpg 600w, https:\/\/www.beta-machine.com\/wp-content\/uploads\/2025\/10\/HJF-180-F5-150x150.jpg 150w, https:\/\/www.beta-machine.com\/wp-content\/uploads\/2025\/10\/HJF-180-F5-768x768.jpg 768w\" sizes=\"(max-width: 1000px) 100vw, 1000px\" \/><\/div>\n<div>\n<p><strong>2. Groupe d\u2019injection<\/strong><\/p>\n<p>1-Unit\u00e9 d\u2019injection optimis\u00e9e<\/p>\n<div>2-Ensemble cylindre plastifiant et vis haute efficacit\u00e9<\/div>\n<div>3-Le syst\u00e8me BETA offre une flexibilit\u00e9 maximale<\/div>\n<\/div>\n<p><img loading=\"lazy\" decoding=\"async\" class=\"alignnone size-full wp-image-463\" src=\"https:\/\/beta-machine.com\/wp-content\/uploads\/2025\/10\/UN230-1.jpg\" alt=\"Hydraulic System\" width=\"2202\" height=\"972\" srcset=\"https:\/\/www.beta-machine.com\/wp-content\/uploads\/2025\/10\/UN230-1.jpg 2202w, https:\/\/www.beta-machine.com\/wp-content\/uploads\/2025\/10\/UN230-1-600x265.jpg 600w, https:\/\/www.beta-machine.com\/wp-content\/uploads\/2025\/10\/UN230-1-300x132.jpg 300w, https:\/\/www.beta-machine.com\/wp-content\/uploads\/2025\/10\/UN230-1-1024x452.jpg 1024w, https:\/\/www.beta-machine.com\/wp-content\/uploads\/2025\/10\/UN230-1-768x339.jpg 768w, https:\/\/www.beta-machine.com\/wp-content\/uploads\/2025\/10\/UN230-1-1536x678.jpg 1536w, https:\/\/www.beta-machine.com\/wp-content\/uploads\/2025\/10\/UN230-1-2048x904.jpg 2048w\" sizes=\"(max-width: 2202px) 100vw, 2202px\" \/><\/p>\n<p><strong>3. Syst\u00e8me hydraulique<\/strong><\/p>\n<p>* Technologie d\u2019entra\u00eenement haute efficacit\u00e9<\/p>\n<div>* La conception modulaire du bloc de vannes hydrauliques et la disposition hydraulique optimis\u00e9e permettent de r\u00e9duire efficacement les pertes de pression et d\u2019am\u00e9liorer la r\u00e9activit\u00e9.<\/div>\n<div>* Protection de l\u2019environnement<\/div>\n<div><img loading=\"lazy\" decoding=\"async\" class=\"alignnone size-full wp-image-464\" src=\"https:\/\/beta-machine.com\/wp-content\/uploads\/2025\/10\/UN230-3.jpg\" alt=\"Control system\" width=\"922\" height=\"628\" srcset=\"https:\/\/www.beta-machine.com\/wp-content\/uploads\/2025\/10\/UN230-3.jpg 922w, https:\/\/www.beta-machine.com\/wp-content\/uploads\/2025\/10\/UN230-3-600x409.jpg 600w, https:\/\/www.beta-machine.com\/wp-content\/uploads\/2025\/10\/UN230-3-300x204.jpg 300w, https:\/\/www.beta-machine.com\/wp-content\/uploads\/2025\/10\/UN230-3-768x523.jpg 768w\" sizes=\"(max-width: 922px) 100vw, 922px\" \/><\/div>\n<div>\n<p><strong>4. Syst\u00e8me de contr\u00f4le<\/strong><\/p>\n<p>* Le syst\u00e8me de contr\u00f4le fiable et intelligent facilite le moulage rapide de haute pr\u00e9cision.<\/p>\n<div>* La puissante fonction de contr\u00f4le logiciel permet de r\u00e9aliser le complexe processus d\u2019injection par une op\u00e9ration simple.<\/div>\n<\/div>","protected":false},"excerpt":{"rendered":"<p>La presse \u00e0 injecter utilise une r\u00e9gulation proportionnelle de la pression et du d\u00e9bit, permettant un r\u00e9glage de la pression et de la vitesse. Cela assure une courbe de mouvement stable et une faible vibration pendant le fonctionnement. L\u2019ordinateur industriel utilis\u00e9 dans la machine est import\u00e9, garantissant une haute qualit\u00e9 et une grande fiabilit\u00e9.<\/p>","protected":false},"featured_media":520,"comment_status":"closed","ping_status":"closed","template":"","meta":{"_acf_changed":false},"product_brand":[],"product_cat":[32],"product_tag":[],"class_list":{"0":"post-514","1":"product","2":"type-product","3":"status-publish","4":"has-post-thumbnail","6":"product_cat-standard-injection-molding-machine","8":"first","9":"instock","10":"shipping-taxable","11":"purchasable","12":"product-type-variable"},"acf":[],"_links":{"self":[{"href":"https:\/\/www.beta-machine.com\/fr\/wp-json\/wp\/v2\/product\/514","targetHints":{"allow":["GET"]}}],"collection":[{"href":"https:\/\/www.beta-machine.com\/fr\/wp-json\/wp\/v2\/product"}],"about":[{"href":"https:\/\/www.beta-machine.com\/fr\/wp-json\/wp\/v2\/types\/product"}],"replies":[{"embeddable":true,"href":"https:\/\/www.beta-machine.com\/fr\/wp-json\/wp\/v2\/comments?post=514"}],"wp:featuredmedia":[{"embeddable":true,"href":"https:\/\/www.beta-machine.com\/fr\/wp-json\/wp\/v2\/media\/520"}],"wp:attachment":[{"href":"https:\/\/www.beta-machine.com\/fr\/wp-json\/wp\/v2\/media?parent=514"}],"wp:term":[{"taxonomy":"product_brand","embeddable":true,"href":"https:\/\/www.beta-machine.com\/fr\/wp-json\/wp\/v2\/product_brand?post=514"},{"taxonomy":"product_cat","embeddable":true,"href":"https:\/\/www.beta-machine.com\/fr\/wp-json\/wp\/v2\/product_cat?post=514"},{"taxonomy":"product_tag","embeddable":true,"href":"https:\/\/www.beta-machine.com\/fr\/wp-json\/wp\/v2\/product_tag?post=514"}],"curies":[{"name":"wp","href":"https:\/\/api.w.org\/{rel}","templated":true}]}}