{"id":524,"date":"2025-10-31T08:03:55","date_gmt":"2025-10-31T08:03:55","guid":{"rendered":"https:\/\/beta-machine.com\/?post_type=product&#038;p=524"},"modified":"2026-03-12T06:19:29","modified_gmt":"2026-03-12T06:19:29","slug":"pet-preform-injection-molding-machine","status":"publish","type":"product","link":"https:\/\/www.beta-machine.com\/fr\/pet-preform-injection-molding-machine-pd787034388\/","title":{"rendered":"Machine d\u2019injection de pr\u00e9formes PET"},"content":{"rendered":"<p><strong>Machine d\u2019injection de pr\u00e9formes PET<\/strong><\/p>\n<p>1. Augmente le volume d\u2019injection, ce qui est plus adapt\u00e9 \u00e0 la production de produits \u00e0 cavit\u00e9s multiples. Adapt\u00e9 selon diff\u00e9rents besoins, il pr\u00e9sente plus d\u2019avantages dans la production de produits d\u2019emballage, de cavit\u00e9s profondes et de pr\u00e9formes PET \u00e0 haute vitesse.<\/p>\n<p>2. La vis sp\u00e9ciale pour PET augmente significativement la vitesse de fusion et le volume d\u2019injection, r\u00e9duit la temp\u00e9rature de plastification, am\u00e9liore efficacement le retrait de la pr\u00e9forme et renforce la transparence.<\/p>\n<p>3. Augmente la force de l\u2019\u00e9jecteur et la course d\u2019\u00e9jection, ce qui est plus adapt\u00e9 au moulage de pr\u00e9formes PET \u00e0 cavit\u00e9 profonde.<\/p>","protected":false},"excerpt":{"rendered":"<p>PET Preform Injection Molding Machine 1.Increase the injection volume, which is more suitable for the production of multi-cavity products. Tailored according to different requirements, it is more advantageous for the production of packaging, deep cavity and high speed PET preform products. 2.PET special screw significantly increases the melting speed and injection volume, reduces the plasticizing [&hellip;]<\/p>\n","protected":false},"featured_media":526,"comment_status":"closed","ping_status":"closed","template":"","meta":{"_acf_changed":false},"product_brand":[],"product_cat":[31],"product_tag":[],"class_list":{"0":"post-524","1":"product","2":"type-product","3":"status-publish","4":"has-post-thumbnail","6":"product_cat-pet-preform-injection-molding-machine","8":"first","9":"instock","10":"shipping-taxable","11":"purchasable","12":"product-type-simple"},"acf":[],"_links":{"self":[{"href":"https:\/\/www.beta-machine.com\/fr\/wp-json\/wp\/v2\/product\/524","targetHints":{"allow":["GET"]}}],"collection":[{"href":"https:\/\/www.beta-machine.com\/fr\/wp-json\/wp\/v2\/product"}],"about":[{"href":"https:\/\/www.beta-machine.com\/fr\/wp-json\/wp\/v2\/types\/product"}],"replies":[{"embeddable":true,"href":"https:\/\/www.beta-machine.com\/fr\/wp-json\/wp\/v2\/comments?post=524"}],"wp:featuredmedia":[{"embeddable":true,"href":"https:\/\/www.beta-machine.com\/fr\/wp-json\/wp\/v2\/media\/526"}],"wp:attachment":[{"href":"https:\/\/www.beta-machine.com\/fr\/wp-json\/wp\/v2\/media?parent=524"}],"wp:term":[{"taxonomy":"product_brand","embeddable":true,"href":"https:\/\/www.beta-machine.com\/fr\/wp-json\/wp\/v2\/product_brand?post=524"},{"taxonomy":"product_cat","embeddable":true,"href":"https:\/\/www.beta-machine.com\/fr\/wp-json\/wp\/v2\/product_cat?post=524"},{"taxonomy":"product_tag","embeddable":true,"href":"https:\/\/www.beta-machine.com\/fr\/wp-json\/wp\/v2\/product_tag?post=524"}],"curies":[{"name":"wp","href":"https:\/\/api.w.org\/{rel}","templated":true}]}}