{"id":527,"date":"2025-10-31T08:05:05","date_gmt":"2025-10-31T08:05:05","guid":{"rendered":"https:\/\/beta-machine.com\/?post_type=product&#038;p=527"},"modified":"2025-10-31T08:47:21","modified_gmt":"2025-10-31T08:47:21","slug":"automatic-standard-injection-molding-machine-for-plastic-products-%e5%a4%8d%e5%88%b6","status":"publish","type":"product","link":"https:\/\/www.beta-machine.com\/fr\/automatic-pet-prefrom-injection-molding-machine-pd706379088\/","title":{"rendered":"Machine de moulage par injection automatique pour pr\u00e9formes PET"},"content":{"rendered":"<p><strong>Machine de moulage par injection automatique pour pr\u00e9formes PET<\/strong><\/p>\n<div style=\"width: 750px;\" class=\"wp-video\"><video class=\"wp-video-shortcode\" id=\"video-527-1\" width=\"750\" height=\"1333\" preload=\"metadata\" controls=\"controls\"><source type=\"video\/mp4\" src=\"https:\/\/beta-machine.com\/wp-content\/uploads\/2025\/10\/jiBklKnijmi-jpipKBilmnRjiSrqpkjipnnpimr-1cb46752397646f68e2cf4f34ffcb28c.mp4?_=1\" \/><a href=\"https:\/\/beta-machine.com\/wp-content\/uploads\/2025\/10\/jiBklKnijmi-jpipKBilmnRjiSrqpkjipnnpimr-1cb46752397646f68e2cf4f34ffcb28c.mp4\">https:\/\/beta-machine.com\/wp-content\/uploads\/2025\/10\/jiBklKnijmi-jpipKBilmnRjiSrqpkjipnnpimr-1cb46752397646f68e2cf4f34ffcb28c.mp4<\/a><\/video><\/div>\n<div>\n<div><strong>Image d\u00e9taill\u00e9e<\/strong><\/div>\n<div><img fetchpriority=\"high\" decoding=\"async\" class=\"alignnone size-full wp-image-533\" src=\"https:\/\/beta-machine.com\/wp-content\/uploads\/2025\/10\/High-response-oil-way.jpg\" alt=\"High response oil-way system\" width=\"629\" height=\"513\" srcset=\"https:\/\/www.beta-machine.com\/wp-content\/uploads\/2025\/10\/High-response-oil-way.jpg 629w, https:\/\/www.beta-machine.com\/wp-content\/uploads\/2025\/10\/High-response-oil-way-600x489.jpg 600w, https:\/\/www.beta-machine.com\/wp-content\/uploads\/2025\/10\/High-response-oil-way-300x245.jpg 300w\" sizes=\"(max-width: 629px) 100vw, 629px\" \/><\/div>\n<div>\n<p><strong>* Syst\u00e8me de circuit hydraulique \u00e0 haute r\u00e9ponse<\/strong><\/p>\n<p>Le syst\u00e8me hydraulique modulaire, \u00e9conome en \u00e9nergie et \u00e0 haute r\u00e9activit\u00e9 augmente la vitesse de la machine enti\u00e8re et r\u00e9duit sa consommation \u00e9nerg\u00e9tique.<\/p>\n<p><img decoding=\"async\" class=\"alignnone size-full wp-image-532\" src=\"https:\/\/beta-machine.com\/wp-content\/uploads\/2025\/10\/clamping-unit2-scaled.jpg\" alt=\"Clamping unit\" width=\"2560\" height=\"985\" srcset=\"https:\/\/www.beta-machine.com\/wp-content\/uploads\/2025\/10\/clamping-unit2-scaled.jpg 2560w, https:\/\/www.beta-machine.com\/wp-content\/uploads\/2025\/10\/clamping-unit2-scaled-600x231.jpg 600w, https:\/\/www.beta-machine.com\/wp-content\/uploads\/2025\/10\/clamping-unit2-300x115.jpg 300w, https:\/\/www.beta-machine.com\/wp-content\/uploads\/2025\/10\/clamping-unit2-1024x394.jpg 1024w, https:\/\/www.beta-machine.com\/wp-content\/uploads\/2025\/10\/clamping-unit2-768x296.jpg 768w, https:\/\/www.beta-machine.com\/wp-content\/uploads\/2025\/10\/clamping-unit2-1536x591.jpg 1536w, https:\/\/www.beta-machine.com\/wp-content\/uploads\/2025\/10\/clamping-unit2-2048x788.jpg 2048w\" sizes=\"(max-width: 2560px) 100vw, 2560px\" \/><\/p>\n<p><strong>* Unit\u00e9 de serrage<\/strong><\/p>\n<p>L\u2019unit\u00e9 de fermeture \u00e0 deux plaques pr\u00e9sente un design compact et \u00e9conomiseur d\u2019espace. Par ailleurs, la conception parfaite sans frottement des deux plaques assure le meilleur parall\u00e9lisme des plateaux et la protection du moule la plus sensible gr\u00e2ce aux guides lin\u00e9aires. Ceci garantit la s\u00e9curit\u00e9 d\u2019utilisation maximale et la qualit\u00e9 du produit.<\/p>\n<ul>\n<li>1. Bielle align\u00e9e centralement<\/li>\n<li>2. Syst\u00e8me de lubrification circulatoire en boucle ferm\u00e9e<\/li>\n<li>3.  Amortisseur d\u2019ouverture de moule<\/li>\n<li>4. Fonction sensible de protection du moule<\/li>\n<\/ul>\n<p><img decoding=\"async\" class=\"alignnone size-full wp-image-534\" src=\"https:\/\/beta-machine.com\/wp-content\/uploads\/2025\/10\/injection-unit-scaled.jpg\" alt=\"Injection Unit \" width=\"2560\" height=\"1133\" srcset=\"https:\/\/www.beta-machine.com\/wp-content\/uploads\/2025\/10\/injection-unit-scaled.jpg 2560w, https:\/\/www.beta-machine.com\/wp-content\/uploads\/2025\/10\/injection-unit-scaled-600x266.jpg 600w, https:\/\/www.beta-machine.com\/wp-content\/uploads\/2025\/10\/injection-unit-300x133.jpg 300w, https:\/\/www.beta-machine.com\/wp-content\/uploads\/2025\/10\/injection-unit-1024x453.jpg 1024w, https:\/\/www.beta-machine.com\/wp-content\/uploads\/2025\/10\/injection-unit-768x340.jpg 768w, https:\/\/www.beta-machine.com\/wp-content\/uploads\/2025\/10\/injection-unit-1536x680.jpg 1536w, https:\/\/www.beta-machine.com\/wp-content\/uploads\/2025\/10\/injection-unit-2048x906.jpg 2048w\" sizes=\"(max-width: 2560px) 100vw, 2560px\" \/><\/p>\n<p><strong>* Unit\u00e9 d\u2019injection<\/strong><\/p>\n<p>1-Unit\u00e9 d\u2019injection optimis\u00e9e<\/p>\n<div>2-Ensemble cylindre plastifiant et vis haute efficacit\u00e9<\/div>\n<div>3-Le syst\u00e8me BETA offre une flexibilit\u00e9 maximale<\/div>\n<p>&nbsp;<\/p>\n<\/div>\n<\/div>","protected":false},"excerpt":{"rendered":"<p>1* Augmente le volume d\u2019injection, qui est plus adapt\u00e9 \u00e0 la production de produits multicavit\u00e9s. Adapt\u00e9 selon diff\u00e9rents besoins, il est plus avantageux pour la fabrication d\u2019emballages, de produits \u00e0 cavit\u00e9 profonde et de pr\u00e9formes PET \u00e0 haute vitesse.<br \/>\n2* La vis sp\u00e9ciale PET augmente consid\u00e9rablement la vitesse de fusion et le volume d\u2019injection, r\u00e9duit la temp\u00e9rature de plastification, am\u00e9liore efficacement le retrait de la pr\u00e9forme et augmente la transparence.<br \/>\n3* Augmente la force du doigt \u00e9jecteur et la course d\u2019\u00e9jection, ce qui le rend plus adapt\u00e9 au moulage de pr\u00e9formes PET \u00e0 cavit\u00e9 profonde.<\/p>","protected":false},"featured_media":535,"comment_status":"closed","ping_status":"closed","template":"","meta":{"_acf_changed":false},"product_brand":[],"product_cat":[31],"product_tag":[],"class_list":{"0":"post-527","1":"product","2":"type-product","3":"status-publish","4":"has-post-thumbnail","6":"product_cat-pet-preform-injection-molding-machine","8":"first","9":"instock","10":"shipping-taxable","11":"purchasable","12":"product-type-variable"},"acf":[],"_links":{"self":[{"href":"https:\/\/www.beta-machine.com\/fr\/wp-json\/wp\/v2\/product\/527","targetHints":{"allow":["GET"]}}],"collection":[{"href":"https:\/\/www.beta-machine.com\/fr\/wp-json\/wp\/v2\/product"}],"about":[{"href":"https:\/\/www.beta-machine.com\/fr\/wp-json\/wp\/v2\/types\/product"}],"replies":[{"embeddable":true,"href":"https:\/\/www.beta-machine.com\/fr\/wp-json\/wp\/v2\/comments?post=527"}],"wp:featuredmedia":[{"embeddable":true,"href":"https:\/\/www.beta-machine.com\/fr\/wp-json\/wp\/v2\/media\/535"}],"wp:attachment":[{"href":"https:\/\/www.beta-machine.com\/fr\/wp-json\/wp\/v2\/media?parent=527"}],"wp:term":[{"taxonomy":"product_brand","embeddable":true,"href":"https:\/\/www.beta-machine.com\/fr\/wp-json\/wp\/v2\/product_brand?post=527"},{"taxonomy":"product_cat","embeddable":true,"href":"https:\/\/www.beta-machine.com\/fr\/wp-json\/wp\/v2\/product_cat?post=527"},{"taxonomy":"product_tag","embeddable":true,"href":"https:\/\/www.beta-machine.com\/fr\/wp-json\/wp\/v2\/product_tag?post=527"}],"curies":[{"name":"wp","href":"https:\/\/api.w.org\/{rel}","templated":true}]}}