{"id":536,"date":"2025-10-31T08:14:14","date_gmt":"2025-10-31T08:14:14","guid":{"rendered":"https:\/\/beta-machine.com\/?post_type=product&#038;p=536"},"modified":"2025-10-31T08:47:12","modified_gmt":"2025-10-31T08:47:12","slug":"plastic-5-gallon-bottle-making-machine-automatic-injection-molding-machine","status":"publish","type":"product","link":"https:\/\/www.beta-machine.com\/fr\/plastic-5-gallon-bottle-making-machine-automatic-injection-molding-machine-pd770457088\/","title":{"rendered":"Machine de fabrication de bouteilles plastiques de 5 gallons, machine de moulage par injection automatique"},"content":{"rendered":"<p><strong>Machine de fabrication de bouteilles plastiques de 5 gallons, machine de moulage par injection automatique<\/strong><\/p>\n<div style=\"width: 750px;\" class=\"wp-video\"><video class=\"wp-video-shortcode\" id=\"video-536-1\" width=\"750\" height=\"1333\" preload=\"metadata\" controls=\"controls\"><source type=\"video\/mp4\" src=\"https:\/\/beta-machine.com\/wp-content\/uploads\/2025\/10\/jiBklKnijmi-jpipKBilmnRjiSrqpkjipnnpimr-1cb46752397646f68e2cf4f34ffcb28c.mp4?_=1\" \/><a href=\"https:\/\/beta-machine.com\/wp-content\/uploads\/2025\/10\/jiBklKnijmi-jpipKBilmnRjiSrqpkjipnnpimr-1cb46752397646f68e2cf4f34ffcb28c.mp4\">https:\/\/beta-machine.com\/wp-content\/uploads\/2025\/10\/jiBklKnijmi-jpipKBilmnRjiSrqpkjipnnpimr-1cb46752397646f68e2cf4f34ffcb28c.mp4<\/a><\/video><\/div>\n<div>\n<div><strong>Image d\u00e9taill\u00e9e<\/strong><\/div>\n<div><img fetchpriority=\"high\" decoding=\"async\" class=\"alignnone size-full wp-image-532\" src=\"https:\/\/beta-machine.com\/wp-content\/uploads\/2025\/10\/clamping-unit2-scaled.jpg\" alt=\"Clamping unit\" width=\"2560\" height=\"985\" srcset=\"https:\/\/www.beta-machine.com\/wp-content\/uploads\/2025\/10\/clamping-unit2-scaled.jpg 2560w, https:\/\/www.beta-machine.com\/wp-content\/uploads\/2025\/10\/clamping-unit2-scaled-600x231.jpg 600w, https:\/\/www.beta-machine.com\/wp-content\/uploads\/2025\/10\/clamping-unit2-300x115.jpg 300w, https:\/\/www.beta-machine.com\/wp-content\/uploads\/2025\/10\/clamping-unit2-1024x394.jpg 1024w, https:\/\/www.beta-machine.com\/wp-content\/uploads\/2025\/10\/clamping-unit2-768x296.jpg 768w, https:\/\/www.beta-machine.com\/wp-content\/uploads\/2025\/10\/clamping-unit2-1536x591.jpg 1536w, https:\/\/www.beta-machine.com\/wp-content\/uploads\/2025\/10\/clamping-unit2-2048x788.jpg 2048w\" sizes=\"(max-width: 2560px) 100vw, 2560px\" \/><\/div>\n<div>\n<p><strong>1. Groupe de serrage<\/strong><\/p>\n<p>&nbsp;<\/p>\n<ul class=\"list-paddingleft-2\">\n<li>La bielle de l\u2019unit\u00e9 de fermeture est align\u00e9e pr\u00e9cis\u00e9ment au centre pour des performances optimales.<\/li>\n<li>L\u2019unit\u00e9 de fermeture est dot\u00e9e d\u2019un syst\u00e8me de lubrication circulatoire en boucle ferm\u00e9e, assurant un fonctionnement fluide et une dur\u00e9e de vie prolong\u00e9e.<\/li>\n<li>L\u2019unit\u00e9 de fermeture int\u00e8gre un amortisseur pour assurer une ouverture de moule contr\u00f4l\u00e9e, \u00e9vitant tout mouvement soudain ou brutal.<\/li>\n<li>L\u2019unit\u00e9 de fermeture est \u00e9quip\u00e9e d\u2019une fonction hautement sensible de protection du moule, assurant la s\u00e9curit\u00e9 \u00e0 la fois du moule et de l\u2019op\u00e9rateur.<\/li>\n<\/ul>\n<p><img decoding=\"async\" class=\"alignnone size-full wp-image-534\" src=\"https:\/\/beta-machine.com\/wp-content\/uploads\/2025\/10\/injection-unit-scaled.jpg\" alt=\"Injection Unit\" width=\"2560\" height=\"1133\" srcset=\"https:\/\/www.beta-machine.com\/wp-content\/uploads\/2025\/10\/injection-unit-scaled.jpg 2560w, https:\/\/www.beta-machine.com\/wp-content\/uploads\/2025\/10\/injection-unit-scaled-600x266.jpg 600w, https:\/\/www.beta-machine.com\/wp-content\/uploads\/2025\/10\/injection-unit-300x133.jpg 300w, https:\/\/www.beta-machine.com\/wp-content\/uploads\/2025\/10\/injection-unit-1024x453.jpg 1024w, https:\/\/www.beta-machine.com\/wp-content\/uploads\/2025\/10\/injection-unit-768x340.jpg 768w, https:\/\/www.beta-machine.com\/wp-content\/uploads\/2025\/10\/injection-unit-1536x680.jpg 1536w, https:\/\/www.beta-machine.com\/wp-content\/uploads\/2025\/10\/injection-unit-2048x906.jpg 2048w\" sizes=\"(max-width: 2560px) 100vw, 2560px\" \/><\/p>\n<p><strong>2. Groupe d\u2019injection<\/strong><\/p>\n<p>&nbsp;<\/p>\n<div>\n<ol class=\"list-paddingleft-2\">\n<li>L\u2019unit\u00e9 d\u2019injection est optimis\u00e9e pour des performances et une efficacit\u00e9 maximales.<\/li>\n<li>L\u2019ensemble cylindre plastifiant et vis est con\u00e7u pour un fonctionnement efficace, assurant une plastification fluide et homog\u00e8ne du mat\u00e9riau.<\/li>\n<li>Le syst\u00e8me BETA offre une flexibilit\u00e9 in\u00e9gal\u00e9e, permettant des op\u00e9rations polyvalentes et personnalisables.<\/li>\n<\/ol>\n<p><img decoding=\"async\" class=\"alignnone size-full wp-image-545\" src=\"https:\/\/beta-machine.com\/wp-content\/uploads\/2025\/10\/hydraulicunit.jpg\" alt=\"Hydraulic Unit\" width=\"1000\" height=\"667\" srcset=\"https:\/\/www.beta-machine.com\/wp-content\/uploads\/2025\/10\/hydraulicunit.jpg 1000w, https:\/\/www.beta-machine.com\/wp-content\/uploads\/2025\/10\/hydraulicunit-600x400.jpg 600w, https:\/\/www.beta-machine.com\/wp-content\/uploads\/2025\/10\/hydraulicunit-300x200.jpg 300w, https:\/\/www.beta-machine.com\/wp-content\/uploads\/2025\/10\/hydraulicunit-768x512.jpg 768w\" sizes=\"(max-width: 1000px) 100vw, 1000px\" \/><\/p>\n<p><strong>3. Unit\u00e9 hydraulique<\/strong><\/p>\n<p>Syst\u00e8me hydraulique \u00e0 haute r\u00e9activit\u00e9, augmente la vitesse de la machine et r\u00e9duit la consommation d\u2019\u00e9nergie.<\/p>\n<\/div>\n<\/div>\n<\/div>","protected":false},"excerpt":{"rendered":"<p>1* Augmente le volume d\u2019injection, qui est plus adapt\u00e9 \u00e0 la production de produits multicavit\u00e9s. Adapt\u00e9 selon diff\u00e9rents besoins, il est plus avantageux pour la fabrication d\u2019emballages, de produits \u00e0 cavit\u00e9 profonde et de pr\u00e9formes PET \u00e0 haute vitesse.<br \/>\n2* La vis sp\u00e9ciale PET augmente consid\u00e9rablement la vitesse de fusion et le volume d\u2019injection, r\u00e9duit la temp\u00e9rature de plastification, am\u00e9liore efficacement le retrait de la pr\u00e9forme et augmente la transparence.<br \/>\n3* Augmente la force du doigt \u00e9jecteur et la course d\u2019\u00e9jection, ce qui le rend plus adapt\u00e9 au moulage de pr\u00e9formes PET \u00e0 cavit\u00e9 profonde.<\/p>","protected":false},"featured_media":546,"comment_status":"closed","ping_status":"closed","template":"","meta":{"_acf_changed":false},"product_brand":[],"product_cat":[31],"product_tag":[],"class_list":{"0":"post-536","1":"product","2":"type-product","3":"status-publish","4":"has-post-thumbnail","6":"product_cat-pet-preform-injection-molding-machine","8":"first","9":"instock","10":"shipping-taxable","11":"purchasable","12":"product-type-variable"},"acf":[],"_links":{"self":[{"href":"https:\/\/www.beta-machine.com\/fr\/wp-json\/wp\/v2\/product\/536","targetHints":{"allow":["GET"]}}],"collection":[{"href":"https:\/\/www.beta-machine.com\/fr\/wp-json\/wp\/v2\/product"}],"about":[{"href":"https:\/\/www.beta-machine.com\/fr\/wp-json\/wp\/v2\/types\/product"}],"replies":[{"embeddable":true,"href":"https:\/\/www.beta-machine.com\/fr\/wp-json\/wp\/v2\/comments?post=536"}],"wp:featuredmedia":[{"embeddable":true,"href":"https:\/\/www.beta-machine.com\/fr\/wp-json\/wp\/v2\/media\/546"}],"wp:attachment":[{"href":"https:\/\/www.beta-machine.com\/fr\/wp-json\/wp\/v2\/media?parent=536"}],"wp:term":[{"taxonomy":"product_brand","embeddable":true,"href":"https:\/\/www.beta-machine.com\/fr\/wp-json\/wp\/v2\/product_brand?post=536"},{"taxonomy":"product_cat","embeddable":true,"href":"https:\/\/www.beta-machine.com\/fr\/wp-json\/wp\/v2\/product_cat?post=536"},{"taxonomy":"product_tag","embeddable":true,"href":"https:\/\/www.beta-machine.com\/fr\/wp-json\/wp\/v2\/product_tag?post=536"}],"curies":[{"name":"wp","href":"https:\/\/api.w.org\/{rel}","templated":true}]}}