{"id":554,"date":"2025-10-31T08:41:31","date_gmt":"2025-10-31T08:41:31","guid":{"rendered":"https:\/\/beta-machine.com\/?post_type=product&#038;p=554"},"modified":"2026-03-12T05:37:19","modified_gmt":"2026-03-12T05:37:19","slug":"plastic-pet-preform-making-machine-automatic-injection-molding-machine","status":"publish","type":"product","link":"https:\/\/www.beta-machine.com\/fr\/plastic-pet-preform-making-machine-automatic-injection-molding-machine-pd767346088\/","title":{"rendered":"Machine de moulage par injection automatique pour pr\u00e9formes en PET"},"content":{"rendered":"<p><strong>Machine de moulage par injection automatique pour pr\u00e9formes en PET<\/strong><strong>Image d\u00e9taill\u00e9e<\/strong><\/p>\n<div>\n<div><strong>Image d\u00e9taill\u00e9e<\/strong><\/div>\n<div><img fetchpriority=\"high\" decoding=\"async\" class=\"alignnone size-full wp-image-533\" src=\"https:\/\/beta-machine.com\/wp-content\/uploads\/2025\/10\/High-response-oil-way.jpg\" alt=\"High response oil-way system\" width=\"629\" height=\"513\" srcset=\"https:\/\/www.beta-machine.com\/wp-content\/uploads\/2025\/10\/High-response-oil-way.jpg 629w, https:\/\/www.beta-machine.com\/wp-content\/uploads\/2025\/10\/High-response-oil-way-600x489.jpg 600w, https:\/\/www.beta-machine.com\/wp-content\/uploads\/2025\/10\/High-response-oil-way-300x245.jpg 300w\" sizes=\"(max-width: 629px) 100vw, 629px\" \/><\/div>\n<div>\n<p><strong>* Syst\u00e8me de circuit hydraulique \u00e0 haute r\u00e9ponse<\/strong><\/p>\n<p>1* L\u2019utilisation d\u2019un circuit hydraulique modulaire \u00e9conomiseur d\u2019\u00e9nergie \u00e0 haute r\u00e9ponse am\u00e9liore efficacement la vitesse globale de la machine, ce qui entra\u00eene une productivit\u00e9 accrue.<\/p>\n<p>2* Par ailleurs, ce syst\u00e8me est con\u00e7u pour \u00e9conomiser l\u2019\u00e9nergie, r\u00e9duisant la consommation \u00e9nerg\u00e9tique pendant le fonctionnement.<\/p>\n<p><img decoding=\"async\" class=\"alignnone size-full wp-image-532\" src=\"https:\/\/beta-machine.com\/wp-content\/uploads\/2025\/10\/clamping-unit2-scaled.jpg\" alt=\"Clamping unit\" width=\"2560\" height=\"985\" srcset=\"https:\/\/www.beta-machine.com\/wp-content\/uploads\/2025\/10\/clamping-unit2-scaled.jpg 2560w, https:\/\/www.beta-machine.com\/wp-content\/uploads\/2025\/10\/clamping-unit2-scaled-600x231.jpg 600w, https:\/\/www.beta-machine.com\/wp-content\/uploads\/2025\/10\/clamping-unit2-300x115.jpg 300w, https:\/\/www.beta-machine.com\/wp-content\/uploads\/2025\/10\/clamping-unit2-1024x394.jpg 1024w, https:\/\/www.beta-machine.com\/wp-content\/uploads\/2025\/10\/clamping-unit2-768x296.jpg 768w, https:\/\/www.beta-machine.com\/wp-content\/uploads\/2025\/10\/clamping-unit2-1536x591.jpg 1536w, https:\/\/www.beta-machine.com\/wp-content\/uploads\/2025\/10\/clamping-unit2-2048x788.jpg 2048w\" sizes=\"(max-width: 2560px) 100vw, 2560px\" \/><\/p>\n<p><strong>* Unit\u00e9 de serrage<\/strong><\/p>\n<p>1* La bielle de l\u2019unit\u00e9 de fermeture \u00e0 deux plaques est align\u00e9e centralement, assurant un \u00e9quilibre et une stabilit\u00e9 optimaux en fonctionnement.<\/p>\n<p>2* L\u2019unit\u00e9 de fermeture est \u00e9quip\u00e9e d\u2019un syst\u00e8me de lubrifi cation circulatoire en boucle ferm\u00e9e, assurant un mouvement fluide et efficace des deux plaques.<\/p>\n<p>3* Un amortisseur d\u2019ouverture de moule est int\u00e9gr\u00e9 dans la conception, permettant une ouverture contr\u00f4l\u00e9e et douce, minimisant le risque d\u2019endommagement.<\/p>\n<p>4* L\u2019unit\u00e9 de fermeture est dot\u00e9e d\u2019une fonction sensible de protection du moule, utilisant des guides lin\u00e9aires pour assurer une protection pr\u00e9cise et fiable du moule, am\u00e9liorant la s\u00e9curit\u00e9 d\u2019utilisation et la qualit\u00e9 du produit.<\/p>\n<p><img decoding=\"async\" class=\"alignnone size-full wp-image-534\" src=\"https:\/\/beta-machine.com\/wp-content\/uploads\/2025\/10\/injection-unit-scaled.jpg\" alt=\"Injection Unit \" width=\"2560\" height=\"1133\" srcset=\"https:\/\/www.beta-machine.com\/wp-content\/uploads\/2025\/10\/injection-unit-scaled.jpg 2560w, https:\/\/www.beta-machine.com\/wp-content\/uploads\/2025\/10\/injection-unit-scaled-600x266.jpg 600w, https:\/\/www.beta-machine.com\/wp-content\/uploads\/2025\/10\/injection-unit-300x133.jpg 300w, https:\/\/www.beta-machine.com\/wp-content\/uploads\/2025\/10\/injection-unit-1024x453.jpg 1024w, https:\/\/www.beta-machine.com\/wp-content\/uploads\/2025\/10\/injection-unit-768x340.jpg 768w, https:\/\/www.beta-machine.com\/wp-content\/uploads\/2025\/10\/injection-unit-1536x680.jpg 1536w, https:\/\/www.beta-machine.com\/wp-content\/uploads\/2025\/10\/injection-unit-2048x906.jpg 2048w\" sizes=\"(max-width: 2560px) 100vw, 2560px\" \/><\/p>\n<p><strong>* Unit\u00e9 d\u2019injection<\/strong><\/p>\n<p>1* L\u2019unit\u00e9 d\u2019injection est optimis\u00e9e pour offrir les meilleures performances et efficacit\u00e9.<\/p>\n<p>2* L\u2019ensemble cylindre plastifiant et vis est con\u00e7u pour \u00eatre hautement efficace, assurant une plastification optimale du mat\u00e9riau.<\/p>\n<p>3* Le syst\u00e8me BETA offre une flexibilit\u00e9 in\u00e9gal\u00e9e, permettant une personnalisation ais\u00e9e et une adaptation \u00e0 divers besoins de production.<\/p>\n<div><\/div>\n<div><strong>Produits finaux<\/strong><\/div>\n<div><img loading=\"lazy\" decoding=\"async\" class=\"alignnone size-full wp-image-560\" src=\"https:\/\/beta-machine.com\/wp-content\/uploads\/2025\/10\/preform.jpg\" alt=\"\" width=\"1500\" height=\"568\" srcset=\"https:\/\/www.beta-machine.com\/wp-content\/uploads\/2025\/10\/preform.jpg 1500w, https:\/\/www.beta-machine.com\/wp-content\/uploads\/2025\/10\/preform-600x227.jpg 600w, https:\/\/www.beta-machine.com\/wp-content\/uploads\/2025\/10\/preform-300x114.jpg 300w, https:\/\/www.beta-machine.com\/wp-content\/uploads\/2025\/10\/preform-1024x388.jpg 1024w, https:\/\/www.beta-machine.com\/wp-content\/uploads\/2025\/10\/preform-768x291.jpg 768w\" sizes=\"(max-width: 1500px) 100vw, 1500px\" \/><\/div>\n<p>&nbsp;<\/p>\n<\/div>\n<\/div>","protected":false},"excerpt":{"rendered":"<p>Am\u00e9liore le volume d\u2019injection, adapt\u00e9 \u00e0 la production de produits multicavit\u00e9s. Personnalisable selon les exigences sp\u00e9cifiques, il apporte des avantages suppl\u00e9mentaires pour la fabrication d\u2019emballages, de produits \u00e0 cavit\u00e9 profonde et de pr\u00e9formes PET \u00e0 haute vitesse.<\/p>\n<p>La vis sp\u00e9ciale PET acc\u00e9l\u00e8re consid\u00e9rablement la vitesse de fusion et le volume d\u2019injection, r\u00e9duisant la temp\u00e9rature de plastification. Cela am\u00e9liore efficacement le retrait et la transparence de la pr\u00e9forme.<\/p>\n<p>Augmente la force du doigt ejecteur et la course d\u2019\u00e9jection, id\u00e9al pour le moulage de pr\u00e9formes PET \u00e0 cavit\u00e9 profonde.<\/p>","protected":false},"featured_media":559,"comment_status":"closed","ping_status":"closed","template":"","meta":{"_acf_changed":false},"product_brand":[],"product_cat":[31],"product_tag":[],"class_list":{"0":"post-554","1":"product","2":"type-product","3":"status-publish","4":"has-post-thumbnail","6":"product_cat-pet-preform-injection-molding-machine","8":"first","9":"instock","10":"shipping-taxable","11":"purchasable","12":"product-type-variable"},"acf":[],"_links":{"self":[{"href":"https:\/\/www.beta-machine.com\/fr\/wp-json\/wp\/v2\/product\/554","targetHints":{"allow":["GET"]}}],"collection":[{"href":"https:\/\/www.beta-machine.com\/fr\/wp-json\/wp\/v2\/product"}],"about":[{"href":"https:\/\/www.beta-machine.com\/fr\/wp-json\/wp\/v2\/types\/product"}],"replies":[{"embeddable":true,"href":"https:\/\/www.beta-machine.com\/fr\/wp-json\/wp\/v2\/comments?post=554"}],"wp:featuredmedia":[{"embeddable":true,"href":"https:\/\/www.beta-machine.com\/fr\/wp-json\/wp\/v2\/media\/559"}],"wp:attachment":[{"href":"https:\/\/www.beta-machine.com\/fr\/wp-json\/wp\/v2\/media?parent=554"}],"wp:term":[{"taxonomy":"product_brand","embeddable":true,"href":"https:\/\/www.beta-machine.com\/fr\/wp-json\/wp\/v2\/product_brand?post=554"},{"taxonomy":"product_cat","embeddable":true,"href":"https:\/\/www.beta-machine.com\/fr\/wp-json\/wp\/v2\/product_cat?post=554"},{"taxonomy":"product_tag","embeddable":true,"href":"https:\/\/www.beta-machine.com\/fr\/wp-json\/wp\/v2\/product_tag?post=554"}],"curies":[{"name":"wp","href":"https:\/\/api.w.org\/{rel}","templated":true}]}}