{"id":562,"date":"2025-10-31T08:48:11","date_gmt":"2025-10-31T08:48:11","guid":{"rendered":"https:\/\/beta-machine.com\/?post_type=product&#038;p=562"},"modified":"2025-10-31T08:53:40","modified_gmt":"2025-10-31T08:53:40","slug":"machine-for-plastic-caps-for-bottles-automatic-injection-molding-machine","status":"publish","type":"product","link":"https:\/\/www.beta-machine.com\/fr\/machine-for-plastic-caps-for-bottles-automatic-injection-molding-machine-pd722647088\/","title":{"rendered":"Machine \u00e0 injecter automatique pour bouchons plastiques de bouteilles"},"content":{"rendered":"<p><strong>Machine \u00e0 injecter automatique pour bouchons plastiques de bouteilles<\/strong><\/p>\n<div style=\"width: 800px;\" class=\"wp-video\"><video class=\"wp-video-shortcode\" id=\"video-562-1\" width=\"800\" height=\"1422\" preload=\"metadata\" controls=\"controls\"><source type=\"video\/mp4\" src=\"https:\/\/beta-machine.com\/wp-content\/uploads\/2025\/10\/jiBklKnijmi-jpipKBilmnRjiSrqpkjipnnpimr-1cb46752397646f68e2cf4f34ffcb28c.mp4?_=1\" \/><a href=\"https:\/\/beta-machine.com\/wp-content\/uploads\/2025\/10\/jiBklKnijmi-jpipKBilmnRjiSrqpkjipnnpimr-1cb46752397646f68e2cf4f34ffcb28c.mp4\">https:\/\/beta-machine.com\/wp-content\/uploads\/2025\/10\/jiBklKnijmi-jpipKBilmnRjiSrqpkjipnnpimr-1cb46752397646f68e2cf4f34ffcb28c.mp4<\/a><\/video><\/div>\n<p>La machine \u00e0 injecter des pr\u00e9formes s\u00e9rie PET associe des technologies avanc\u00e9es nationales et \u00e9trang\u00e8res, avec des avantages en \u00e9conomie d\u2019\u00e9nergie, protection de l\u2019environnement, stabilit\u00e9, fiabilit\u00e9 et haute pr\u00e9cision. Elle dispose d\u2019une gamme compl\u00e8te de sp\u00e9cifications, adapt\u00e9e \u00e0 la production de divers pr\u00e9formes ; elle est tr\u00e8s rentable et peut offrir aux clients un meilleur retour sur investissement et une meilleure exp\u00e9rience d\u2019utilisation.<\/p>\n<p>Bienvenue chez le Fournisseur Chinois de Machines de Moulage, un fournisseur leader de machines \u00e0 injecter de haute qualit\u00e9. Notre machine \u00e0 injecter automatique pour bouchons de bouteilles est con\u00e7ue pour produire efficacement des bouchons en plastique pour diverses industries, notamment les boissons, la pharmacie et la cosm\u00e9tique. Cette machine associe technologie avanc\u00e9e et fonctionnalit\u00e9s conviviales pour offrir haute pr\u00e9cision et productivit\u00e9.<\/p>\n<p>&nbsp;<\/p>\n<h4><\/h4>\n<h2>Caract\u00e9ristiques et Avantages Cl\u00e9s<\/h2>\n<ol class=\"list-paddingleft-2\">\n<li>\n<div><strong>Haute efficacit\u00e9 de production<\/strong>: Capable de produire un grand nombre de bouchons en peu de temps, ce qui la rend id\u00e9ale pour la production \u00e0 grande \u00e9chelle.<\/div>\n<\/li>\n<li>\n<div><strong>Pr\u00e9cision et r\u00e9gularit\u00e9<\/strong>: Assure l\u2019uniformit\u00e9 de la forme, de la taille et du design, pour des bouchons de haute qualit\u00e9 avec des tol\u00e9rances serr\u00e9es.<\/div>\n<\/li>\n<li>\n<div><strong>Polyvalence<\/strong>: Compatible avec divers mat\u00e9riaux plastiques tels que le polypropyl\u00e8ne (PP), le poly\u00e9thyl\u00e8ne (PE) et le poly\u00e9thyl\u00e8ne t\u00e9r\u00e9phtalate (PET) pour r\u00e9pondre aux diff\u00e9rents besoins du march\u00e9.<\/div>\n<\/li>\n<li>\n<div><strong>Automatisation<\/strong>: S\u2019int\u00e8gre parfaitement dans les lignes de production automatis\u00e9es, r\u00e9duisant les co\u00fbts de main-d\u2019\u0153uvre et augmentant la productivit\u00e9 globale.<\/div>\n<\/li>\n<li>\n<div><strong>Rentable<\/strong>: R\u00e9duit les co\u00fbts de production gr\u00e2ce \u00e0 une utilisation efficace des mat\u00e9riaux et \u00e0 une diminution des d\u00e9chets.<\/div>\n<\/li>\n<li>\n<div><strong>Contr\u00f4le de proc\u00e9d\u00e9 avanc\u00e9<\/strong>: La surveillance en temps r\u00e9el et l\u2019analyse de donn\u00e9es garantissent la stabilit\u00e9 du proc\u00e9d\u00e9 et une qualit\u00e9 constante du produit.<\/div>\n<\/li>\n<\/ol>\n<div>\n<div><strong>Image d\u00e9taill\u00e9e<\/strong><\/div>\n<div><img fetchpriority=\"high\" decoding=\"async\" class=\"alignnone size-full wp-image-532\" src=\"https:\/\/beta-machine.com\/wp-content\/uploads\/2025\/10\/clamping-unit2-scaled.jpg\" alt=\"Clamping unit\" width=\"2560\" height=\"985\" srcset=\"https:\/\/www.beta-machine.com\/wp-content\/uploads\/2025\/10\/clamping-unit2-scaled.jpg 2560w, https:\/\/www.beta-machine.com\/wp-content\/uploads\/2025\/10\/clamping-unit2-scaled-600x231.jpg 600w, https:\/\/www.beta-machine.com\/wp-content\/uploads\/2025\/10\/clamping-unit2-300x115.jpg 300w, https:\/\/www.beta-machine.com\/wp-content\/uploads\/2025\/10\/clamping-unit2-1024x394.jpg 1024w, https:\/\/www.beta-machine.com\/wp-content\/uploads\/2025\/10\/clamping-unit2-768x296.jpg 768w, https:\/\/www.beta-machine.com\/wp-content\/uploads\/2025\/10\/clamping-unit2-1536x591.jpg 1536w, https:\/\/www.beta-machine.com\/wp-content\/uploads\/2025\/10\/clamping-unit2-2048x788.jpg 2048w\" sizes=\"(max-width: 2560px) 100vw, 2560px\" \/><\/div>\n<div>\n<p><strong>1. Groupe de serrage<\/strong><\/p>\n<div>\n<p>Le design compact et \u00e9conome en espace du groupe de serrage \u00e0 deux plaques est compl\u00e9t\u00e9 par son fonctionnement sans frottement, garantissant un parall\u00e9lisme optimal des plateaux et une protection pr\u00e9cise du moule gr\u00e2ce aux guides lin\u00e9aires. Ces caract\u00e9ristiques assurent non seulement la s\u00e9curit\u00e9 maximale du client, mais aussi am\u00e9liorent la qualit\u00e9 du produit.<\/p>\n<p>1. La manivelle est align\u00e9e centralement, favorisant une distribution \u00e9quilibr\u00e9e de la force.<\/p>\n<p>2. Le syst\u00e8me de lubrification circulatoire en boucle ferm\u00e9e assure une lubrification efficace et constante.<\/p>\n<p>3. Un amortisseur est int\u00e9gr\u00e9 pour l\u2019ouverture du moule, emp\u00eachant les mouvements brusques et minimisant les dommages potentiels.<\/p>\n<p>4. Le syst\u00e8me comprend une fonction sensible de protection du moule, offrant une couche suppl\u00e9mentaire de s\u00e9curit\u00e9 pendant le fonctionnement.<\/p>\n<\/div>\n<p><img decoding=\"async\" class=\"alignnone size-full wp-image-534\" src=\"https:\/\/beta-machine.com\/wp-content\/uploads\/2025\/10\/injection-unit-scaled.jpg\" alt=\"Injection Unit \" width=\"2560\" height=\"1133\" srcset=\"https:\/\/www.beta-machine.com\/wp-content\/uploads\/2025\/10\/injection-unit-scaled.jpg 2560w, https:\/\/www.beta-machine.com\/wp-content\/uploads\/2025\/10\/injection-unit-scaled-600x266.jpg 600w, https:\/\/www.beta-machine.com\/wp-content\/uploads\/2025\/10\/injection-unit-300x133.jpg 300w, https:\/\/www.beta-machine.com\/wp-content\/uploads\/2025\/10\/injection-unit-1024x453.jpg 1024w, https:\/\/www.beta-machine.com\/wp-content\/uploads\/2025\/10\/injection-unit-768x340.jpg 768w, https:\/\/www.beta-machine.com\/wp-content\/uploads\/2025\/10\/injection-unit-1536x680.jpg 1536w, https:\/\/www.beta-machine.com\/wp-content\/uploads\/2025\/10\/injection-unit-2048x906.jpg 2048w\" sizes=\"(max-width: 2560px) 100vw, 2560px\" \/><\/p>\n<p><strong>2. Groupe d\u2019injection<\/strong><\/p>\n<p>1. Le groupe d\u2019injection a \u00e9t\u00e9 optimis\u00e9 pour maximiser les performances et l\u2019efficacit\u00e9.<\/p>\n<p>2. L\u2019ensemble baril plastifiant et vis a \u00e9t\u00e9 con\u00e7u pour fonctionner efficacement, assurant une plastification optimale de la mati\u00e8re.<\/p>\n<p>3. Le syst\u00e8me BETA offre une flexibilit\u00e9 in\u00e9gal\u00e9e, permettant un large \u00e9ventail d\u2019options de personnalisation pour r\u00e9pondre aux besoins de production sp\u00e9cifiques.<\/p>\n<div><\/div>\n<div><strong>Produits finaux<\/strong><\/div>\n<div><img decoding=\"async\" class=\"alignnone size-full wp-image-507\" src=\"https:\/\/beta-machine.com\/wp-content\/uploads\/2025\/10\/2.jpg\" alt=\"\" width=\"2034\" height=\"584\" srcset=\"https:\/\/www.beta-machine.com\/wp-content\/uploads\/2025\/10\/2.jpg 2034w, https:\/\/www.beta-machine.com\/wp-content\/uploads\/2025\/10\/2-600x172.jpg 600w, https:\/\/www.beta-machine.com\/wp-content\/uploads\/2025\/10\/2-300x86.jpg 300w, https:\/\/www.beta-machine.com\/wp-content\/uploads\/2025\/10\/2-1024x294.jpg 1024w, https:\/\/www.beta-machine.com\/wp-content\/uploads\/2025\/10\/2-768x221.jpg 768w, https:\/\/www.beta-machine.com\/wp-content\/uploads\/2025\/10\/2-1536x441.jpg 1536w\" sizes=\"(max-width: 2034px) 100vw, 2034px\" \/><\/div>\n<div><\/div>\n<p><strong>3. Applications<\/strong><\/p>\n<div>Notre machine de moulage par injection automatique pour capsules et bouteilles est largement utilis\u00e9e dans:<\/div>\n<ul class=\"list-paddingleft-2\">\n<li>\n<div><strong>Industrie des boissons<\/strong>: Pour les capsules de bouteilles d\u2019eau, de jus de fruits et de boissons gazeuses.<\/div>\n<\/li>\n<li>\n<div><strong>Industrie pharmaceutique<\/strong>: Pour les capsules \u00e0 s\u00e9curit\u00e9 enfant et avec indicateur d\u2019ouverture.<\/div>\n<\/li>\n<li>\n<div><strong>Industrie alimentaire<\/strong>: Pour les capsules de flacons de condiments et de produits laitiers.<\/div>\n<\/li>\n<li>\n<div><strong>Industrie cosm\u00e9tique<\/strong>: Pour les capsules de flacons de shampooing et autres produits de soins personnels.<\/div>\n<\/li>\n<\/ul>\n<\/div>\n<\/div>","protected":false},"excerpt":{"rendered":"<p>Le volume d\u2019injection a \u00e9t\u00e9 augment\u00e9 pour r\u00e9pondre \u00e0 la production de produits multicavit\u00e9s. Il peut \u00eatre personnalis\u00e9 selon des exigences sp\u00e9cifiques, ce qui le rend id\u00e9al pour la fabrication d\u2019emballages, de produits \u00e0 cavit\u00e9 profonde et de pr\u00e9formes PET \u00e0 grande vitesse.<\/p>\n<div>La vis sp\u00e9ciale PET acc\u00e9l\u00e8re consid\u00e9rablement la vitesse de fusion et le volume d\u2019injection, tout en r\u00e9duisant la temp\u00e9rature de plastification. Ceci am\u00e9liore efficacement la contraction de la pr\u00e9forme et en augmente la transparence.<\/div>\n<div>La force du poussoir et la course d\u2019\u00e9jection ont \u00e9t\u00e9 augment\u00e9es, le rendant plus adapt\u00e9 au moulage de pr\u00e9formes PET \u00e0 cavit\u00e9 profonde.<\/div>","protected":false},"featured_media":571,"comment_status":"closed","ping_status":"closed","template":"","meta":{"_acf_changed":false},"product_brand":[],"product_cat":[31],"product_tag":[],"class_list":{"0":"post-562","1":"product","2":"type-product","3":"status-publish","4":"has-post-thumbnail","6":"product_cat-pet-preform-injection-molding-machine","8":"first","9":"instock","10":"shipping-taxable","11":"purchasable","12":"product-type-variable"},"acf":[],"_links":{"self":[{"href":"https:\/\/www.beta-machine.com\/fr\/wp-json\/wp\/v2\/product\/562","targetHints":{"allow":["GET"]}}],"collection":[{"href":"https:\/\/www.beta-machine.com\/fr\/wp-json\/wp\/v2\/product"}],"about":[{"href":"https:\/\/www.beta-machine.com\/fr\/wp-json\/wp\/v2\/types\/product"}],"replies":[{"embeddable":true,"href":"https:\/\/www.beta-machine.com\/fr\/wp-json\/wp\/v2\/comments?post=562"}],"wp:featuredmedia":[{"embeddable":true,"href":"https:\/\/www.beta-machine.com\/fr\/wp-json\/wp\/v2\/media\/571"}],"wp:attachment":[{"href":"https:\/\/www.beta-machine.com\/fr\/wp-json\/wp\/v2\/media?parent=562"}],"wp:term":[{"taxonomy":"product_brand","embeddable":true,"href":"https:\/\/www.beta-machine.com\/fr\/wp-json\/wp\/v2\/product_brand?post=562"},{"taxonomy":"product_cat","embeddable":true,"href":"https:\/\/www.beta-machine.com\/fr\/wp-json\/wp\/v2\/product_cat?post=562"},{"taxonomy":"product_tag","embeddable":true,"href":"https:\/\/www.beta-machine.com\/fr\/wp-json\/wp\/v2\/product_tag?post=562"}],"curies":[{"name":"wp","href":"https:\/\/api.w.org\/{rel}","templated":true}]}}