{"id":572,"date":"2025-10-31T08:54:50","date_gmt":"2025-10-31T08:54:50","guid":{"rendered":"https:\/\/beta-machine.com\/?post_type=product&#038;p=572"},"modified":"2026-03-11T08:58:49","modified_gmt":"2026-03-11T08:58:49","slug":"injection-molding-machine-for-pet-preforms","status":"publish","type":"product","link":"https:\/\/www.beta-machine.com\/fr\/injection-molding-machine-for-pet-preforms-pd770057088\/","title":{"rendered":"Machine d\u2019injection pour pr\u00e9formes PET"},"content":{"rendered":"<p><strong>Machine d\u2019injection pour pr\u00e9formes PET<\/strong><\/p>\n<div style=\"width: 800px;\" class=\"wp-video\"><video class=\"wp-video-shortcode\" id=\"video-572-1\" width=\"800\" height=\"1422\" preload=\"metadata\" controls=\"controls\"><source type=\"video\/mp4\" src=\"https:\/\/beta-machine.com\/wp-content\/uploads\/2025\/10\/jiBklKnijmi-jpipKBilmnRjiSrqpkjipnnpimr-1cb46752397646f68e2cf4f34ffcb28c.mp4?_=1\" \/><a href=\"https:\/\/beta-machine.com\/wp-content\/uploads\/2025\/10\/jiBklKnijmi-jpipKBilmnRjiSrqpkjipnnpimr-1cb46752397646f68e2cf4f34ffcb28c.mp4\">https:\/\/beta-machine.com\/wp-content\/uploads\/2025\/10\/jiBklKnijmi-jpipKBilmnRjiSrqpkjipnnpimr-1cb46752397646f68e2cf4f34ffcb28c.mp4<\/a><\/video><\/div>\n<div>\n<p>* Le volume d\u2019injection a \u00e9t\u00e9 augment\u00e9 pour faciliter la production de produits multicavit\u00e9s. Cette caract\u00e9ristique peut \u00eatre adapt\u00e9e aux exigences sp\u00e9cifiques, ce qui la rend id\u00e9ale pour la fabrication d\u2019emballages, de pr\u00e9formes PET \u00e0 cavit\u00e9 profonde et \u00e0 grande vitesse.<\/p>\n<p>* La vis sp\u00e9ciale PET augmente consid\u00e9rablement la vitesse de fusion et le volume d\u2019injection, tout en r\u00e9duisant la temp\u00e9rature de plastification. Ceci am\u00e9liore efficacement la contraction de la pr\u00e9forme et sa transparence.<\/p>\n<p>* La force du poussoir et la course d\u2019\u00e9jection ont \u00e9t\u00e9 augment\u00e9es, le rendant plus adapt\u00e9 au moulage de pr\u00e9formes PET \u00e0 cavit\u00e9 profonde.<\/p>\n<p>* Bienvenue chez le Fournisseur Chinois de Machines de Moulage, un fournisseur leader de solutions avanc\u00e9es de moulage par injection. Notre Machine d\u2019Injection pour Pr\u00e9formes PET est sp\u00e9cialement con\u00e7ue pour produire des pr\u00e9formes PET de haute qualit\u00e9 destin\u00e9es aux industries des boissons, alimentaire, pharmaceutique et cosm\u00e9tique. Cette machine associe ing\u00e9nierie de pr\u00e9cision, efficacit\u00e9 \u00e9nerg\u00e9tique et syst\u00e8mes de contr\u00f4le avanc\u00e9s pour garantir des r\u00e9sultats constants et de haute qualit\u00e9.<\/p>\n<p>&nbsp;<\/p>\n<h4><\/h4>\n<h2>Caract\u00e9ristiques et Avantages Cl\u00e9s<\/h2>\n<ol class=\"list-paddingleft-2\">\n<li>\n<div><strong>Syst\u00e8me d\u2019injection haute vitesse et haute pression<\/strong><br \/>\nNos machines d\u2019injection pour pr\u00e9formes PET sont \u00e9quip\u00e9es de syst\u00e8mes d\u2019injection haute vitesse et haute pression, garantissant un remplissage rapide et uniforme de la cavit\u00e9 du moule. Cette conception assure des dimensions et une qualit\u00e9 constantes des pr\u00e9formes.<\/div>\n<\/li>\n<li>\n<div><strong>Syst\u00e8mes de chauffage et refroidissement avanc\u00e9s<\/strong><br \/>\n\u00c9quip\u00e9es de syst\u00e8mes de chauffage et refroidissement avanc\u00e9s, nos machines maintiennent des temp\u00e9ratures optimales tout au long du processus de moulage. Un contr\u00f4le pr\u00e9cis de la temp\u00e9rature garantit une distribution uniforme du mat\u00e9riau et \u00e9vite les d\u00e9fauts sur les pr\u00e9formes.<\/div>\n<\/li>\n<li>\n<div><strong>Conception \u00e9conome en \u00e9nergie<\/strong><br \/>\nNos machines sont \u00e9quip\u00e9es de composants \u00e9conomes en \u00e9nergie, tels que des moteurs servo et des entra\u00eenements \u00e0 pompe variable, afin de minimiser la consommation d\u2019\u00e9nergie et de r\u00e9duire les co\u00fbts d\u2019exploitation.<\/div>\n<\/li>\n<li>\n<div><strong>Haute pr\u00e9cision et constance<\/strong><br \/>\nNos machines assurent un moulage de haute pr\u00e9cision, garantissant que chaque pr\u00e9forme respecte des normes de qualit\u00e9 strictes. Cette constance est essentielle pour le processus ult\u00e9rieur de soufflage.<\/div>\n<\/li>\n<li>\n<div><strong>Interface conviviale<\/strong><br \/>\nLes machines sont \u00e9quip\u00e9es d\u2019interfaces utilisateur intuitives qui permettent aux op\u00e9rateurs de r\u00e9gler facilement les param\u00e8tres, de surveiller le processus et d\u2019effectuer les ajustements n\u00e9cessaires.<\/div>\n<\/li>\n<li>\n<div><strong>Personnalisation et flexibilit\u00e9<\/strong><br \/>\nNous offrons une gamme d\u2019options de personnalisation pour s\u2019adapter \u00e0 divers dessins et sp\u00e9cifications de pr\u00e9formes, r\u00e9pondant aux exigences uniques de diff\u00e9rents segments de march\u00e9.<\/div>\n<\/li>\n<\/ol>\n<\/div>\n<div>\n<div><strong>Image d\u00e9taill\u00e9e<\/strong><\/div>\n<div><img fetchpriority=\"high\" decoding=\"async\" class=\"alignnone size-full wp-image-533\" src=\"https:\/\/beta-machine.com\/wp-content\/uploads\/2025\/10\/High-response-oil-way.jpg\" alt=\"High response oil-way system\" width=\"629\" height=\"513\" srcset=\"https:\/\/www.beta-machine.com\/wp-content\/uploads\/2025\/10\/High-response-oil-way.jpg 629w, https:\/\/www.beta-machine.com\/wp-content\/uploads\/2025\/10\/High-response-oil-way-600x489.jpg 600w, https:\/\/www.beta-machine.com\/wp-content\/uploads\/2025\/10\/High-response-oil-way-300x245.jpg 300w\" sizes=\"(max-width: 629px) 100vw, 629px\" \/><\/div>\n<div>\n<p><strong>* Syst\u00e8me de circuit hydraulique \u00e0 haute r\u00e9ponse<\/strong><\/p>\n<p>Le syst\u00e8me de circuit hydraulique modulaire, \u00e9conome en \u00e9nergie et \u00e0 haute r\u00e9ponse, am\u00e9liore la vitesse globale de la machine et r\u00e9duit la consommation d\u2019\u00e9nergie.<\/p>\n<\/div>\n<div><img decoding=\"async\" class=\"alignnone size-full wp-image-532\" src=\"https:\/\/beta-machine.com\/wp-content\/uploads\/2025\/10\/clamping-unit2-scaled.jpg\" alt=\"Clamping unit\" width=\"2560\" height=\"985\" srcset=\"https:\/\/www.beta-machine.com\/wp-content\/uploads\/2025\/10\/clamping-unit2-scaled.jpg 2560w, https:\/\/www.beta-machine.com\/wp-content\/uploads\/2025\/10\/clamping-unit2-scaled-600x231.jpg 600w, https:\/\/www.beta-machine.com\/wp-content\/uploads\/2025\/10\/clamping-unit2-300x115.jpg 300w, https:\/\/www.beta-machine.com\/wp-content\/uploads\/2025\/10\/clamping-unit2-1024x394.jpg 1024w, https:\/\/www.beta-machine.com\/wp-content\/uploads\/2025\/10\/clamping-unit2-768x296.jpg 768w, https:\/\/www.beta-machine.com\/wp-content\/uploads\/2025\/10\/clamping-unit2-1536x591.jpg 1536w, https:\/\/www.beta-machine.com\/wp-content\/uploads\/2025\/10\/clamping-unit2-2048x788.jpg 2048w\" sizes=\"(max-width: 2560px) 100vw, 2560px\" \/><\/div>\n<div>\n<p><strong>* Unit\u00e9 de serrage<\/strong><\/p>\n<div>\n<p>L\u2019unit\u00e9 de serrage \u00e0 deux plaques pr\u00e9sente un design compact et \u00e9conomise de l\u2019espace. De plus, les deux plaques sont totalement sans frottement, garantissant la parall\u00e9lisme des plaques et une haute protection des moules gr\u00e2ce aux guides lin\u00e9aires. Cela offre le plus haut niveau de s\u00e9curit\u00e9 pour les clients et garantit des produits de la meilleure qualit\u00e9.Les autres caract\u00e9ristiques de cette unit\u00e9 incluent une bielle align\u00e9e centralement pour assurer un fonctionnement pr\u00e9cis, un syst\u00e8me de lubrification circulatoire en boucle ferm\u00e9e, un amortisseur d\u2019ouverture de moule pour un fonctionnement fluide et une fonction de protection de moule tr\u00e8s sensible.<\/p>\n<p>&nbsp;<\/p>\n<\/div>\n<p><img decoding=\"async\" class=\"alignnone size-full wp-image-534\" src=\"https:\/\/beta-machine.com\/wp-content\/uploads\/2025\/10\/injection-unit-scaled.jpg\" alt=\"Injection Unit \" width=\"2560\" height=\"1133\" srcset=\"https:\/\/www.beta-machine.com\/wp-content\/uploads\/2025\/10\/injection-unit-scaled.jpg 2560w, https:\/\/www.beta-machine.com\/wp-content\/uploads\/2025\/10\/injection-unit-scaled-600x266.jpg 600w, https:\/\/www.beta-machine.com\/wp-content\/uploads\/2025\/10\/injection-unit-300x133.jpg 300w, https:\/\/www.beta-machine.com\/wp-content\/uploads\/2025\/10\/injection-unit-1024x453.jpg 1024w, https:\/\/www.beta-machine.com\/wp-content\/uploads\/2025\/10\/injection-unit-768x340.jpg 768w, https:\/\/www.beta-machine.com\/wp-content\/uploads\/2025\/10\/injection-unit-1536x680.jpg 1536w, https:\/\/www.beta-machine.com\/wp-content\/uploads\/2025\/10\/injection-unit-2048x906.jpg 2048w\" sizes=\"(max-width: 2560px) 100vw, 2560px\" \/><\/p>\n<p><strong>* Unit\u00e9 d\u2019injection<\/strong><\/p>\n<p>1. Unit\u00e9 d\u2019injection optimis\u00e9e<\/p>\n<p>2. Utiliser un ensemble barillet et vis de plastification efficace.<\/p>\n<p>3. Le BETA offre une flexibilit\u00e9 ultime.<\/p>\n<p>&nbsp;<\/p>\n<h4>Applications<\/h4>\n<div>Notre machine d\u2019injection pour pr\u00e9formes PET est largement utilis\u00e9e dans:<\/div>\n<ol class=\"list-paddingleft-2\">\n<li>\n<div><strong>Industrie des boissons<\/strong>Pour la production de pr\u00e9formes pour bouteilles d\u2019eau, de sodas et de jus.<\/div>\n<\/li>\n<li>\n<div><strong>Emballage alimentaire<\/strong>: Pour des r\u00e9cipients, plateaux et couvercles n\u00e9cessitant une grande transparence et solidit\u00e9.<\/div>\n<\/li>\n<li>\n<div><strong>Emballages cosm\u00e9tiques<\/strong>: Pour le conditionnement de cr\u00e8mes, lotions et parfums.<\/div>\n<\/li>\n<li>\n<div><strong>Emballages pharmaceutiques<\/strong>: Pour la production de pr\u00e9formes conformes aux normes strictes de qualit\u00e9 m\u00e9dicale.<\/div>\n<\/li>\n<li>\n<div><strong>Produits domestiques<\/strong>: Pour r\u00e9cipients de rangement, ustensiles de cuisine et bouteilles de produits de nettoyage.<\/div>\n<\/li>\n<\/ol>\n<h3>FAQ \/ Questions fr\u00e9quentes<\/h3>\n<div><strong>Q1: Quels sont les principaux avantages de l\u2019utilisation de machines d\u2019injection pour pr\u00e9formes PET?<\/strong><\/div>\n<div>\n<div>R: Ces machines offrent une haute pr\u00e9cision, un refroidissement efficace, des \u00e9conomies d\u2019\u00e9nergie, des interfaces conviviales et une grande polyvalence dans la conception des pr\u00e9formes.<\/div>\n<div><strong>Q2: Comment les syst\u00e8mes de chauffage et refroidissement avanc\u00e9s b\u00e9n\u00e9ficient-ils au processus de moulage?<\/strong><br \/>\nR: Ils assurent une distribution uniforme du mat\u00e9riau, pr\u00e9viennent les d\u00e9fauts, r\u00e9duisent les temps de cycle et am\u00e9liorent la qualit\u00e9 des produits.<\/div>\n<div><strong>Q3: La machine peut-elle \u00eatre personnalis\u00e9e pour des conceptions de pr\u00e9formes sp\u00e9cifiques?<\/strong><br \/>\nR: Oui, nos machines offrent des options de personnalisation pour r\u00e9pondre aux divers besoins du march\u00e9.<\/div>\n<div><strong>Q4: Quelles industries utilisent couramment des machines d\u2019injection pour pr\u00e9formes PET?<\/strong><br \/>\nR: Les industries des boissons, alimentaire, cosm\u00e9tique, pharmaceutique et des produits domestiques.<\/div>\n<div><strong>Q5: Comment la conception \u00e9conome en \u00e9nergie contribue-t-elle \u00e0 la durabilit\u00e9?<\/strong><br \/>\nR: Les machines utilisent des moteurs servo et des entra\u00eenements \u00e0 pompe variable pour minimiser la consommation d\u2019\u00e9nergie, contribuant \u00e0 un environnement de fabrication plus \u00e9cologique.<\/div>\n<div>Pour plus d\u2019informations ou demander un devis, contactez-nous d\u00e8s aujourd\u2019hui. Nous nous engageons \u00e0 fournir des solutions avanc\u00e9es et fiables pour vos besoins de fabrication.<\/div>\n<\/div>\n<\/div>\n<\/div>","protected":false},"excerpt":{"rendered":"<p>Le volume d\u2019injection a \u00e9t\u00e9 augment\u00e9 pour r\u00e9pondre \u00e0 la production de produits multicavit\u00e9s. Il peut \u00eatre personnalis\u00e9 selon des exigences sp\u00e9cifiques, ce qui le rend id\u00e9al pour la fabrication d\u2019emballages, de produits \u00e0 cavit\u00e9 profonde et de pr\u00e9formes PET \u00e0 grande vitesse.<\/p>\n<div>La vis sp\u00e9ciale PET acc\u00e9l\u00e8re consid\u00e9rablement la vitesse de fusion et le volume d\u2019injection, tout en r\u00e9duisant la temp\u00e9rature de plastification. Ceci am\u00e9liore efficacement la contraction de la pr\u00e9forme et en augmente la transparence.<\/div>\n<div>La force du poussoir et la course d\u2019\u00e9jection ont \u00e9t\u00e9 augment\u00e9es, le rendant plus adapt\u00e9 au moulage de pr\u00e9formes PET \u00e0 cavit\u00e9 profonde.<\/div>","protected":false},"featured_media":577,"comment_status":"closed","ping_status":"closed","template":"","meta":{"_acf_changed":false},"product_brand":[],"product_cat":[31],"product_tag":[],"class_list":{"0":"post-572","1":"product","2":"type-product","3":"status-publish","4":"has-post-thumbnail","6":"product_cat-pet-preform-injection-molding-machine","8":"first","9":"instock","10":"shipping-taxable","11":"purchasable","12":"product-type-variable"},"acf":[],"_links":{"self":[{"href":"https:\/\/www.beta-machine.com\/fr\/wp-json\/wp\/v2\/product\/572","targetHints":{"allow":["GET"]}}],"collection":[{"href":"https:\/\/www.beta-machine.com\/fr\/wp-json\/wp\/v2\/product"}],"about":[{"href":"https:\/\/www.beta-machine.com\/fr\/wp-json\/wp\/v2\/types\/product"}],"replies":[{"embeddable":true,"href":"https:\/\/www.beta-machine.com\/fr\/wp-json\/wp\/v2\/comments?post=572"}],"wp:featuredmedia":[{"embeddable":true,"href":"https:\/\/www.beta-machine.com\/fr\/wp-json\/wp\/v2\/media\/577"}],"wp:attachment":[{"href":"https:\/\/www.beta-machine.com\/fr\/wp-json\/wp\/v2\/media?parent=572"}],"wp:term":[{"taxonomy":"product_brand","embeddable":true,"href":"https:\/\/www.beta-machine.com\/fr\/wp-json\/wp\/v2\/product_brand?post=572"},{"taxonomy":"product_cat","embeddable":true,"href":"https:\/\/www.beta-machine.com\/fr\/wp-json\/wp\/v2\/product_cat?post=572"},{"taxonomy":"product_tag","embeddable":true,"href":"https:\/\/www.beta-machine.com\/fr\/wp-json\/wp\/v2\/product_tag?post=572"}],"curies":[{"name":"wp","href":"https:\/\/api.w.org\/{rel}","templated":true}]}}