{"id":588,"date":"2025-11-04T05:11:40","date_gmt":"2025-11-04T05:11:40","guid":{"rendered":"https:\/\/beta-machine.com\/?post_type=product&#038;p=588"},"modified":"2025-11-04T07:10:51","modified_gmt":"2025-11-04T07:10:51","slug":"high-speed-energy-saving-extrusion-blow-molding-for-20l-jerry-can-production","status":"publish","type":"product","link":"https:\/\/www.beta-machine.com\/fr\/high-speed-energy-saving-extrusion-blow-molding-for-20l-jerry-can-production\/","title":{"rendered":"Machine de soufflage par extrusion \u00e0 haute vitesse et \u00e9conome en \u00e9nergie pour la production de bidons de 20L"},"content":{"rendered":"<p>Cette machine d\u2019extrusion-soufflage est sp\u00e9cialement con\u00e7ue pour la production de divers types de r\u00e9cipients plastiques creux. Ces r\u00e9cipients sont couramment utilis\u00e9s pour stocker une large gamme d\u2019articles, notamment des aliments, des jouets, des boissons, des m\u00e9dicaments, des produits chimiques, des pesticides et des d\u00e9tergents. La machine est capable de fabriquer des r\u00e9cipients d\u2019une capacit\u00e9 allant de 5 L \u00e0 30 L, en utilisant des mat\u00e9riaux tels que le PE, le PP et le PVC.<\/p>\n<div style=\"width: 800px;\" class=\"wp-video\"><video class=\"wp-video-shortcode\" id=\"video-588-1\" width=\"800\" height=\"450\" preload=\"metadata\" controls=\"controls\"><source type=\"video\/mp4\" src=\"https:\/\/beta-machine.com\/wp-content\/uploads\/2025\/11\/lmQOocUt1ICrPhAfGYsBRGBygf7h.mp4?_=1\" \/><a href=\"https:\/\/beta-machine.com\/wp-content\/uploads\/2025\/11\/lmQOocUt1ICrPhAfGYsBRGBygf7h.mp4\">https:\/\/beta-machine.com\/wp-content\/uploads\/2025\/11\/lmQOocUt1ICrPhAfGYsBRGBygf7h.mp4<\/a><\/video><\/div>\n<p>Quelques exemples de produits pouvant \u00eatre fabriqu\u00e9s avec cette machine incluent des bouteilles d\u2019eau, des bouteilles de lait, des bouteilles m\u00e9dicales, des bouteilles d\u2019huile, des balles en plastique, des bouteilles de lubrifiant et des r\u00e9cipients en plastique.<\/p>\n<p>L\u2019un des principaux avantages de ces machines est leur rentabilit\u00e9, car elles n\u00e9cessitent un investissement initial relativement faible. En outre, elles offrent une haute efficacit\u00e9 de production, permettant un fonctionnement rapide et s\u00e9curis\u00e9. Le d\u00e9pannage et la maintenance sont \u00e9galement simplifi\u00e9s, ce qui entra\u00eene un temps d\u2019arr\u00eat minimal. Globalement, ces machines offrent de nombreux avantages aux fabricants du secteur des r\u00e9cipients plastiques.<\/p>\n<h3>Informations sur les composants<\/h3>\n<p><img fetchpriority=\"high\" decoding=\"async\" class=\"alignnone wp-image-591 size-full\" src=\"https:\/\/beta-machine.com\/wp-content\/uploads\/2025\/11\/1-3.jpg\" alt=\"Extrusion System\" width=\"1000\" height=\"1000\" srcset=\"https:\/\/www.beta-machine.com\/wp-content\/uploads\/2025\/11\/1-3.jpg 1000w, https:\/\/www.beta-machine.com\/wp-content\/uploads\/2025\/11\/1-3-300x300.jpg 300w, https:\/\/www.beta-machine.com\/wp-content\/uploads\/2025\/11\/1-3-100x100.jpg 100w, https:\/\/www.beta-machine.com\/wp-content\/uploads\/2025\/11\/1-3-600x600.jpg 600w, https:\/\/www.beta-machine.com\/wp-content\/uploads\/2025\/11\/1-3-150x150.jpg 150w, https:\/\/www.beta-machine.com\/wp-content\/uploads\/2025\/11\/1-3-768x768.jpg 768w\" sizes=\"(max-width: 1000px) 100vw, 1000px\" \/><\/p>\n<h3>Syst\u00e8me d\u2019extrusion<\/h3>\n<p>La vis et le cylindre bim\u00e9talliques de notre machine d\u2019injection sont con\u00e7us pour pr\u00e9senter une haute duret\u00e9, garantissant une excellente plastification et une dur\u00e9e de vie plus longue. Notre machine est \u00e9galement \u00e9quip\u00e9e d\u2019un bo\u00eetier de vitesses, d\u2019un moteur et d\u2019un onduleur de haute qualit\u00e9, qui contribuent \u00e0 ses performances g\u00e9n\u00e9rales et sa durabilit\u00e9.<\/p>\n<p>De plus, nous avons con\u00e7u une bande chauffante sp\u00e9ciale qui maximise l\u2019efficacit\u00e9 et minimise la consommation d\u2019\u00e9nergie, renfor\u00e7ant encore la capacit\u00e9 d\u2019\u00e9conomie d\u2019\u00e9nergie de notre machine.<\/p>\n<p><img decoding=\"async\" class=\"alignnone wp-image-594 size-full\" src=\"https:\/\/beta-machine.com\/wp-content\/uploads\/2025\/11\/9.jpg\" alt=\"Clamping Unit &amp; Die Head\" width=\"1000\" height=\"1000\" srcset=\"https:\/\/www.beta-machine.com\/wp-content\/uploads\/2025\/11\/9.jpg 1000w, https:\/\/www.beta-machine.com\/wp-content\/uploads\/2025\/11\/9-300x300.jpg 300w, https:\/\/www.beta-machine.com\/wp-content\/uploads\/2025\/11\/9-100x100.jpg 100w, https:\/\/www.beta-machine.com\/wp-content\/uploads\/2025\/11\/9-600x600.jpg 600w, https:\/\/www.beta-machine.com\/wp-content\/uploads\/2025\/11\/9-150x150.jpg 150w, https:\/\/www.beta-machine.com\/wp-content\/uploads\/2025\/11\/9-768x768.jpg 768w\" sizes=\"(max-width: 1000px) 100vw, 1000px\" \/><\/p>\n<p>&nbsp;<\/p>\n<h3>Unit\u00e9 de Serrage &amp; T\u00eate de Filage<\/h3>\n<p>Notre machine dispose d\u2019une force de serrage exceptionnelle, garantissant une fermeture s\u00fbre et \u00e9tanche des moules de soufflage, assurant un fini superficiel sup\u00e9rieur des produits finis.<\/p>\n<p>Nous attachons une grande importance \u00e0 la s\u00e9curit\u00e9 des op\u00e9rateurs et avons int\u00e9gr\u00e9 des dispositifs de protection de s\u00e9curit\u00e9 dans la machine.<\/p>\n<p>De plus, nous utilisons des mat\u00e9riaux de haute qualit\u00e9 pour la t\u00eate de filage, garantissant des performances optimales et une longue dur\u00e9e de vie.<\/p>\n<p><img decoding=\"async\" class=\"alignnone wp-image-595 size-full\" src=\"https:\/\/beta-machine.com\/wp-content\/uploads\/2025\/11\/Hydraulic-System.jpg\" alt=\"Hydraulic System\" width=\"1000\" height=\"1000\" srcset=\"https:\/\/www.beta-machine.com\/wp-content\/uploads\/2025\/11\/Hydraulic-System.jpg 1000w, https:\/\/www.beta-machine.com\/wp-content\/uploads\/2025\/11\/Hydraulic-System-300x300.jpg 300w, https:\/\/www.beta-machine.com\/wp-content\/uploads\/2025\/11\/Hydraulic-System-100x100.jpg 100w, https:\/\/www.beta-machine.com\/wp-content\/uploads\/2025\/11\/Hydraulic-System-600x600.jpg 600w, https:\/\/www.beta-machine.com\/wp-content\/uploads\/2025\/11\/Hydraulic-System-150x150.jpg 150w, https:\/\/www.beta-machine.com\/wp-content\/uploads\/2025\/11\/Hydraulic-System-768x768.jpg 768w\" sizes=\"(max-width: 1000px) 100vw, 1000px\" \/><\/p>\n<p>&nbsp;<\/p>\n<h3>Syst\u00e8me hydraulique<\/h3>\n<p>Nous avons int\u00e9gr\u00e9 des vannes hydrauliques de marques renomm\u00e9es japonaises et ta\u00efwanaises dans notre machine, r\u00e9put\u00e9es pour leur qualit\u00e9 et leur fiabilit\u00e9 exceptionnelles. Ces vannes permettent un contr\u00f4le proportionnel de la pression et du d\u00e9bit de la machine, assurant un mouvement pr\u00e9cis et exact. Cela garantit que chaque op\u00e9ration est r\u00e9alis\u00e9e avec la plus grande pr\u00e9cision, aboutissant \u00e0 une production de haute qualit\u00e9.<\/p>\n<p><img loading=\"lazy\" decoding=\"async\" class=\"alignnone wp-image-596 size-full\" src=\"https:\/\/beta-machine.com\/wp-content\/uploads\/2025\/11\/servo-motor.jpg\" alt=\"Servo Motor\" width=\"1000\" height=\"1000\" srcset=\"https:\/\/www.beta-machine.com\/wp-content\/uploads\/2025\/11\/servo-motor.jpg 1000w, https:\/\/www.beta-machine.com\/wp-content\/uploads\/2025\/11\/servo-motor-300x300.jpg 300w, https:\/\/www.beta-machine.com\/wp-content\/uploads\/2025\/11\/servo-motor-100x100.jpg 100w, https:\/\/www.beta-machine.com\/wp-content\/uploads\/2025\/11\/servo-motor-600x600.jpg 600w, https:\/\/www.beta-machine.com\/wp-content\/uploads\/2025\/11\/servo-motor-150x150.jpg 150w, https:\/\/www.beta-machine.com\/wp-content\/uploads\/2025\/11\/servo-motor-768x768.jpg 768w\" sizes=\"(max-width: 1000px) 100vw, 1000px\" \/><\/p>\n<p>&nbsp;<\/p>\n<h3>Moteur servo<\/h3>\n<p>En utilisant des moteurs et pompes servo \u00e0 haute efficacit\u00e9, notre machine r\u00e9alise des \u00e9conomies de consommation d\u2019\u00e9nergie importantes allant jusqu\u2019\u00e0 40% \u2013 50%. Cela se traduit par une r\u00e9duction des co\u00fbts de fabrication pour votre usine. Par ailleurs, l\u2019adoption de ces composants avanc\u00e9s garantit un faible niveau sonore et des conditions de travail stables, am\u00e9liorant la productivit\u00e9 et l\u2019efficacit\u00e9 globales de vos op\u00e9rations.<\/p>\n<p>&nbsp;<\/p>\n<p>&nbsp;<\/p>","protected":false},"excerpt":{"rendered":"<p>This extrusion blow molding\/moulding machine is specifically designed for the production of various types of hollow plastic containers. These containers are commonly used for storing a wide range of items, including food, toys, beverages, medicines, chemical products, pesticides, and detergents. The machine is capable of manufacturing containers with capacities ranging from 5L to 30L, using [&hellip;]<\/p>\n","protected":false},"featured_media":593,"comment_status":"closed","ping_status":"closed","template":"","meta":{"_acf_changed":false},"product_brand":[],"product_cat":[30],"product_tag":[],"class_list":{"0":"post-588","1":"product","2":"type-product","3":"status-publish","4":"has-post-thumbnail","6":"product_cat-energy-saving-blow-molding-machine","8":"first","9":"instock","10":"shipping-taxable","11":"purchasable","12":"product-type-variable"},"acf":[],"_links":{"self":[{"href":"https:\/\/www.beta-machine.com\/fr\/wp-json\/wp\/v2\/product\/588","targetHints":{"allow":["GET"]}}],"collection":[{"href":"https:\/\/www.beta-machine.com\/fr\/wp-json\/wp\/v2\/product"}],"about":[{"href":"https:\/\/www.beta-machine.com\/fr\/wp-json\/wp\/v2\/types\/product"}],"replies":[{"embeddable":true,"href":"https:\/\/www.beta-machine.com\/fr\/wp-json\/wp\/v2\/comments?post=588"}],"wp:featuredmedia":[{"embeddable":true,"href":"https:\/\/www.beta-machine.com\/fr\/wp-json\/wp\/v2\/media\/593"}],"wp:attachment":[{"href":"https:\/\/www.beta-machine.com\/fr\/wp-json\/wp\/v2\/media?parent=588"}],"wp:term":[{"taxonomy":"product_brand","embeddable":true,"href":"https:\/\/www.beta-machine.com\/fr\/wp-json\/wp\/v2\/product_brand?post=588"},{"taxonomy":"product_cat","embeddable":true,"href":"https:\/\/www.beta-machine.com\/fr\/wp-json\/wp\/v2\/product_cat?post=588"},{"taxonomy":"product_tag","embeddable":true,"href":"https:\/\/www.beta-machine.com\/fr\/wp-json\/wp\/v2\/product_tag?post=588"}],"curies":[{"name":"wp","href":"https:\/\/api.w.org\/{rel}","templated":true}]}}