{"id":638,"date":"2025-11-04T07:19:31","date_gmt":"2025-11-04T07:19:31","guid":{"rendered":"https:\/\/beta-machine.com\/?post_type=product&#038;p=638"},"modified":"2025-11-04T07:19:31","modified_gmt":"2025-11-04T07:19:31","slug":"continuous-extrusion-blow-molding-machine-with-double-station-for-5-30l-plastic-products","status":"publish","type":"product","link":"https:\/\/www.beta-machine.com\/fr\/continuous-extrusion-blow-molding-machine-with-double-station-for-5-30l-plastic-products\/","title":{"rendered":"Machine de soufflage par extrusion continue \u00e0 double poste pour produits plastiques de 5-30L"},"content":{"rendered":"<p><strong>Machine de soufflage par extrusion continue \u00e0 double poste pour produits plastiques de 5-30L<\/strong><\/p>\n<p>&nbsp;<\/p>\n<div>\n<div>\n<p>Cette machine de soufflage par extrusion est con\u00e7ue pour fabriquer divers types de r\u00e9cipients creux en plastique utilis\u00e9s pour le stockage d\u2019aliments, jouets, boissons, m\u00e9dicaments, produits chimiques, pesticides, d\u00e9tergents, etc. Elle peut produire des r\u00e9cipients de 5L \u00e0 30L en utilisant des mat\u00e9riaux tels que PE, PP et PVC. Exemples de produits r\u00e9alisables : bouteilles d\u2019eau, bouteilles de lait, bouteilles m\u00e9dicales, bouteilles d\u2019huile, balles en plastique, bouteilles de lubrifiant et r\u00e9cipients en plastique.<\/p>\n<\/div>\n<\/div>\n<div style=\"width: 800px;\" class=\"wp-video\"><video class=\"wp-video-shortcode\" id=\"video-638-1\" width=\"800\" height=\"450\" preload=\"metadata\" controls=\"controls\"><source type=\"video\/mp4\" src=\"https:\/\/beta-machine.com\/wp-content\/uploads\/2025\/11\/lmQOocUt1ICrPhAfGYsBRGBygf7h.mp4?_=1\" \/><a href=\"https:\/\/beta-machine.com\/wp-content\/uploads\/2025\/11\/lmQOocUt1ICrPhAfGYsBRGBygf7h.mp4\">https:\/\/beta-machine.com\/wp-content\/uploads\/2025\/11\/lmQOocUt1ICrPhAfGYsBRGBygf7h.mp4<\/a><\/video><\/div>\n<p><strong>Description<\/strong><\/p>\n<p><img fetchpriority=\"high\" decoding=\"async\" class=\"alignnone size-full wp-image-591\" src=\"https:\/\/beta-machine.com\/wp-content\/uploads\/2025\/11\/1-3.jpg\" alt=\"Extrusion System\" width=\"1000\" height=\"1000\" srcset=\"https:\/\/www.beta-machine.com\/wp-content\/uploads\/2025\/11\/1-3.jpg 1000w, https:\/\/www.beta-machine.com\/wp-content\/uploads\/2025\/11\/1-3-300x300.jpg 300w, https:\/\/www.beta-machine.com\/wp-content\/uploads\/2025\/11\/1-3-100x100.jpg 100w, https:\/\/www.beta-machine.com\/wp-content\/uploads\/2025\/11\/1-3-600x600.jpg 600w, https:\/\/www.beta-machine.com\/wp-content\/uploads\/2025\/11\/1-3-150x150.jpg 150w, https:\/\/www.beta-machine.com\/wp-content\/uploads\/2025\/11\/1-3-768x768.jpg 768w\" sizes=\"(max-width: 1000px) 100vw, 1000px\" \/><\/p>\n<h3>Syst\u00e8me d\u2019extrusion<\/h3>\n<p>* Vis et fourreau bimetalliques de haute duret\u00e9 pour une haute plastification et une dur\u00e9e de vie plus longue. Bo\u00eete de vitesses, moteur et onduleur de haute qualit\u00e9.<br \/>\n* Bande chauffante de conception sp\u00e9ciale, haute efficacit\u00e9 et faible consommation d\u2019\u00e9nergie.<\/p>\n<p><img decoding=\"async\" class=\"alignnone wp-image-594 size-full\" src=\"https:\/\/beta-machine.com\/wp-content\/uploads\/2025\/11\/9.jpg\" alt=\"Clamping Unite&amp;Die head\" width=\"1000\" height=\"1000\" srcset=\"https:\/\/www.beta-machine.com\/wp-content\/uploads\/2025\/11\/9.jpg 1000w, https:\/\/www.beta-machine.com\/wp-content\/uploads\/2025\/11\/9-300x300.jpg 300w, https:\/\/www.beta-machine.com\/wp-content\/uploads\/2025\/11\/9-100x100.jpg 100w, https:\/\/www.beta-machine.com\/wp-content\/uploads\/2025\/11\/9-600x600.jpg 600w, https:\/\/www.beta-machine.com\/wp-content\/uploads\/2025\/11\/9-150x150.jpg 150w, https:\/\/www.beta-machine.com\/wp-content\/uploads\/2025\/11\/9-768x768.jpg 768w\" sizes=\"(max-width: 1000px) 100vw, 1000px\" \/><\/p>\n<h3>Groupe de serrage &amp; T\u00eate de fili\u00e8re<\/h3>\n<p>* Force de serrage extr\u00eamement \u00e9lev\u00e9e, assure un serrage parfait des moules de soufflage, pour une meilleure surface des produits finis.<\/p>\n<div>* Dispositif de protection de s\u00e9curit\u00e9 pour l\u2019op\u00e9rateur.<br \/>\n* Bon mat\u00e9riau utilis\u00e9 pour la t\u00eate de fili\u00e8re.<\/div>\n<p><img decoding=\"async\" class=\"alignnone wp-image-595 size-full\" src=\"https:\/\/beta-machine.com\/wp-content\/uploads\/2025\/11\/Hydraulic-System.jpg\" alt=\"Hydraulic System\" width=\"1000\" height=\"1000\" srcset=\"https:\/\/www.beta-machine.com\/wp-content\/uploads\/2025\/11\/Hydraulic-System.jpg 1000w, https:\/\/www.beta-machine.com\/wp-content\/uploads\/2025\/11\/Hydraulic-System-300x300.jpg 300w, https:\/\/www.beta-machine.com\/wp-content\/uploads\/2025\/11\/Hydraulic-System-100x100.jpg 100w, https:\/\/www.beta-machine.com\/wp-content\/uploads\/2025\/11\/Hydraulic-System-600x600.jpg 600w, https:\/\/www.beta-machine.com\/wp-content\/uploads\/2025\/11\/Hydraulic-System-150x150.jpg 150w, https:\/\/www.beta-machine.com\/wp-content\/uploads\/2025\/11\/Hydraulic-System-768x768.jpg 768w\" sizes=\"(max-width: 1000px) 100vw, 1000px\" \/><\/p>\n<h3>Syst\u00e8me hydraulique<\/h3>\n<p>Vannes hydrauliques de marques c\u00e9l\u00e8bres Japon\/Ta\u00efwan, contr\u00f4le proportionnel de la pression et du d\u00e9bit, pour un mouvement pr\u00e9cis.<\/p>\n<p><img loading=\"lazy\" decoding=\"async\" class=\"alignnone wp-image-596 size-full\" src=\"https:\/\/beta-machine.com\/wp-content\/uploads\/2025\/11\/servo-motor.jpg\" alt=\"Servo Motor\" width=\"1000\" height=\"1000\" srcset=\"https:\/\/www.beta-machine.com\/wp-content\/uploads\/2025\/11\/servo-motor.jpg 1000w, https:\/\/www.beta-machine.com\/wp-content\/uploads\/2025\/11\/servo-motor-300x300.jpg 300w, https:\/\/www.beta-machine.com\/wp-content\/uploads\/2025\/11\/servo-motor-100x100.jpg 100w, https:\/\/www.beta-machine.com\/wp-content\/uploads\/2025\/11\/servo-motor-600x600.jpg 600w, https:\/\/www.beta-machine.com\/wp-content\/uploads\/2025\/11\/servo-motor-150x150.jpg 150w, https:\/\/www.beta-machine.com\/wp-content\/uploads\/2025\/11\/servo-motor-768x768.jpg 768w\" sizes=\"(max-width: 1000px) 100vw, 1000px\" \/><\/p>\n<h3>Moteur servo<\/h3>\n<p>Adopte moteur et pompe servo haute efficacit\u00e9, \u00e9conomisant jusqu\u2019\u00e0 40% -50% de la consommation d\u2019\u00e9nergie, r\u00e9duisant les co\u00fbts de fabrication de votre usine. Faible bruit et fonctionnement stable.<\/p>","protected":false},"excerpt":{"rendered":"<p>Cette machine de soufflage par extrusion est con\u00e7ue pour fabriquer divers types de r\u00e9cipients creux en plastique utilis\u00e9s pour le stockage d\u2019aliments, jouets, boissons, m\u00e9dicaments, produits chimiques, pesticides, d\u00e9tergents, etc. Elle peut produire des r\u00e9cipients de 5L \u00e0 30L en utilisant des mat\u00e9riaux tels que PE, PP et PVC. Exemples de produits r\u00e9alisables : bouteilles d\u2019eau, bouteilles de lait, bouteilles m\u00e9dicales, bouteilles d\u2019huile, balles en plastique, bouteilles de lubrifiant et r\u00e9cipients en plastique.<\/p>\n<p>&nbsp;<\/p>","protected":false},"featured_media":639,"comment_status":"closed","ping_status":"closed","template":"","meta":{"_acf_changed":false},"product_brand":[],"product_cat":[29],"product_tag":[],"class_list":{"0":"post-638","1":"product","2":"type-product","3":"status-publish","4":"has-post-thumbnail","6":"product_cat-double-station-blow-molding-machine","8":"first","9":"instock","10":"shipping-taxable","11":"purchasable","12":"product-type-variable"},"acf":[],"_links":{"self":[{"href":"https:\/\/www.beta-machine.com\/fr\/wp-json\/wp\/v2\/product\/638","targetHints":{"allow":["GET"]}}],"collection":[{"href":"https:\/\/www.beta-machine.com\/fr\/wp-json\/wp\/v2\/product"}],"about":[{"href":"https:\/\/www.beta-machine.com\/fr\/wp-json\/wp\/v2\/types\/product"}],"replies":[{"embeddable":true,"href":"https:\/\/www.beta-machine.com\/fr\/wp-json\/wp\/v2\/comments?post=638"}],"wp:featuredmedia":[{"embeddable":true,"href":"https:\/\/www.beta-machine.com\/fr\/wp-json\/wp\/v2\/media\/639"}],"wp:attachment":[{"href":"https:\/\/www.beta-machine.com\/fr\/wp-json\/wp\/v2\/media?parent=638"}],"wp:term":[{"taxonomy":"product_brand","embeddable":true,"href":"https:\/\/www.beta-machine.com\/fr\/wp-json\/wp\/v2\/product_brand?post=638"},{"taxonomy":"product_cat","embeddable":true,"href":"https:\/\/www.beta-machine.com\/fr\/wp-json\/wp\/v2\/product_cat?post=638"},{"taxonomy":"product_tag","embeddable":true,"href":"https:\/\/www.beta-machine.com\/fr\/wp-json\/wp\/v2\/product_tag?post=638"}],"curies":[{"name":"wp","href":"https:\/\/api.w.org\/{rel}","templated":true}]}}