{"id":645,"date":"2025-11-04T07:25:11","date_gmt":"2025-11-04T07:25:11","guid":{"rendered":"https:\/\/beta-machine.com\/?post_type=product&#038;p=645"},"modified":"2026-03-11T07:06:14","modified_gmt":"2026-03-11T07:06:14","slug":"beta-semi-automatic-plastic-pet-bottle-making-machine-plastic-bottle-blowing-machine","status":"publish","type":"product","link":"https:\/\/www.beta-machine.com\/fr\/beta-semi-automatic-plastic-pet-bottle-making-machine-plastic-bottle-blowing-machine\/","title":{"rendered":"Machine de fabrication de bouteilles en plastique PET semi-automatique BETA, machine souffleuse de bouteilles en plastique"},"content":{"rendered":"<p><strong>Machine de fabrication de bouteilles en plastique PET semi-automatique BETA, machine souffleuse de bouteilles en plastique<\/strong><\/p>\n<div>La machine souffleuse de bouteilles PET semi-automatique est adapt\u00e9e \u00e0 la production de r\u00e9cipients et bouteilles en plastique PET de 10 \u00e0 2000 ml. Elle est largement utilis\u00e9e pour fabriquer des bouteilles de boissons gazeuses, des bouteilles d\u2019eau min\u00e9rale, des bouteilles de pesticides, des bouteilles d\u2019huile, des cosm\u00e9tiques, des bouteilles \u00e0 large ouverture, etc.<br \/>\n\u25cf R\u00e9glage du moule par double bielle, serrage de moule r\u00e9sistant, stable et rapide. Four infrarouge pour chauffer la pr\u00e9forme, la pr\u00e9forme tourne et est chauff\u00e9e uniform\u00e9ment.<br \/>\n\u25cf Le syst\u00e8me d\u2019air est divis\u00e9 en deux parties : la partie d\u2019action pneumatique et la partie de soufflage de bouteilles, afin de r\u00e9pondre aux diff\u00e9rentes exigences d\u2019action et de soufflage. Il peut fournir une haute pression suffisante et stable pour le soufflage de grandes bouteilles de forme irr\u00e9guli\u00e8re.<br \/>\n\u25cf La machine est \u00e9galement \u00e9quip\u00e9e d\u2019un silencieux et d\u2019un syst\u00e8me de graissage pour lubrifier les parties m\u00e9caniques de la machine.<br \/>\n\u25cf La machine peut fonctionner en mode pas \u00e0 pas et en mode semi-automatique.<br \/>\n\u25cf La machine est de petite taille, avec faible investissement, facile et s\u00fbre \u00e0 utiliser.<\/div>\n<div>\n<div>\n<div>\n<div>\n<div>\n<div>\n<div><img fetchpriority=\"high\" decoding=\"async\" class=\"alignnone size-full wp-image-653\" src=\"https:\/\/beta-machine.com\/wp-content\/uploads\/2025\/11\/Hff7f2805136f4d62894b97ae86337d38d.jpg\" alt=\"Blower\" width=\"1000\" height=\"624\" srcset=\"https:\/\/www.beta-machine.com\/wp-content\/uploads\/2025\/11\/Hff7f2805136f4d62894b97ae86337d38d.jpg 1000w, https:\/\/www.beta-machine.com\/wp-content\/uploads\/2025\/11\/Hff7f2805136f4d62894b97ae86337d38d-600x374.jpg 600w, https:\/\/www.beta-machine.com\/wp-content\/uploads\/2025\/11\/Hff7f2805136f4d62894b97ae86337d38d-300x187.jpg 300w, https:\/\/www.beta-machine.com\/wp-content\/uploads\/2025\/11\/Hff7f2805136f4d62894b97ae86337d38d-768x479.jpg 768w\" sizes=\"(max-width: 1000px) 100vw, 1000px\" \/><\/div>\n<\/div>\n<\/div>\n<\/div>\n<\/div>\n<\/div>\n<\/div>\n<div>\n<div>\n<div>\n<div>\n<p><img decoding=\"async\" class=\"alignnone size-full wp-image-650\" src=\"https:\/\/beta-machine.com\/wp-content\/uploads\/2025\/11\/H2101110fec95492fa890fb226cc5af42g.jpg\" alt=\"Blower\" width=\"2160\" height=\"2160\" srcset=\"https:\/\/www.beta-machine.com\/wp-content\/uploads\/2025\/11\/H2101110fec95492fa890fb226cc5af42g.jpg 2160w, https:\/\/www.beta-machine.com\/wp-content\/uploads\/2025\/11\/H2101110fec95492fa890fb226cc5af42g-300x300.jpg 300w, https:\/\/www.beta-machine.com\/wp-content\/uploads\/2025\/11\/H2101110fec95492fa890fb226cc5af42g-100x100.jpg 100w, https:\/\/www.beta-machine.com\/wp-content\/uploads\/2025\/11\/H2101110fec95492fa890fb226cc5af42g-600x600.jpg 600w, https:\/\/www.beta-machine.com\/wp-content\/uploads\/2025\/11\/H2101110fec95492fa890fb226cc5af42g-1024x1024.jpg 1024w, https:\/\/www.beta-machine.com\/wp-content\/uploads\/2025\/11\/H2101110fec95492fa890fb226cc5af42g-150x150.jpg 150w, https:\/\/www.beta-machine.com\/wp-content\/uploads\/2025\/11\/H2101110fec95492fa890fb226cc5af42g-768x768.jpg 768w, https:\/\/www.beta-machine.com\/wp-content\/uploads\/2025\/11\/H2101110fec95492fa890fb226cc5af42g-1536x1536.jpg 1536w, https:\/\/www.beta-machine.com\/wp-content\/uploads\/2025\/11\/H2101110fec95492fa890fb226cc5af42g-2048x2048.jpg 2048w, https:\/\/www.beta-machine.com\/wp-content\/uploads\/2025\/11\/H2101110fec95492fa890fb226cc5af42g-50x50.jpg 50w\" sizes=\"(max-width: 2160px) 100vw, 2160px\" \/><\/p>\n<\/div>\n<\/div>\n<div>\n<h3>Souffleur<\/h3>\n<\/div>\n<div>\n<div>\u25cf Syst\u00e8me de chauffe unique, contr\u00f4le pr\u00e9cis de la temp\u00e9rature et r\u00e9glage facile.<br \/>\n\u25cf Unit\u00e9 de stockage d\u2019air unique<br \/>\n\u25cf Le syst\u00e8me de refroidissement obtient l\u2019effet de refroidissement souhait\u00e9.<br \/>\n\u25cf Chaque mouvement est entra\u00een\u00e9 par un cylindre pneumatique au lieu d\u2019une pompe \u00e0 huile, sans contamination.<\/div>\n<\/div>\n<\/div>\n<div>\n<div><img decoding=\"async\" class=\"alignnone wp-image-659 size-full\" src=\"https:\/\/beta-machine.com\/wp-content\/uploads\/2025\/11\/Semi-auto-blowing-machine6.jpg\" alt=\"New Heating System\" width=\"1000\" height=\"1000\" srcset=\"https:\/\/www.beta-machine.com\/wp-content\/uploads\/2025\/11\/Semi-auto-blowing-machine6.jpg 1000w, https:\/\/www.beta-machine.com\/wp-content\/uploads\/2025\/11\/Semi-auto-blowing-machine6-300x300.jpg 300w, https:\/\/www.beta-machine.com\/wp-content\/uploads\/2025\/11\/Semi-auto-blowing-machine6-100x100.jpg 100w, https:\/\/www.beta-machine.com\/wp-content\/uploads\/2025\/11\/Semi-auto-blowing-machine6-600x600.jpg 600w, https:\/\/www.beta-machine.com\/wp-content\/uploads\/2025\/11\/Semi-auto-blowing-machine6-150x150.jpg 150w, https:\/\/www.beta-machine.com\/wp-content\/uploads\/2025\/11\/Semi-auto-blowing-machine6-768x768.jpg 768w, https:\/\/www.beta-machine.com\/wp-content\/uploads\/2025\/11\/Semi-auto-blowing-machine6-50x50.jpg 50w\" sizes=\"(max-width: 1000px) 100vw, 1000px\" \/><\/div>\n<div>\n<h3>Nouveau syst\u00e8me de chauffe<\/h3>\n<\/div>\n<div>\n<div>\u25cf Le tunnel de s\u00e9chage et la plate-forme de soufflage sont s\u00e9par\u00e9s, ce qui raccourcit le temps d\u2019ouverture du moule, augmente la vitesse de soufflage et accro\u00eet le rendement.<br \/>\n\u25cf Design compact qui \u00e9conomise l\u2019espace, r\u00e9duit les co\u00fbts d\u2019investissement et augmente la comp\u00e9titivit\u00e9.<br \/>\n\u25cf Syst\u00e8me de contr\u00f4le PLC avanc\u00e9, panneau de commande l\u00e9ger et simple.<\/div>\n<\/div>\n<\/div>\n<\/div>\n<div>\n<div>\n<div><img loading=\"lazy\" decoding=\"async\" class=\"alignnone wp-image-652 size-full\" src=\"https:\/\/beta-machine.com\/wp-content\/uploads\/2025\/11\/Ha4573425232d4ec4bdf7d968ab8e1020b.jpg\" alt=\"Preform heater temperature control\" width=\"2160\" height=\"2160\" srcset=\"https:\/\/www.beta-machine.com\/wp-content\/uploads\/2025\/11\/Ha4573425232d4ec4bdf7d968ab8e1020b.jpg 2160w, https:\/\/www.beta-machine.com\/wp-content\/uploads\/2025\/11\/Ha4573425232d4ec4bdf7d968ab8e1020b-300x300.jpg 300w, https:\/\/www.beta-machine.com\/wp-content\/uploads\/2025\/11\/Ha4573425232d4ec4bdf7d968ab8e1020b-100x100.jpg 100w, https:\/\/www.beta-machine.com\/wp-content\/uploads\/2025\/11\/Ha4573425232d4ec4bdf7d968ab8e1020b-600x600.jpg 600w, https:\/\/www.beta-machine.com\/wp-content\/uploads\/2025\/11\/Ha4573425232d4ec4bdf7d968ab8e1020b-1024x1024.jpg 1024w, https:\/\/www.beta-machine.com\/wp-content\/uploads\/2025\/11\/Ha4573425232d4ec4bdf7d968ab8e1020b-150x150.jpg 150w, https:\/\/www.beta-machine.com\/wp-content\/uploads\/2025\/11\/Ha4573425232d4ec4bdf7d968ab8e1020b-768x768.jpg 768w, https:\/\/www.beta-machine.com\/wp-content\/uploads\/2025\/11\/Ha4573425232d4ec4bdf7d968ab8e1020b-1536x1536.jpg 1536w, https:\/\/www.beta-machine.com\/wp-content\/uploads\/2025\/11\/Ha4573425232d4ec4bdf7d968ab8e1020b-2048x2048.jpg 2048w, https:\/\/www.beta-machine.com\/wp-content\/uploads\/2025\/11\/Ha4573425232d4ec4bdf7d968ab8e1020b-50x50.jpg 50w\" sizes=\"(max-width: 2160px) 100vw, 2160px\" \/><\/div>\n<div>\n<h3>R\u00e9gulation de temp\u00e9rature du chauffage de pr\u00e9formes<\/h3>\n<\/div>\n<div>\n<div>\u25cf R\u00e9glage du moule par double bielle, serrage de moule r\u00e9sistant, stable et rapide. Four infrarouge pour chauffer la pr\u00e9forme, la pr\u00e9forme tourne et est chauff\u00e9e uniform\u00e9ment.<br \/>\n\u25cf Le syst\u00e8me d\u2019air est divis\u00e9 en deux parties : la partie d\u2019action pneumatique et la partie de soufflage de bouteilles, afin de r\u00e9pondre aux diff\u00e9rentes exigences d\u2019action et de soufflage. Il peut fournir une haute pression suffisante et stable pour le soufflage de grandes bouteilles de forme irr\u00e9guli\u00e8re.<\/div>\n<\/div>\n<\/div>\n<div>\n<div>\n<div><img loading=\"lazy\" decoding=\"async\" class=\"alignnone wp-image-651 size-full\" src=\"https:\/\/beta-machine.com\/wp-content\/uploads\/2025\/11\/H366039822ba84cb588dc8160463dd1034-scaled.jpg\" alt=\"Electrical parts\" width=\"2560\" height=\"1920\" srcset=\"https:\/\/www.beta-machine.com\/wp-content\/uploads\/2025\/11\/H366039822ba84cb588dc8160463dd1034-scaled.jpg 2560w, https:\/\/www.beta-machine.com\/wp-content\/uploads\/2025\/11\/H366039822ba84cb588dc8160463dd1034-scaled-600x450.jpg 600w, https:\/\/www.beta-machine.com\/wp-content\/uploads\/2025\/11\/H366039822ba84cb588dc8160463dd1034-300x225.jpg 300w, https:\/\/www.beta-machine.com\/wp-content\/uploads\/2025\/11\/H366039822ba84cb588dc8160463dd1034-1024x768.jpg 1024w, https:\/\/www.beta-machine.com\/wp-content\/uploads\/2025\/11\/H366039822ba84cb588dc8160463dd1034-768x576.jpg 768w, https:\/\/www.beta-machine.com\/wp-content\/uploads\/2025\/11\/H366039822ba84cb588dc8160463dd1034-1536x1152.jpg 1536w, https:\/\/www.beta-machine.com\/wp-content\/uploads\/2025\/11\/H366039822ba84cb588dc8160463dd1034-2048x1536.jpg 2048w\" sizes=\"(max-width: 2560px) 100vw, 2560px\" \/><\/div>\n<\/div>\n<div>\n<h3>Pi\u00e8ces \u00e9lectriques<\/h3>\n<\/div>\n<div>\n<div>\u25cf La machine est \u00e9galement \u00e9quip\u00e9e d\u2019un silencieux et d\u2019un syst\u00e8me de graissage pour lubrifier les parties m\u00e9caniques de la machine.<br \/>\n\u25cf La machine peut fonctionner en mode pas \u00e0 pas et en mode semi-automatique.<br \/>\n\u25cf La machine est de petite taille, avec faible investissement, facile et s\u00fbre \u00e0 utiliser.<\/div>\n<\/div>\n<\/div>\n<\/div>","protected":false},"excerpt":{"rendered":"<p>La machine souffleuse de bouteilles PET semi-automatique est adapt\u00e9e \u00e0 la production de r\u00e9cipients et bouteilles en plastique PET de 10 \u00e0 2000 ml. Elle est largement utilis\u00e9e pour fabriquer des bouteilles de boissons gazeuses, des bouteilles d\u2019eau min\u00e9rale, des bouteilles de pesticides, des bouteilles d\u2019huile, des cosm\u00e9tiques, des bouteilles \u00e0 large ouverture, etc.<\/p>","protected":false},"featured_media":654,"comment_status":"closed","ping_status":"closed","template":"","meta":{"_acf_changed":false},"product_brand":[],"product_cat":[27],"product_tag":[],"class_list":{"0":"post-645","1":"product","2":"type-product","3":"status-publish","4":"has-post-thumbnail","6":"product_cat-semi-auto-bottle-blowing-machine","8":"first","9":"instock","10":"shipping-taxable","11":"purchasable","12":"product-type-variable"},"acf":[],"_links":{"self":[{"href":"https:\/\/www.beta-machine.com\/fr\/wp-json\/wp\/v2\/product\/645","targetHints":{"allow":["GET"]}}],"collection":[{"href":"https:\/\/www.beta-machine.com\/fr\/wp-json\/wp\/v2\/product"}],"about":[{"href":"https:\/\/www.beta-machine.com\/fr\/wp-json\/wp\/v2\/types\/product"}],"replies":[{"embeddable":true,"href":"https:\/\/www.beta-machine.com\/fr\/wp-json\/wp\/v2\/comments?post=645"}],"wp:featuredmedia":[{"embeddable":true,"href":"https:\/\/www.beta-machine.com\/fr\/wp-json\/wp\/v2\/media\/654"}],"wp:attachment":[{"href":"https:\/\/www.beta-machine.com\/fr\/wp-json\/wp\/v2\/media?parent=645"}],"wp:term":[{"taxonomy":"product_brand","embeddable":true,"href":"https:\/\/www.beta-machine.com\/fr\/wp-json\/wp\/v2\/product_brand?post=645"},{"taxonomy":"product_cat","embeddable":true,"href":"https:\/\/www.beta-machine.com\/fr\/wp-json\/wp\/v2\/product_cat?post=645"},{"taxonomy":"product_tag","embeddable":true,"href":"https:\/\/www.beta-machine.com\/fr\/wp-json\/wp\/v2\/product_tag?post=645"}],"curies":[{"name":"wp","href":"https:\/\/api.w.org\/{rel}","templated":true}]}}