{"id":661,"date":"2025-11-04T07:32:01","date_gmt":"2025-11-04T07:32:01","guid":{"rendered":"https:\/\/beta-machine.com\/?post_type=product&#038;p=661"},"modified":"2025-11-04T07:32:01","modified_gmt":"2025-11-04T07:32:01","slug":"beta-automatic-0-2l-small-pet-plastic-bottle-stretch-blowing-machine-bottle-making-machine","status":"publish","type":"product","link":"https:\/\/www.beta-machine.com\/fr\/beta-automatic-0-2l-small-pet-plastic-bottle-stretch-blowing-machine-bottle-making-machine\/","title":{"rendered":"Souffleuse \u00e9tirable automatique BETA pour petites bouteilles en plastique PET de 0-2L, machine de fabrication de bouteilles"},"content":{"rendered":"<div>\n<p><img fetchpriority=\"high\" decoding=\"async\" class=\"alignnone size-full wp-image-662\" src=\"https:\/\/beta-machine.com\/wp-content\/uploads\/2025\/11\/auto-blowing-machine1.jpg\" alt=\"New Auto Preform Unscrambler System.\" width=\"1000\" height=\"709\" srcset=\"https:\/\/www.beta-machine.com\/wp-content\/uploads\/2025\/11\/auto-blowing-machine1.jpg 1000w, https:\/\/www.beta-machine.com\/wp-content\/uploads\/2025\/11\/auto-blowing-machine1-600x425.jpg 600w, https:\/\/www.beta-machine.com\/wp-content\/uploads\/2025\/11\/auto-blowing-machine1-300x213.jpg 300w, https:\/\/www.beta-machine.com\/wp-content\/uploads\/2025\/11\/auto-blowing-machine1-768x545.jpg 768w\" sizes=\"(max-width: 1000px) 100vw, 1000px\" \/><\/p>\n<p>Nouveau syst\u00e8me automatique de tri des pr\u00e9formes<\/p>\n<div><\/div>\n<div>* Adopte une structure d\u2019alimentation unidirectionnelle des pr\u00e9formes et une structure de s\u00e9paration des pr\u00e9formes par moteur servo, r\u00e9solvant les probl\u00e8mes de blocage et d\u2019usure des pr\u00e9formes.<br \/>\n* Il est \u00e9quip\u00e9 de deux capteurs photo\u00e9lectriques pour contr\u00f4ler le moteur de chargement des pr\u00e9formes et le cylindre de s\u00e9paration des pr\u00e9formes, qui avertissent l\u2019op\u00e9rateur d\u2019ajouter des pr\u00e9formes dans la tr\u00e9mie lorsqu\u2019il n\u2019y en a plus, au lieu d\u2019arr\u00eater la machine.<\/div>\n<\/div>\n<div>\n<div>\n<div>\n<div>\n<div><\/div>\n<\/div>\n<\/div>\n<\/div>\n<div>\n<p><img decoding=\"async\" class=\"alignnone size-full wp-image-663\" src=\"https:\/\/beta-machine.com\/wp-content\/uploads\/2025\/11\/auto-blowing-machine2.jpg\" alt=\"New Heating System.\" width=\"1000\" height=\"709\" srcset=\"https:\/\/www.beta-machine.com\/wp-content\/uploads\/2025\/11\/auto-blowing-machine2.jpg 1000w, https:\/\/www.beta-machine.com\/wp-content\/uploads\/2025\/11\/auto-blowing-machine2-600x425.jpg 600w, https:\/\/www.beta-machine.com\/wp-content\/uploads\/2025\/11\/auto-blowing-machine2-300x213.jpg 300w, https:\/\/www.beta-machine.com\/wp-content\/uploads\/2025\/11\/auto-blowing-machine2-768x545.jpg 768w\" sizes=\"(max-width: 1000px) 100vw, 1000px\" \/><\/p>\n<p>Nouveau syst\u00e8me de chauffage<\/p>\n<div><\/div>\n<div>* La conception parfaite du syst\u00e8me de chauffage diminue la consommation d\u2019\u00e9nergie.<br \/>\n* Conception sp\u00e9ciale du four permet d\u2019\u00e9conomiser l\u2019\u00e9nergie et est facile \u00e0 entretenir.<br \/>\n* La position et la temp\u00e9rature de chaque lampe sont r\u00e9glables.<br \/>\n* Le syst\u00e8me de refroidissement par air cyclique maintient la temp\u00e9rature du four constante.<\/div>\n<\/div>\n<\/div>\n<div>\n<div>\n<div>\n<div>\n<div><\/div>\n<\/div>\n<\/div>\n<\/div>\n<div>\n<p><img decoding=\"async\" class=\"alignnone size-full wp-image-664\" src=\"https:\/\/beta-machine.com\/wp-content\/uploads\/2025\/11\/auto-blowing-machine3.jpg\" alt=\"Easy To Change Bottle Shape.\" width=\"1000\" height=\"709\" srcset=\"https:\/\/www.beta-machine.com\/wp-content\/uploads\/2025\/11\/auto-blowing-machine3.jpg 1000w, https:\/\/www.beta-machine.com\/wp-content\/uploads\/2025\/11\/auto-blowing-machine3-600x425.jpg 600w, https:\/\/www.beta-machine.com\/wp-content\/uploads\/2025\/11\/auto-blowing-machine3-300x213.jpg 300w, https:\/\/www.beta-machine.com\/wp-content\/uploads\/2025\/11\/auto-blowing-machine3-768x545.jpg 768w\" sizes=\"(max-width: 1000px) 100vw, 1000px\" \/><\/p>\n<p>Changement facile de forme de bouteille<\/p>\n<div><\/div>\n<div>* Conception de structure de moule type tiroir, facile pour le changement de moule. On peut changer un moule en une heure avec le m\u00eame diam\u00e8tre de goulot de bouteille.<\/div>\n<\/div>\n<\/div>\n<div>\n<div>\n<div>\n<div>\n<div><\/div>\n<\/div>\n<\/div>\n<\/div>\n<div>\n<p><img loading=\"lazy\" decoding=\"async\" class=\"alignnone size-full wp-image-665\" src=\"https:\/\/beta-machine.com\/wp-content\/uploads\/2025\/11\/auto-blowing-machine4.jpg\" alt=\"Servo Technology Innovation On Clamping System &amp; Stretching.\" width=\"1000\" height=\"709\" srcset=\"https:\/\/www.beta-machine.com\/wp-content\/uploads\/2025\/11\/auto-blowing-machine4.jpg 1000w, https:\/\/www.beta-machine.com\/wp-content\/uploads\/2025\/11\/auto-blowing-machine4-600x425.jpg 600w, https:\/\/www.beta-machine.com\/wp-content\/uploads\/2025\/11\/auto-blowing-machine4-300x213.jpg 300w, https:\/\/www.beta-machine.com\/wp-content\/uploads\/2025\/11\/auto-blowing-machine4-768x545.jpg 768w\" sizes=\"(max-width: 1000px) 100vw, 1000px\" \/><\/p>\n<p>Innovation technologique servo sur le syst\u00e8me de serrage et d\u2019\u00e9tirage.<\/p>\n<div><\/div>\n<div>\n<p>* Adopte un moteur servo pour entra\u00eener deux bielles et contr\u00f4ler le syst\u00e8me de serrage, ce qui r\u00e9duit le temps de serrage du moule et am\u00e9liore la productivit\u00e9 ; r\u00e9sout \u00e9galement les probl\u00e8mes de dilatation du moule et de ligne de jointure importante gr\u00e2ce \u00e0 la plaque de pressurisation.<\/p>\n<p>* Moteur servo utilis\u00e9 pour l\u2019\u00e9tirage, assurant une vitesse de soufflage de bouteilles plus rapide et une qualit\u00e9 de bouteille plus stable.<\/p><\/div>\n<\/div>\n<\/div>\n<div>\n<div>\n<div>\n<div>\n<div><\/div>\n<\/div>\n<\/div>\n<\/div>\n<div>\n<p><img loading=\"lazy\" decoding=\"async\" class=\"alignnone size-full wp-image-666\" src=\"https:\/\/beta-machine.com\/wp-content\/uploads\/2025\/11\/auto-blowing-machine5.jpg\" alt=\"Intelligent Human-Machine Interface.\" width=\"1000\" height=\"709\" srcset=\"https:\/\/www.beta-machine.com\/wp-content\/uploads\/2025\/11\/auto-blowing-machine5.jpg 1000w, https:\/\/www.beta-machine.com\/wp-content\/uploads\/2025\/11\/auto-blowing-machine5-600x425.jpg 600w, https:\/\/www.beta-machine.com\/wp-content\/uploads\/2025\/11\/auto-blowing-machine5-300x213.jpg 300w, https:\/\/www.beta-machine.com\/wp-content\/uploads\/2025\/11\/auto-blowing-machine5-768x545.jpg 768w\" sizes=\"(max-width: 1000px) 100vw, 1000px\" \/><\/p>\n<p>Interface homme-machine intelligente<\/p>\n<div><\/div>\n<div>* Contr\u00f4le par interface homme-machine, facile \u00e0 op\u00e9rer et \u00e0 surveiller.<br \/>\n* Supervision des informations de production en direct, enregistrement automatique des donn\u00e9es de production chaque jour.<br \/>\n* Alerte de panne et d\u00e9pannage.<\/div>\n<\/div>\n<\/div>","protected":false},"excerpt":{"rendered":"<p>La machine de moulage par soufflage automatique convient \u00e0 la production de r\u00e9cipients et bouteilles en plastique PET de toutes formes. Elle est largement utilis\u00e9e pour fabriquer des bouteilles de boissons gazeuses, d\u2019eau min\u00e9rale, de pesticides, d\u2019huile, de cosm\u00e9tiques, des bouteilles \u00e0 large ouverture et des bouteilles de remplissage \u00e0 chaud, etc.<\/p>","protected":false},"featured_media":668,"comment_status":"closed","ping_status":"closed","template":"","meta":{"_acf_changed":false},"product_brand":[],"product_cat":[26],"product_tag":[],"class_list":{"0":"post-661","1":"product","2":"type-product","3":"status-publish","4":"has-post-thumbnail","6":"product_cat-automatic-bottle-blowing-machine","8":"first","9":"instock","10":"shipping-taxable","11":"purchasable","12":"product-type-simple"},"acf":[],"_links":{"self":[{"href":"https:\/\/www.beta-machine.com\/fr\/wp-json\/wp\/v2\/product\/661","targetHints":{"allow":["GET"]}}],"collection":[{"href":"https:\/\/www.beta-machine.com\/fr\/wp-json\/wp\/v2\/product"}],"about":[{"href":"https:\/\/www.beta-machine.com\/fr\/wp-json\/wp\/v2\/types\/product"}],"replies":[{"embeddable":true,"href":"https:\/\/www.beta-machine.com\/fr\/wp-json\/wp\/v2\/comments?post=661"}],"wp:featuredmedia":[{"embeddable":true,"href":"https:\/\/www.beta-machine.com\/fr\/wp-json\/wp\/v2\/media\/668"}],"wp:attachment":[{"href":"https:\/\/www.beta-machine.com\/fr\/wp-json\/wp\/v2\/media?parent=661"}],"wp:term":[{"taxonomy":"product_brand","embeddable":true,"href":"https:\/\/www.beta-machine.com\/fr\/wp-json\/wp\/v2\/product_brand?post=661"},{"taxonomy":"product_cat","embeddable":true,"href":"https:\/\/www.beta-machine.com\/fr\/wp-json\/wp\/v2\/product_cat?post=661"},{"taxonomy":"product_tag","embeddable":true,"href":"https:\/\/www.beta-machine.com\/fr\/wp-json\/wp\/v2\/product_tag?post=661"}],"curies":[{"name":"wp","href":"https:\/\/api.w.org\/{rel}","templated":true}]}}