{"id":698,"date":"2025-11-04T07:40:56","date_gmt":"2025-11-04T07:40:56","guid":{"rendered":"https:\/\/beta-machine.com\/?post_type=product&#038;p=698"},"modified":"2026-03-11T06:14:22","modified_gmt":"2026-03-11T06:14:22","slug":"beta-4-cavity-automatic-pet-bottle-blowing-machine-high-speed-automatic-pet-water-bottle-blow-moulding-machine","status":"publish","type":"product","link":"https:\/\/www.beta-machine.com\/fr\/beta-4-cavity-automatic-pet-bottle-blowing-machine-high-speed-automatic-pet-water-bottle-blow-moulding-machine\/","title":{"rendered":"Machine souffleuse de bouteilles PET automatique \u00e0 4 cavit\u00e9s BETAMachine de moulage par soufflage de bouteilles d\u2019eau PET automatique \u00e0 haute vitesse"},"content":{"rendered":"<p><strong>S\u00e9rie haute vitesse BETA Machine souffleuse lin\u00e9aire de bouteilles PET Machine souffleuse d\u2019\u00e9tirage PET Machine de soufflage de bouteilles en plastique<\/strong><\/p>\n<p><img fetchpriority=\"high\" decoding=\"async\" class=\"alignnone wp-image-686 size-full\" src=\"https:\/\/beta-machine.com\/wp-content\/uploads\/2025\/11\/H0a514cbc1dc74e668fee486230de9743H.jpg\" alt=\"Efficient embryo supply system\" width=\"1000\" height=\"1000\" srcset=\"https:\/\/www.beta-machine.com\/wp-content\/uploads\/2025\/11\/H0a514cbc1dc74e668fee486230de9743H.jpg 1000w, https:\/\/www.beta-machine.com\/wp-content\/uploads\/2025\/11\/H0a514cbc1dc74e668fee486230de9743H-300x300.jpg 300w, https:\/\/www.beta-machine.com\/wp-content\/uploads\/2025\/11\/H0a514cbc1dc74e668fee486230de9743H-100x100.jpg 100w, https:\/\/www.beta-machine.com\/wp-content\/uploads\/2025\/11\/H0a514cbc1dc74e668fee486230de9743H-600x600.jpg 600w, https:\/\/www.beta-machine.com\/wp-content\/uploads\/2025\/11\/H0a514cbc1dc74e668fee486230de9743H-150x150.jpg 150w, https:\/\/www.beta-machine.com\/wp-content\/uploads\/2025\/11\/H0a514cbc1dc74e668fee486230de9743H-768x768.jpg 768w, https:\/\/www.beta-machine.com\/wp-content\/uploads\/2025\/11\/H0a514cbc1dc74e668fee486230de9743H-50x50.jpg 50w\" sizes=\"(max-width: 1000px) 100vw, 1000px\" \/><\/p>\n<div><strong>Syst\u00e8me d\u2019alimentation de pr\u00e9formes efficace<\/strong><\/div>\n<div>Le m\u00e9canisme automatique de tri et de chargement des pr\u00e9formes assure non seulement un processus de tri et de chargement rapide et efficace pour r\u00e9duire les co\u00fbts de main-d\u2019\u0153uvre, mais am\u00e9liore \u00e9galement la stabilit\u00e9 du fonctionnement de l\u2019ensemble de l\u2019\u00e9quipement.<\/div>\n<p><img decoding=\"async\" class=\"alignnone wp-image-693 size-full\" src=\"https:\/\/beta-machine.com\/wp-content\/uploads\/2025\/11\/high-speed-linear-bottle-blowing-machine2.jpg\" alt=\"Preform separation\" width=\"1000\" height=\"1000\" srcset=\"https:\/\/www.beta-machine.com\/wp-content\/uploads\/2025\/11\/high-speed-linear-bottle-blowing-machine2.jpg 1000w, https:\/\/www.beta-machine.com\/wp-content\/uploads\/2025\/11\/high-speed-linear-bottle-blowing-machine2-300x300.jpg 300w, https:\/\/www.beta-machine.com\/wp-content\/uploads\/2025\/11\/high-speed-linear-bottle-blowing-machine2-100x100.jpg 100w, https:\/\/www.beta-machine.com\/wp-content\/uploads\/2025\/11\/high-speed-linear-bottle-blowing-machine2-600x600.jpg 600w, https:\/\/www.beta-machine.com\/wp-content\/uploads\/2025\/11\/high-speed-linear-bottle-blowing-machine2-150x150.jpg 150w, https:\/\/www.beta-machine.com\/wp-content\/uploads\/2025\/11\/high-speed-linear-bottle-blowing-machine2-768x768.jpg 768w, https:\/\/www.beta-machine.com\/wp-content\/uploads\/2025\/11\/high-speed-linear-bottle-blowing-machine2-50x50.jpg 50w\" sizes=\"(max-width: 1000px) 100vw, 1000px\" \/><\/p>\n<div><strong>S\u00e9paration des pr\u00e9formes<\/strong><\/div>\n<div>Lorsque le signal de pr\u00e9forme est d\u00e9tect\u00e9, le cylindre de s\u00e9paration des pr\u00e9formes avance pour ins\u00e9rer les pr\u00e9formes, le cylindre de d\u00e9samination monte pour d\u00e9samianter, et le cylindre de s\u00e9paration des pr\u00e9formes se d\u00e9place vers la gauche pour s\u00e9parer les pr\u00e9formes.<\/div>\n<p><img decoding=\"async\" class=\"alignnone wp-image-687 size-full\" src=\"https:\/\/beta-machine.com\/wp-content\/uploads\/2025\/11\/H7f19cd0f5c3f4509b75139441871ed24T.jpg\" alt=\"Intelligent heating system\" width=\"1000\" height=\"1000\" srcset=\"https:\/\/www.beta-machine.com\/wp-content\/uploads\/2025\/11\/H7f19cd0f5c3f4509b75139441871ed24T.jpg 1000w, https:\/\/www.beta-machine.com\/wp-content\/uploads\/2025\/11\/H7f19cd0f5c3f4509b75139441871ed24T-300x300.jpg 300w, https:\/\/www.beta-machine.com\/wp-content\/uploads\/2025\/11\/H7f19cd0f5c3f4509b75139441871ed24T-100x100.jpg 100w, https:\/\/www.beta-machine.com\/wp-content\/uploads\/2025\/11\/H7f19cd0f5c3f4509b75139441871ed24T-600x600.jpg 600w, https:\/\/www.beta-machine.com\/wp-content\/uploads\/2025\/11\/H7f19cd0f5c3f4509b75139441871ed24T-150x150.jpg 150w, https:\/\/www.beta-machine.com\/wp-content\/uploads\/2025\/11\/H7f19cd0f5c3f4509b75139441871ed24T-768x768.jpg 768w, https:\/\/www.beta-machine.com\/wp-content\/uploads\/2025\/11\/H7f19cd0f5c3f4509b75139441871ed24T-50x50.jpg 50w\" sizes=\"(max-width: 1000px) 100vw, 1000px\" \/><\/p>\n<div><strong>Syst\u00e8me de chauffage intelligent<\/strong><\/div>\n<div>La lampe est utilis\u00e9e pour chauffer la pr\u00e9forme par p\u00e9n\u00e9tration, faisant que la pr\u00e9forme s\u2019\u00e9tire de mani\u00e8re plus uniforme avec une haute transparence. \u00c9quip\u00e9 d\u2019une plaque r\u00e9flectrice en acier inoxydable pour utiliser pleinement l\u2019\u00e9nergie thermique de la lampe, r\u00e9duire le temps de chauffage, diminuer la consommation d\u2019\u00e9nergie et augmenter la capacit\u00e9 de production. La temp\u00e9rature de chaque couche de tubes lumineux peut \u00eatre r\u00e9gl\u00e9e ind\u00e9pendamment, et la temp\u00e9rature peut \u00eatre ajust\u00e9e vers le haut et le bas, avant et arri\u00e8re selon les diff\u00e9rentes pr\u00e9formes du client.<\/div>\n<p><img loading=\"lazy\" decoding=\"async\" class=\"alignnone wp-image-689 size-full\" src=\"https:\/\/beta-machine.com\/wp-content\/uploads\/2025\/11\/H696fe00023b44728ba0ffd014f31b6d1F.jpg\" alt=\"Servo mold clamping system\" width=\"1000\" height=\"1000\" srcset=\"https:\/\/www.beta-machine.com\/wp-content\/uploads\/2025\/11\/H696fe00023b44728ba0ffd014f31b6d1F.jpg 1000w, https:\/\/www.beta-machine.com\/wp-content\/uploads\/2025\/11\/H696fe00023b44728ba0ffd014f31b6d1F-300x300.jpg 300w, https:\/\/www.beta-machine.com\/wp-content\/uploads\/2025\/11\/H696fe00023b44728ba0ffd014f31b6d1F-100x100.jpg 100w, https:\/\/www.beta-machine.com\/wp-content\/uploads\/2025\/11\/H696fe00023b44728ba0ffd014f31b6d1F-600x600.jpg 600w, https:\/\/www.beta-machine.com\/wp-content\/uploads\/2025\/11\/H696fe00023b44728ba0ffd014f31b6d1F-150x150.jpg 150w, https:\/\/www.beta-machine.com\/wp-content\/uploads\/2025\/11\/H696fe00023b44728ba0ffd014f31b6d1F-768x768.jpg 768w, https:\/\/www.beta-machine.com\/wp-content\/uploads\/2025\/11\/H696fe00023b44728ba0ffd014f31b6d1F-50x50.jpg 50w\" sizes=\"(max-width: 1000px) 100vw, 1000px\" \/><\/p>\n<div><strong>Syst\u00e8me de serrage de moule servo<\/strong><\/div>\n<div>Le syst\u00e8me de serrage de moule est entra\u00een\u00e9 par un servomoteur et une transmission par bielle m\u00e9canique. Le moule et le moule inf\u00e9rieur se ferment synchroniquement par des servomoteurs. L\u2019arri\u00e8re de la base du moule est \u00e9quip\u00e9 d\u2019une plaque de surpression et d\u2019un serrage de moule haute pression, ce qui r\u00e9duit efficacement la visibilit\u00e9 de la ligne de joint des bouteilles finies et assure la qualit\u00e9 des bouteilles. Le moule adopte une structure \u00e0 tiroir, ce qui facilite le changement de moule, et l\u2019op\u00e9rateur peut le terminer en une demi-heure.<\/div>\n<p><img loading=\"lazy\" decoding=\"async\" class=\"alignnone wp-image-691 size-full\" src=\"https:\/\/beta-machine.com\/wp-content\/uploads\/2025\/11\/Hfa92de88e84f4233a6022eac65d4f4d44.jpg\" alt=\"Servo stretching system\" width=\"1000\" height=\"1000\" srcset=\"https:\/\/www.beta-machine.com\/wp-content\/uploads\/2025\/11\/Hfa92de88e84f4233a6022eac65d4f4d44.jpg 1000w, https:\/\/www.beta-machine.com\/wp-content\/uploads\/2025\/11\/Hfa92de88e84f4233a6022eac65d4f4d44-300x300.jpg 300w, https:\/\/www.beta-machine.com\/wp-content\/uploads\/2025\/11\/Hfa92de88e84f4233a6022eac65d4f4d44-100x100.jpg 100w, https:\/\/www.beta-machine.com\/wp-content\/uploads\/2025\/11\/Hfa92de88e84f4233a6022eac65d4f4d44-600x600.jpg 600w, https:\/\/www.beta-machine.com\/wp-content\/uploads\/2025\/11\/Hfa92de88e84f4233a6022eac65d4f4d44-150x150.jpg 150w, https:\/\/www.beta-machine.com\/wp-content\/uploads\/2025\/11\/Hfa92de88e84f4233a6022eac65d4f4d44-768x768.jpg 768w, https:\/\/www.beta-machine.com\/wp-content\/uploads\/2025\/11\/Hfa92de88e84f4233a6022eac65d4f4d44-50x50.jpg 50w\" sizes=\"(max-width: 1000px) 100vw, 1000px\" \/><\/p>\n<div><strong>Syst\u00e8me d\u2019\u00e9tirement servo<\/strong><\/div>\n<div>Le servomoteur entra\u00eene le syst\u00e8me d\u2019\u00e9tirement. Le servomoteur actionne l\u2019engrenage et la cr\u00e9maill\u00e8re pour r\u00e9aliser l\u2019\u00e9tirement. Les modes de protection double de limite photo\u00e9lectrique et limite m\u00e9canique d\u00e9velopp\u00e9s ind\u00e9pendamment emp\u00eachent la tige d\u2019\u00e9tirement de toucher le moule inf\u00e9rieur. Les temps de cycle de la premi\u00e8re et deuxi\u00e8me soufflage peuvent \u00eatre r\u00e9gl\u00e9s individuellement sur la console. Selon les diff\u00e9rentes pr\u00e9formes et types de bouteilles du client, la tige d\u2019\u00e9tirement peut \u00eatre r\u00e9gl\u00e9e rapidement. Elle s\u2019ajuste automatiquement et pr\u00e9sente une grande flexibilit\u00e9.<\/div>\n<p><img loading=\"lazy\" decoding=\"async\" class=\"alignnone wp-image-688 size-full\" src=\"https:\/\/beta-machine.com\/wp-content\/uploads\/2025\/11\/H8f8967760a88429dbdb94b0a9da504f2W.jpg\" alt=\"Cooling\/chilled water circulation system\" width=\"1000\" height=\"1000\" srcset=\"https:\/\/www.beta-machine.com\/wp-content\/uploads\/2025\/11\/H8f8967760a88429dbdb94b0a9da504f2W.jpg 1000w, https:\/\/www.beta-machine.com\/wp-content\/uploads\/2025\/11\/H8f8967760a88429dbdb94b0a9da504f2W-300x300.jpg 300w, https:\/\/www.beta-machine.com\/wp-content\/uploads\/2025\/11\/H8f8967760a88429dbdb94b0a9da504f2W-100x100.jpg 100w, https:\/\/www.beta-machine.com\/wp-content\/uploads\/2025\/11\/H8f8967760a88429dbdb94b0a9da504f2W-600x600.jpg 600w, https:\/\/www.beta-machine.com\/wp-content\/uploads\/2025\/11\/H8f8967760a88429dbdb94b0a9da504f2W-150x150.jpg 150w, https:\/\/www.beta-machine.com\/wp-content\/uploads\/2025\/11\/H8f8967760a88429dbdb94b0a9da504f2W-768x768.jpg 768w, https:\/\/www.beta-machine.com\/wp-content\/uploads\/2025\/11\/H8f8967760a88429dbdb94b0a9da504f2W-50x50.jpg 50w\" sizes=\"(max-width: 1000px) 100vw, 1000px\" \/><\/p>\n<div><strong>Syst\u00e8me de circulation d\u2019eau de refroidissement \/ r\u00e9frig\u00e9r\u00e9e<\/strong><\/div>\n<div>Le dispositif de refroidissement et de chauffage de la t\u00eate assure le refroidissement de la t\u00eate de chauffage apr\u00e8s la sortie de la bouteille. Il y a un canal d\u2019eau de refroidissement sous le bo\u00eetier de chauffage. Lorsque la pr\u00e9forme est chauff\u00e9e, le canal d\u2019eau de refroidissement est utilis\u00e9 pour bloquer la chaleur de la lampe. Sous le canal d\u2019eau de refroidissement se trouve un syst\u00e8me d\u2019air froid pour refroidir le goulot de la bouteille et le prot\u00e9ger contre la d\u00e9formation. L\u2019eau r\u00e9frig\u00e9r\u00e9e circule vers le moule pour le refroidir rapidement et am\u00e9liorer l\u2019efficacit\u00e9 de production de l\u2019ensemble de la machine.<\/div>","protected":false},"excerpt":{"rendered":"<p>La s\u00e9rie BETA haute vitesse et \u00e9conomie d\u2019\u00e9nergie est une machine soufflante automatique d\u2019\u00e9tirage par soufflage descendant de deux \u00e9tapes stable. Elle est compatible avec des moules de 4 \u00e0 10 cavit\u00e9s et adapt\u00e9e pour souffler tout type de bouteilles de boissons gazeuses, boissons p\u00e9tillantes, eau pure, eau min\u00e9rale, jus de fruits, cosm\u00e9tiques, grand diam\u00e8tre, r\u00e9sistantes aux hautes temp\u00e9ratures et autres bouteilles d\u2019emballage.<\/p>","protected":false},"featured_media":699,"comment_status":"closed","ping_status":"closed","template":"","meta":{"_acf_changed":false},"product_brand":[],"product_cat":[26],"product_tag":[],"class_list":{"0":"post-698","1":"product","2":"type-product","3":"status-publish","4":"has-post-thumbnail","6":"product_cat-automatic-bottle-blowing-machine","8":"first","9":"instock","10":"shipping-taxable","11":"purchasable","12":"product-type-simple"},"acf":[],"_links":{"self":[{"href":"https:\/\/www.beta-machine.com\/fr\/wp-json\/wp\/v2\/product\/698","targetHints":{"allow":["GET"]}}],"collection":[{"href":"https:\/\/www.beta-machine.com\/fr\/wp-json\/wp\/v2\/product"}],"about":[{"href":"https:\/\/www.beta-machine.com\/fr\/wp-json\/wp\/v2\/types\/product"}],"replies":[{"embeddable":true,"href":"https:\/\/www.beta-machine.com\/fr\/wp-json\/wp\/v2\/comments?post=698"}],"wp:featuredmedia":[{"embeddable":true,"href":"https:\/\/www.beta-machine.com\/fr\/wp-json\/wp\/v2\/media\/699"}],"wp:attachment":[{"href":"https:\/\/www.beta-machine.com\/fr\/wp-json\/wp\/v2\/media?parent=698"}],"wp:term":[{"taxonomy":"product_brand","embeddable":true,"href":"https:\/\/www.beta-machine.com\/fr\/wp-json\/wp\/v2\/product_brand?post=698"},{"taxonomy":"product_cat","embeddable":true,"href":"https:\/\/www.beta-machine.com\/fr\/wp-json\/wp\/v2\/product_cat?post=698"},{"taxonomy":"product_tag","embeddable":true,"href":"https:\/\/www.beta-machine.com\/fr\/wp-json\/wp\/v2\/product_tag?post=698"}],"curies":[{"name":"wp","href":"https:\/\/api.w.org\/{rel}","templated":true}]}}