{"id":704,"date":"2025-11-04T07:42:54","date_gmt":"2025-11-04T07:42:54","guid":{"rendered":"https:\/\/beta-machine.com\/?post_type=product&#038;p=704"},"modified":"2026-03-11T05:36:50","modified_gmt":"2026-03-11T05:36:50","slug":"high-speed-automatic-plastic-bottle-blowing-machine-with-4-cavities","status":"publish","type":"product","link":"https:\/\/www.beta-machine.com\/fr\/high-speed-automatic-plastic-bottle-blowing-machine-with-4-cavities\/","title":{"rendered":"Machine soufflante de bouteilles en plastique automatique \u00e0 haute vitesse avec 4 cavit\u00e9s"},"content":{"rendered":"<h3><strong>Description<\/strong><\/h3>\n<div>\n<div>\n<p>La s\u00e9rie BETA haute vitesse et \u00e9conomie d\u2019\u00e9nergie est une machine soufflante automatique d\u2019\u00e9tirage par soufflage descendant de deux \u00e9tapes stable. Elle est compatible avec des moules de 4 \u00e0 10 cavit\u00e9s et adapt\u00e9e pour souffler tout type de bouteilles de boissons gazeuses, boissons p\u00e9tillantes, eau pure, eau min\u00e9rale, jus de fruits, cosm\u00e9tiques, grand diam\u00e8tre, r\u00e9sistantes aux hautes temp\u00e9ratures et autres bouteilles d\u2019emballage.<\/p>\n<div style=\"width: 720px;\" class=\"wp-video\"><video class=\"wp-video-shortcode\" id=\"video-704-1\" width=\"720\" height=\"1280\" preload=\"metadata\" controls=\"controls\"><source type=\"video\/mp4\" src=\"https:\/\/beta-machine.com\/wp-content\/uploads\/2025\/11\/jiBklKnijmi-jmiqKBilmnRjiSjqoroqrqjkrpr-4cd10162cd194b89b531131ce8af66ca.mp4?_=1\" \/><a href=\"https:\/\/beta-machine.com\/wp-content\/uploads\/2025\/11\/jiBklKnijmi-jmiqKBilmnRjiSjqoroqrqjkrpr-4cd10162cd194b89b531131ce8af66ca.mp4\">https:\/\/beta-machine.com\/wp-content\/uploads\/2025\/11\/jiBklKnijmi-jmiqKBilmnRjiSjqoroqrqjkrpr-4cd10162cd194b89b531131ce8af66ca.mp4<\/a><\/video><\/div>\n<p>Bienvenue chez Fournisseur Chinois de Machines de Moulage, fournisseur leader de machines avanc\u00e9es de transformation des plastiques. Notre Machine Soufflante Automatique de Bouteilles en Plastique \u00e0 Haute Vitesse avec 4 Cavit\u00e9s est con\u00e7ue pour offrir une efficacit\u00e9 et une fiabilit\u00e9 exceptionnelles pour la production de bouteilles PET utilis\u00e9es dans les boissons, l\u2019emballage alimentaire et autres biens de consommation.<\/p>\n<h3>Caract\u00e9ristiques et Avantages Cl\u00e9s<\/h3>\n<ol class=\"list-paddingleft-2\">\n<li>\n<div><strong>Haute capacit\u00e9 de production<\/strong>Capable de produire jusqu\u2019\u00e0 4 500 bouteilles par heure.<\/div>\n<\/li>\n<li>\n<div><strong>Compatibilit\u00e9 des mat\u00e9riaux<\/strong>Convient aux mat\u00e9riaux PET, HDPE et PP.<\/div>\n<\/li>\n<li>\n<div><strong>Syst\u00e8me de contr\u00f4le avanc\u00e9<\/strong>\u00c9quip\u00e9 d\u2019un contr\u00f4leur micro-ordinateur PLC et d\u2019une interface homme-machine pour un contr\u00f4le pr\u00e9cis de la temp\u00e9rature et une surveillance en temps r\u00e9el.<\/div>\n<\/li>\n<li>\n<div><strong>Efficacit\u00e9 \u00e9nerg\u00e9tique<\/strong>Le proc\u00e9d\u00e9 en une \u00e9tape \u00e9conomise de l\u2019\u00e9nergie en \u00e9liminant le besoin de r\u00e9chauffage des pr\u00e9formes.<\/div>\n<\/li>\n<li>\n<div><strong>Qualit\u00e9 et r\u00e9gularit\u00e9<\/strong>Assure des bouteilles de haute qualit\u00e9 avec une \u00e9paisseur de paroi uniforme et un gaspillage minimal de mati\u00e8re.<\/div>\n<\/li>\n<li>\n<div><strong>Design compact<\/strong>Optimis\u00e9 pour l\u2019efficacit\u00e9 spatiale, id\u00e9al pour les lignes de production modernes.<\/div>\n<\/li>\n<\/ol>\n<\/div>\n<\/div>\n<p><img fetchpriority=\"high\" decoding=\"async\" class=\"alignnone wp-image-686 size-full\" src=\"https:\/\/beta-machine.com\/wp-content\/uploads\/2025\/11\/H0a514cbc1dc74e668fee486230de9743H.jpg\" alt=\"Efficient embryo supply system\" width=\"1000\" height=\"1000\" srcset=\"https:\/\/www.beta-machine.com\/wp-content\/uploads\/2025\/11\/H0a514cbc1dc74e668fee486230de9743H.jpg 1000w, https:\/\/www.beta-machine.com\/wp-content\/uploads\/2025\/11\/H0a514cbc1dc74e668fee486230de9743H-300x300.jpg 300w, https:\/\/www.beta-machine.com\/wp-content\/uploads\/2025\/11\/H0a514cbc1dc74e668fee486230de9743H-100x100.jpg 100w, https:\/\/www.beta-machine.com\/wp-content\/uploads\/2025\/11\/H0a514cbc1dc74e668fee486230de9743H-600x600.jpg 600w, https:\/\/www.beta-machine.com\/wp-content\/uploads\/2025\/11\/H0a514cbc1dc74e668fee486230de9743H-150x150.jpg 150w, https:\/\/www.beta-machine.com\/wp-content\/uploads\/2025\/11\/H0a514cbc1dc74e668fee486230de9743H-768x768.jpg 768w, https:\/\/www.beta-machine.com\/wp-content\/uploads\/2025\/11\/H0a514cbc1dc74e668fee486230de9743H-50x50.jpg 50w\" sizes=\"(max-width: 1000px) 100vw, 1000px\" \/><\/p>\n<table>\n<thead>\n<tr class=\"firstRow\">\n<th><strong>Param\u00e8tre<\/strong><\/th>\n<th><strong>D\u00e9tails<\/strong><\/th>\n<\/tr>\n<tr>\n<td><strong>Nombre de cavit\u00e9s<\/strong><\/td>\n<td>4<\/td>\n<\/tr>\n<tr>\n<td><strong>Capacit\u00e9 maximale de la bouteille<\/strong><\/td>\n<td>2,000 ml<\/td>\n<\/tr>\n<tr>\n<td><strong>Taille du col<\/strong><\/td>\n<td>18-38 mm<\/td>\n<\/tr>\n<tr>\n<td><strong>Diam\u00e8tre maximal de la bouteille<\/strong><\/td>\n<td>105 mm<\/td>\n<\/tr>\n<tr>\n<td><strong>Hauteur maximale de la bouteille<\/strong><\/td>\n<td>330 mm<\/td>\n<\/tr>\n<tr>\n<td><strong>Capacit\u00e9 d\u2019injection<\/strong><\/td>\n<td>238 cm\u00b3<\/td>\n<\/tr>\n<tr>\n<td><strong>Pression d\u2019injection<\/strong><\/td>\n<td>174 Mpa<\/td>\n<\/tr>\n<tr>\n<td><strong>Force de serrage<\/strong><\/td>\n<td>80 KN<\/td>\n<\/tr>\n<tr>\n<td><strong>Alimentation \u00e9lectrique<\/strong><\/td>\n<td>380V, 50Hz\/3PH<\/td>\n<\/tr>\n<tr>\n<td><strong>Puissance nominale<\/strong><\/td>\n<td>49 kW<\/td>\n<\/tr>\n<tr>\n<td><strong>Syst\u00e8me d\u2019air<\/strong><\/td>\n<td>Compresseur d\u2019air haute pression : 3,0 m\u00b3\/min, 3,0 MPa<\/p>\n<p>Compresseur d\u2019air basse pression: 1,6 m\u00b3\/min, 1,0 MPa<\/td>\n<\/tr>\n<tr>\n<td><strong>Eau de refroidissement<\/strong><\/td>\n<td>Refroidisseur d\u2019eau: 3 HP<\/td>\n<\/tr>\n<tr>\n<td><strong>Dimensions de la machine (L\u00d7l\u00d7h mm)<\/strong><\/td>\n<td>4,200\u00d72,100\u00d72,400<\/td>\n<\/tr>\n<tr>\n<td><strong>Poids<\/strong><\/td>\n<td>5,000 kg<\/td>\n<\/tr>\n<\/thead>\n<\/table>\n<div><strong>Syst\u00e8me d\u2019alimentation de pr\u00e9formes efficace<\/strong><\/div>\n<div>Le m\u00e9canisme automatique de tri et de chargement des pr\u00e9formes assure non seulement un processus de tri et de chargement rapide et efficace pour r\u00e9duire les co\u00fbts de main-d\u2019\u0153uvre, mais am\u00e9liore \u00e9galement la stabilit\u00e9 du fonctionnement de l\u2019ensemble de l\u2019\u00e9quipement.<\/div>\n<p><img decoding=\"async\" class=\"alignnone wp-image-693 size-full\" src=\"https:\/\/beta-machine.com\/wp-content\/uploads\/2025\/11\/high-speed-linear-bottle-blowing-machine2.jpg\" alt=\"Preform separation\" width=\"1000\" height=\"1000\" srcset=\"https:\/\/www.beta-machine.com\/wp-content\/uploads\/2025\/11\/high-speed-linear-bottle-blowing-machine2.jpg 1000w, https:\/\/www.beta-machine.com\/wp-content\/uploads\/2025\/11\/high-speed-linear-bottle-blowing-machine2-300x300.jpg 300w, https:\/\/www.beta-machine.com\/wp-content\/uploads\/2025\/11\/high-speed-linear-bottle-blowing-machine2-100x100.jpg 100w, https:\/\/www.beta-machine.com\/wp-content\/uploads\/2025\/11\/high-speed-linear-bottle-blowing-machine2-600x600.jpg 600w, https:\/\/www.beta-machine.com\/wp-content\/uploads\/2025\/11\/high-speed-linear-bottle-blowing-machine2-150x150.jpg 150w, https:\/\/www.beta-machine.com\/wp-content\/uploads\/2025\/11\/high-speed-linear-bottle-blowing-machine2-768x768.jpg 768w, https:\/\/www.beta-machine.com\/wp-content\/uploads\/2025\/11\/high-speed-linear-bottle-blowing-machine2-50x50.jpg 50w\" sizes=\"(max-width: 1000px) 100vw, 1000px\" \/><\/p>\n<div><strong>S\u00e9paration des pr\u00e9formes<\/strong><\/div>\n<div>Lorsque le signal de pr\u00e9forme est d\u00e9tect\u00e9, le cylindre de s\u00e9paration des pr\u00e9formes avance pour ins\u00e9rer les pr\u00e9formes, le cylindre de d\u00e9samination monte pour d\u00e9samianter, et le cylindre de s\u00e9paration des pr\u00e9formes se d\u00e9place vers la gauche pour s\u00e9parer les pr\u00e9formes.<\/div>\n<p><img decoding=\"async\" class=\"alignnone wp-image-687 size-full\" src=\"https:\/\/beta-machine.com\/wp-content\/uploads\/2025\/11\/H7f19cd0f5c3f4509b75139441871ed24T.jpg\" alt=\"Intelligent heating system\" width=\"1000\" height=\"1000\" srcset=\"https:\/\/www.beta-machine.com\/wp-content\/uploads\/2025\/11\/H7f19cd0f5c3f4509b75139441871ed24T.jpg 1000w, https:\/\/www.beta-machine.com\/wp-content\/uploads\/2025\/11\/H7f19cd0f5c3f4509b75139441871ed24T-300x300.jpg 300w, https:\/\/www.beta-machine.com\/wp-content\/uploads\/2025\/11\/H7f19cd0f5c3f4509b75139441871ed24T-100x100.jpg 100w, https:\/\/www.beta-machine.com\/wp-content\/uploads\/2025\/11\/H7f19cd0f5c3f4509b75139441871ed24T-600x600.jpg 600w, https:\/\/www.beta-machine.com\/wp-content\/uploads\/2025\/11\/H7f19cd0f5c3f4509b75139441871ed24T-150x150.jpg 150w, https:\/\/www.beta-machine.com\/wp-content\/uploads\/2025\/11\/H7f19cd0f5c3f4509b75139441871ed24T-768x768.jpg 768w, https:\/\/www.beta-machine.com\/wp-content\/uploads\/2025\/11\/H7f19cd0f5c3f4509b75139441871ed24T-50x50.jpg 50w\" sizes=\"(max-width: 1000px) 100vw, 1000px\" \/><\/p>\n<div><strong>Syst\u00e8me de chauffage intelligent<\/strong><\/div>\n<div>La lampe est utilis\u00e9e pour chauffer la pr\u00e9forme par p\u00e9n\u00e9tration, faisant que la pr\u00e9forme s\u2019\u00e9tire de mani\u00e8re plus uniforme avec une haute transparence. \u00c9quip\u00e9 d\u2019une plaque r\u00e9flectrice en acier inoxydable pour utiliser pleinement l\u2019\u00e9nergie thermique de la lampe, r\u00e9duire le temps de chauffage, diminuer la consommation d\u2019\u00e9nergie et augmenter la capacit\u00e9 de production. La temp\u00e9rature de chaque couche de tubes lumineux peut \u00eatre r\u00e9gl\u00e9e ind\u00e9pendamment, et la temp\u00e9rature peut \u00eatre ajust\u00e9e vers le haut et le bas, avant et arri\u00e8re selon les diff\u00e9rentes pr\u00e9formes du client.<\/div>\n<p><img loading=\"lazy\" decoding=\"async\" class=\"alignnone wp-image-689 size-full\" src=\"https:\/\/beta-machine.com\/wp-content\/uploads\/2025\/11\/H696fe00023b44728ba0ffd014f31b6d1F.jpg\" alt=\"Servo mold clamping system\" width=\"1000\" height=\"1000\" srcset=\"https:\/\/www.beta-machine.com\/wp-content\/uploads\/2025\/11\/H696fe00023b44728ba0ffd014f31b6d1F.jpg 1000w, https:\/\/www.beta-machine.com\/wp-content\/uploads\/2025\/11\/H696fe00023b44728ba0ffd014f31b6d1F-300x300.jpg 300w, https:\/\/www.beta-machine.com\/wp-content\/uploads\/2025\/11\/H696fe00023b44728ba0ffd014f31b6d1F-100x100.jpg 100w, https:\/\/www.beta-machine.com\/wp-content\/uploads\/2025\/11\/H696fe00023b44728ba0ffd014f31b6d1F-600x600.jpg 600w, https:\/\/www.beta-machine.com\/wp-content\/uploads\/2025\/11\/H696fe00023b44728ba0ffd014f31b6d1F-150x150.jpg 150w, https:\/\/www.beta-machine.com\/wp-content\/uploads\/2025\/11\/H696fe00023b44728ba0ffd014f31b6d1F-768x768.jpg 768w, https:\/\/www.beta-machine.com\/wp-content\/uploads\/2025\/11\/H696fe00023b44728ba0ffd014f31b6d1F-50x50.jpg 50w\" sizes=\"(max-width: 1000px) 100vw, 1000px\" \/><\/p>\n<div><strong>Syst\u00e8me de serrage de moule servo<\/strong><\/div>\n<div>Le syst\u00e8me de serrage de moule est entra\u00een\u00e9 par un servomoteur et une transmission par bielle m\u00e9canique. Le moule et le moule inf\u00e9rieur se ferment synchroniquement par des servomoteurs. L\u2019arri\u00e8re de la base du moule est \u00e9quip\u00e9 d\u2019une plaque de surpression et d\u2019un serrage de moule haute pression, ce qui r\u00e9duit efficacement la visibilit\u00e9 de la ligne de joint des bouteilles finies et assure la qualit\u00e9 des bouteilles. Le moule adopte une structure \u00e0 tiroir, ce qui facilite le changement de moule, et l\u2019op\u00e9rateur peut le terminer en une demi-heure.<\/div>\n<p><img loading=\"lazy\" decoding=\"async\" class=\"alignnone wp-image-691 size-full\" src=\"https:\/\/beta-machine.com\/wp-content\/uploads\/2025\/11\/Hfa92de88e84f4233a6022eac65d4f4d44.jpg\" alt=\"Servo stretching system\" width=\"1000\" height=\"1000\" srcset=\"https:\/\/www.beta-machine.com\/wp-content\/uploads\/2025\/11\/Hfa92de88e84f4233a6022eac65d4f4d44.jpg 1000w, https:\/\/www.beta-machine.com\/wp-content\/uploads\/2025\/11\/Hfa92de88e84f4233a6022eac65d4f4d44-300x300.jpg 300w, https:\/\/www.beta-machine.com\/wp-content\/uploads\/2025\/11\/Hfa92de88e84f4233a6022eac65d4f4d44-100x100.jpg 100w, https:\/\/www.beta-machine.com\/wp-content\/uploads\/2025\/11\/Hfa92de88e84f4233a6022eac65d4f4d44-600x600.jpg 600w, https:\/\/www.beta-machine.com\/wp-content\/uploads\/2025\/11\/Hfa92de88e84f4233a6022eac65d4f4d44-150x150.jpg 150w, https:\/\/www.beta-machine.com\/wp-content\/uploads\/2025\/11\/Hfa92de88e84f4233a6022eac65d4f4d44-768x768.jpg 768w, https:\/\/www.beta-machine.com\/wp-content\/uploads\/2025\/11\/Hfa92de88e84f4233a6022eac65d4f4d44-50x50.jpg 50w\" sizes=\"(max-width: 1000px) 100vw, 1000px\" \/><\/p>\n<div><strong>Syst\u00e8me d\u2019\u00e9tirement servo<\/strong><\/div>\n<div>Le servomoteur entra\u00eene le syst\u00e8me d\u2019\u00e9tirement. Le servomoteur actionne l\u2019engrenage et la cr\u00e9maill\u00e8re pour r\u00e9aliser l\u2019\u00e9tirement. Les modes de protection double de limite photo\u00e9lectrique et limite m\u00e9canique d\u00e9velopp\u00e9s ind\u00e9pendamment emp\u00eachent la tige d\u2019\u00e9tirement de toucher le moule inf\u00e9rieur. Les temps de cycle de la premi\u00e8re et deuxi\u00e8me soufflage peuvent \u00eatre r\u00e9gl\u00e9s individuellement sur la console. Selon les diff\u00e9rentes pr\u00e9formes et types de bouteilles du client, la tige d\u2019\u00e9tirement peut \u00eatre r\u00e9gl\u00e9e rapidement. Elle s\u2019ajuste automatiquement et pr\u00e9sente une grande flexibilit\u00e9.<\/div>\n<div>\n<div>\n<div>\n<h3>Applications<\/h3>\n<div>Notre souffleuse automatique de bouteilles en plastique \u00e0 haute vitesse est largement utilis\u00e9e dans:<\/div>\n<ul class=\"list-paddingleft-2\">\n<li>\n<div><strong>Industrie des boissons<\/strong>Pour la production de bouteilles d\u2019eau, jus et boissons gazeuses.<\/div>\n<\/li>\n<li>\n<div><strong>Industrie alimentaire<\/strong>Pour le conditionnement de condiments, produits laitiers et autres articles de consommation.<\/div>\n<\/li>\n<li>\n<div><strong>Industrie pharmaceutique<\/strong>Pour la production de bouteilles de haute qualit\u00e9 et sans contamination.<\/div>\n<\/li>\n<li>\n<div><strong>Industrie cosm\u00e9tique<\/strong>Pour la production de bouteilles \u00e0 haute transparence et rigidit\u00e9.<\/div>\n<\/li>\n<\/ul>\n<h3><\/h3>\n<h3>FAQ \/ Questions fr\u00e9quentes<\/h3>\n<div><strong>Q1: \u00cates-vous une soci\u00e9t\u00e9 commerciale ou un fabricant?<\/strong><br \/>\nNous sommes fabricants. Nous produisons nous-m\u00eames les machines et pouvons assurer la qualit\u00e9.<\/div>\n<div><strong>Q2: Quel est votre avantage?<\/strong><br \/>\nNous offrons des prix comp\u00e9titifs, un excellent support technique et un service en ligne 24h\/24.<\/div>\n<div><strong>Q3: Quand puis-je recevoir ma machine apr\u00e8s avoir pass\u00e9 la commande?<\/strong><br \/>\nNous organiserons la livraison \u00e0 temps, conform\u00e9ment au contrat.<\/div>\n<div><strong>Q4: Quelle est la p\u00e9riode de garantie de vos machines?<\/strong><br \/>\nNous offrons une garantie de 2 ans et fournissons des pi\u00e8ces de rechange gratuites pendant cette p\u00e9riode.<\/div>\n<div><strong>Q5: Comment puis-je installer la machine quand elle arrivera?<\/strong><br \/>\nNous fournissons un support en ligne 24h\/24. Si n\u00e9cessaire, nous pouvons envoyer nos ing\u00e9nieurs sur votre site pour l\u2019installation et la formation.<\/div>\n<div><strong>Q6: \u00c0 quoi les utilisateurs doivent-ils pr\u00eater attention lors de l\u2019utilisation et de la maintenance des souffleuses de bouteilles PET?<\/strong><br \/>\nAssurez-vous que la tr\u00e9mie d\u2019alimentation ne soit pas obstru\u00e9e. V\u00e9rifiez r\u00e9guli\u00e8rement les syst\u00e8mes de commande et les composants \u00e9lectriques. Entretenez les syst\u00e8mes de pression d\u2019air et de refroidissement pour assurer une performance optimale.<\/div>\n<div><strong>Q7: La machine peut-elle \u00eatre personnalis\u00e9e selon les exigences du client?<\/strong><br \/>\nOui, toutes les machines d\u2019emballage de bouteilles peuvent \u00eatre personnalis\u00e9es selon les sp\u00e9cifications du client.\nPour plus d\u2019informations ou demander un devis, contactez-nous d\u00e8s aujourd\u2019hui.<\/div>\n<div>For more information or to request a quote, please contact us today.<\/div>\n<\/div>\n<\/div>\n<\/div>\n<div><\/div>","protected":false},"excerpt":{"rendered":"<p>La s\u00e9rie haute vitesse et \u00e9conomie d\u2019\u00e9nergie BETA est une machine soufflante automatique d\u2019\u00e9tirage par soufflage descendant fiable en deux \u00e9tapes, offrant une grande stabilit\u00e9. Elle est compatible avec des moules de 4 \u00e0 10 cavit\u00e9s et convient \u00e0 la production de divers types de bouteilles : boissons gazeuses, boissons p\u00e9tillantes, eau pure, eau min\u00e9rale, jus de fruits, cosm\u00e9tiques, grand diam\u00e8tre, r\u00e9sistantes aux hautes temp\u00e9ratures et autres bouteilles d\u2019emballage.<\/p>","protected":false},"featured_media":703,"comment_status":"closed","ping_status":"closed","template":"","meta":{"_acf_changed":false},"product_brand":[],"product_cat":[26],"product_tag":[],"class_list":{"0":"post-704","1":"product","2":"type-product","3":"status-publish","4":"has-post-thumbnail","6":"product_cat-automatic-bottle-blowing-machine","8":"first","9":"instock","10":"shipping-taxable","11":"purchasable","12":"product-type-variable"},"acf":[],"_links":{"self":[{"href":"https:\/\/www.beta-machine.com\/fr\/wp-json\/wp\/v2\/product\/704","targetHints":{"allow":["GET"]}}],"collection":[{"href":"https:\/\/www.beta-machine.com\/fr\/wp-json\/wp\/v2\/product"}],"about":[{"href":"https:\/\/www.beta-machine.com\/fr\/wp-json\/wp\/v2\/types\/product"}],"replies":[{"embeddable":true,"href":"https:\/\/www.beta-machine.com\/fr\/wp-json\/wp\/v2\/comments?post=704"}],"wp:featuredmedia":[{"embeddable":true,"href":"https:\/\/www.beta-machine.com\/fr\/wp-json\/wp\/v2\/media\/703"}],"wp:attachment":[{"href":"https:\/\/www.beta-machine.com\/fr\/wp-json\/wp\/v2\/media?parent=704"}],"wp:term":[{"taxonomy":"product_brand","embeddable":true,"href":"https:\/\/www.beta-machine.com\/fr\/wp-json\/wp\/v2\/product_brand?post=704"},{"taxonomy":"product_cat","embeddable":true,"href":"https:\/\/www.beta-machine.com\/fr\/wp-json\/wp\/v2\/product_cat?post=704"},{"taxonomy":"product_tag","embeddable":true,"href":"https:\/\/www.beta-machine.com\/fr\/wp-json\/wp\/v2\/product_tag?post=704"}],"curies":[{"name":"wp","href":"https:\/\/api.w.org\/{rel}","templated":true}]}}