{"id":3167,"date":"2026-02-27T03:22:08","date_gmt":"2026-02-27T03:22:08","guid":{"rendered":"https:\/\/www.beta-machine.com\/cookie-policy-br\/"},"modified":"2026-02-27T03:22:08","modified_gmt":"2026-02-27T03:22:08","slug":"cookie-policy-br","status":"publish","type":"page","link":"https:\/\/www.beta-machine.com\/pt\/cookie-policy-br\/","title":{"rendered":"Cookie Policy (BR)"},"content":{"rendered":"<!-- Legal document generated by Complianz | GDPR\/CCPA Cookie Consent https:\/\/wordpress.org\/plugins\/complianz-gdpr -->\n<div id=\"cmplz-document\" class=\"cmplz-document cookie-statement cmplz-document-br\"><p><i>Esta Pol\u00edtica de Cookies foi atualizada pela \u00faltima vez em Fevereiro 27, 2026 e se aplica a cidad\u00e3os e residentes legais permanentes do Brasil.<\/i><br \/><\/p><h2>1. Introdu\u00e7\u00e3o<\/h2><p>O nosso site, <a href=\"https:\/\/www.beta-machine.com\/pt\">https:\/\/www.beta-machine.com\/pt<\/a> (em diante: \"o site\") usa cookies e outras tecnologias relacionadas (por conveni\u00eancia, todas as tecnologias s\u00e3o referidas como \"cookies\"). Os cookies tamb\u00e9m s\u00e3o adicionados por terceiros com quem estabelecemos acordos. O documento abaixo informa sobre o nosso uso de cookies.<\/p><h2>2. O que s\u00e3o cookies?<\/h2><p>Um cookie \u00e9 um arquivo pequeno e simples que \u00e9 enviado em conjunto com as p\u00e1ginas deste site e armazenado pelo seu browser, no disco r\u00edgido do seu computador ou noutro dispositivo. As informa\u00e7\u00f5es armazenadas podem ser enviadas de volta aos nossos servidores ou aos servidores de terceiros relevantes durante uma visita subsequente.<\/p><h2>3. O que s\u00e3o scripts?<\/h2><p>Um script \u00e9 uma parte de c\u00f3digo de um programa que \u00e9 usada para fazer o nosso site funcionar de forma adequada e interactiva. Esse c\u00f3digo \u00e9 executado no nosso servidor ou no seu dispositivo.<\/p><h2>4. O que \u00e9 um web beacon?<\/h2><p>Um web beacon (ou pixel tag) \u00e9 um pequeno texto ou imagem invis\u00edvel num site que \u00e9 usado para monitorizar o tr\u00e1fego num site. Para fazer isso, s\u00e3o armazenados v\u00e1rios dados sobre si utilizando web beacons.<\/p><h2>5. Cookies<\/h2><p class=\"cmplz-subtitle\">5.1 Cookies t\u00e9cnicos ou funcionais<\/p><p>Alguns cookies garantem que certas partes do site funcionam correctamente e que as suas prefer\u00eancias de utilizador permane\u00e7am conhecidas. Ao adicionar cookies funcionais, facilitamos a visita ao nosso site. Dessa forma, n\u00e3o precisa inserir repetidamente as mesmas informa\u00e7\u00f5es ao visitar o nosso site. Por exemplo, os itens permanecem no seu carrinho de compras at\u00e9 que tenha conclu\u00eddo a compra. Podemos adicionar esses cookies sem o seu consentimento.<\/p><p class=\"cmplz-subtitle\">5.2 Cookies de marketing\/rastreio<\/p><p>Cookies de marketing\/rastreio s\u00e3o cookies ou qualquer outra forma de armazenamento local, usados para criar perfis de utilizador para exibir publicidade ou para rastrear o utilizador neste site ou em v\u00e1rios sites para fins de marketing semelhantes.<\/p><p class=\"cmplz-subtitle\">5.3 Rede social<\/p><p>No nosso site, inclu\u00edmos conte\u00fado de Facebook, WhatsApp e LinkedIn para promover p\u00e1ginas da web (por exemplo, \"gosto\", \"pin\") ou partilhar (por exemplo, \"twittar\") em redes sociais como Facebook, WhatsApp e LinkedIn. Este conte\u00fado \u00e9 incorporado com c\u00f3digo derivado de Facebook, WhatsApp e LinkedIn e coloca cookies. Esse conte\u00fado pode armazenar e processar determinadas informa\u00e7\u00f5es para publicidade personalizada.<\/p><p>Por favor leia a declara\u00e7\u00e3o de privacidade dessas redes sociais (que podem mudar regularmente) para saber o que eles fazem com seus dados (pessoais) que eles processam usando esses cookies. Os dados recuperados s\u00e3o anonimizados tanto quanto poss\u00edvel. Facebook, WhatsApp e LinkedIn est\u00e3o localizados nos Estados Unidos.<\/p><h2>6. Cookies inseridos<\/h2><div id=\"cmplz-cookies-overview\"><details class=\"cmplz-dropdown cmplz-service-desc cmplz-dropdown-cookiepolicy\">\n\t<summary class=\"cmplz-service-header\"><div>\n\t\t<h3>Elementor<\/h3>\n\t\t<p>Finalidade pendente de investiga\u00e7\u00e3o<\/p>\n\t\t<label for=\"cmplz_service_elementor\" class=\"cmplz_consent_per_service_label\"><span class=\"screen-reader-text\">Consent to service elementor<\/span><\/label>\n\t\t<input type=\"checkbox\" id=\"cmplz_service_elementor\" class=\"cmplz-accept-service cmplz-hidden\" data-service=\"elementor\" data-category=\"functional\"><\/div>\n\t<\/summary>\n\t<div class=\"cmplz-service-description\">\n\t\t<h4>Utiliza\u00e7\u00e3o<\/h4>\n\t\t<p>Usamos Elementor para content creation. <a target=\"_blank\" rel=\"noopener noreferrer nofollow\" href=\"https:\/\/cookiedatabase.org\/service\/elementor\/\">Read more about Elementor<\/a><\/p>\n\t<\/div>\n\t<div class=\"cmplz-sharing-data\">\n\t\t<h4>Partilha de dados<\/h4>\n\t\t<p>Esses dados n\u00e3o s\u00e3o partilhados com terceiros.<\/p>\n\t<\/div>\n\t<div class=\"cookies-per-purpose\">\n    <div class=\"purpose\"><h4>Finalidade pendente de investiga\u00e7\u00e3o<\/h4><\/div>\n    <div class=\"name-header\">\n\t<h5>Nome<\/h5>\n<\/div>\n<div class=\"name\"><a target=\"_blank\" rel=\"noopener noreferrer nofollow\" href=\"https:\/\/cookiedatabase.org\/cookie\/elementor\/elementor\/\">elementor<\/a><\/div>\n<div class=\"retention-header\">\n\t<h5>Vencimento<\/h5>\n<\/div>\n<div class=\"retention\"><\/div>\n<div class=\"function-header\">\n\t<h5>Fun\u00e7\u00e3o<\/h5>\n<\/div>\n<div class=\"function\"><\/div>\n\n<\/div>\n<\/details>\n<details class=\"cmplz-dropdown cmplz-service-desc cmplz-dropdown-cookiepolicy\">\n\t<summary class=\"cmplz-service-header\"><div>\n\t\t<h3>Google Analytics<\/h3>\n\t\t<p>Finalidade pendente de investiga\u00e7\u00e3o<\/p>\n\t\t<label for=\"cmplz_service_google-analytics\" class=\"cmplz_consent_per_service_label\"><span class=\"screen-reader-text\">Consent to service google-analytics<\/span><\/label>\n\t\t<input type=\"checkbox\" id=\"cmplz_service_google-analytics\" class=\"cmplz-accept-service cmplz-hidden\" data-service=\"google-analytics\" data-category=\"functional\"><\/div>\n\t<\/summary>\n\t<div class=\"cmplz-service-description\">\n\t\t<h4>Utiliza\u00e7\u00e3o<\/h4>\n\t\t<p>Usamos Google Analytics para website statistics. <a target=\"_blank\" rel=\"noopener noreferrer nofollow\" href=\"https:\/\/cookiedatabase.org\/service\/google-analytics\/\">Read more about Google Analytics<\/a><\/p>\n\t<\/div>\n\t<div class=\"cmplz-sharing-data\">\n\t\t<h4>Partilha de dados<\/h4>\n\t\t<p>Para mais informa\u00e7\u00f5es, leia a <a target=\"_blank\" rel=\"noopener noreferrer nofollow\" href=\"https:\/\/business.safety.google\/privacy\/\">Google Analytics Declara\u00e7\u00e3o de Privacidade<\/a>.<\/p>\n\t<\/div>\n\t<div class=\"cookies-per-purpose\">\n    <div class=\"purpose\"><h4>Finalidade pendente de investiga\u00e7\u00e3o<\/h4><\/div>\n    <div class=\"name-header\">\n\t<h5>Nome<\/h5>\n<\/div>\n<div class=\"name\"><a target=\"_blank\" rel=\"noopener noreferrer nofollow\" href=\"https:\/\/cookiedatabase.org\/cookie\/google-analytics\/_ga\/\">_ga<\/a><\/div>\n<div class=\"retention-header\">\n\t<h5>Vencimento<\/h5>\n<\/div>\n<div class=\"retention\"><\/div>\n<div class=\"function-header\">\n\t<h5>Fun\u00e7\u00e3o<\/h5>\n<\/div>\n<div class=\"function\"><\/div>\n<div class=\"name-header\">\n\t<h5>Nome<\/h5>\n<\/div>\n<div class=\"name\"><a target=\"_blank\" rel=\"noopener noreferrer nofollow\" href=\"https:\/\/cookiedatabase.org\/cookie\/google-analytics\/_ga_\/\">_ga_*<\/a><\/div>\n<div class=\"retention-header\">\n\t<h5>Vencimento<\/h5>\n<\/div>\n<div class=\"retention\"><\/div>\n<div class=\"function-header\">\n\t<h5>Fun\u00e7\u00e3o<\/h5>\n<\/div>\n<div class=\"function\"><\/div>\n\n<\/div>\n<\/details>\n<details class=\"cmplz-dropdown cmplz-service-desc cmplz-dropdown-cookiepolicy\">\n\t<summary class=\"cmplz-service-header\"><div>\n\t\t<h3>Sourcebuster JS<\/h3>\n\t\t<p>Finalidade pendente de investiga\u00e7\u00e3o<\/p>\n\t\t<label for=\"cmplz_service_sourcebuster-js\" class=\"cmplz_consent_per_service_label\"><span class=\"screen-reader-text\">Consent to service sourcebuster-js<\/span><\/label>\n\t\t<input type=\"checkbox\" id=\"cmplz_service_sourcebuster-js\" class=\"cmplz-accept-service cmplz-hidden\" data-service=\"sourcebuster-js\" data-category=\"functional\"><\/div>\n\t<\/summary>\n\t<div class=\"cmplz-service-description\">\n\t\t<h4>Utiliza\u00e7\u00e3o<\/h4>\n\t\t<p>Usamos Sourcebuster JS para visitor tracking. <a target=\"_blank\" rel=\"noopener noreferrer nofollow\" href=\"https:\/\/cookiedatabase.org\/service\/sourcebuster-js\/\">Read more about Sourcebuster JS<\/a><\/p>\n\t<\/div>\n\t<div class=\"cmplz-sharing-data\">\n\t\t<h4>Partilha de dados<\/h4>\n\t\t<p>Esses dados n\u00e3o s\u00e3o partilhados com terceiros.<\/p>\n\t<\/div>\n\t<div class=\"cookies-per-purpose\">\n    <div class=\"purpose\"><h4>Finalidade pendente de investiga\u00e7\u00e3o<\/h4><\/div>\n    <div class=\"name-header\">\n\t<h5>Nome<\/h5>\n<\/div>\n<div class=\"name\"><a target=\"_blank\" rel=\"noopener noreferrer nofollow\" href=\"https:\/\/cookiedatabase.org\/cookie\/sourcebuster-js\/sbjs_migrations\/\">sbjs_migrations<\/a><\/div>\n<div class=\"retention-header\">\n\t<h5>Vencimento<\/h5>\n<\/div>\n<div class=\"retention\"><\/div>\n<div class=\"function-header\">\n\t<h5>Fun\u00e7\u00e3o<\/h5>\n<\/div>\n<div class=\"function\"><\/div>\n<div class=\"name-header\">\n\t<h5>Nome<\/h5>\n<\/div>\n<div class=\"name\"><a target=\"_blank\" rel=\"noopener noreferrer nofollow\" href=\"https:\/\/cookiedatabase.org\/cookie\/sourcebuster-js\/sbjs_current_add\/\">sbjs_current_add<\/a><\/div>\n<div class=\"retention-header\">\n\t<h5>Vencimento<\/h5>\n<\/div>\n<div class=\"retention\"><\/div>\n<div class=\"function-header\">\n\t<h5>Fun\u00e7\u00e3o<\/h5>\n<\/div>\n<div class=\"function\"><\/div>\n<div class=\"name-header\">\n\t<h5>Nome<\/h5>\n<\/div>\n<div class=\"name\"><a target=\"_blank\" rel=\"noopener noreferrer nofollow\" href=\"https:\/\/cookiedatabase.org\/cookie\/sourcebuster-js\/sbjs_first_add\/\">sbjs_first_add<\/a><\/div>\n<div class=\"retention-header\">\n\t<h5>Vencimento<\/h5>\n<\/div>\n<div class=\"retention\"><\/div>\n<div class=\"function-header\">\n\t<h5>Fun\u00e7\u00e3o<\/h5>\n<\/div>\n<div class=\"function\"><\/div>\n<div class=\"name-header\">\n\t<h5>Nome<\/h5>\n<\/div>\n<div class=\"name\"><a target=\"_blank\" rel=\"noopener noreferrer nofollow\" href=\"https:\/\/cookiedatabase.org\/cookie\/sourcebuster-js\/sbjs_current\/\">sbjs_current<\/a><\/div>\n<div class=\"retention-header\">\n\t<h5>Vencimento<\/h5>\n<\/div>\n<div class=\"retention\"><\/div>\n<div class=\"function-header\">\n\t<h5>Fun\u00e7\u00e3o<\/h5>\n<\/div>\n<div class=\"function\"><\/div>\n<div class=\"name-header\">\n\t<h5>Nome<\/h5>\n<\/div>\n<div class=\"name\"><a target=\"_blank\" rel=\"noopener noreferrer nofollow\" href=\"https:\/\/cookiedatabase.org\/cookie\/sourcebuster-js\/sbjs_first\/\">sbjs_first<\/a><\/div>\n<div class=\"retention-header\">\n\t<h5>Vencimento<\/h5>\n<\/div>\n<div class=\"retention\"><\/div>\n<div class=\"function-header\">\n\t<h5>Fun\u00e7\u00e3o<\/h5>\n<\/div>\n<div class=\"function\"><\/div>\n<div class=\"name-header\">\n\t<h5>Nome<\/h5>\n<\/div>\n<div class=\"name\"><a target=\"_blank\" rel=\"noopener noreferrer nofollow\" href=\"https:\/\/cookiedatabase.org\/cookie\/sourcebuster-js\/sbjs_udata\/\">sbjs_udata<\/a><\/div>\n<div class=\"retention-header\">\n\t<h5>Vencimento<\/h5>\n<\/div>\n<div class=\"retention\"><\/div>\n<div class=\"function-header\">\n\t<h5>Fun\u00e7\u00e3o<\/h5>\n<\/div>\n<div class=\"function\"><\/div>\n<div class=\"name-header\">\n\t<h5>Nome<\/h5>\n<\/div>\n<div class=\"name\"><a target=\"_blank\" rel=\"noopener noreferrer nofollow\" href=\"https:\/\/cookiedatabase.org\/cookie\/sourcebuster-js\/sbjs_session\/\">sbjs_session<\/a><\/div>\n<div class=\"retention-header\">\n\t<h5>Vencimento<\/h5>\n<\/div>\n<div class=\"retention\"><\/div>\n<div class=\"function-header\">\n\t<h5>Fun\u00e7\u00e3o<\/h5>\n<\/div>\n<div class=\"function\"><\/div>\n\n<\/div>\n<\/details>\n<details class=\"cmplz-dropdown cmplz-service-desc cmplz-dropdown-cookiepolicy\">\n\t<summary class=\"cmplz-service-header\"><div>\n\t\t<h3>WordPress<\/h3>\n\t\t<p>Finalidade pendente de investiga\u00e7\u00e3o<\/p>\n\t\t<label for=\"cmplz_service_wordpress\" class=\"cmplz_consent_per_service_label\"><span class=\"screen-reader-text\">Consent to service wordpress<\/span><\/label>\n\t\t<input type=\"checkbox\" id=\"cmplz_service_wordpress\" class=\"cmplz-accept-service cmplz-hidden\" data-service=\"wordpress\" data-category=\"functional\"><\/div>\n\t<\/summary>\n\t<div class=\"cmplz-service-description\">\n\t\t<h4>Utiliza\u00e7\u00e3o<\/h4>\n\t\t<p>Usamos WordPress para website development. <a target=\"_blank\" rel=\"noopener noreferrer nofollow\" href=\"https:\/\/cookiedatabase.org\/service\/wordpress\/\">Read more about WordPress<\/a><\/p>\n\t<\/div>\n\t<div class=\"cmplz-sharing-data\">\n\t\t<h4>Partilha de dados<\/h4>\n\t\t<p>Esses dados n\u00e3o s\u00e3o partilhados com terceiros.<\/p>\n\t<\/div>\n\t<div class=\"cookies-per-purpose\">\n    <div class=\"purpose\"><h4>Finalidade pendente de investiga\u00e7\u00e3o<\/h4><\/div>\n    <div class=\"name-header\">\n\t<h5>Nome<\/h5>\n<\/div>\n<div class=\"name\"><a target=\"_blank\" rel=\"noopener noreferrer nofollow\" href=\"https:\/\/cookiedatabase.org\/cookie\/wordpress\/wordpress_test_cookie\/\">wordpress_test_cookie<\/a><\/div>\n<div class=\"retention-header\">\n\t<h5>Vencimento<\/h5>\n<\/div>\n<div class=\"retention\"><\/div>\n<div class=\"function-header\">\n\t<h5>Fun\u00e7\u00e3o<\/h5>\n<\/div>\n<div class=\"function\"><\/div>\n<div class=\"name-header\">\n\t<h5>Nome<\/h5>\n<\/div>\n<div class=\"name\"><a target=\"_blank\" rel=\"noopener noreferrer nofollow\" href=\"https:\/\/cookiedatabase.org\/cookie\/wordpress\/wordpress_logged_in_\/\">wordpress_logged_in_*<\/a><\/div>\n<div class=\"retention-header\">\n\t<h5>Vencimento<\/h5>\n<\/div>\n<div class=\"retention\"><\/div>\n<div class=\"function-header\">\n\t<h5>Fun\u00e7\u00e3o<\/h5>\n<\/div>\n<div class=\"function\"><\/div>\n\n<\/div>\n<\/details>\n<details class=\"cmplz-dropdown cmplz-service-desc cmplz-dropdown-cookiepolicy\">\n\t<summary class=\"cmplz-service-header\"><div>\n\t\t<h3>Diversos<\/h3>\n\t\t<p>Finalidade pendente de investiga\u00e7\u00e3o<\/p>\n\t\t<label for=\"cmplz_service_diversos\" class=\"cmplz_consent_per_service_label\"><span class=\"screen-reader-text\">Consent to service diversos<\/span><\/label>\n\t\t<input type=\"checkbox\" id=\"cmplz_service_diversos\" class=\"cmplz-accept-service cmplz-hidden\" data-service=\"diversos\" data-category=\"functional\"><\/div>\n\t<\/summary>\n\t<div class=\"cmplz-service-description\">\n\t\t<h4>Utiliza\u00e7\u00e3o<\/h4>\n\t\t<p><\/p>\n\t<\/div>\n\t<div class=\"cmplz-sharing-data\">\n\t\t<h4>Partilha de dados<\/h4>\n\t\t<p>A partilha de dados est\u00e1 pendente de investiga\u00e7\u00e3o<\/p>\n\t<\/div>\n\t<div class=\"cookies-per-purpose\">\n    <div class=\"purpose\"><h4>Finalidade pendente de investiga\u00e7\u00e3o<\/h4><\/div>\n    <div class=\"name-header\">\n\t<h5>Nome<\/h5>\n<\/div>\n<div class=\"name\">_gcl_ls<\/div>\n<div class=\"retention-header\">\n\t<h5>Vencimento<\/h5>\n<\/div>\n<div class=\"retention\"><\/div>\n<div class=\"function-header\">\n\t<h5>Fun\u00e7\u00e3o<\/h5>\n<\/div>\n<div class=\"function\"><\/div>\n<div class=\"name-header\">\n\t<h5>Nome<\/h5>\n<\/div>\n<div class=\"name\">mp_150605b3b9f979922f2ac5a52e2dcfe9_mixpanel<\/div>\n<div class=\"retention-header\">\n\t<h5>Vencimento<\/h5>\n<\/div>\n<div class=\"retention\"><\/div>\n<div class=\"function-header\">\n\t<h5>Fun\u00e7\u00e3o<\/h5>\n<\/div>\n<div class=\"function\"><\/div>\n<div class=\"name-header\">\n\t<h5>Nome<\/h5>\n<\/div>\n<div class=\"name\">mp_tab_id_mixpanel_150605b3b9f979922f2ac5a52e2dcfe9<\/div>\n<div class=\"retention-header\">\n\t<h5>Vencimento<\/h5>\n<\/div>\n<div class=\"retention\"><\/div>\n<div class=\"function-header\">\n\t<h5>Fun\u00e7\u00e3o<\/h5>\n<\/div>\n<div class=\"function\"><\/div>\n<div class=\"name-header\">\n\t<h5>Nome<\/h5>\n<\/div>\n<div class=\"name\">mp_gen_new_tab_id_mixpanel_150605b3b9f979922f2ac5a52e2dcfe9<\/div>\n<div class=\"retention-header\">\n\t<h5>Vencimento<\/h5>\n<\/div>\n<div class=\"retention\"><\/div>\n<div class=\"function-header\">\n\t<h5>Fun\u00e7\u00e3o<\/h5>\n<\/div>\n<div class=\"function\"><\/div>\n<div class=\"name-header\">\n\t<h5>Nome<\/h5>\n<\/div>\n<div class=\"name\">_gcl_au<\/div>\n<div class=\"retention-header\">\n\t<h5>Vencimento<\/h5>\n<\/div>\n<div class=\"retention\"><\/div>\n<div class=\"function-header\">\n\t<h5>Fun\u00e7\u00e3o<\/h5>\n<\/div>\n<div class=\"function\"><\/div>\n<div class=\"name-header\">\n\t<h5>Nome<\/h5>\n<\/div>\n<div class=\"name\">cmplz_consented_services<\/div>\n<div class=\"retention-header\">\n\t<h5>Vencimento<\/h5>\n<\/div>\n<div class=\"retention\">365 dias<\/div>\n<div class=\"function-header\">\n\t<h5>Fun\u00e7\u00e3o<\/h5>\n<\/div>\n<div class=\"function\"><\/div>\n<div class=\"name-header\">\n\t<h5>Nome<\/h5>\n<\/div>\n<div class=\"name\">cmplz_policy_id<\/div>\n<div class=\"retention-header\">\n\t<h5>Vencimento<\/h5>\n<\/div>\n<div class=\"retention\">365 dias<\/div>\n<div class=\"function-header\">\n\t<h5>Fun\u00e7\u00e3o<\/h5>\n<\/div>\n<div class=\"function\"><\/div>\n<div class=\"name-header\">\n\t<h5>Nome<\/h5>\n<\/div>\n<div class=\"name\">cmplz_marketing<\/div>\n<div class=\"retention-header\">\n\t<h5>Vencimento<\/h5>\n<\/div>\n<div class=\"retention\">365 dias<\/div>\n<div class=\"function-header\">\n\t<h5>Fun\u00e7\u00e3o<\/h5>\n<\/div>\n<div class=\"function\"><\/div>\n<div class=\"name-header\">\n\t<h5>Nome<\/h5>\n<\/div>\n<div class=\"name\">cmplz_statistics<\/div>\n<div class=\"retention-header\">\n\t<h5>Vencimento<\/h5>\n<\/div>\n<div class=\"retention\">365 dias<\/div>\n<div class=\"function-header\">\n\t<h5>Fun\u00e7\u00e3o<\/h5>\n<\/div>\n<div class=\"function\"><\/div>\n<div class=\"name-header\">\n\t<h5>Nome<\/h5>\n<\/div>\n<div class=\"name\">cmplz_preferences<\/div>\n<div class=\"retention-header\">\n\t<h5>Vencimento<\/h5>\n<\/div>\n<div class=\"retention\">365 dias<\/div>\n<div class=\"function-header\">\n\t<h5>Fun\u00e7\u00e3o<\/h5>\n<\/div>\n<div class=\"function\"><\/div>\n<div class=\"name-header\">\n\t<h5>Nome<\/h5>\n<\/div>\n<div class=\"name\">cmplz_functional<\/div>\n<div class=\"retention-header\">\n\t<h5>Vencimento<\/h5>\n<\/div>\n<div class=\"retention\">365 dias<\/div>\n<div class=\"function-header\">\n\t<h5>Fun\u00e7\u00e3o<\/h5>\n<\/div>\n<div class=\"function\"><\/div>\n<div class=\"name-header\">\n\t<h5>Nome<\/h5>\n<\/div>\n<div class=\"name\">cmplz_banner-status<\/div>\n<div class=\"retention-header\">\n\t<h5>Vencimento<\/h5>\n<\/div>\n<div class=\"retention\">365 dias<\/div>\n<div class=\"function-header\">\n\t<h5>Fun\u00e7\u00e3o<\/h5>\n<\/div>\n<div class=\"function\"><\/div>\n<div class=\"name-header\">\n\t<h5>Nome<\/h5>\n<\/div>\n<div class=\"name\">wp-settings-3<\/div>\n<div class=\"retention-header\">\n\t<h5>Vencimento<\/h5>\n<\/div>\n<div class=\"retention\"><\/div>\n<div class=\"function-header\">\n\t<h5>Fun\u00e7\u00e3o<\/h5>\n<\/div>\n<div class=\"function\"><\/div>\n<div class=\"name-header\">\n\t<h5>Nome<\/h5>\n<\/div>\n<div class=\"name\">wp-settings-time-3<\/div>\n<div class=\"retention-header\">\n\t<h5>Vencimento<\/h5>\n<\/div>\n<div class=\"retention\"><\/div>\n<div class=\"function-header\">\n\t<h5>Fun\u00e7\u00e3o<\/h5>\n<\/div>\n<div class=\"function\"><\/div>\n\n<\/div>\n<\/details>\n<\/div><h2>7. Ativa\u00e7\u00e3o\/desativa\u00e7\u00e3o e exclus\u00e3o de cookies<\/h2><p>Pode usar o seu browser para excluir cookies automaticamente ou manualmente. Tamb\u00e9m pode especificar que certos cookies podem n\u00e3o ser inseridos. Outra op\u00e7\u00e3o \u00e9 alterar as configura\u00e7\u00f5es do seu browser para que receba uma mensagem cada vez que um cookie \u00e9 inserido. Para obter mais informa\u00e7\u00f5es sobre essas op\u00e7\u00f5es, consulte as instru\u00e7\u00f5es na sec\u00e7\u00e3o Ajuda do seu browser.<\/p><p>Por favor tenha em conta que o nosso site pode n\u00e3o funcionar correctamente se todos os cookies forem desactivados. Se excluir os cookies do seu navegador, ser\u00e3o adicionados de novo ap\u00f3s o seu consentimento quando visitar o nosso site outra vez.<\/p><h2>8. Os seus direitos em rela\u00e7\u00e3o aos dados pessoais<\/h2><p>Tem os seguintes direitos em rela\u00e7\u00e3o aos seus dados pessoais:<\/p><ul>\n                    <li>confirma\u00e7\u00e3o da exist\u00eancia de processamento;<\/li>\n                    <li>acesso aos dados;<\/li>\n                    <li>corre\u00e7\u00e3o de dados incompletos, imprecisos ou desatualizados;<\/li>\n                    <li>anonimiza\u00e7\u00e3o, bloqueio ou exclus\u00e3o de dados desnecess\u00e1rios, excessivos ou processados em desacordo com as disposi\u00e7\u00f5es do Regulamento Geral de Prote\u00e7\u00e3o de Dados (RGPD);<\/li>\n                    <li>portabilidade dos dados para outro prestador de servi\u00e7os ou produtos, mediante pedido expresso, nos termos da regulamenta\u00e7\u00e3o da autoridade nacional, respeitando os segredos comerciais e industriais;<\/li>\n                    <li>elimina\u00e7\u00e3o dos dados pessoais tratados com o consentimento do titular, salvo nos casos previstos no art. 16 do Regulamento Geral de Prote\u00e7\u00e3o de Dados (RGPD);<\/li>\n                    <li>informa\u00e7\u00f5es sobre entidades p\u00fablicas e privadas com as quais o controlador partilhou dados;<\/li>\n                    <li>informa\u00e7\u00f5es sobre a possibilidade de n\u00e3o consentimento e sobre as consequ\u00eancias da nega\u00e7\u00e3o.<\/li>\n                <\/ul><p>Para exercer esses direitos, entre em contacto connosco. Consulte os detalhes de contacto no final desta Pol\u00edtica de Cookies. Se tem uma reclama\u00e7\u00e3o sobre como lidamos com seus dados, gostar\u00edamos de ouvi-la, mas tamb\u00e9m tem o direito de enviar uma reclama\u00e7\u00e3o \u00e0 Autoridade Nacional de Prote\u00e7\u00e3o de Dados (ANPD):<\/p><br \/>Autoridade Nacional de Prote\u00e7\u00e3o de Dados\n\t\t\t\t\t\t<br \/>\n\t\t\t\t\t\t<br \/>Esplanada dos Minist\u00e9rios,\n\t\t\t\t\t\t<br \/>Bloco C,\n\t\t\t\t\t\t<br \/>2\u00ba andar,\n\t\t\t\t\t\t<br \/>CEP 70297-400 - Bras\u00edlia \u2013 DF.\n\t\t\t\t\t\t<br \/><a href=\"https:\/\/www.gov.br\/anpd\/pt-br\/canais_atendimento\/\" target=\"_blank\" rel=\"noopener\">Website<\/a><h2>9. Detalhes de contacto<\/h2><p>Para perguntas e\/ou coment\u00e1rios sobre nossa Pol\u00edtica de Cookies e esta declara\u00e7\u00e3o, entre em contacto connosco usando os seguintes detalhes de contacto:<\/p><p><span class=\"cmplz-contact-organisation\">Beta Machine<\/span><br>\n                    <span class=\"cmplz-contact-address\">HengLong Mansion, No 50 of RenMin MiddleRoad, Zhangjiagang City, Jiangsu, China, 215600<\/span><br>\n                    <span class=\"cmplz-contact-country\">China<\/span><br>\n                    Website: <span class=\"cmplz-contact-domain\"><a href=\"https:\/\/www.beta-machine.com\/pt\">https:\/\/www.beta-machine.com\/pt<\/a><\/span><br>\n                    E-mail:  <span class=\"cmplz-contact-email\"><span class=\"cmplz-obfuscate\">j&#111;y@<span class=\"cmplz-fmail-domain\">&#101;x.&#099;&#111;&#109;<\/span>&#110;a&#118;&#097;&#110;-&#109;&#097;&#099;&#104;&#105;ne.c&#111;m<\/span><\/span><br>\n                    <span class=\"cmplz-contact-telephone\">Phone number: 18962170169<\/span><\/p><p>Esta Pol\u00edtica de Cookies foi sincronizada com <a href=\"https:\/\/cookiedatabase.org\/\" target=\"_blank\" rel=\"noopener\">cookiedatabase.org<\/a> em Abril 11, 2026.<\/p><\/div>","protected":false},"excerpt":{"rendered":"","protected":false},"author":3,"featured_media":0,"parent":0,"menu_order":0,"comment_status":"closed","ping_status":"closed","template":"","meta":{"_acf_changed":false,"footnotes":""},"class_list":["post-3167","page","type-page","status-publish","hentry"],"acf":[],"_links":{"self":[{"href":"https:\/\/www.beta-machine.com\/pt\/wp-json\/wp\/v2\/pages\/3167","targetHints":{"allow":["GET"]}}],"collection":[{"href":"https:\/\/www.beta-machine.com\/pt\/wp-json\/wp\/v2\/pages"}],"about":[{"href":"https:\/\/www.beta-machine.com\/pt\/wp-json\/wp\/v2\/types\/page"}],"author":[{"embeddable":true,"href":"https:\/\/www.beta-machine.com\/pt\/wp-json\/wp\/v2\/users\/3"}],"replies":[{"embeddable":true,"href":"https:\/\/www.beta-machine.com\/pt\/wp-json\/wp\/v2\/comments?post=3167"}],"version-history":[{"count":0,"href":"https:\/\/www.beta-machine.com\/pt\/wp-json\/wp\/v2\/pages\/3167\/revisions"}],"wp:attachment":[{"href":"https:\/\/www.beta-machine.com\/pt\/wp-json\/wp\/v2\/media?parent=3167"}],"curies":[{"name":"wp","href":"https:\/\/api.w.org\/{rel}","templated":true}]}}