{"id":839,"date":"2025-11-05T05:27:57","date_gmt":"2025-11-05T05:27:57","guid":{"rendered":"https:\/\/beta-machine.com\/?page_id=839"},"modified":"2026-03-05T06:07:12","modified_gmt":"2026-03-05T06:07:12","slug":"solution","status":"publish","type":"page","link":"https:\/\/www.beta-machine.com\/pt\/solution\/","title":{"rendered":"Cases"},"content":{"rendered":"<div data-elementor-type=\"wp-page\" data-elementor-id=\"839\" class=\"elementor elementor-839\" data-elementor-post-type=\"page\">\n\t\t\t\t<div class=\"elementor-element elementor-element-7dd2cca e-con-full e-flex e-con e-parent\" data-id=\"7dd2cca\" data-element_type=\"container\" data-e-type=\"container\">\n\t\t\t\t<div class=\"elementor-element elementor-element-f7519ac elementor-widget elementor-widget-shortcode\" data-id=\"f7519ac\" data-element_type=\"widget\" data-e-type=\"widget\" data-widget_type=\"shortcode.default\">\n\t\t\t\t\t\t\t<div class=\"elementor-shortcode\">\t\t<div data-elementor-type=\"section\" data-elementor-id=\"1167\" class=\"elementor elementor-1167\" data-elementor-post-type=\"elementor_library\">\n\t\t\t<div class=\"elementor-element elementor-element-cdb1d3e e-flex e-con-boxed e-con e-parent\" data-id=\"cdb1d3e\" data-element_type=\"container\" data-e-type=\"container\" data-settings=\"{&quot;background_background&quot;:&quot;classic&quot;}\">\n\t\t\t\t\t<div class=\"e-con-inner\">\n\t\t<div class=\"elementor-element elementor-element-ed9dfad e-con-full e-flex e-con e-child\" data-id=\"ed9dfad\" data-element_type=\"container\" data-e-type=\"container\">\n\t\t\t\t<div class=\"elementor-element elementor-element-0a903f5 elementor-view-default elementor-widget elementor-widget-icon\" data-id=\"0a903f5\" data-element_type=\"widget\" data-e-type=\"widget\" data-widget_type=\"icon.default\">\n\t\t\t\t\t\t\t<div class=\"elementor-icon-wrapper\">\n\t\t\t<div class=\"elementor-icon\">\n\t\t\t<svg xmlns=\"http:\/\/www.w3.org\/2000\/svg\" xmlns:xlink=\"http:\/\/www.w3.org\/1999\/xlink\" class=\"icon\" viewbox=\"0 0 1024 1024\" width=\"200\" height=\"200\"><path d=\"M702.932 777.584c-11.692-3.161-23.743 3.758-26.903 15.45-3.165 11.698 3.758 23.744 15.451 26.903 73.027 19.747 105.712 47.546 105.712 66.333 0 14.494-19.804 37.052-75.398 56.907-55.701 19.895-130.205 30.845-209.791 30.845-79.586 0-154.099-10.95-209.799-30.845-55.593-19.855-75.396-42.413-75.396-56.907 0-18.793 32.702-46.602 105.761-66.348 11.698-3.161 18.618-15.201 15.456-26.899-3.159-11.692-15.199-18.617-26.897-15.455-89.119 24.084-138.198 62.687-138.198 108.702 0 26.869 17.359 47.165 31.924 59.459 17.477 14.762 41.905 27.805 72.594 38.766 60.318 21.541 140.063 33.407 224.549 33.407 84.493 0 164.238-11.872 224.556-33.407 30.689-10.961 55.115-24.005 72.595-38.766 14.564-12.295 31.924-32.59 31.924-59.459 0-46-49.056-84.603-138.137-108.686v0zM422.048 826.725c23.419 26.842 56.222 42.223 90.118 42.223h0.005c34.028 0 66.802-15.506 90.080-42.569 7.059-7.696 67.087-73.789 127.916-160.351 88.146-125.43 132.837-229.369 132.837-308.923 0-47.367-9.283-93.344-27.597-136.64-17.684-41.803-42.986-79.343-75.212-111.563-32.219-32.218-69.751-57.526-111.554-75.202-43.302-18.315-89.278-27.603-136.639-27.603-47.367 0-93.344 9.289-136.641 27.603-41.802 17.678-79.342 42.985-111.561 75.202-32.219 32.226-57.526 69.759-75.202 111.563-18.315 43.297-27.603 89.273-27.603 136.64 0 79.552 44.724 183.524 132.929 309.029 61.247 87.146 121.682 153.568 128.124 160.59v0zM375.908 347.29c0-77.421 62.989-140.405 140.402-140.405 77.421 0 140.404 62.986 140.404 140.405 0 77.415-62.982 140.404-140.404 140.404-77.414 0-140.402-62.989-140.402-140.404v0zM375.908 347.29z\" fill=\"#ffffff\"><\/path><\/svg>\t\t\t<\/div>\n\t\t<\/div>\n\t\t\t\t\t\t<\/div>\n\t\t\t\t<div class=\"elementor-element elementor-element-12bccfe elementor-widget elementor-widget-shortcode\" data-id=\"12bccfe\" data-element_type=\"widget\" data-e-type=\"widget\" data-widget_type=\"shortcode.default\">\n\t\t\t\t\t\t\t<div class=\"elementor-shortcode\"><nav aria-label=\"breadcrumbs\" class=\"rank-math-breadcrumb\"><p><span class=\"label\">Voc\u00ea est\u00e1 aqui:<\/span> <span class=\"last\">In\u00edcio<\/span><\/p><\/nav><\/div>\n\t\t\t\t\t\t<\/div>\n\t\t\t\t<\/div>\n\t\t\t\t\t<\/div>\n\t\t\t\t<\/div>\n\t\t\t\t<\/div>\n\t\t<\/div>\n\t\t\t\t\t\t<\/div>\n\t\t\t\t<\/div>\n\t\t<div class=\"elementor-element elementor-element-ba250ae e-flex e-con-boxed e-con e-parent\" data-id=\"ba250ae\" data-element_type=\"container\" data-e-type=\"container\">\n\t\t\t\t\t<div class=\"e-con-inner\">\n\t\t\t\t<div class=\"elementor-element elementor-element-82b3439 elementor-widget elementor-widget-heading\" data-id=\"82b3439\" data-element_type=\"widget\" data-e-type=\"widget\" data-widget_type=\"heading.default\">\n\t\t\t\t\t<h4 class=\"elementor-heading-title elementor-size-default\">Escolha o que quiser<\/h4>\t\t\t\t<\/div>\n\t\t\t\t<div class=\"elementor-element elementor-element-33420f2 elementor-widget elementor-widget-heading\" data-id=\"33420f2\" data-element_type=\"widget\" data-e-type=\"widget\" data-widget_type=\"heading.default\">\n\t\t\t\t\t<h1 class=\"elementor-heading-title elementor-size-default\">Aplica\u00e7\u00e3o de maquin\u00e1ria de pl\u00e1stico<\/h1>\t\t\t\t<\/div>\n\t\t\t\t<div class=\"elementor-element elementor-element-67e1f9a elementor-widget elementor-widget-text-editor\" data-id=\"67e1f9a\" data-element_type=\"widget\" data-e-type=\"widget\" data-widget_type=\"text-editor.default\">\n\t\t\t\t\t\t\t\t\t<p>A BETA \u00e9 a sua refer\u00eancia para uma vasta gama de maquin\u00e1ria de ponta, incluindo m\u00e1quinas de sopro estirado de garrafas, m\u00e1quinas de sopro por extrus\u00e3o, m\u00e1quinas de molde por inje\u00e7\u00e3o, m\u00e1quinas de molde por inje\u00e7\u00e3o e sopro e m\u00e1quinas de molde por compress\u00e3o de tampas. Os nossos equipamentos vers\u00e1teis atendem a diversos setores, como alimenta\u00e7\u00e3o e bebidas, cosm\u00e9tica, farmac\u00eautica e outros. Conte connosco para fornecer a m\u00e1quina perfeita adaptada \u00e0s suas necessidades \u00fanicas.<\/p>\t\t\t\t\t\t\t\t<\/div>\n\t\t<div class=\"elementor-element elementor-element-f1ca406 e-grid e-con-full e-con e-child\" data-id=\"f1ca406\" data-element_type=\"container\" data-e-type=\"container\" id=\"solution-icon\">\n\t\t\t\t<div class=\"elementor-element elementor-element-8f367cf elementor-flip-box--effect-flip elementor-flip-box--direction-up elementor-widget elementor-widget-flip-box\" data-id=\"8f367cf\" data-element_type=\"widget\" data-e-type=\"widget\" data-widget_type=\"flip-box.default\">\n\t\t\t\t\t\t\t<div class=\"elementor-flip-box\" tabindex=\"0\">\n\t\t\t<div class=\"elementor-flip-box__layer elementor-flip-box__front\">\n\t\t\t\t<div class=\"elementor-flip-box__layer__overlay\">\n\t\t\t\t\t<div class=\"elementor-flip-box__layer__inner\">\n\t\t\t\t\t\t\t\t\t\t\t\t\t<div class=\"elementor-flip-box__image\">\n\t\t\t\t\t\t\t\t<img decoding=\"async\" width=\"106\" height=\"149\" src=\"https:\/\/www.beta-machine.com\/wp-content\/uploads\/2025\/11\/Food-Beverage.png\" class=\"attachment-full size-full wp-image-1247\" alt=\"Food Beverage Botttle Blowing\" \/>\t\t\t\t\t\t\t<\/div>\n\t\t\t\t\t\t\n\t\t\t\t\t\t\t\t\t\t\t\t\t<h3 class=\"elementor-flip-box__layer__title\">\n\t\t\t\t\t\t\t\t01\t\t\t\t\t\t\t<\/h3>\n\t\t\t\t\t\t\n\t\t\t\t\t\t\t\t\t\t\t\t\t<div class=\"elementor-flip-box__layer__description\">\n\t\t\t\t\t\t\t\tAlimenta\u00e7\u00e3o e Bebidas\t\t\t\t\t\t\t<\/div>\n\t\t\t\t\t\t\t\t\t\t\t<\/div>\n\t\t\t\t<\/div>\n\t\t\t<\/div>\n\t\t\t<div class=\"elementor-flip-box__layer elementor-flip-box__back\">\n\t\t\t<div class=\"elementor-flip-box__layer__overlay\">\n\t\t\t\t<div class=\"elementor-flip-box__layer__inner\">\n\t\t\t\t\t\n\t\t\t\t\t\t\t\t\t\t\t<div class=\"elementor-flip-box__layer__description\">\n\t\t\t\t\t\t\tAs m\u00e1quinas de sopro de garrafas t\u00eam uma aplica\u00e7\u00e3o extensa na ind\u00fastria alimentar e de bebidas, principalmente para a produ\u00e7\u00e3o de garrafas e embalagens pl\u00e1sticas usadas em bebidas, \u00f3leos comest\u00edveis, condimentos, produtos l\u00e1cteos e outras embalagens de grau alimentar.\t\t\t\t\t\t<\/div>\n\t\t\t\t\t\n\t\t\t\t\t\t\t\t\t\t\t<a class=\"elementor-flip-box__button elementor-button elementor-size-sm\" href=\"\/pt\/solution-details\/#food-beverage\" target=\"_blank\">\n\t\t\t\t\t\t\tVer mais &gt;\t\t\t\t\t\t<\/a>\n\t\t\t\t\t\t\t\t<\/div>\n\t\t<\/div>\n\t\t<\/div>\n\t\t<\/div>\n\t\t\t\t\t\t<\/div>\n\t\t\t\t<div class=\"elementor-element elementor-element-8fe1752 elementor-flip-box--effect-flip elementor-flip-box--direction-up elementor-widget elementor-widget-flip-box\" data-id=\"8fe1752\" data-element_type=\"widget\" data-e-type=\"widget\" data-widget_type=\"flip-box.default\">\n\t\t\t\t\t\t\t<div class=\"elementor-flip-box\" tabindex=\"0\">\n\t\t\t<div class=\"elementor-flip-box__layer elementor-flip-box__front\">\n\t\t\t\t<div class=\"elementor-flip-box__layer__overlay\">\n\t\t\t\t\t<div class=\"elementor-flip-box__layer__inner\">\n\t\t\t\t\t\t\t\t\t\t\t\t\t<div class=\"elementor-flip-box__image\">\n\t\t\t\t\t\t\t\t<img decoding=\"async\" width=\"146\" height=\"149\" src=\"https:\/\/www.beta-machine.com\/wp-content\/uploads\/2025\/11\/Household-Daily-Care.png\" class=\"attachment-thumbnail size-thumbnail wp-image-1263\" alt=\"Household&amp;Daily Care Icon\" srcset=\"https:\/\/www.beta-machine.com\/wp-content\/uploads\/2025\/11\/Household-Daily-Care.png 146w, https:\/\/www.beta-machine.com\/wp-content\/uploads\/2025\/11\/Household-Daily-Care-50x50.png 50w\" sizes=\"(max-width: 146px) 100vw, 146px\" \/>\t\t\t\t\t\t\t<\/div>\n\t\t\t\t\t\t\n\t\t\t\t\t\t\t\t\t\t\t\t\t<h3 class=\"elementor-flip-box__layer__title\">\n\t\t\t\t\t\t\t\t02\t\t\t\t\t\t\t<\/h3>\n\t\t\t\t\t\t\n\t\t\t\t\t\t\t\t\t\t\t\t\t<div class=\"elementor-flip-box__layer__description\">\n\t\t\t\t\t\t\t\tLar e Cuidados Di\u00e1rios\t\t\t\t\t\t\t<\/div>\n\t\t\t\t\t\t\t\t\t\t\t<\/div>\n\t\t\t\t<\/div>\n\t\t\t<\/div>\n\t\t\t<div class=\"elementor-flip-box__layer elementor-flip-box__back\">\n\t\t\t<div class=\"elementor-flip-box__layer__overlay\">\n\t\t\t\t<div class=\"elementor-flip-box__layer__inner\">\n\t\t\t\t\t\n\t\t\t\t\t\t\t\t\t\t\t<div class=\"elementor-flip-box__layer__description\">\n\t\t\t\t\t\t\tAs m\u00e1quinas de sopro de garrafas, as m\u00e1quinas de molde por inje\u00e7\u00e3o e sopro e as m\u00e1quinas de molde por inje\u00e7\u00e3o s\u00e3o amplamente utilizadas na ind\u00fastria do lar e cuidados di\u00e1rios para a produ\u00e7\u00e3o de embalagens pl\u00e1sticas para produtos de cuidado pessoal, limpeza e higiene.\t\t\t\t\t\t<\/div>\n\t\t\t\t\t\n\t\t\t\t\t\t\t\t\t\t\t<a class=\"elementor-flip-box__button elementor-button elementor-size-sm\" href=\"\/pt\/solution-details\/#household-dailycare\" target=\"_blank\">\n\t\t\t\t\t\t\tVer mais &gt;\t\t\t\t\t\t<\/a>\n\t\t\t\t\t\t\t\t<\/div>\n\t\t<\/div>\n\t\t<\/div>\n\t\t<\/div>\n\t\t\t\t\t\t<\/div>\n\t\t\t\t<div class=\"elementor-element elementor-element-e082706 elementor-flip-box--effect-flip elementor-flip-box--direction-up elementor-widget elementor-widget-flip-box\" data-id=\"e082706\" data-element_type=\"widget\" data-e-type=\"widget\" data-widget_type=\"flip-box.default\">\n\t\t\t\t\t\t\t<div class=\"elementor-flip-box\" tabindex=\"0\">\n\t\t\t<div class=\"elementor-flip-box__layer elementor-flip-box__front\">\n\t\t\t\t<div class=\"elementor-flip-box__layer__overlay\">\n\t\t\t\t\t<div class=\"elementor-flip-box__layer__inner\">\n\t\t\t\t\t\t\t\t\t\t\t\t\t<div class=\"elementor-flip-box__image\">\n\t\t\t\t\t\t\t\t<img decoding=\"async\" width=\"150\" height=\"149\" src=\"https:\/\/www.beta-machine.com\/wp-content\/uploads\/2025\/11\/Pharmaceutical-Chemical.png\" class=\"attachment-thumbnail size-thumbnail wp-image-1273\" alt=\"Pharmaceutical&amp;Chemical icon\" srcset=\"https:\/\/www.beta-machine.com\/wp-content\/uploads\/2025\/11\/Pharmaceutical-Chemical.png 150w, https:\/\/www.beta-machine.com\/wp-content\/uploads\/2025\/11\/Pharmaceutical-Chemical-100x100.png 100w, https:\/\/www.beta-machine.com\/wp-content\/uploads\/2025\/11\/Pharmaceutical-Chemical-50x50.png 50w\" sizes=\"(max-width: 150px) 100vw, 150px\" \/>\t\t\t\t\t\t\t<\/div>\n\t\t\t\t\t\t\n\t\t\t\t\t\t\t\t\t\t\t\t\t<h3 class=\"elementor-flip-box__layer__title\">\n\t\t\t\t\t\t\t\t03\t\t\t\t\t\t\t<\/h3>\n\t\t\t\t\t\t\n\t\t\t\t\t\t\t\t\t\t\t\t\t<div class=\"elementor-flip-box__layer__description\">\n\t\t\t\t\t\t\t\tFarmac\u00eautica e Qu\u00edmica\t\t\t\t\t\t\t<\/div>\n\t\t\t\t\t\t\t\t\t\t\t<\/div>\n\t\t\t\t<\/div>\n\t\t\t<\/div>\n\t\t\t<div class=\"elementor-flip-box__layer elementor-flip-box__back\">\n\t\t\t<div class=\"elementor-flip-box__layer__overlay\">\n\t\t\t\t<div class=\"elementor-flip-box__layer__inner\">\n\t\t\t\t\t\n\t\t\t\t\t\t\t\t\t\t\t<div class=\"elementor-flip-box__layer__description\">\n\t\t\t\t\t\t\tAs m\u00e1quinas de molde por inje\u00e7\u00e3o e as m\u00e1quinas de molde por inje\u00e7\u00e3o e sopro s\u00e3o amplamente utilizadas na ind\u00fastria farmac\u00eautica e qu\u00edmica para a produ\u00e7\u00e3o de embalagens pl\u00e1sticas, recipientes e pe\u00e7as para produtos m\u00e9dicos e qu\u00edmicos.\t\t\t\t\t\t<\/div>\n\t\t\t\t\t\n\t\t\t\t\t\t\t\t\t\t\t<a class=\"elementor-flip-box__button elementor-button elementor-size-sm\" href=\"\/pt\/solution-details\/#pharmacetical-chemical\" target=\"_blank\">\n\t\t\t\t\t\t\tVer mais &gt;\t\t\t\t\t\t<\/a>\n\t\t\t\t\t\t\t\t<\/div>\n\t\t<\/div>\n\t\t<\/div>\n\t\t<\/div>\n\t\t\t\t\t\t<\/div>\n\t\t\t\t<div class=\"elementor-element elementor-element-43bba2f elementor-flip-box--effect-flip elementor-flip-box--direction-up elementor-widget elementor-widget-flip-box\" data-id=\"43bba2f\" data-element_type=\"widget\" data-e-type=\"widget\" data-widget_type=\"flip-box.default\">\n\t\t\t\t\t\t\t<div class=\"elementor-flip-box\" tabindex=\"0\">\n\t\t\t<div class=\"elementor-flip-box__layer elementor-flip-box__front\">\n\t\t\t\t<div class=\"elementor-flip-box__layer__overlay\">\n\t\t\t\t\t<div class=\"elementor-flip-box__layer__inner\">\n\t\t\t\t\t\t\t\t\t\t\t\t\t<div class=\"elementor-flip-box__image\">\n\t\t\t\t\t\t\t\t<img loading=\"lazy\" decoding=\"async\" width=\"140\" height=\"149\" src=\"https:\/\/www.beta-machine.com\/wp-content\/uploads\/2025\/11\/Cosmetic.png\" class=\"attachment-full size-full wp-image-1277\" alt=\"Cosmetic icon\" \/>\t\t\t\t\t\t\t<\/div>\n\t\t\t\t\t\t\n\t\t\t\t\t\t\t\t\t\t\t\t\t<h3 class=\"elementor-flip-box__layer__title\">\n\t\t\t\t\t\t\t\t04\t\t\t\t\t\t\t<\/h3>\n\t\t\t\t\t\t\n\t\t\t\t\t\t\t\t\t\t\t\t\t<div class=\"elementor-flip-box__layer__description\">\n\t\t\t\t\t\t\t\tCosm\u00e9tica\t\t\t\t\t\t\t<\/div>\n\t\t\t\t\t\t\t\t\t\t\t<\/div>\n\t\t\t\t<\/div>\n\t\t\t<\/div>\n\t\t\t<div class=\"elementor-flip-box__layer elementor-flip-box__back\">\n\t\t\t<div class=\"elementor-flip-box__layer__overlay\">\n\t\t\t\t<div class=\"elementor-flip-box__layer__inner\">\n\t\t\t\t\t\n\t\t\t\t\t\t\t\t\t\t\t<div class=\"elementor-flip-box__layer__description\">\n\t\t\t\t\t\t\tAs m\u00e1quinas de molde por inje\u00e7\u00e3o e sopro, as m\u00e1quinas de sopro por extrus\u00e3o e as m\u00e1quinas de sopro de garrafas s\u00e3o amplamente utilizadas na ind\u00fastria cosm\u00e9tica para a produ\u00e7\u00e3o de embalagens pl\u00e1sticas de alta qualidade para cosm\u00e9ticos e produtos de cuidado pessoal.\t\t\t\t\t\t<\/div>\n\t\t\t\t\t\n\t\t\t\t\t\t\t\t\t\t\t<a class=\"elementor-flip-box__button elementor-button elementor-size-sm\" href=\"\/pt\/solution-details\/#cosmetic\" target=\"_blank\">\n\t\t\t\t\t\t\tVer mais &gt;\t\t\t\t\t\t<\/a>\n\t\t\t\t\t\t\t\t<\/div>\n\t\t<\/div>\n\t\t<\/div>\n\t\t<\/div>\n\t\t\t\t\t\t<\/div>\n\t\t\t\t<div class=\"elementor-element elementor-element-f0ef2f8 elementor-flip-box--effect-flip elementor-flip-box--direction-up elementor-widget elementor-widget-flip-box\" data-id=\"f0ef2f8\" data-element_type=\"widget\" data-e-type=\"widget\" data-widget_type=\"flip-box.default\">\n\t\t\t\t\t\t\t<div class=\"elementor-flip-box\" tabindex=\"0\">\n\t\t\t<div class=\"elementor-flip-box__layer elementor-flip-box__front\">\n\t\t\t\t<div class=\"elementor-flip-box__layer__overlay\">\n\t\t\t\t\t<div class=\"elementor-flip-box__layer__inner\">\n\t\t\t\t\t\t\t\t\t\t\t\t\t<div class=\"elementor-flip-box__image\">\n\t\t\t\t\t\t\t\t<img loading=\"lazy\" decoding=\"async\" width=\"168\" height=\"149\" src=\"https:\/\/www.beta-machine.com\/wp-content\/uploads\/2025\/11\/Jerry-Can.png\" class=\"attachment-full size-full wp-image-1278\" alt=\"Jerry Can icon\" \/>\t\t\t\t\t\t\t<\/div>\n\t\t\t\t\t\t\n\t\t\t\t\t\t\t\t\t\t\t\t\t<h3 class=\"elementor-flip-box__layer__title\">\n\t\t\t\t\t\t\t\t05\t\t\t\t\t\t\t<\/h3>\n\t\t\t\t\t\t\n\t\t\t\t\t\t\t\t\t\t\t\t\t<div class=\"elementor-flip-box__layer__description\">\n\t\t\t\t\t\t\t\tBid\u00e3o\t\t\t\t\t\t\t<\/div>\n\t\t\t\t\t\t\t\t\t\t\t<\/div>\n\t\t\t\t<\/div>\n\t\t\t<\/div>\n\t\t\t<div class=\"elementor-flip-box__layer elementor-flip-box__back\">\n\t\t\t<div class=\"elementor-flip-box__layer__overlay\">\n\t\t\t\t<div class=\"elementor-flip-box__layer__inner\">\n\t\t\t\t\t\n\t\t\t\t\t\t\t\t\t\t\t<div class=\"elementor-flip-box__layer__description\">\n\t\t\t\t\t\t\tAs m\u00e1quinas de sopro por extrus\u00e3o s\u00e3o habitualmente utilizadas na fabrica\u00e7\u00e3o de bid\u00f5es. Os bid\u00f5es s\u00e3o recipientes de pl\u00e1stico grandes e resistentes, amplamente usados para armazenar e transportar combust\u00edveis, \u00f3leos, produtos qu\u00edmicos, \u00e1gua e outros l\u00edquidos industriais.\t\t\t\t\t\t<\/div>\n\t\t\t\t\t\n\t\t\t\t\t\t\t\t\t\t\t<a class=\"elementor-flip-box__button elementor-button elementor-size-sm\" href=\"\/pt\/solution-details\/#jerry-can\" target=\"_blank\">\n\t\t\t\t\t\t\tVer mais &gt;\t\t\t\t\t\t<\/a>\n\t\t\t\t\t\t\t\t<\/div>\n\t\t<\/div>\n\t\t<\/div>\n\t\t<\/div>\n\t\t\t\t\t\t<\/div>\n\t\t\t\t<div class=\"elementor-element elementor-element-30b3fb5 elementor-flip-box--effect-flip elementor-flip-box--direction-up elementor-widget elementor-widget-flip-box\" data-id=\"30b3fb5\" data-element_type=\"widget\" data-e-type=\"widget\" data-widget_type=\"flip-box.default\">\n\t\t\t\t\t\t\t<div class=\"elementor-flip-box\" tabindex=\"0\">\n\t\t\t<div class=\"elementor-flip-box__layer elementor-flip-box__front\">\n\t\t\t\t<div class=\"elementor-flip-box__layer__overlay\">\n\t\t\t\t\t<div class=\"elementor-flip-box__layer__inner\">\n\t\t\t\t\t\t\t\t\t\t\t\t\t<div class=\"elementor-flip-box__image\">\n\t\t\t\t\t\t\t\t<img loading=\"lazy\" decoding=\"async\" width=\"80\" height=\"149\" src=\"https:\/\/www.beta-machine.com\/wp-content\/uploads\/2025\/11\/Other.png\" class=\"attachment-full size-full wp-image-1279\" alt=\"other icon\" \/>\t\t\t\t\t\t\t<\/div>\n\t\t\t\t\t\t\n\t\t\t\t\t\t\t\t\t\t\t\t\t<h3 class=\"elementor-flip-box__layer__title\">\n\t\t\t\t\t\t\t\t06\t\t\t\t\t\t\t<\/h3>\n\t\t\t\t\t\t\n\t\t\t\t\t\t\t\t\t\t\t\t\t<div class=\"elementor-flip-box__layer__description\">\n\t\t\t\t\t\t\t\tOutros\t\t\t\t\t\t\t<\/div>\n\t\t\t\t\t\t\t\t\t\t\t<\/div>\n\t\t\t\t<\/div>\n\t\t\t<\/div>\n\t\t\t<div class=\"elementor-flip-box__layer elementor-flip-box__back\">\n\t\t\t<div class=\"elementor-flip-box__layer__overlay\">\n\t\t\t\t<div class=\"elementor-flip-box__layer__inner\">\n\t\t\t\t\t\n\t\t\t\t\t\t\t\t\t\t\t<div class=\"elementor-flip-box__layer__description\">\n\t\t\t\t\t\t\tAs nossas m\u00e1quinas s\u00e3o adequadas n\u00e3o s\u00f3 para as ind\u00fastrias de alimenta\u00e7\u00e3o e bebidas, farmac\u00eautica, lar e cuidados pessoais, cosm\u00e9tica e bid\u00f5es, mas tamb\u00e9m para uma vasta gama de outras aplica\u00e7\u00f5es de embalagens pl\u00e1sticas.\t\t\t\t\t\t<\/div>\n\t\t\t\t\t\n\t\t\t\t\t\t\t\t\t\t\t<a class=\"elementor-flip-box__button elementor-button elementor-size-sm\" href=\"\/pt\/solution-details\/#other\" target=\"_blank\">\n\t\t\t\t\t\t\tVer mais &gt;\t\t\t\t\t\t<\/a>\n\t\t\t\t\t\t\t\t<\/div>\n\t\t<\/div>\n\t\t<\/div>\n\t\t<\/div>\n\t\t\t\t\t\t<\/div>\n\t\t\t\t<\/div>\n\t\t\t\t\t<\/div>\n\t\t\t\t<\/div>\n\t\t<div class=\"elementor-element elementor-element-80c2204 e-flex e-con-boxed e-con e-parent\" data-id=\"80c2204\" data-element_type=\"container\" data-e-type=\"container\">\n\t\t\t\t\t<div class=\"e-con-inner\">\n\t\t<div class=\"elementor-element elementor-element-d6ec200 e-grid e-con-full e-con e-child\" data-id=\"d6ec200\" data-element_type=\"container\" data-e-type=\"container\">\n\t\t<div class=\"elementor-element elementor-element-b34d836 e-con-full e-flex e-con e-child\" data-id=\"b34d836\" data-element_type=\"container\" data-e-type=\"container\" data-settings=\"{&quot;background_background&quot;:&quot;classic&quot;}\">\n\t\t\t\t<div class=\"elementor-element elementor-element-0e8b7cd elementor-icon-list--layout-traditional elementor-list-item-link-full_width elementor-widget elementor-widget-icon-list\" data-id=\"0e8b7cd\" data-element_type=\"widget\" data-e-type=\"widget\" data-widget_type=\"icon-list.default\">\n\t\t\t\t\t\t\t<ul class=\"elementor-icon-list-items\">\n\t\t\t\t\t\t\t<li class=\"elementor-icon-list-item\">\n\t\t\t\t\t\t\t\t\t\t\t<a href=\"\/pt\/full-automatic-blow-molding-machine\/\">\n\n\t\t\t\t\t\t\t\t\t\t\t\t<span class=\"elementor-icon-list-icon\">\n\t\t\t\t\t\t\t<svg aria-hidden=\"true\" class=\"e-font-icon-svg e-fas-hand-pointer\" viewbox=\"0 0 448 512\" xmlns=\"http:\/\/www.w3.org\/2000\/svg\"><path d=\"M448 240v96c0 3.084-.356 6.159-1.063 9.162l-32 136C410.686 499.23 394.562 512 376 512H168a40.004 40.004 0 0 1-32.35-16.473l-127.997-176c-12.993-17.866-9.043-42.883 8.822-55.876 17.867-12.994 42.884-9.043 55.877 8.823L104 315.992V40c0-22.091 17.908-40 40-40s40 17.909 40 40v200h8v-40c0-22.091 17.908-40 40-40s40 17.909 40 40v40h8v-24c0-22.091 17.908-40 40-40s40 17.909 40 40v24h8c0-22.091 17.908-40 40-40s40 17.909 40 40zm-256 80h-8v96h8v-96zm88 0h-8v96h8v-96zm88 0h-8v96h8v-96z\"><\/path><\/svg>\t\t\t\t\t\t<\/span>\n\t\t\t\t\t\t\t\t\t\t<span class=\"elementor-icon-list-text\">M\u00e1quinas Totalmente Autom\u00e1ticas<\/span>\n\t\t\t\t\t\t\t\t\t\t\t<\/a>\n\t\t\t\t\t\t\t\t\t<\/li>\n\t\t\t\t\t\t<\/ul>\n\t\t\t\t\t\t<\/div>\n\t\t\t\t<div class=\"elementor-element elementor-element-6395e3b elementor-widget elementor-widget-text-editor\" data-id=\"6395e3b\" data-element_type=\"widget\" data-e-type=\"widget\" data-widget_type=\"text-editor.default\">\n\t\t\t\t\t\t\t\t\t<p>Destacam-se na fabrica\u00e7\u00e3o de alto volume, onde se priorizam a consist\u00eancia, a velocidade e a redu\u00e7\u00e3o de m\u00e3o de obra, embora exijam um maior investimento inicial e sejam menos \u00e1geis para altera\u00e7\u00f5es frequentes de produto.<\/p>\t\t\t\t\t\t\t\t<\/div>\n\t\t\t\t<div class=\"elementor-element elementor-element-e3cba18 elementor-widget elementor-widget-button\" data-id=\"e3cba18\" data-element_type=\"widget\" data-e-type=\"widget\" data-widget_type=\"button.default\">\n\t\t\t\t\t\t\t\t\t\t<a class=\"elementor-button elementor-button-link elementor-size-sm\" href=\"\/pt\/full-automatic-blow-molding-machine\/\" target=\"_blank\">\n\t\t\t\t\t\t<span class=\"elementor-button-content-wrapper\">\n\t\t\t\t\t\t\t\t\t<span class=\"elementor-button-text\">Saiba mais<\/span>\n\t\t\t\t\t<\/span>\n\t\t\t\t\t<\/a>\n\t\t\t\t\t\t\t\t<\/div>\n\t\t\t\t<\/div>\n\t\t<div class=\"elementor-element elementor-element-d136c57 e-con-full e-flex e-con e-child\" data-id=\"d136c57\" data-element_type=\"container\" data-e-type=\"container\" data-settings=\"{&quot;background_background&quot;:&quot;classic&quot;}\">\n\t\t\t\t<div class=\"elementor-element elementor-element-26a1e12 elementor-icon-list--layout-traditional elementor-list-item-link-full_width elementor-widget elementor-widget-icon-list\" data-id=\"26a1e12\" data-element_type=\"widget\" data-e-type=\"widget\" data-widget_type=\"icon-list.default\">\n\t\t\t\t\t\t\t<ul class=\"elementor-icon-list-items\">\n\t\t\t\t\t\t\t<li class=\"elementor-icon-list-item\">\n\t\t\t\t\t\t\t\t\t\t\t<a href=\"\/pt\/semi-automatic-bottle-blowing-machine\/\">\n\n\t\t\t\t\t\t\t\t\t\t\t\t<span class=\"elementor-icon-list-icon\">\n\t\t\t\t\t\t\t<svg aria-hidden=\"true\" class=\"e-font-icon-svg e-fas-hand-pointer\" viewbox=\"0 0 448 512\" xmlns=\"http:\/\/www.w3.org\/2000\/svg\"><path d=\"M448 240v96c0 3.084-.356 6.159-1.063 9.162l-32 136C410.686 499.23 394.562 512 376 512H168a40.004 40.004 0 0 1-32.35-16.473l-127.997-176c-12.993-17.866-9.043-42.883 8.822-55.876 17.867-12.994 42.884-9.043 55.877 8.823L104 315.992V40c0-22.091 17.908-40 40-40s40 17.909 40 40v200h8v-40c0-22.091 17.908-40 40-40s40 17.909 40 40v40h8v-24c0-22.091 17.908-40 40-40s40 17.909 40 40v24h8c0-22.091 17.908-40 40-40s40 17.909 40 40zm-256 80h-8v96h8v-96zm88 0h-8v96h8v-96zm88 0h-8v96h8v-96z\"><\/path><\/svg>\t\t\t\t\t\t<\/span>\n\t\t\t\t\t\t\t\t\t\t<span class=\"elementor-icon-list-text\">M\u00e1quinas Semiautom\u00e1ticas<\/span>\n\t\t\t\t\t\t\t\t\t\t\t<\/a>\n\t\t\t\t\t\t\t\t\t<\/li>\n\t\t\t\t\t\t<\/ul>\n\t\t\t\t\t\t<\/div>\n\t\t\t\t<div class=\"elementor-element elementor-element-607d352 elementor-widget elementor-widget-text-editor\" data-id=\"607d352\" data-element_type=\"widget\" data-e-type=\"widget\" data-widget_type=\"text-editor.default\">\n\t\t\t\t\t\t\t\t\t<p>Ideal para opera\u00e7\u00f5es em pequena escala, produ\u00e7\u00f5es personalizadas ou empresas com capital limitado. Trocam a efici\u00eancia laboral por flexibilidade e menores custos iniciais.<\/p>\t\t\t\t\t\t\t\t<\/div>\n\t\t\t\t<div class=\"elementor-element elementor-element-ad46fc7 elementor-widget elementor-widget-button\" data-id=\"ad46fc7\" data-element_type=\"widget\" data-e-type=\"widget\" data-widget_type=\"button.default\">\n\t\t\t\t\t\t\t\t\t\t<a class=\"elementor-button elementor-button-link elementor-size-sm\" href=\"\/pt\/semi-automatic-bottle-blowing-machine\/\" target=\"_blank\">\n\t\t\t\t\t\t<span class=\"elementor-button-content-wrapper\">\n\t\t\t\t\t\t\t\t\t<span class=\"elementor-button-text\">Saiba mais<\/span>\n\t\t\t\t\t<\/span>\n\t\t\t\t\t<\/a>\n\t\t\t\t\t\t\t\t<\/div>\n\t\t\t\t<\/div>\n\t\t\t\t<\/div>\n\t\t\t\t\t<\/div>\n\t\t\t\t<\/div>\n\t\t\t\t<\/div>","protected":false},"excerpt":{"rendered":"<p>Choose What You Want Plastic Machinery Application BETA is your go-to for a wide range of cutting-edge machinery, from Stretch Bottle Blow Molding Machine,Extrusion Blow Molding Machine,Injection Molding Machine,Injection Blow Molding Machine to Cap Compression Molding Machine. Our versatile equipment caters to diverse industries like food and beverage, cosmetics, and pharmaceuticals etc. Count on us [&hellip;]<\/p>\n","protected":false},"author":3,"featured_media":0,"parent":0,"menu_order":0,"comment_status":"closed","ping_status":"closed","template":"","meta":{"_acf_changed":false,"footnotes":""},"class_list":["post-839","page","type-page","status-publish","hentry"],"acf":[],"_links":{"self":[{"href":"https:\/\/www.beta-machine.com\/pt\/wp-json\/wp\/v2\/pages\/839","targetHints":{"allow":["GET"]}}],"collection":[{"href":"https:\/\/www.beta-machine.com\/pt\/wp-json\/wp\/v2\/pages"}],"about":[{"href":"https:\/\/www.beta-machine.com\/pt\/wp-json\/wp\/v2\/types\/page"}],"author":[{"embeddable":true,"href":"https:\/\/www.beta-machine.com\/pt\/wp-json\/wp\/v2\/users\/3"}],"replies":[{"embeddable":true,"href":"https:\/\/www.beta-machine.com\/pt\/wp-json\/wp\/v2\/comments?post=839"}],"version-history":[{"count":80,"href":"https:\/\/www.beta-machine.com\/pt\/wp-json\/wp\/v2\/pages\/839\/revisions"}],"predecessor-version":[{"id":3219,"href":"https:\/\/www.beta-machine.com\/pt\/wp-json\/wp\/v2\/pages\/839\/revisions\/3219"}],"wp:attachment":[{"href":"https:\/\/www.beta-machine.com\/pt\/wp-json\/wp\/v2\/media?parent=839"}],"curies":[{"name":"wp","href":"https:\/\/api.w.org\/{rel}","templated":true}]}}