{"id":122,"date":"2025-10-22T08:37:17","date_gmt":"2025-10-22T08:37:17","guid":{"rendered":"https:\/\/beta-machine.com\/?post_type=product&#038;p=122"},"modified":"2026-03-16T06:41:28","modified_gmt":"2026-03-16T06:41:28","slug":"double-station-blow-molding-machine","status":"publish","type":"product","link":"https:\/\/www.beta-machine.com\/pt\/double-station-blow-molding-machine-pd770234388\/","title":{"rendered":"M\u00e1quina de moldagem por sopro de dupla esta\u00e7\u00e3o"},"content":{"rendered":"<p>Portugu\u00eas\nEsta m\u00e1quina de extrus\u00e3o soprada \u00e9 projetada para fabricar v\u00e1rios tipos de recipientes pl\u00e1sticos ocos para alimentos, brinquedos, bebidas, medicamentos, produtos qu\u00edmicos, pesticidas, detergentes, etc.Ela pode produzir recipientes de 5L a 30L usando materiais como PE, PP e PVC, como garrafas de \u00e1gua, leite, m\u00e9dicas, \u00f3leo, lubrificante, bolas pl\u00e1sticas e embalagens pl\u00e1sticas.<br>\nVantagens:<br>\nBaixo investimento inicial, custo-efetiva.\nAlta efici\u00eancia na produ\u00e7\u00e3o, opera\u00e7\u00e3o r\u00e1pida e segura.<br>\nManuten\u00e7\u00e3o e solu\u00e7\u00e3o de problemas f\u00e1ceis, com m\u00ednimo tempo de parada.<br>\nIdeal para fabricantes do setor de embalagens pl\u00e1sticas.<\/p>\n<p>&nbsp;<\/p>","protected":false},"excerpt":{"rendered":"<p>This extrusion blow molding\/moulding machine is designed to manufacture various types of hollow plastic containers used for storing food, toys, beverages, medicines, chemical products, pesticides, detergents, etc. It can produce containers ranging from 5L to 30L in size using materials like PE, PP, and PVC. Examples of products that can be made include water bottles, [&hellip;]<\/p>\n","protected":false},"featured_media":124,"comment_status":"open","ping_status":"closed","template":"","meta":{"_acf_changed":false},"product_brand":[],"product_cat":[29],"product_tag":[],"class_list":{"0":"post-122","1":"product","2":"type-product","3":"status-publish","4":"has-post-thumbnail","6":"product_cat-double-station-blow-molding-machine","8":"first","9":"instock","10":"shipping-taxable","11":"purchasable","12":"product-type-simple"},"acf":[],"_links":{"self":[{"href":"https:\/\/www.beta-machine.com\/pt\/wp-json\/wp\/v2\/product\/122","targetHints":{"allow":["GET"]}}],"collection":[{"href":"https:\/\/www.beta-machine.com\/pt\/wp-json\/wp\/v2\/product"}],"about":[{"href":"https:\/\/www.beta-machine.com\/pt\/wp-json\/wp\/v2\/types\/product"}],"replies":[{"embeddable":true,"href":"https:\/\/www.beta-machine.com\/pt\/wp-json\/wp\/v2\/comments?post=122"}],"wp:featuredmedia":[{"embeddable":true,"href":"https:\/\/www.beta-machine.com\/pt\/wp-json\/wp\/v2\/media\/124"}],"wp:attachment":[{"href":"https:\/\/www.beta-machine.com\/pt\/wp-json\/wp\/v2\/media?parent=122"}],"wp:term":[{"taxonomy":"product_brand","embeddable":true,"href":"https:\/\/www.beta-machine.com\/pt\/wp-json\/wp\/v2\/product_brand?post=122"},{"taxonomy":"product_cat","embeddable":true,"href":"https:\/\/www.beta-machine.com\/pt\/wp-json\/wp\/v2\/product_cat?post=122"},{"taxonomy":"product_tag","embeddable":true,"href":"https:\/\/www.beta-machine.com\/pt\/wp-json\/wp\/v2\/product_tag?post=122"}],"curies":[{"name":"wp","href":"https:\/\/api.w.org\/{rel}","templated":true}]}}