{"id":148,"date":"2025-10-24T03:07:41","date_gmt":"2025-10-24T03:07:41","guid":{"rendered":"https:\/\/beta-machine.com\/?post_type=product&#038;p=148"},"modified":"2026-03-16T06:08:38","modified_gmt":"2026-03-16T06:08:38","slug":"manufacturer-customized-fully-automatic-water-oil-mold-temperature-machine","status":"publish","type":"product","link":"https:\/\/www.beta-machine.com\/pt\/manufacturer-customized-fully-automatic-water-oil-mold-temperature-machine\/","title":{"rendered":"Fabricante M\u00e1quina de Temperatura de Molde de \u00c1gua\/ \u00d3leo Totalmente Autom\u00e1tica Personalizada"},"content":{"rendered":"<h2>M\u00e1quina de temperatura de molde tipo \u00e1gua \/ tipo \u00f3leo<\/h2>\n<p><img fetchpriority=\"high\" decoding=\"async\" class=\"alignnone wp-image-153 size-medium\" title=\"Mold Temperature Machine\" src=\"https:\/\/beta-machine.com\/wp-content\/uploads\/2025\/10\/Water-type-oil-type-mold-temperature-machine-300x300.png\" alt=\"Mold Temperature Machine\" width=\"300\" height=\"300\" srcset=\"https:\/\/www.beta-machine.com\/wp-content\/uploads\/2025\/10\/Water-type-oil-type-mold-temperature-machine-300x300.png 300w, https:\/\/www.beta-machine.com\/wp-content\/uploads\/2025\/10\/Water-type-oil-type-mold-temperature-machine-100x100.png 100w, https:\/\/www.beta-machine.com\/wp-content\/uploads\/2025\/10\/Water-type-oil-type-mold-temperature-machine-600x600.png 600w, https:\/\/www.beta-machine.com\/wp-content\/uploads\/2025\/10\/Water-type-oil-type-mold-temperature-machine-150x150.png 150w, https:\/\/www.beta-machine.com\/wp-content\/uploads\/2025\/10\/Water-type-oil-type-mold-temperature-machine-768x768.png 768w, https:\/\/www.beta-machine.com\/wp-content\/uploads\/2025\/10\/Water-type-oil-type-mold-temperature-machine.png 800w\" sizes=\"(max-width: 300px) 100vw, 300px\" \/><\/p>\n<p><strong>Controle por microcomputador<\/strong><\/p>\n<p>Controle por microcomputador, visor LCD e funcionamento por bot\u00f5es;<\/p>\n<p><strong>Sistema de controle de temperatura segmentado<\/strong><\/p>\n<p>\u00c9 poss\u00edvel manter est\u00e1vel a temperatura do molde em qualquer estado, com precis\u00e3o de controle de temperatura de at\u00e9 \u00b10.5 \u2103;<\/p>\n<p><strong>F\u00e1cil de operar<\/strong><\/p>\n<p>\u00c9 poss\u00edvel alternar entre chin\u00eas e ingl\u00eas. A interface de opera\u00e7\u00e3o \u00e9 simples e f\u00e1cil de entender, e a exibi\u00e7\u00e3o dos problemas de falha \u00e9 clara de um relance.<\/p>\n<div class=\"sliderTable mt10 mb10 sliderTable-index0\"><\/div>\n<h2>M\u00e1quina de temperatura de molde de \u00f3leo de alta temperatura<\/h2>\n<p><img decoding=\"async\" class=\"alignnone wp-image-152 size-medium\" title=\"Mold Temperature Machine\" src=\"https:\/\/beta-machine.com\/wp-content\/uploads\/2025\/10\/High-temperature-oil-mold-temperature-machine-300x300.png\" alt=\"Mold Temperature Machine\" width=\"300\" height=\"300\" srcset=\"https:\/\/www.beta-machine.com\/wp-content\/uploads\/2025\/10\/High-temperature-oil-mold-temperature-machine-300x300.png 300w, https:\/\/www.beta-machine.com\/wp-content\/uploads\/2025\/10\/High-temperature-oil-mold-temperature-machine-100x100.png 100w, https:\/\/www.beta-machine.com\/wp-content\/uploads\/2025\/10\/High-temperature-oil-mold-temperature-machine-600x600.png 600w, https:\/\/www.beta-machine.com\/wp-content\/uploads\/2025\/10\/High-temperature-oil-mold-temperature-machine-150x150.png 150w, https:\/\/www.beta-machine.com\/wp-content\/uploads\/2025\/10\/High-temperature-oil-mold-temperature-machine-768x768.png 768w, https:\/\/www.beta-machine.com\/wp-content\/uploads\/2025\/10\/High-temperature-oil-mold-temperature-machine.png 800w\" sizes=\"(max-width: 300px) 100vw, 300px\" \/><\/p>\n<p><strong>Controle por modo microcomputador<\/strong><\/p>\n<p>Opera\u00e7\u00e3o simples e f\u00e1cil de entender, adota sistema de controle duplo est\u00e1gio PID digital completo, com precis\u00e3o de controle de temperatura de \u00b10.1 \u2103;<\/p>\n<p><strong>Adota bomba de acoplamento de alta temperatura<\/strong><\/p>\n<p>Sistema perfeito de prote\u00e7\u00e3o de seguran\u00e7a e indica\u00e7\u00e3o de falhas; adota bomba de acoplamento de alta temperatura, sem vazamentos de \u00f3leo;<\/p>\n<p><strong>Utiliza resfriamento indireto<\/strong><\/p>\n<p>Utiliza resfriamento indireto, com velocidade r\u00e1pida de aumento e diminui\u00e7\u00e3o de temperatura, e temperatura precisa e est\u00e1vel.<\/p>\n<div class=\"sliderTable mt10 mb10 sliderTable-index1\"><\/div>\n<h2>M\u00e1quina de temperatura de molde de duplo uso frio-quente<\/h2>\n<p><img decoding=\"async\" class=\"alignnone wp-image-153 size-medium\" src=\"https:\/\/beta-machine.com\/wp-content\/uploads\/2025\/10\/Water-type-oil-type-mold-temperature-machine-300x300.png\" alt=\"Mold Temperature Machine\" width=\"300\" height=\"300\" srcset=\"https:\/\/www.beta-machine.com\/wp-content\/uploads\/2025\/10\/Water-type-oil-type-mold-temperature-machine-300x300.png 300w, https:\/\/www.beta-machine.com\/wp-content\/uploads\/2025\/10\/Water-type-oil-type-mold-temperature-machine-100x100.png 100w, https:\/\/www.beta-machine.com\/wp-content\/uploads\/2025\/10\/Water-type-oil-type-mold-temperature-machine-600x600.png 600w, https:\/\/www.beta-machine.com\/wp-content\/uploads\/2025\/10\/Water-type-oil-type-mold-temperature-machine-150x150.png 150w, https:\/\/www.beta-machine.com\/wp-content\/uploads\/2025\/10\/Water-type-oil-type-mold-temperature-machine-768x768.png 768w, https:\/\/www.beta-machine.com\/wp-content\/uploads\/2025\/10\/Water-type-oil-type-mold-temperature-machine.png 800w\" sizes=\"(max-width: 300px) 100vw, 300px\" \/><\/p>\n<p><strong>Opera\u00e7\u00e3o com um clique e convers\u00e3o convenientes.<\/strong><\/p>\n<p>Fornece \u00e1gua circulante de refrigera\u00e7\u00e3o para resfriamento de equipamentos ou \u00e1gua quente para aquecimento de acordo com as necessidades de produ\u00e7\u00e3o;<\/p>\n<p><strong>Baixo ru\u00eddo e vibra\u00e7\u00e3o;<\/strong><\/p>\n<p>O equipamento principal adota compressores de marcas americanas e japonesas, com prote\u00e7\u00e3o de seguran\u00e7a incorporada, baixo ru\u00eddo, est\u00e1vel e duradouro;<\/p>\n<p><strong>Sele\u00e7\u00e3o rigorosa de materiais<\/strong><\/p>\n<p>Medidas de prote\u00e7\u00e3o completas, indica\u00e7\u00e3o inteligente de falhas, alarme com zumbador, alto grau de automa\u00e7\u00e3o, sem necessidade de pessoal dedicado para operar.<\/p>\n<div class=\"sliderTable mt10 mb10 sliderTable-index2\"><\/div>\n<h2>M\u00e1quina de temperatura de molde de dupla m\u00e1quina integrada<\/h2>\n<p><img loading=\"lazy\" decoding=\"async\" class=\"alignnone size-medium wp-image-151\" src=\"https:\/\/beta-machine.com\/wp-content\/uploads\/2025\/10\/Dual-machine-integrated-mold-temperature-machine-300x300.png\" alt=\"Mold Temperature Machine\" width=\"300\" height=\"300\" srcset=\"https:\/\/www.beta-machine.com\/wp-content\/uploads\/2025\/10\/Dual-machine-integrated-mold-temperature-machine-300x300.png 300w, https:\/\/www.beta-machine.com\/wp-content\/uploads\/2025\/10\/Dual-machine-integrated-mold-temperature-machine-100x100.png 100w, https:\/\/www.beta-machine.com\/wp-content\/uploads\/2025\/10\/Dual-machine-integrated-mold-temperature-machine-600x600.png 600w, https:\/\/www.beta-machine.com\/wp-content\/uploads\/2025\/10\/Dual-machine-integrated-mold-temperature-machine-150x150.png 150w, https:\/\/www.beta-machine.com\/wp-content\/uploads\/2025\/10\/Dual-machine-integrated-mold-temperature-machine-768x768.png 768w, https:\/\/www.beta-machine.com\/wp-content\/uploads\/2025\/10\/Dual-machine-integrated-mold-temperature-machine.png 800w\" sizes=\"(max-width: 300px) 100vw, 300px\" \/><\/p>\n<p><strong>Pequena ocupa\u00e7\u00e3o de espa\u00e7o<\/strong><\/p>\n<p>Projeto novo, pequena ocupa\u00e7\u00e3o de espa\u00e7o e fun\u00e7\u00f5es completas;<\/p>\n<p><strong>Controle de temperatura independente<\/strong><\/p>\n<p>Duplo controle de temperatura independente, adequado para diferentes temperaturas de moldes superior e inferior, tamb\u00e9m pode controlar simultaneamente dois equipamentos principais com diferentes temperaturas;<\/p>\n<p><strong>F\u00e1cil de operar<\/strong><\/p>\n<p>Projeto humanizado na apar\u00eancia, opera\u00e7\u00e3o conveniente e eficiente, manuten\u00e7\u00e3o e desmontagem mais razo\u00e1veis.<\/p>\n<div class=\"sliderTable mt10 mb10 sliderTable-index3\"><\/div>","protected":false},"excerpt":{"rendered":"<p>As m\u00e1quinas de temperatura de molde personalizadas da BETA v\u00eam em quatro modelos: tipo \u00e1gua e \u00f3leo, tipo \u00f3leo de alta temperatura, tipo frio-quente dual e tipo dupla m\u00e1quina integrada.<\/p>","protected":false},"featured_media":151,"comment_status":"closed","ping_status":"closed","template":"","meta":{"_acf_changed":false},"product_brand":[],"product_cat":[41],"product_tag":[],"class_list":{"0":"post-148","1":"product","2":"type-product","3":"status-publish","4":"has-post-thumbnail","6":"product_cat-auxiliary-machines","8":"first","9":"instock","10":"shipping-taxable","11":"purchasable","12":"product-type-simple"},"acf":[],"_links":{"self":[{"href":"https:\/\/www.beta-machine.com\/pt\/wp-json\/wp\/v2\/product\/148","targetHints":{"allow":["GET"]}}],"collection":[{"href":"https:\/\/www.beta-machine.com\/pt\/wp-json\/wp\/v2\/product"}],"about":[{"href":"https:\/\/www.beta-machine.com\/pt\/wp-json\/wp\/v2\/types\/product"}],"replies":[{"embeddable":true,"href":"https:\/\/www.beta-machine.com\/pt\/wp-json\/wp\/v2\/comments?post=148"}],"wp:featuredmedia":[{"embeddable":true,"href":"https:\/\/www.beta-machine.com\/pt\/wp-json\/wp\/v2\/media\/151"}],"wp:attachment":[{"href":"https:\/\/www.beta-machine.com\/pt\/wp-json\/wp\/v2\/media?parent=148"}],"wp:term":[{"taxonomy":"product_brand","embeddable":true,"href":"https:\/\/www.beta-machine.com\/pt\/wp-json\/wp\/v2\/product_brand?post=148"},{"taxonomy":"product_cat","embeddable":true,"href":"https:\/\/www.beta-machine.com\/pt\/wp-json\/wp\/v2\/product_cat?post=148"},{"taxonomy":"product_tag","embeddable":true,"href":"https:\/\/www.beta-machine.com\/pt\/wp-json\/wp\/v2\/product_tag?post=148"}],"curies":[{"name":"wp","href":"https:\/\/api.w.org\/{rel}","templated":true}]}}