{"id":156,"date":"2025-10-24T03:18:56","date_gmt":"2025-10-24T03:18:56","guid":{"rendered":"https:\/\/beta-machine.com\/?post_type=product&#038;p=156"},"modified":"2026-03-16T06:01:34","modified_gmt":"2026-03-16T06:01:34","slug":"manufacturer-customized-fully-automatic-small-single-axis-waste-plastic-shredder","status":"publish","type":"product","link":"https:\/\/www.beta-machine.com\/pt\/manufacturer-customized-fully-automatic-small-single-axis-waste-plastic-shredder-pd728328088\/","title":{"rendered":"Fabricante Trituradora de Res\u00edduos Pl\u00e1sticos Pequena de Eixo \u00danico, Totalmente Autom\u00e1tica e Personalizada"},"content":{"rendered":"<p><strong>Trituradora de eixo \u00fanico<\/strong><\/p>\n<h2>Vantagens<\/h2>\n<div>\n<ol>\n<li>A caixa de engrenagens da trituradora \u00e9 soldada com chapas de a\u00e7o, com alta precis\u00e3o, bom contacto, baixo ru\u00eddo e longa vida \u00fatil.<\/li>\n<li>Os componentes de transmiss\u00e3o da trituradora s\u00e3o ligados por acoplamentos para reduzir a vibra\u00e7\u00e3o, proteger o eixo principal e o redutor, sem danificar a for\u00e7a.<\/li>\n<li>A l\u00e2mina da trituradora \u00e9 submetida a forjamento, tratamento t\u00e9rmico de recozimento, isolamento de t\u00eampera e retifica\u00e7\u00e3o fina no corte em linha.<\/li>\n<li>O motor da trituradora utiliza um motor de n\u00facleo de cobre puro para reduzir o consumo de energia e aumentar a vida \u00fatil.<\/li>\n<\/ol>\n<\/div>\n<div>\n<h2>\u00c2mbito de aplica\u00e7\u00e3o<\/h2>\n<div>\n<ol>\n<li>V\u00e1rios recipientes ocos: latas de bebidas pl\u00e1sticas, cubetas pl\u00e1sticas, cubetas de ferro, etc.<\/li>\n<li>Eletrodom\u00e9sticos usados: televisores, m\u00e1quinas de lavar, carca\u00e7as de frigor\u00edficos<\/li>\n<li>Tubos: tubos grandes, acess\u00f3rios, tubos PE<\/li>\n<li>Modelos usados: paletes de madeira, paletes de pl\u00e1stico, paletes de empilhadeira, etc.<\/li>\n<li>Pneus usados: pneus de carro, pneus de cami\u00e3o<\/li>\n<li>Metais de sucata: carrocerias de autom\u00f3veis, ligas de alum\u00ednio e pe\u00e7as fundidas de alum\u00ednio usadas<\/li>\n<li>Desechos de cozinha, res\u00edduos dom\u00e9sticos, carca\u00e7as de animais, res\u00edduos m\u00e9dicos, etc.<\/li>\n<li>Material de cabe\u00e7a de borracha, corda torcida da f\u00e1brica de papel<\/li>\n<\/ol>\n<h2>Cen\u00e1rio de aplica\u00e7\u00e3o<\/h2>\n<p><img fetchpriority=\"high\" decoding=\"async\" class=\"alignnone wp-image-158 size-full\" src=\"https:\/\/beta-machine.com\/wp-content\/uploads\/2025\/10\/Application-scenarios.png\" alt=\"Plastic Shredder\" width=\"849\" height=\"518\" srcset=\"https:\/\/www.beta-machine.com\/wp-content\/uploads\/2025\/10\/Application-scenarios.png 849w, https:\/\/www.beta-machine.com\/wp-content\/uploads\/2025\/10\/Application-scenarios-600x366.png 600w, https:\/\/www.beta-machine.com\/wp-content\/uploads\/2025\/10\/Application-scenarios-300x183.png 300w, https:\/\/www.beta-machine.com\/wp-content\/uploads\/2025\/10\/Application-scenarios-768x469.png 768w\" sizes=\"(max-width: 849px) 100vw, 849px\" \/><\/p>\n<\/div>\n<\/div>","protected":false},"excerpt":{"rendered":"<p>A trituradora de eixo \u00fanico personalizada da BETA \u00e9 econ\u00f4mica e f\u00e1cil de operar.<\/p>","protected":false},"featured_media":161,"comment_status":"closed","ping_status":"closed","template":"","meta":{"_acf_changed":false},"product_brand":[],"product_cat":[41],"product_tag":[],"class_list":{"0":"post-156","1":"product","2":"type-product","3":"status-publish","4":"has-post-thumbnail","6":"product_cat-auxiliary-machines","8":"first","9":"instock","10":"shipping-taxable","11":"purchasable","12":"product-type-simple"},"acf":[],"_links":{"self":[{"href":"https:\/\/www.beta-machine.com\/pt\/wp-json\/wp\/v2\/product\/156","targetHints":{"allow":["GET"]}}],"collection":[{"href":"https:\/\/www.beta-machine.com\/pt\/wp-json\/wp\/v2\/product"}],"about":[{"href":"https:\/\/www.beta-machine.com\/pt\/wp-json\/wp\/v2\/types\/product"}],"replies":[{"embeddable":true,"href":"https:\/\/www.beta-machine.com\/pt\/wp-json\/wp\/v2\/comments?post=156"}],"wp:featuredmedia":[{"embeddable":true,"href":"https:\/\/www.beta-machine.com\/pt\/wp-json\/wp\/v2\/media\/161"}],"wp:attachment":[{"href":"https:\/\/www.beta-machine.com\/pt\/wp-json\/wp\/v2\/media?parent=156"}],"wp:term":[{"taxonomy":"product_brand","embeddable":true,"href":"https:\/\/www.beta-machine.com\/pt\/wp-json\/wp\/v2\/product_brand?post=156"},{"taxonomy":"product_cat","embeddable":true,"href":"https:\/\/www.beta-machine.com\/pt\/wp-json\/wp\/v2\/product_cat?post=156"},{"taxonomy":"product_tag","embeddable":true,"href":"https:\/\/www.beta-machine.com\/pt\/wp-json\/wp\/v2\/product_tag?post=156"}],"curies":[{"name":"wp","href":"https:\/\/api.w.org\/{rel}","templated":true}]}}