{"id":191,"date":"2025-10-24T05:25:16","date_gmt":"2025-10-24T05:25:16","guid":{"rendered":"https:\/\/beta-machine.com\/?post_type=product&#038;p=191"},"modified":"2025-10-24T06:51:38","modified_gmt":"2025-10-24T06:51:38","slug":"air-dryer-refrigerated-air-drying-machine-for-air-compressor","status":"publish","type":"product","link":"https:\/\/www.beta-machine.com\/pt\/air-dryer-refrigerated-air-drying-machine-for-air-compressor-pd723085088\/","title":{"rendered":"Secador de ar refrigerado para compressor de ar"},"content":{"rendered":"<p><strong>Secador de ar refrigerado para compressor de ar<\/strong><\/p>\n<p><strong>1. Princ\u00edpio de funcionamento<br \/>\n<\/strong>O ar comprimido \u00famido e de alta temperatura entra no pr\u00e9-resfriador para dissipar o calor e, em seguida, flui para o trocador de calor para trocar calor com o ar frio descarregado do evaporador, reduzindo assim a temperatura do ar comprimido que entra no evaporador.<\/p>\n<p>O ar comprimido trocado de calor entra no evaporador e troca calor com o refrigerante atrav\u00e9s da fun\u00e7\u00e3o de troca de calor do evaporador. O calor do ar comprimido \u00e9 retirado pelo refrigerante, e o ar comprimido \u00e9 resfriado rapidamente.A umidade do ar \u00famido se condensa rapidamente ao atingir a temperatura de satura\u00e7\u00e3o, formando gotas de \u00e1gua. Atrav\u00e9s da rota\u00e7\u00e3o em alta velocidade do separador ar-\u00e1gua exclusivo, a umidade \u00e9 separada do ar por for\u00e7a centr\u00edfuga. A \u00e1gua separada \u00e9 descarregada pela v\u00e1lvula de drenagem autom\u00e1tica.O ponto de orvalho sob press\u00e3o do ar resfriado pode atingir no m\u00ednimo 2\u2103.<\/p>\n<div>\n<p><strong>2. Caracter\u00edsticas do produto<\/strong><br \/>\n\u2013 Projeto especial que garante baixa diferen\u00e7a de press\u00e3o e economia de energia.<br \/>\n\u2013 Usam-se tubos de cobre engrossados para evitar corros\u00e3o e fugas, prolongando a vida \u00fatil.<br \/>\n\u2013 Utiliza um trocador de calor de alto desempenho.<br \/>\n\u2013 A margem de projeto de toda a m\u00e1quina \u00e9 aumentada em 20% para garantir o funcionamento est\u00e1vel da unidade em condi\u00e7\u00f5es de trabalho severas.<br \/>\n\u2013 O cilindro \u00e9 revestido com tinta antiferrugem para evitar a oxida\u00e7\u00e3o interna da m\u00e1quina.<br \/>\n\u2013 Utiliza pe\u00e7as de alta qualidade.<br \/>\n\u2013 O separador ar-\u00e1gua e os projetos de drenagem m\u00faltipla possibilitam uma drenagem mais oportuna e completa, evitando o problema da m\u00e1 qualidade do ponto de orvalho causado pela umidade residual.<br \/>\n\u2013 Possui dispositivo de prote\u00e7\u00e3o contra baixa press\u00e3o que protege eficazmente a vida \u00fatil do compressor e reduz os custos de manuten\u00e7\u00e3o.<\/p>\n<\/div>\n<div class=\"sliderTable mt10 mb10 sliderTable-index0\">\n<div class=\"inner\">\n<table width=\"882\">\n<tbody>\n<tr class=\"firstRow\">\n<td valign=\"top\" width=\"266\">Nome do produto<\/td>\n<td valign=\"top\" width=\"573\">Tanque de ar de a\u00e7o inoxid\u00e1vel<\/td>\n<\/tr>\n<tr>\n<td valign=\"top\" width=\"266\">Volume<\/td>\n<td valign=\"top\" width=\"573\">300-6000L; 0.3-6m\u00b3<\/td>\n<\/tr>\n<tr>\n<td valign=\"top\" width=\"266\">Press\u00e3o<\/td>\n<td valign=\"top\" width=\"573\">8-16 bar<\/td>\n<\/tr>\n<tr>\n<td valign=\"top\" width=\"266\">Ind\u00fastria aplic\u00e1vel<\/td>\n<td valign=\"top\" width=\"573\">Compressor de ar<\/td>\n<\/tr>\n<tr>\n<td valign=\"top\" width=\"266\">Meio<\/td>\n<td valign=\"top\" width=\"573\">ar, vapor, nitrog\u00eanio, oxig\u00eanio, \u00e1gua<\/td>\n<\/tr>\n<tr>\n<td valign=\"top\" width=\"266\">Temperatura de entrada de ar<\/td>\n<td valign=\"top\" width=\"573\">\u226460\u2103<\/td>\n<\/tr>\n<tr>\n<td valign=\"top\" width=\"266\">Vida \u00fatil<\/td>\n<td valign=\"top\" width=\"573\">10-15 anos<\/td>\n<\/tr>\n<\/tbody>\n<\/table>\n<\/div>\n<\/div>\n<p><img fetchpriority=\"high\" decoding=\"async\" class=\"alignnone size-full wp-image-198\" src=\"https:\/\/beta-machine.com\/wp-content\/uploads\/2025\/10\/air-dryer7.jpg\" alt=\"air-dryer\" width=\"729\" height=\"1523\" srcset=\"https:\/\/www.beta-machine.com\/wp-content\/uploads\/2025\/10\/air-dryer7.jpg 729w, https:\/\/www.beta-machine.com\/wp-content\/uploads\/2025\/10\/air-dryer7-600x1253.jpg 600w, https:\/\/www.beta-machine.com\/wp-content\/uploads\/2025\/10\/air-dryer7-144x300.jpg 144w, https:\/\/www.beta-machine.com\/wp-content\/uploads\/2025\/10\/air-dryer7-490x1024.jpg 490w\" sizes=\"(max-width: 729px) 100vw, 729px\" \/><\/p>\n<div class=\"sliderTable mt10 mb10 sliderTable-index1\">\n<div class=\"inner\"><\/div>\n<\/div>","protected":false},"excerpt":{"rendered":"<p>O secador de ar \u00e9 amplamente utilizado em v\u00e1rias ind\u00fastrias, incluindo processamento de alimentos, produtos farmac\u00eauticos e biotecnologia. Oferece in\u00fameros benef\u00edcios, como melhoria da qualidade do produto, maior vida \u00fatil e menor consumo de energia em compara\u00e7\u00e3o com os m\u00e9todos de secagem tradicionais. Al\u00e9m disso, a versatilidade do secador de ar permite a personaliza\u00e7\u00e3o dos par\u00e2metros de secagem para atender \u00e0s necessidades espec\u00edficas de cada produto.<\/p>","protected":false},"featured_media":194,"comment_status":"closed","ping_status":"closed","template":"","meta":{"_acf_changed":false},"product_brand":[],"product_cat":[41],"product_tag":[],"class_list":{"0":"post-191","1":"product","2":"type-product","3":"status-publish","4":"has-post-thumbnail","6":"product_cat-auxiliary-machines","8":"first","9":"instock","10":"shipping-taxable","11":"purchasable","12":"product-type-variable"},"acf":[],"_links":{"self":[{"href":"https:\/\/www.beta-machine.com\/pt\/wp-json\/wp\/v2\/product\/191","targetHints":{"allow":["GET"]}}],"collection":[{"href":"https:\/\/www.beta-machine.com\/pt\/wp-json\/wp\/v2\/product"}],"about":[{"href":"https:\/\/www.beta-machine.com\/pt\/wp-json\/wp\/v2\/types\/product"}],"replies":[{"embeddable":true,"href":"https:\/\/www.beta-machine.com\/pt\/wp-json\/wp\/v2\/comments?post=191"}],"wp:featuredmedia":[{"embeddable":true,"href":"https:\/\/www.beta-machine.com\/pt\/wp-json\/wp\/v2\/media\/194"}],"wp:attachment":[{"href":"https:\/\/www.beta-machine.com\/pt\/wp-json\/wp\/v2\/media?parent=191"}],"wp:term":[{"taxonomy":"product_brand","embeddable":true,"href":"https:\/\/www.beta-machine.com\/pt\/wp-json\/wp\/v2\/product_brand?post=191"},{"taxonomy":"product_cat","embeddable":true,"href":"https:\/\/www.beta-machine.com\/pt\/wp-json\/wp\/v2\/product_cat?post=191"},{"taxonomy":"product_tag","embeddable":true,"href":"https:\/\/www.beta-machine.com\/pt\/wp-json\/wp\/v2\/product_tag?post=191"}],"curies":[{"name":"wp","href":"https:\/\/api.w.org\/{rel}","templated":true}]}}