{"id":204,"date":"2025-10-24T05:56:36","date_gmt":"2025-10-24T05:56:36","guid":{"rendered":"https:\/\/beta-machine.com\/?post_type=product&#038;p=204"},"modified":"2026-03-16T03:27:32","modified_gmt":"2026-03-16T03:27:32","slug":"industrial-compressed-air-dryer-inline-air-filter-for-air-compressor","status":"publish","type":"product","link":"https:\/\/www.beta-machine.com\/pt\/industrial-compressed-air-dryer-inline-air-filter-for-air-compressor-pd727875088\/","title":{"rendered":"Filtro de ar em linha para secador de ar comprimido industrial para compressor de ar"},"content":{"rendered":"<p><strong>Filtro de ar em linha para secador de ar comprimido industrial para compressor de ar<\/strong><\/p>\n<p><img fetchpriority=\"high\" decoding=\"async\" class=\"size-full wp-image-206\" src=\"https:\/\/beta-machine.com\/wp-content\/uploads\/2025\/10\/air-filter13.jpg\" alt=\"\" width=\"1080\" height=\"578\" srcset=\"https:\/\/www.beta-machine.com\/wp-content\/uploads\/2025\/10\/air-filter13.jpg 1080w, https:\/\/www.beta-machine.com\/wp-content\/uploads\/2025\/10\/air-filter13-600x321.jpg 600w, https:\/\/www.beta-machine.com\/wp-content\/uploads\/2025\/10\/air-filter13-300x161.jpg 300w, https:\/\/www.beta-machine.com\/wp-content\/uploads\/2025\/10\/air-filter13-1024x548.jpg 1024w, https:\/\/www.beta-machine.com\/wp-content\/uploads\/2025\/10\/air-filter13-768x411.jpg 768w\" sizes=\"(max-width: 1080px) 100vw, 1080px\" \/><\/p>\n<p>filtro de ar<\/p>\n<p><img decoding=\"async\" class=\"alignnone size-full wp-image-217\" src=\"https:\/\/beta-machine.com\/wp-content\/uploads\/2025\/10\/air-filter11.jpg\" alt=\"air filter\" width=\"605\" height=\"438\" srcset=\"https:\/\/www.beta-machine.com\/wp-content\/uploads\/2025\/10\/air-filter11.jpg 605w, https:\/\/www.beta-machine.com\/wp-content\/uploads\/2025\/10\/air-filter11-600x434.jpg 600w, https:\/\/www.beta-machine.com\/wp-content\/uploads\/2025\/10\/air-filter11-300x217.jpg 300w\" sizes=\"(max-width: 605px) 100vw, 605px\" \/><\/p>\n<p><strong>Princ\u00edpio de funcionamento do filtro de ar comprimido<\/strong><\/p>\n<p>O filtro de ar comprimido conduz o ar comprimido contendo subst\u00e2ncias nocivas como poeira, \u00f3leo, ferrugem e umidade para o dispositivo de filtragem de primeira etapa do filtro de ar comprimido.<\/p>\n<ol>\n<li>Conduzir o ar comprimido contendo subst\u00e2ncias nocivas como poeira, \u00f3leo, ferrugem e umidade para o dispositivo de filtragem de primeira etapa do filtro de ar comprimido.<\/li>\n<li>Quando o ar comprimido atravessa o elemento filtrante cil\u00edndrico de malha da primeira etapa, ocorre um efeito de coalesc\u00eancia: as part\u00edculas maiores s\u00e3o adsorvidas no material filtrante e a umidade condensa em gotas maiores.<\/li>\n<li>Ao entrar na c\u00e2mara de separa\u00e7\u00e3o, a velocidade do ar comprimido diminui, fazendo com que as part\u00edculas se agrupem novamente, e a n\u00e9voa de \u00e1gua se condense em um coletor de \u00e1gua em forma de favo de mel.<\/li>\n<li>A \u00e1gua com part\u00edculas impuras flui pelo fundo at\u00e9 o dispositivo de drenagem e \u00e9 descarregada atrav\u00e9s da v\u00e1lvula de drenagem autom\u00e1tica ou el\u00e9trica.<\/li>\n<li>Mais de 95% das gotas de \u00e1gua, \u00f3leo e part\u00edculas grandes do ar comprimido foram filtradas pelo primeiro elemento filtrante, e o ar comprimido filtrado na primeira etapa entra no elemento filtrante da segunda etapa.<\/li>\n<li>Quando o ar comprimido atravessa o filtro de fibra de segunda etapa feito de algod\u00e3o especial, s\u00e3o gerados milhares de pequenos v\u00f3rtices. Ao mesmo tempo, o ar comprimido \u00e9 acelerado dezenas de vezes. O centro do v\u00f3rtice, como um tornado, forma um estado de v\u00e1cuo: as gotas de \u00e1gua n\u00e3o filtradas na primeira etapa s\u00e3o vaporizadas, convertidas e filtradas novamente. Paralelamente, part\u00edculas de at\u00e9 5 micr\u00f4metros s\u00e3o totalmente removidas pelo filtro de segunda etapa.<\/li>\n<li>Ap\u00f3s a filtragem de duas etapas, obt\u00e9m-se ar comprimido limpo e seco, sem poeira, ferrugem, \u00f3leo e gotas de \u00e1gua, garantindo o funcionamento normal dos equipamentos pneum\u00e1ticos e prolongando sua vida \u00fatil.<\/li>\n<\/ol>\n<p><img decoding=\"async\" class=\"alignnone size-full wp-image-214\" src=\"https:\/\/beta-machine.com\/wp-content\/uploads\/2025\/10\/air-filter9.jpg\" alt=\"air filter\" width=\"711\" height=\"932\" srcset=\"https:\/\/www.beta-machine.com\/wp-content\/uploads\/2025\/10\/air-filter9.jpg 711w, https:\/\/www.beta-machine.com\/wp-content\/uploads\/2025\/10\/air-filter9-600x786.jpg 600w, https:\/\/www.beta-machine.com\/wp-content\/uploads\/2025\/10\/air-filter9-229x300.jpg 229w\" sizes=\"(max-width: 711px) 100vw, 711px\" \/><\/p>\n<div><strong>Caracter\u00edsticas do filtro<\/strong><\/div>\n<ol>\n<li>O filtro de remo\u00e7\u00e3o precisa de \u00f3leo de ar comprimido combina as fun\u00e7\u00f5es de remo\u00e7\u00e3o de \u00f3leo, desodoriza\u00e7\u00e3o e remo\u00e7\u00e3o de poeira;<\/li>\n<li>\n<div>Pode remover 99,9% da n\u00e9voa de \u00f3leo e manter a concentra\u00e7\u00e3o de n\u00e9voa de \u00f3leo abaixo de 0,01 ppm.<\/div>\n<\/li>\n<li>\n<div>Estrutura razo\u00e1vel e tamanho pequeno<\/div>\n<\/li>\n<li>A mesma estrutura externa que os secadores filtrantes de segunda e terceira etapa.<\/li>\n<li>A fun\u00e7\u00e3o de filtro respirat\u00f3rio pode ser alcan\u00e7ada por meio de um projeto combinado.<\/li>\n<\/ol>\n<p><img loading=\"lazy\" decoding=\"async\" class=\"alignnone size-full wp-image-215\" src=\"https:\/\/beta-machine.com\/wp-content\/uploads\/2025\/10\/air-filter10.jpg\" alt=\"air filter\" width=\"869\" height=\"1186\" srcset=\"https:\/\/www.beta-machine.com\/wp-content\/uploads\/2025\/10\/air-filter10.jpg 869w, https:\/\/www.beta-machine.com\/wp-content\/uploads\/2025\/10\/air-filter10-600x819.jpg 600w, https:\/\/www.beta-machine.com\/wp-content\/uploads\/2025\/10\/air-filter10-220x300.jpg 220w, https:\/\/www.beta-machine.com\/wp-content\/uploads\/2025\/10\/air-filter10-750x1024.jpg 750w, https:\/\/www.beta-machine.com\/wp-content\/uploads\/2025\/10\/air-filter10-768x1048.jpg 768w\" sizes=\"(max-width: 869px) 100vw, 869px\" \/><\/p>\n<p><strong>Par\u00e2metros b\u00e1sicos\uff1a<\/strong><\/p>\n<ol>\n<li>A carca\u00e7a adota um dispositivo de veda\u00e7\u00e3o;<\/li>\n<li>O elemento filtrante possui alta resist\u00eancia \u00e0 corros\u00e3o;<\/li>\n<li>A resist\u00eancia ao fluxo de ar do equipamento \u00e9 baixa;<\/li>\n<li>A \u00e1rea de filtragem efetiva \u00e9 grande para garantir alta efici\u00eancia\uff1b<\/li>\n<li>N\u00e3o cont\u00e9m silicone;<\/li>\n<li>Suporta altas temperaturas de 80\u2103<\/li>\n<\/ol>\n<p><img loading=\"lazy\" decoding=\"async\" class=\"alignnone size-full wp-image-213\" src=\"https:\/\/beta-machine.com\/wp-content\/uploads\/2025\/10\/air-filter8.jpg\" alt=\"air filter\" width=\"1238\" height=\"1137\" srcset=\"https:\/\/www.beta-machine.com\/wp-content\/uploads\/2025\/10\/air-filter8.jpg 1238w, https:\/\/www.beta-machine.com\/wp-content\/uploads\/2025\/10\/air-filter8-600x551.jpg 600w, https:\/\/www.beta-machine.com\/wp-content\/uploads\/2025\/10\/air-filter8-300x276.jpg 300w, https:\/\/www.beta-machine.com\/wp-content\/uploads\/2025\/10\/air-filter8-1024x940.jpg 1024w, https:\/\/www.beta-machine.com\/wp-content\/uploads\/2025\/10\/air-filter8-768x705.jpg 768w\" sizes=\"(max-width: 1238px) 100vw, 1238px\" \/> <img loading=\"lazy\" decoding=\"async\" class=\"alignnone size-full wp-image-212\" src=\"https:\/\/beta-machine.com\/wp-content\/uploads\/2025\/10\/air-filter7.jpg\" alt=\"air filter\" width=\"1266\" height=\"1062\" srcset=\"https:\/\/www.beta-machine.com\/wp-content\/uploads\/2025\/10\/air-filter7.jpg 1266w, https:\/\/www.beta-machine.com\/wp-content\/uploads\/2025\/10\/air-filter7-600x503.jpg 600w, https:\/\/www.beta-machine.com\/wp-content\/uploads\/2025\/10\/air-filter7-300x252.jpg 300w, https:\/\/www.beta-machine.com\/wp-content\/uploads\/2025\/10\/air-filter7-1024x859.jpg 1024w, https:\/\/www.beta-machine.com\/wp-content\/uploads\/2025\/10\/air-filter7-768x644.jpg 768w\" sizes=\"(max-width: 1266px) 100vw, 1266px\" \/><\/p>\n<div class=\"sliderTable mt10 mb10 sliderTable-index0\">\n<div class=\"inner\"><\/div>\n<\/div>","protected":false},"excerpt":{"rendered":"<p>O filtro de ar comprimido conduz o ar comprimido contendo subst\u00e2ncias nocivas como poeira, \u00f3leo, ferrugem e umidade para o dispositivo de filtragem de primeira etapa do filtro de ar comprimido.<\/p>","protected":false},"featured_media":216,"comment_status":"closed","ping_status":"closed","template":"","meta":{"_acf_changed":false},"product_brand":[],"product_cat":[41],"product_tag":[],"class_list":{"0":"post-204","1":"product","2":"type-product","3":"status-publish","4":"has-post-thumbnail","6":"product_cat-auxiliary-machines","8":"first","9":"instock","10":"shipping-taxable","11":"purchasable","12":"product-type-variable"},"acf":[],"_links":{"self":[{"href":"https:\/\/www.beta-machine.com\/pt\/wp-json\/wp\/v2\/product\/204","targetHints":{"allow":["GET"]}}],"collection":[{"href":"https:\/\/www.beta-machine.com\/pt\/wp-json\/wp\/v2\/product"}],"about":[{"href":"https:\/\/www.beta-machine.com\/pt\/wp-json\/wp\/v2\/types\/product"}],"replies":[{"embeddable":true,"href":"https:\/\/www.beta-machine.com\/pt\/wp-json\/wp\/v2\/comments?post=204"}],"wp:featuredmedia":[{"embeddable":true,"href":"https:\/\/www.beta-machine.com\/pt\/wp-json\/wp\/v2\/media\/216"}],"wp:attachment":[{"href":"https:\/\/www.beta-machine.com\/pt\/wp-json\/wp\/v2\/media?parent=204"}],"wp:term":[{"taxonomy":"product_brand","embeddable":true,"href":"https:\/\/www.beta-machine.com\/pt\/wp-json\/wp\/v2\/product_brand?post=204"},{"taxonomy":"product_cat","embeddable":true,"href":"https:\/\/www.beta-machine.com\/pt\/wp-json\/wp\/v2\/product_cat?post=204"},{"taxonomy":"product_tag","embeddable":true,"href":"https:\/\/www.beta-machine.com\/pt\/wp-json\/wp\/v2\/product_tag?post=204"}],"curies":[{"name":"wp","href":"https:\/\/api.w.org\/{rel}","templated":true}]}}