{"id":221,"date":"2025-10-24T06:03:18","date_gmt":"2025-10-24T06:03:18","guid":{"rendered":"https:\/\/beta-machine.com\/?post_type=product&#038;p=221"},"modified":"2025-10-24T06:50:49","modified_gmt":"2025-10-24T06:50:49","slug":"industrial-compressor-portable-piston-type-air-compressor","status":"publish","type":"product","link":"https:\/\/www.beta-machine.com\/pt\/industrial-compressor-portable-piston-type-air-compressor-pd779945088\/","title":{"rendered":"Compressor de ar industrial port\u00e1til tipo pist\u00e3o"},"content":{"rendered":"<p><strong>Compressor de ar industrial port\u00e1til tipo pist\u00e3o<\/strong><\/p>\n<p><img fetchpriority=\"high\" decoding=\"async\" class=\"alignnone size-full wp-image-223\" src=\"https:\/\/beta-machine.com\/wp-content\/uploads\/2025\/10\/air-compressor10.jpg\" alt=\"\" width=\"1149\" height=\"908\" srcset=\"https:\/\/www.beta-machine.com\/wp-content\/uploads\/2025\/10\/air-compressor10.jpg 1149w, https:\/\/www.beta-machine.com\/wp-content\/uploads\/2025\/10\/air-compressor10-600x474.jpg 600w, https:\/\/www.beta-machine.com\/wp-content\/uploads\/2025\/10\/air-compressor10-300x237.jpg 300w, https:\/\/www.beta-machine.com\/wp-content\/uploads\/2025\/10\/air-compressor10-1024x809.jpg 1024w, https:\/\/www.beta-machine.com\/wp-content\/uploads\/2025\/10\/air-compressor10-768x607.jpg 768w\" sizes=\"(max-width: 1149px) 100vw, 1149px\" \/><\/p>\n<p><strong>Compressor de ar tipo pist\u00e3o<\/strong><\/p>\n<p>O pist\u00e3o do compressor de ar tipo pist\u00e3o realiza um movimento alternativo no cilindro. Quando o pist\u00e3o se desloca para a direita, a press\u00e3o na c\u00e2mara esquerda do pist\u00e3o dentro do cilindro \u00e9 inferior \u00e0 press\u00e3o atmosf\u00e9rica PA, a v\u00e1lvula de suc\u00e7\u00e3o abre e o ar exterior \u00e9 aspirado para o cilindro; este processo chama-se processo de suc\u00e7\u00e3o. Quando a press\u00e3o no cilindro \u00e9 superior \u00e0 press\u00e3o P no tubo de ar de sa\u00edda, a v\u00e1lvula de exaust\u00e3o abre.O movimento alternativo do pist\u00e3o \u00e9 formado por um mecanismo manivela-deslizante acionado por motor el\u00e9trico. <br>O movimento rotativo da manivela \u00e9 convertido no movimento deslizante alternativo do pist\u00e3o. Possui estrutura simples, longa vida \u00fatil e permite obter facilmente alta capacidade e sa\u00edda de alta press\u00e3o.<\/p>\n<p><img decoding=\"async\" class=\"alignnone size-full wp-image-224\" src=\"https:\/\/beta-machine.com\/wp-content\/uploads\/2025\/10\/air-compressor11.jpg\" alt=\"\" width=\"743\" height=\"752\" srcset=\"https:\/\/www.beta-machine.com\/wp-content\/uploads\/2025\/10\/air-compressor11.jpg 743w, https:\/\/www.beta-machine.com\/wp-content\/uploads\/2025\/10\/air-compressor11-100x100.jpg 100w, https:\/\/www.beta-machine.com\/wp-content\/uploads\/2025\/10\/air-compressor11-600x607.jpg 600w, https:\/\/www.beta-machine.com\/wp-content\/uploads\/2025\/10\/air-compressor11-296x300.jpg 296w\" sizes=\"(max-width: 743px) 100vw, 743px\" \/><\/p>\n<div class=\"sliderTable mt10 mb10 sliderTable-index0\">\n<div class=\"inner\"><\/div>\n<\/div>","protected":false},"excerpt":{"rendered":"<p>O pist\u00e3o \u00e9 acionado por um motor, que fornece a energia necess\u00e1ria para realizar a compress\u00e3o. Ao se mover para baixo, o pist\u00e3o cria um v\u00e1cuo no cilindro, fazendo com que o ar entre na c\u00e2mara. Quando o pist\u00e3o atinge o ponto inferior de seu curso, come\u00e7a a subir novamente, comprimindo o ar dentro do cilindro.<\/p>","protected":false},"featured_media":225,"comment_status":"closed","ping_status":"closed","template":"","meta":{"_acf_changed":false},"product_brand":[],"product_cat":[41],"product_tag":[],"class_list":{"0":"post-221","1":"product","2":"type-product","3":"status-publish","4":"has-post-thumbnail","6":"product_cat-auxiliary-machines","8":"first","9":"instock","10":"shipping-taxable","11":"purchasable","12":"product-type-variable"},"acf":[],"_links":{"self":[{"href":"https:\/\/www.beta-machine.com\/pt\/wp-json\/wp\/v2\/product\/221","targetHints":{"allow":["GET"]}}],"collection":[{"href":"https:\/\/www.beta-machine.com\/pt\/wp-json\/wp\/v2\/product"}],"about":[{"href":"https:\/\/www.beta-machine.com\/pt\/wp-json\/wp\/v2\/types\/product"}],"replies":[{"embeddable":true,"href":"https:\/\/www.beta-machine.com\/pt\/wp-json\/wp\/v2\/comments?post=221"}],"wp:featuredmedia":[{"embeddable":true,"href":"https:\/\/www.beta-machine.com\/pt\/wp-json\/wp\/v2\/media\/225"}],"wp:attachment":[{"href":"https:\/\/www.beta-machine.com\/pt\/wp-json\/wp\/v2\/media?parent=221"}],"wp:term":[{"taxonomy":"product_brand","embeddable":true,"href":"https:\/\/www.beta-machine.com\/pt\/wp-json\/wp\/v2\/product_brand?post=221"},{"taxonomy":"product_cat","embeddable":true,"href":"https:\/\/www.beta-machine.com\/pt\/wp-json\/wp\/v2\/product_cat?post=221"},{"taxonomy":"product_tag","embeddable":true,"href":"https:\/\/www.beta-machine.com\/pt\/wp-json\/wp\/v2\/product_tag?post=221"}],"curies":[{"name":"wp","href":"https:\/\/api.w.org\/{rel}","templated":true}]}}