{"id":232,"date":"2025-10-24T06:04:39","date_gmt":"2025-10-24T06:04:39","guid":{"rendered":"https:\/\/beta-machine.com\/?post_type=product&#038;p=232"},"modified":"2025-10-24T06:49:41","modified_gmt":"2025-10-24T06:49:41","slug":"screw-type-air-compressor-oil-free-industrial-compressor","status":"publish","type":"product","link":"https:\/\/www.beta-machine.com\/pt\/screw-type-air-compressor-oil-free-industrial-compressor-pd706745088\/","title":{"rendered":"Compressor de ar de parafuso isento de \u00f3leo, compressor industrial"},"content":{"rendered":"<p><strong>Compressor de ar de parafuso isento de \u00f3leo, compressor industrial<\/strong><\/p>\n<p><img fetchpriority=\"high\" decoding=\"async\" class=\"alignnone size-full wp-image-241\" src=\"https:\/\/beta-machine.com\/wp-content\/uploads\/2025\/10\/screw-type-air-compressor14.png\" alt=\"\" width=\"880\" height=\"640\" srcset=\"https:\/\/www.beta-machine.com\/wp-content\/uploads\/2025\/10\/screw-type-air-compressor14.png 880w, https:\/\/www.beta-machine.com\/wp-content\/uploads\/2025\/10\/screw-type-air-compressor14-600x436.png 600w, https:\/\/www.beta-machine.com\/wp-content\/uploads\/2025\/10\/screw-type-air-compressor14-300x218.png 300w, https:\/\/www.beta-machine.com\/wp-content\/uploads\/2025\/10\/screw-type-air-compressor14-768x559.png 768w\" sizes=\"(max-width: 880px) 100vw, 880px\" \/><\/p>\n<p><strong>Princ\u00edpio de funcionamento<\/strong><\/p>\n<p><strong>1. Aspira\u00e7\u00e3o<\/strong>\u00a0- A v\u00e1lvula de admiss\u00e3o do compressor de ar de parafuso \u00e9 aberta, a press\u00e3o do ar na c\u00e2mara de compress\u00e3o de parafuso \u00e9 inferior \u00e0 press\u00e3o atmosf\u00e9rica, e o ar \u00e9 aspirado para a c\u00e2mara de compress\u00e3o ap\u00f3s filtrar impurezas e poluentes atrav\u00e9s do dispositivo de filtragem.<\/p>\n<div><strong>2. Compress\u00e3o\u00a0<\/strong>- Quando os dois parafusos giram, o ar fica confinado no espa\u00e7o entre a carca\u00e7a da c\u00e2mara de compress\u00e3o e os parafusos girat\u00f3rios. A intera\u00e7\u00e3o da engrenagem e do pinh\u00e3o provoca a compress\u00e3o do g\u00e1s entre os parafusos, e a press\u00e3o e temperatura do ar na cavidade aumentam gradualmente.<\/div>\n<div><strong>3. Exaust\u00e3o<\/strong>\u00a0- Depois que o g\u00e1s \u00e9 comprimido at\u00e9 atingir a press\u00e3o padr\u00e3o, ele \u00e9 descarregado atrav\u00e9s da v\u00e1lvula de sa\u00edda. Durante o processo de exaust\u00e3o, o ar \u00e9 resfriado por um resfriador e separado da umidade e sedimentos por um separador.<\/div>\n<div><strong>4. Circula\u00e7\u00e3o<\/strong>\u00a0Durante o funcionamento do compressor de ar de parafuso, o g\u00e1s circula na c\u00e2mara de compress\u00e3o e, ap\u00f3s ser resfriado pelo resfriador de g\u00e1s, entra novamente na c\u00e2mara de compress\u00e3o de parafuso para ser comprimido.<\/div>\n<div><\/div>\n<div><img decoding=\"async\" class=\"alignnone size-full wp-image-242\" src=\"https:\/\/beta-machine.com\/wp-content\/uploads\/2025\/10\/screw-air-compressor7.jpg\" alt=\"\" width=\"974\" height=\"1773\" srcset=\"https:\/\/www.beta-machine.com\/wp-content\/uploads\/2025\/10\/screw-air-compressor7.jpg 974w, https:\/\/www.beta-machine.com\/wp-content\/uploads\/2025\/10\/screw-air-compressor7-600x1092.jpg 600w, https:\/\/www.beta-machine.com\/wp-content\/uploads\/2025\/10\/screw-air-compressor7-165x300.jpg 165w, https:\/\/www.beta-machine.com\/wp-content\/uploads\/2025\/10\/screw-air-compressor7-563x1024.jpg 563w, https:\/\/www.beta-machine.com\/wp-content\/uploads\/2025\/10\/screw-air-compressor7-768x1398.jpg 768w, https:\/\/www.beta-machine.com\/wp-content\/uploads\/2025\/10\/screw-air-compressor7-844x1536.jpg 844w\" sizes=\"(max-width: 974px) 100vw, 974px\" \/><\/div>\n<div>\n<div class=\"sliderTable mt10 mb10 sliderTable-index0\">\n<div class=\"inner\"><\/div>\n<\/div>\n<\/div>","protected":false},"excerpt":{"rendered":"<div class=\"pro-this-prodBrief\">O compressor de parafuso \u00e9 conhecido por sua opera\u00e7\u00e3o cont\u00ednua e capacidade de fornecer um suprimento constante de ar comprimido. \u00c9 amplamente utilizado em aplica\u00e7\u00f5es como manufatura, constru\u00e7\u00e3o e ind\u00fastria automotiva. Com seu design compacto e baixos n\u00edveis de ru\u00eddo, \u00e9 uma escolha popular para muitas empresas.<\/div>","protected":false},"featured_media":239,"comment_status":"closed","ping_status":"closed","template":"","meta":{"_acf_changed":false},"product_brand":[],"product_cat":[41],"product_tag":[],"class_list":{"0":"post-232","1":"product","2":"type-product","3":"status-publish","4":"has-post-thumbnail","6":"product_cat-auxiliary-machines","8":"first","9":"instock","10":"shipping-taxable","11":"purchasable","12":"product-type-variable"},"acf":[],"_links":{"self":[{"href":"https:\/\/www.beta-machine.com\/pt\/wp-json\/wp\/v2\/product\/232","targetHints":{"allow":["GET"]}}],"collection":[{"href":"https:\/\/www.beta-machine.com\/pt\/wp-json\/wp\/v2\/product"}],"about":[{"href":"https:\/\/www.beta-machine.com\/pt\/wp-json\/wp\/v2\/types\/product"}],"replies":[{"embeddable":true,"href":"https:\/\/www.beta-machine.com\/pt\/wp-json\/wp\/v2\/comments?post=232"}],"wp:featuredmedia":[{"embeddable":true,"href":"https:\/\/www.beta-machine.com\/pt\/wp-json\/wp\/v2\/media\/239"}],"wp:attachment":[{"href":"https:\/\/www.beta-machine.com\/pt\/wp-json\/wp\/v2\/media?parent=232"}],"wp:term":[{"taxonomy":"product_brand","embeddable":true,"href":"https:\/\/www.beta-machine.com\/pt\/wp-json\/wp\/v2\/product_brand?post=232"},{"taxonomy":"product_cat","embeddable":true,"href":"https:\/\/www.beta-machine.com\/pt\/wp-json\/wp\/v2\/product_cat?post=232"},{"taxonomy":"product_tag","embeddable":true,"href":"https:\/\/www.beta-machine.com\/pt\/wp-json\/wp\/v2\/product_tag?post=232"}],"curies":[{"name":"wp","href":"https:\/\/api.w.org\/{rel}","templated":true}]}}