{"id":250,"date":"2025-10-24T06:20:56","date_gmt":"2025-10-24T06:20:56","guid":{"rendered":"https:\/\/beta-machine.com\/?post_type=product&#038;p=250"},"modified":"2025-11-05T05:46:36","modified_gmt":"2025-11-05T05:46:36","slug":"industrial-air-dryer-refrigerated-freeze-air-drying-machine","status":"publish","type":"product","link":"https:\/\/www.beta-machine.com\/pt\/industrial-air-dryer-refrigerated-freeze-air-drying-machine\/","title":{"rendered":"Secador de ar industrial refrigerado"},"content":{"rendered":"<p><strong>Secador de ar industrial refrigerado<\/strong><\/p>\n<p><strong>1. Princ\u00edpio de funcionamento<br \/>\n<\/strong><\/p>\n<p>O princ\u00edpio de funcionamento de um secador de ar refrigerado consiste na utiliza\u00e7\u00e3o de um sistema de refrigera\u00e7\u00e3o para arrefecer e desumidificar o ar comprimido.<\/p>\n<p>O processo come\u00e7a com a entrada de ar comprimido quente e h\u00famido no intercambiador de calor ar-ar. Aqui, o ar entrante \u00e9 arrefecido pelo ar frio sa\u00eddo, o que ajuda a reduzir a sua temperatura e a remover uma parte da humidade.<\/p>\n<p>De seguida, o ar arrefecido entra no evaporador, onde \u00e9 arrefecido ainda mais at\u00e9 uma temperatura pr\u00f3xima do seu ponto de orvalho. \u00c0 medida que o ar se arrefece, a humidade presente condensa-se em \u00e1gua l\u00edquida, que \u00e9 depois separada do ar por um separador ar-\u00e1gua. A \u00e1gua separada \u00e9 escoada, enquanto o ar seco continua o seu percurso.<\/p>\n<p>O ar seco entra de seguida no intercambiador de calor ar-refrigerante, onde \u00e9 arrefecido ainda mais pelo refrigerante. Isso ajuda a reduzir a temperatura do ar e a remover a humidade restante.<\/p>\n<p>Finalmente, o ar comprimido frio e seco passa atrav\u00e9s do refrigerador posterior, onde \u00e9 reaquecido para evitar qualquer condensa\u00e7\u00e3o potencial nos equipamentos a jusante. O ar reaquecido fica ent\u00e3o pronto para ser utilizado em v\u00e1rias aplica\u00e7\u00f5es.<\/p>\n<p>De um modo geral, o secador de ar refrigerado funciona arrefecendo e desumidificando o ar comprimido, garantindo que este esteja livre de humidade e pronto para ser utilizado em aplica\u00e7\u00f5es sens\u00edveis que requerem ar seco.<\/p>\n<div>\n<p><strong>2. Caracter\u00edsticas do produto<\/strong><\/p>\n<p>O secador frio, tamb\u00e9m conhecido como secador por congela\u00e7\u00e3o, apresenta v\u00e1rias caracter\u00edsticas distintivas que o diferenciam dos m\u00e9todos de secagem tradicionais. Em primeiro lugar, utiliza um processo de secagem a baixa temperatura, que ajuda a preservar a qualidade, o sabor e o valor nutricional dos produtos secos. Isso o torna uma escolha ideal para secar artigos delicados ou sens\u00edveis ao calor, como frutas, legumes, ervas e at\u00e9 produtos farmac\u00eauticos.<\/p>\n<p>Em segundo lugar, o secador frio opera removendo a humidade por sublima\u00e7\u00e3o, um processo no qual a \u00e1gua passa diretamente do estado s\u00f3lido (gelo) para o gasoso (vapor de \u00e1gua) sem passar pela fase l\u00edquida. Esta t\u00e9cnica \u00fanica garante que os produtos secos mantenham a sua forma, cor e textura originais, resultando em produtos finos visualmente apelativos e esteticamente agrad\u00e1veis.<\/p>\n<p>Al\u00e9m disso, o secador frio oferece um controlo preciso sobre os par\u00e2metros de secagem, tais como a temperatura, a press\u00e3o e o tempo de secagem. Isso permite a personaliza\u00e7\u00e3o e otimiza\u00e7\u00e3o do processo de secagem de acordo com os requisitos espec\u00edficos de diferentes produtos. Al\u00e9m disso, a m\u00e1quina est\u00e1 equipada com sensores avan\u00e7ados e sistemas de monitoriza\u00e7\u00e3o para garantir uma secagem consistente e uniforme em todo o lote.<\/p>\n<p>Al\u00e9m disso, o secador frio possui efici\u00eancia energ\u00e9tica e custo-benef\u00edcio. Ao utilizar baixas temperaturas e operar num sistema de circuito fechado, minimiza o consumo de energia e reduz os custos de produ\u00e7\u00e3o. Isso torna-o uma op\u00e7\u00e3o amig\u00e1vel ao meio ambiente para empresas que procuram reduzir a sua pegada de carbono e economizar em despesas operacionais.<\/p>\n<p>Por \u00faltimo, o secador frio \u00e9 projetado para facilidade de uso e manuten\u00e7\u00e3o. Possui controles intuitivos, processos automatizados e componentes f\u00e1ceis de limpar, tornando-o adequado para aplica\u00e7\u00f5es profissionais e dom\u00e9sticas. Com seu tamanho compacto e funcionamento silencioso, pode ser instalado convenientemente em qualquer ambiente sem causar perturba\u00e7\u00f5es.<\/p>\n<p>Em resumo, o secador frio oferece uma s\u00e9rie de vantagens, incluindo a preserva\u00e7\u00e3o da qualidade do produto, o controlo preciso dos par\u00e2metros de secagem, a efici\u00eancia energ\u00e9tica e a facilidade de utiliza\u00e7\u00e3o. Estas caracter\u00edsticas tornam\u2011no numa ferramenta indispens\u00e1vel para diversas ind\u00fastrias, incluindo a transforma\u00e7\u00e3o de alimentos, a farmac\u00eautica e os laborat\u00f3rios de pesquisa.<\/p>\n<\/div>\n<p>&nbsp;<\/p>\n<div class=\"sliderTable mt10 mb10 sliderTable-index0\">\n<div class=\"inner\">\n<table width=\"882\">\n<tbody>\n<tr class=\"firstRow\">\n<td valign=\"top\" width=\"266\">Nome do produto<\/td>\n<td valign=\"top\" width=\"573\">Tanque de ar de a\u00e7o inoxid\u00e1vel<\/td>\n<\/tr>\n<tr>\n<td valign=\"top\" width=\"266\">Volume<\/td>\n<td valign=\"top\" width=\"573\">300-6000L; 0.3-6m\u00b3<\/td>\n<\/tr>\n<tr>\n<td valign=\"top\" width=\"266\">Press\u00e3o<\/td>\n<td valign=\"top\" width=\"573\">8-16 bar<\/td>\n<\/tr>\n<tr>\n<td valign=\"top\" width=\"266\">Ind\u00fastria aplic\u00e1vel<\/td>\n<td valign=\"top\" width=\"573\">Compressor de ar<\/td>\n<\/tr>\n<tr>\n<td valign=\"top\" width=\"266\">Meio<\/td>\n<td valign=\"top\" width=\"573\">ar, vapor, nitrog\u00eanio, oxig\u00eanio, \u00e1gua<\/td>\n<\/tr>\n<tr>\n<td valign=\"top\" width=\"266\">Temperatura de entrada de ar<\/td>\n<td valign=\"top\" width=\"573\">\u226460\u2103<\/td>\n<\/tr>\n<tr>\n<td valign=\"top\" width=\"266\">Vida \u00fatil<\/td>\n<td valign=\"top\" width=\"573\">10-15 anos<\/td>\n<\/tr>\n<\/tbody>\n<\/table>\n<\/div>\n<\/div>\n<p><img fetchpriority=\"high\" decoding=\"async\" class=\"alignnone size-full wp-image-198\" src=\"https:\/\/beta-machine.com\/wp-content\/uploads\/2025\/10\/air-dryer7.jpg\" alt=\"air-dryer\" width=\"729\" height=\"1523\" srcset=\"https:\/\/www.beta-machine.com\/wp-content\/uploads\/2025\/10\/air-dryer7.jpg 729w, https:\/\/www.beta-machine.com\/wp-content\/uploads\/2025\/10\/air-dryer7-600x1253.jpg 600w, https:\/\/www.beta-machine.com\/wp-content\/uploads\/2025\/10\/air-dryer7-144x300.jpg 144w, https:\/\/www.beta-machine.com\/wp-content\/uploads\/2025\/10\/air-dryer7-490x1024.jpg 490w\" sizes=\"(max-width: 729px) 100vw, 729px\" \/><\/p>\n<div class=\"sliderTable mt10 mb10 sliderTable-index1\">\n<div class=\"inner\"><\/div>\n<\/div>","protected":false},"excerpt":{"rendered":"<p>Os secadores de ar s\u00e3o amplamente utilizados em ind\u00fastrias como processamento de alimentos, farmac\u00eautica e laborat\u00f3rios de pesquisa. Eles oferecem uma forma confi\u00e1vel e eficiente de prolongar a vida \u00fatil dos produtos, manter sua qualidade e facilitar o armazenamento a longo prazo. Com sua capacidade de remover a umidade sem danificar o material, os secadores de ar s\u00e3o uma ferramenta indispens\u00e1vel para diversas aplica\u00e7\u00f5es que exigem conserva\u00e7\u00e3o e desidrata\u00e7\u00e3o.<\/p>","protected":false},"featured_media":195,"comment_status":"closed","ping_status":"closed","template":"","meta":{"_acf_changed":false},"product_brand":[],"product_cat":[41],"product_tag":[],"class_list":{"0":"post-250","1":"product","2":"type-product","3":"status-publish","4":"has-post-thumbnail","6":"product_cat-auxiliary-machines","8":"first","9":"instock","10":"shipping-taxable","11":"purchasable","12":"product-type-variable"},"acf":[],"_links":{"self":[{"href":"https:\/\/www.beta-machine.com\/pt\/wp-json\/wp\/v2\/product\/250","targetHints":{"allow":["GET"]}}],"collection":[{"href":"https:\/\/www.beta-machine.com\/pt\/wp-json\/wp\/v2\/product"}],"about":[{"href":"https:\/\/www.beta-machine.com\/pt\/wp-json\/wp\/v2\/types\/product"}],"replies":[{"embeddable":true,"href":"https:\/\/www.beta-machine.com\/pt\/wp-json\/wp\/v2\/comments?post=250"}],"wp:featuredmedia":[{"embeddable":true,"href":"https:\/\/www.beta-machine.com\/pt\/wp-json\/wp\/v2\/media\/195"}],"wp:attachment":[{"href":"https:\/\/www.beta-machine.com\/pt\/wp-json\/wp\/v2\/media?parent=250"}],"wp:term":[{"taxonomy":"product_brand","embeddable":true,"href":"https:\/\/www.beta-machine.com\/pt\/wp-json\/wp\/v2\/product_brand?post=250"},{"taxonomy":"product_cat","embeddable":true,"href":"https:\/\/www.beta-machine.com\/pt\/wp-json\/wp\/v2\/product_cat?post=250"},{"taxonomy":"product_tag","embeddable":true,"href":"https:\/\/www.beta-machine.com\/pt\/wp-json\/wp\/v2\/product_tag?post=250"}],"curies":[{"name":"wp","href":"https:\/\/api.w.org\/{rel}","templated":true}]}}