{"id":254,"date":"2025-10-24T06:32:40","date_gmt":"2025-10-24T06:32:40","guid":{"rendered":"https:\/\/beta-machine.com\/?post_type=product&#038;p=254"},"modified":"2025-10-24T06:48:11","modified_gmt":"2025-10-24T06:48:11","slug":"industrial-plastic-making-machinery-strong-grinder-shredder-plastic-crusher-machine","status":"publish","type":"product","link":"https:\/\/www.beta-machine.com\/pt\/industrial-plastic-making-machinery-strong-grinder-shredder-plastic-crusher-machine-pd786645088\/","title":{"rendered":"Maquinaria industrial para fabrica\u00e7\u00e3o de pl\u00e1sticos Moagem trituradora forte Trituradora de pl\u00e1sticos"},"content":{"rendered":"<h2><strong>Introdu\u00e7\u00e3o da trituradora de pl\u00e1sticos<\/strong><\/h2>\n<p>A trituradora de pl\u00e1sticos \u00e9 usada para triturar v\u00e1rios tipos de pl\u00e1sticos e borrachas. As part\u00edculas trituradas podem ser usadas diretamente como mat\u00e9rias-primas de produ\u00e7\u00e3o. Utiliza l\u00e2minas de a\u00e7o ligado para longa vida \u00fatil. A m\u00e1quina possui um design separado para f\u00e1cil manuten\u00e7\u00e3o e limpeza, tem estrutura de camada dupla equipada com materiais de isolamento ac\u00fastico e baixo ru\u00eddo. A base tamb\u00e9m \u00e9 equipada com quatro rodas para f\u00e1cil movimenta\u00e7\u00e3o.<\/p>\n<p><img fetchpriority=\"high\" decoding=\"async\" class=\"alignnone size-full wp-image-261\" src=\"https:\/\/beta-machine.com\/wp-content\/uploads\/2025\/10\/crusher7.jpg\" alt=\"\" width=\"1166\" height=\"933\" srcset=\"https:\/\/www.beta-machine.com\/wp-content\/uploads\/2025\/10\/crusher7.jpg 1166w, https:\/\/www.beta-machine.com\/wp-content\/uploads\/2025\/10\/crusher7-600x480.jpg 600w, https:\/\/www.beta-machine.com\/wp-content\/uploads\/2025\/10\/crusher7-300x240.jpg 300w, https:\/\/www.beta-machine.com\/wp-content\/uploads\/2025\/10\/crusher7-1024x819.jpg 1024w, https:\/\/www.beta-machine.com\/wp-content\/uploads\/2025\/10\/crusher7-768x615.jpg 768w\" sizes=\"(max-width: 1166px) 100vw, 1166px\" \/><\/p>\n<p>&nbsp;<\/p>\n<h2><strong>Produtos aplic\u00e1veis<\/strong><\/h2>\n<p>A trituradora de pl\u00e1sticos tem uma ampla gama de utiliza\u00e7\u00f5es, adequada para a tritura\u00e7\u00e3o e reciclagem de materiais macios e duros como PU, PVC, PC, ABS. Equipada com dispositivo de prote\u00e7\u00e3o contra sobrecarga e sistema de prote\u00e7\u00e3o da cadeia de pot\u00eancia, opera\u00e7\u00e3o segura, limpa e confi\u00e1vel.<\/p>\n<p><img decoding=\"async\" class=\"alignnone size-full wp-image-259\" src=\"https:\/\/beta-machine.com\/wp-content\/uploads\/2025\/10\/crusher5.jpg\" alt=\"\" width=\"1109\" height=\"1355\" srcset=\"https:\/\/www.beta-machine.com\/wp-content\/uploads\/2025\/10\/crusher5.jpg 1109w, https:\/\/www.beta-machine.com\/wp-content\/uploads\/2025\/10\/crusher5-600x733.jpg 600w, https:\/\/www.beta-machine.com\/wp-content\/uploads\/2025\/10\/crusher5-246x300.jpg 246w, https:\/\/www.beta-machine.com\/wp-content\/uploads\/2025\/10\/crusher5-838x1024.jpg 838w, https:\/\/www.beta-machine.com\/wp-content\/uploads\/2025\/10\/crusher5-768x938.jpg 768w\" sizes=\"(max-width: 1109px) 100vw, 1109px\" \/><\/p>","protected":false},"excerpt":{"rendered":"<p>A trituradora \u00e9 uma m\u00e1quina pesada projetada para descompor materiais grandes e resistentes em peda\u00e7os menores. \u00c9 comumente usada em ind\u00fastrias como minera\u00e7\u00e3o, constru\u00e7\u00e3o e reciclagem. A trituradora opera aplicando for\u00e7a sobre o material, causando sua quebra ou deforma\u00e7\u00e3o. Est\u00e1 equipada com l\u00e2minas ou martelos fortes e dur\u00e1veis que atingem repetidamente o material at\u00e9 que seja reduzido ao tamanho desejado.<\/p>","protected":false},"featured_media":260,"comment_status":"closed","ping_status":"closed","template":"","meta":{"_acf_changed":false},"product_brand":[],"product_cat":[41],"product_tag":[],"class_list":{"0":"post-254","1":"product","2":"type-product","3":"status-publish","4":"has-post-thumbnail","6":"product_cat-auxiliary-machines","8":"first","9":"instock","10":"shipping-taxable","11":"purchasable","12":"product-type-variable"},"acf":[],"_links":{"self":[{"href":"https:\/\/www.beta-machine.com\/pt\/wp-json\/wp\/v2\/product\/254","targetHints":{"allow":["GET"]}}],"collection":[{"href":"https:\/\/www.beta-machine.com\/pt\/wp-json\/wp\/v2\/product"}],"about":[{"href":"https:\/\/www.beta-machine.com\/pt\/wp-json\/wp\/v2\/types\/product"}],"replies":[{"embeddable":true,"href":"https:\/\/www.beta-machine.com\/pt\/wp-json\/wp\/v2\/comments?post=254"}],"wp:featuredmedia":[{"embeddable":true,"href":"https:\/\/www.beta-machine.com\/pt\/wp-json\/wp\/v2\/media\/260"}],"wp:attachment":[{"href":"https:\/\/www.beta-machine.com\/pt\/wp-json\/wp\/v2\/media?parent=254"}],"wp:term":[{"taxonomy":"product_brand","embeddable":true,"href":"https:\/\/www.beta-machine.com\/pt\/wp-json\/wp\/v2\/product_brand?post=254"},{"taxonomy":"product_cat","embeddable":true,"href":"https:\/\/www.beta-machine.com\/pt\/wp-json\/wp\/v2\/product_cat?post=254"},{"taxonomy":"product_tag","embeddable":true,"href":"https:\/\/www.beta-machine.com\/pt\/wp-json\/wp\/v2\/product_tag?post=254"}],"curies":[{"name":"wp","href":"https:\/\/api.w.org\/{rel}","templated":true}]}}